{"id":36,"date":"2019-02-02T19:37:31","date_gmt":"2019-02-02T18:37:31","guid":{"rendered":"http:\/\/blogs.univ-jfc.fr\/universitas\/?page_id=36"},"modified":"2023-09-11T08:11:06","modified_gmt":"2023-09-11T06:11:06","slug":"liens-utiles","status":"publish","type":"page","link":"https:\/\/blogs.univ-jfc.fr\/universitas\/ressources\/liens-utiles\/","title":{"rendered":"Liens utiles"},"content":{"rendered":"<h5>\u00a0<\/h5>\n<h5><a href=\"https:\/\/www.isdat.fr\/a-propos\/ressources-et-ateliers\/fonds-patrimoniaux\/\" target=\"_blank\" rel=\"noopener\">Les fonds patrimoniaux de l&rsquo;ISDAT (Ecole des beaux-arts de Toulouse)<\/a><\/h5>\n<h5><a href=\"https:\/\/estampilles.hypotheses.org\/\">Estampilles et pontuseaux<\/a><\/h5>\n<h5><a href=\"https:\/\/pastel.hypotheses.org\/\" target=\"_blank\" rel=\"noopener noreferrer\">PATRIMOINE SCIENTIFIQUE TOULOUSAIN ET ENVIRONNEMENT<\/a><\/h5>\n<h5><a href=\"https:\/\/tolosana.univ-toulouse.fr\/\" target=\"_blank\" rel=\"noopener noreferrer\">TOLOSANA <\/a>&#8211; LA BIBLIOTH\u00c8QUE NUM\u00c9RIQUE PATRIMONIALE DES UNIVERSIT\u00c9S TOULOUSAINES<\/h5>\n<ul>\n<li>Notamment : <a href=\"https:\/\/tolosana.univ-toulouse.fr\/fr\/corpus\/enseignement-pays-toulousain#\" target=\"_blank\" rel=\"noopener noreferrer\">ENSEIGNEMENT EN PAYS TOULOUSAIN<\/a><\/li>\n<\/ul>\n<h5><a href=\"http:\/\/www.calames.abes.fr\/pub\/\" target=\"_blank\" rel=\"noopener noreferrer\">BASE CALAMES<\/a> : Catalogue en ligne des archives et des manuscrits de l&rsquo;enseignement sup\u00e9rieur.<\/h5>\n<ul>\n<li><a href=\"http:\/\/www.calames.abes.fr\/pub\/#resultats?indexSimple=universit%C3%A9%20de%20toulouse&amp;typeIndex=personnemorale&amp;typeIndex2=sujet&amp;gff=0&amp;opDate=sup&amp;langue=0&amp;technique=0&amp;tri=pertinence&amp;listEtab=315559801&amp;from=1\" target=\"_blank\" rel=\"noopener noreferrer\">Archives universit\u00e9<\/a><\/li>\n<li><a href=\"http:\/\/www.calames.abes.fr\/pub\/#resultats?indexSimple=acad%C3%A9mie%20toulouse&amp;typeIndex=personnemorale&amp;typeIndex2=sujet&amp;gff=0&amp;opDate=sup&amp;langue=0&amp;technique=0&amp;tri=pertinence&amp;listEtab=315559801&amp;tri=pertinence&amp;from=1\" target=\"_blank\" rel=\"noopener noreferrer\">Archives Rectorat<\/a><\/li>\n<\/ul>\n<h5><a href=\"https:\/\/student.hypotheses.org\/50\" target=\"_blank\" rel=\"noopener noreferrer\">La presse \u00e9tudiante num\u00e9ris\u00e9e<\/a><\/h5>\n<h5><a href=\"http:\/\/ezomp2.omp.obs-mip.fr\/patrimoine\/\">Observatoire Midi-Pyr\u00e9n\u00e9es &#8211; Patrimoine<\/a><\/h5>\n<h5><a href=\"http:\/\/www.patstec.fr\/PSETT\">MISSION PATSTEC<\/a><\/h5>\n<h5><a href=\"https:\/\/exploreur.univ-toulouse.fr\/\" target=\"_blank\" rel=\"noopener noreferrer\">L&rsquo;exploreur<\/a><\/h5>\n\n\n<p><strong><a href=\"https:\/\/nubis.univ-paris1.fr\/s\/theses-doctorats-es-lettres-19-siecle-exposition-devenir-savant\/page\/page-1\" data-type=\"URL\" data-id=\"https:\/\/nubis.univ-paris1.fr\/s\/theses-doctorats-es-lettres-19-siecle-exposition-devenir-savant\/page\/page-1\">Devenir savants : th\u00e8ses et doctorats \u00e8s lettres au XIXe si\u00e8cle<\/a>. (exposition en ligne)<\/strong><\/p>\n\n\n\n<p><\/p>\n","protected":false},"excerpt":{"rendered":"<p>\u00a0 Les fonds patrimoniaux de l&rsquo;ISDAT (Ecole des beaux-arts de Toulouse) Estampilles et pontuseaux PATRIMOINE SCIENTIFIQUE TOULOUSAIN ET ENVIRONNEMENT TOLOSANA &#8211; LA BIBLIOTH\u00c8QUE NUM\u00c9RIQUE PATRIMONIALE DES UNIVERSIT\u00c9S TOULOUSAINES Notamment : ENSEIGNEMENT EN PAYS TOULOUSAIN BASE CALAMES : Catalogue en ligne des archives et des manuscrits de l&rsquo;enseignement sup\u00e9rieur. Archives universit\u00e9 Archives Rectorat La presse \u00e9tudiante &hellip; <a href=\"https:\/\/blogs.univ-jfc.fr\/universitas\/ressources\/liens-utiles\/\" class=\"more-link\">Continuer la lecture de <span class=\"screen-reader-text\">Liens utiles<\/span> <span class=\"meta-nav\">&rarr;<\/span><\/a><\/p>\n","protected":false},"author":19,"featured_media":0,"parent":29,"menu_order":5,"comment_status":"closed","ping_status":"closed","template":"","meta":[],"_links":{"self":[{"href":"https:\/\/blogs.univ-jfc.fr\/universitas\/wp-json\/wp\/v2\/pages\/36"}],"collection":[{"href":"https:\/\/blogs.univ-jfc.fr\/universitas\/wp-json\/wp\/v2\/pages"}],"about":[{"href":"https:\/\/blogs.univ-jfc.fr\/universitas\/wp-json\/wp\/v2\/types\/page"}],"author":[{"embeddable":true,"href":"https:\/\/blogs.univ-jfc.fr\/universitas\/wp-json\/wp\/v2\/users\/19"}],"replies":[{"embeddable":true,"href":"https:\/\/blogs.univ-jfc.fr\/universitas\/wp-json\/wp\/v2\/comments?post=36"}],"version-history":[{"count":16,"href":"https:\/\/blogs.univ-jfc.fr\/universitas\/wp-json\/wp\/v2\/pages\/36\/revisions"}],"predecessor-version":[{"id":2664,"href":"https:\/\/blogs.univ-jfc.fr\/universitas\/wp-json\/wp\/v2\/pages\/36\/revisions\/2664"}],"up":[{"embeddable":true,"href":"https:\/\/blogs.univ-jfc.fr\/universitas\/wp-json\/wp\/v2\/pages\/29"}],"wp:attachment":[{"href":"https:\/\/blogs.univ-jfc.fr\/universitas\/wp-json\/wp\/v2\/media?parent=36"}],"curies":[{"name":"wp","href":"https:\/\/api.w.org\/{rel}","templated":true}]}}