{"id":417,"date":"2019-03-07T06:44:19","date_gmt":"2019-03-07T05:44:19","guid":{"rendered":"http:\/\/blogs.univ-jfc.fr\/universitas\/?page_id=417"},"modified":"2025-12-11T17:42:19","modified_gmt":"2025-12-11T16:42:19","slug":"accueil","status":"publish","type":"page","link":"https:\/\/blogs.univ-jfc.fr\/universitas\/","title":{"rendered":"Accueil"},"content":{"rendered":"\n<div class=\"wp-block-media-text alignwide is-stacked-on-mobile\" style=\"grid-template-columns:34% auto\"><figure class=\"wp-block-media-text__media\"><img loading=\"lazy\" width=\"400\" height=\"528\" src=\"http:\/\/blogs.univ-jfc.fr\/universitas\/wp-content\/uploads\/sites\/73\/2024\/04\/hero-tsm_sceau-1.jpg\" alt=\"\" class=\"wp-image-3034 size-full\" srcset=\"https:\/\/blogs.univ-jfc.fr\/universitas\/wp-content\/uploads\/sites\/73\/2024\/04\/hero-tsm_sceau-1.jpg 400w, https:\/\/blogs.univ-jfc.fr\/universitas\/wp-content\/uploads\/sites\/73\/2024\/04\/hero-tsm_sceau-1-227x300.jpg 227w\" sizes=\"(max-width: 400px) 100vw, 400px\" \/><\/figure><div class=\"wp-block-media-text__content\">\n<p>Bienvenue sur Universitas, le blog de l&rsquo;histoire de l&rsquo;Universit\u00e9 de Toulouse (XIIIe-XXIe si\u00e8cle), propos\u00e9 par le groupe <a href=\"http:\/\/blogs.univ-jfc.fr\/studium\/\">Studium<\/a> (laboratoire Framespa : UT2J\/CNRS et axe TCF de INU Champollion).<\/p>\n\n\n\n<p>Ce blog est collaboratif,&nbsp; n&rsquo;h\u00e9sitez pas \u00e0 y apporter votre pierre !<\/p>\n\n\n\n<p>Pour recevoir les informations :  <a href=\"http:\/\/blogs.univ-jfc.fr\/universitas\/inscription-liste-de-distribution\/\">signalez-vous<\/a>.<\/p>\n<\/div><\/div>\n\n\n\n<div class=\"wp-block-media-text alignwide is-stacked-on-mobile\" style=\"grid-template-columns:34% auto\"><figure class=\"wp-block-media-text__media\"><img loading=\"lazy\" width=\"675\" height=\"437\" src=\"http:\/\/blogs.univ-jfc.fr\/universitas\/wp-content\/uploads\/sites\/73\/2019\/03\/143-calligraphie-whats-up-1.jpg\" alt=\"\" class=\"wp-image-614 size-full\" srcset=\"https:\/\/blogs.univ-jfc.fr\/universitas\/wp-content\/uploads\/sites\/73\/2019\/03\/143-calligraphie-whats-up-1.jpg 675w, https:\/\/blogs.univ-jfc.fr\/universitas\/wp-content\/uploads\/sites\/73\/2019\/03\/143-calligraphie-whats-up-1-300x194.jpg 300w\" sizes=\"(max-width: 675px) 100vw, 675px\" \/><\/figure><div class=\"wp-block-media-text__content\">\n<p class=\"has-large-font-size\"><a href=\"http:\/\/blogs.univ-jfc.fr\/universitas\/page-d-exemple\/\"><strong><span class=\"has-inline-color has-light-brown-color\">Quoi de neuf ?<\/span><\/strong><\/a><\/p>\n<\/div><\/div>\n\n\n\n<div class=\"wp-block-media-text alignwide is-stacked-on-mobile\" style=\"grid-template-columns:56% auto\"><figure class=\"wp-block-media-text__media\"><img loading=\"lazy\" width=\"724\" height=\"1024\" src=\"https:\/\/blogs.univ-jfc.fr\/universitas\/wp-content\/uploads\/sites\/73\/2025\/07\/Universitas-all-724x1024.jpg\" alt=\"\" class=\"wp-image-3199 size-full\" srcset=\"https:\/\/blogs.univ-jfc.fr\/universitas\/wp-content\/uploads\/sites\/73\/2025\/07\/Universitas-all-724x1024.jpg 724w, https:\/\/blogs.univ-jfc.fr\/universitas\/wp-content\/uploads\/sites\/73\/2025\/07\/Universitas-all-212x300.jpg 212w, https:\/\/blogs.univ-jfc.fr\/universitas\/wp-content\/uploads\/sites\/73\/2025\/07\/Universitas-all-768x1086.jpg 768w, https:\/\/blogs.univ-jfc.fr\/universitas\/wp-content\/uploads\/sites\/73\/2025\/07\/Universitas-all.jpg 1000w\" sizes=\"(max-width: 724px) 100vw, 724px\" \/><\/figure><div class=\"wp-block-media-text__content\">\n<p class=\"has-large-font-size\"><a href=\"https:\/\/blogs.univ-jfc.fr\/universitas\/en-deux-mots-etablissements-labos-equipes\/\" data-type=\"URL\" data-id=\"https:\/\/blogs.univ-jfc.fr\/universitas\/en-deux-mots-etablissements-labos-equipes\/\"><strong><span class=\"has-inline-color has-light-brown-color\">S\u00e9minaire UNIVERSITAS 2025-2026<\/span><\/strong><\/a><\/p>\n\n\n\n<p><\/p>\n<\/div><\/div>\n\n\n<h2 id=\"accueil-flex\"><span style=\"color: #ff6600\">&nbsp;<\/span><\/h2>\n\n\n<h2><a href=\"https:\/\/blogs.univ-jfc.fr\/universitas\/colloque-international-luniversite-hors-les-murs-1808-1968\/\" data-type=\"URL\" data-id=\"https:\/\/blogs.univ-jfc.fr\/universitas\/colloque-international-luniversite-hors-les-murs-1808-1968\/\"><span class=\"has-inline-color has-light-brown-color\">APPEL A COMMUNICATION POUR LE COLLOQUE DE TOULOUSE DE MARS 2027 : L\u2019UNIVERSIT\u00c9 HORS-LES-MURS (1808-1968)<\/span><\/a><\/h2>\n\n\n\n<p><\/p>\n\n\n\n<p><\/p>\n","protected":false},"excerpt":{"rendered":"<p>Bienvenue sur Universitas, le blog de l&rsquo;histoire de l&rsquo;Universit\u00e9 de Toulouse (XIIIe-XXIe si\u00e8cle), propos\u00e9 par le groupe Studium (laboratoire Framespa : UT2J\/CNRS et axe TCF de INU Champollion). Ce blog est collaboratif,&nbsp; n&rsquo;h\u00e9sitez pas \u00e0 y apporter votre pierre ! Pour recevoir les informations : signalez-vous. Quoi de neuf ? S\u00e9minaire UNIVERSITAS 2025-2026 &nbsp; APPEL &hellip; <a href=\"https:\/\/blogs.univ-jfc.fr\/universitas\/\" class=\"more-link\">Continuer la lecture de <span class=\"screen-reader-text\">Accueil<\/span> <span class=\"meta-nav\">&rarr;<\/span><\/a><\/p>\n","protected":false},"author":242,"featured_media":0,"parent":0,"menu_order":1,"comment_status":"closed","ping_status":"closed","template":"","meta":[],"_links":{"self":[{"href":"https:\/\/blogs.univ-jfc.fr\/universitas\/wp-json\/wp\/v2\/pages\/417"}],"collection":[{"href":"https:\/\/blogs.univ-jfc.fr\/universitas\/wp-json\/wp\/v2\/pages"}],"about":[{"href":"https:\/\/blogs.univ-jfc.fr\/universitas\/wp-json\/wp\/v2\/types\/page"}],"author":[{"embeddable":true,"href":"https:\/\/blogs.univ-jfc.fr\/universitas\/wp-json\/wp\/v2\/users\/242"}],"replies":[{"embeddable":true,"href":"https:\/\/blogs.univ-jfc.fr\/universitas\/wp-json\/wp\/v2\/comments?post=417"}],"version-history":[{"count":75,"href":"https:\/\/blogs.univ-jfc.fr\/universitas\/wp-json\/wp\/v2\/pages\/417\/revisions"}],"predecessor-version":[{"id":3261,"href":"https:\/\/blogs.univ-jfc.fr\/universitas\/wp-json\/wp\/v2\/pages\/417\/revisions\/3261"}],"wp:attachment":[{"href":"https:\/\/blogs.univ-jfc.fr\/universitas\/wp-json\/wp\/v2\/media?parent=417"}],"curies":[{"name":"wp","href":"https:\/\/api.w.org\/{rel}","templated":true}]}}