{"id":73,"date":"2019-02-02T21:27:52","date_gmt":"2019-02-02T20:27:52","guid":{"rendered":"http:\/\/blogs.univ-jfc.fr\/universitas\/?page_id=73"},"modified":"2020-10-30T07:43:22","modified_gmt":"2020-10-30T06:43:22","slug":"barrera-caroline","status":"publish","type":"page","link":"https:\/\/blogs.univ-jfc.fr\/universitas\/chercheur-es\/barrera-caroline\/","title":{"rendered":"BARRERA Caroline"},"content":{"rendered":"<p>&nbsp;<\/p>\n<p><img loading=\"lazy\" class=\" wp-image-1971 aligncenter\" src=\"http:\/\/blogs.univ-jfc.fr\/universitas\/wp-content\/uploads\/sites\/73\/2020\/01\/20190421_144919-284x300.jpg\" alt=\"\" width=\"188\" height=\"198\" srcset=\"https:\/\/blogs.univ-jfc.fr\/universitas\/wp-content\/uploads\/sites\/73\/2020\/01\/20190421_144919-284x300.jpg 284w, https:\/\/blogs.univ-jfc.fr\/universitas\/wp-content\/uploads\/sites\/73\/2020\/01\/20190421_144919.jpg 655w\" sizes=\"(max-width: 188px) 100vw, 188px\" \/><\/p>\n<p>Ma\u00eetre de conf\u00e9rences en histoire contemporaine \u00e0 l&rsquo;Institut National Universitaire Champollion, membre permanente du laboratoire Framespa, \u00e9quipe Studium.<\/p>\n<p>Courriel : caroline.barrera@univ-jfc.fr<\/p>\n<p><strong>Direction d\u2019ouvrages<\/strong><\/p>\n<p>Caroline Barrera et Patrick Fert\u00e9 (dir.),<em> Histoire de l\u2019universit\u00e9 de Toulouse<\/em>, Portet-sur-Garonne, <a href=\"https:\/\/www.edimip.com\/categorie-produit\/ouvrages\/\" target=\"_blank\" rel=\"noopener noreferrer\">Editions midi-pyr\u00e9n\u00e9ennes<\/a> et Universit\u00e9 f\u00e9d\u00e9rale de Toulouse-Midi-Pyr\u00e9n\u00e9es, dec. 2019, vol. 1 (Moyen-Age), Vol. 2 (\u00e9poque moderne) et vol. 3 (\u00e9poque contemporaine).<\/p>\n<p><img loading=\"lazy\" class=\"size-medium wp-image-1954 alignleft\" src=\"http:\/\/blogs.univ-jfc.fr\/universitas\/wp-content\/uploads\/sites\/73\/2019\/12\/universite-couv-volume-i-710x1000-213x300.png\" alt=\"\" width=\"213\" height=\"300\" srcset=\"https:\/\/blogs.univ-jfc.fr\/universitas\/wp-content\/uploads\/sites\/73\/2019\/12\/universite-couv-volume-i-710x1000-213x300.png 213w, https:\/\/blogs.univ-jfc.fr\/universitas\/wp-content\/uploads\/sites\/73\/2019\/12\/universite-couv-volume-i-710x1000.png 710w\" sizes=\"(max-width: 213px) 100vw, 213px\" \/><\/p>\n<p><img loading=\"lazy\" class=\"size-medium wp-image-2006 alignright\" src=\"http:\/\/blogs.univ-jfc.fr\/universitas\/wp-content\/uploads\/sites\/73\/2020\/10\/couvhist-vol2-213x300.png\" alt=\"\" width=\"213\" height=\"300\" srcset=\"https:\/\/blogs.univ-jfc.fr\/universitas\/wp-content\/uploads\/sites\/73\/2020\/10\/couvhist-vol2-213x300.png 213w, https:\/\/blogs.univ-jfc.fr\/universitas\/wp-content\/uploads\/sites\/73\/2020\/10\/couvhist-vol2-768x1082.png 768w, https:\/\/blogs.univ-jfc.fr\/universitas\/wp-content\/uploads\/sites\/73\/2020\/10\/couvhist-vol2-727x1024.png 727w, https:\/\/blogs.univ-jfc.fr\/universitas\/wp-content\/uploads\/sites\/73\/2020\/10\/couvhist-vol2.png 792w\" sizes=\"(max-width: 213px) 100vw, 213px\" \/><\/p>\n<p>&nbsp;<\/p>\n<p>&nbsp;<\/p>\n<p>&nbsp;<\/p>\n<p>&nbsp;<\/p>\n<p>&nbsp;<\/p>\n<p>&nbsp;<\/p>\n<p><img loading=\"lazy\" class=\"size-medium wp-image-2007 aligncenter\" src=\"http:\/\/blogs.univ-jfc.fr\/universitas\/wp-content\/uploads\/sites\/73\/2020\/10\/universite-couv-volume-3-1-215x300.png\" alt=\"\" width=\"215\" height=\"300\" srcset=\"https:\/\/blogs.univ-jfc.fr\/universitas\/wp-content\/uploads\/sites\/73\/2020\/10\/universite-couv-volume-3-1-215x300.png 215w, https:\/\/blogs.univ-jfc.fr\/universitas\/wp-content\/uploads\/sites\/73\/2020\/10\/universite-couv-volume-3-1.png 490w\" sizes=\"(max-width: 215px) 100vw, 215px\" \/><\/p>\n<p>&nbsp;<\/p>\n<p><strong>Ouvrages<\/strong><\/p>\n<p><em>\u00c9tudiants d\u2019ailleurs. Histoire des \u00e9tudiants \u00e9trangers, coloniaux, fran\u00e7ais de l\u2019\u00e9tranger de la facult\u00e9 de droit de Toulouse (XIXe-1944)<\/em>, Albi, Presses du centre universitaire Champollion, 2007, 240 p.<img loading=\"lazy\" class=\" wp-image-224 aligncenter\" src=\"http:\/\/blogs.univ-jfc.fr\/universitas\/wp-content\/uploads\/sites\/73\/2019\/02\/etudiants-d-ailleurs-9782915699517_0-300x300.jpg\" alt=\"\" width=\"185\" height=\"185\" srcset=\"https:\/\/blogs.univ-jfc.fr\/universitas\/wp-content\/uploads\/sites\/73\/2019\/02\/etudiants-d-ailleurs-9782915699517_0-300x300.jpg 300w, https:\/\/blogs.univ-jfc.fr\/universitas\/wp-content\/uploads\/sites\/73\/2019\/02\/etudiants-d-ailleurs-9782915699517_0-150x150.jpg 150w, https:\/\/blogs.univ-jfc.fr\/universitas\/wp-content\/uploads\/sites\/73\/2019\/02\/etudiants-d-ailleurs-9782915699517_0.jpg 500w\" sizes=\"(max-width: 185px) 100vw, 185px\" \/><\/p>\n<p><em>Les soci\u00e9t\u00e9s savantes de Toulouse au XIXe si\u00e8cle<\/em>, Paris, Editions du CTHS, 2003, 435 p.<\/p>\n<p><img loading=\"lazy\" class=\"size-full wp-image-1605 aligncenter\" src=\"http:\/\/blogs.univ-jfc.fr\/universitas\/wp-content\/uploads\/sites\/73\/2019\/03\/index-2.jpg\" alt=\"\" width=\"185\" height=\"273\" \/><\/p>\n<p><strong>Articles ou chapitres de livres<\/strong><\/p>\n<div id=\"edit-group-publications\" class=\"js-form-wrapper form-wrapper form-item js-form-item tab-pane vertical-tabs-pane active\">\n<div id=\"edit-group-publications--content\" class=\"panel-body panel-collapse collapse fade in\">\n<div>\n<ul>\n<li>\u00a0\u00ab\u00a0<span lang=\"fr\" xml:lang=\"fr\">La vie p\u00e9dagogique des facult\u00e9s et \u00e9coles toulousaines (1808-1968)<\/span>\u00a0\u00bb, <em>Les Cahiers de Framespa<\/em> [<a href=\"https:\/\/journals.openedition.org\/framespa\/4858\">En ligne<\/a>], 28\u00a0|\u00a02018<\/li>\n<li>avec Michel Grossetti, \u00ab L\u2019universit\u00e9 de Toulouse entre d\u00e9coupages et regroupements (1960-2016) \u00bb, in Laurent Jalabert (dir.), <em>Universit\u00e9s et territoires<\/em>, Presses de l\u2019Universit\u00e9 de Pau et des Pays de l\u2019Adour, 2017, p. 51-72.<\/li>\n<li>\u00a0\u00ab\u00a0La diffusion des recherches m\u00e9ridionales : revues et \u00e9diteurs r\u00e9gionaux\u00a0\u00bb, dans <em>Cent ans d&rsquo;\u00e9tudes m\u00e9ridionales<\/em>, Toulouse, M\u00e9ridiennes, 2017, p. 234-247.<\/li>\n<li>\u00a0\u00ab\u00a0Les universitaires toulousaines (1912-1968). L&rsquo;\u00e9chec d&rsquo;une promotion par le bas\u00a0\u00bb, dans Rebecca Rogers et Pascale Molinier (dir.), <em>Les femmes dans le monde acad\u00e9mique<\/em>, Rennes, PUR, 2016, p. 31-48.<\/li>\n<li>\u00a0\u00ab\u00a0Les soci\u00e9t\u00e9s savantes et les facult\u00e9s toulousaines (1797-1870)\u00a0\u00bb, dans <em>Annales du Midi<\/em>, n\u00b0 288, 2015, p. 489-501.<\/li>\n<li>\u00a0\u00ab\u00a0Le travail \u00e0 l&rsquo;universit\u00e9 de Toulouse pendant la Grande Guerre\u00a0\u00bb, dans <em>Travailler \u00e0 l&rsquo;arri\u00e8re<\/em>, 1914-1918, Carcassonne, Conseil g\u00e9n\u00e9ral de l&rsquo;Aude, 2014, p. 43-54.<\/li>\n<li>\u00ab \u00c9tudiants \u00e9trangers et coloniaux \u00e0 Toulouse pendant l&rsquo;entre-deux-guerres\u00a0\u00bb, dans <em>Etudiant(e)s du monde en mouvement. Migrations, cosmopolitisme et internationales \u00e9tudiantes<\/em>, Paris, Syllepse, 2012, 256 p.<\/li>\n<li>\u00ab L\u2019universit\u00e9 toulousaine et l\u2019outre-mer (1808-1945) \u00bb, <em>Les Cahiers de Framespa<\/em> [En ligne], 9 | 2012 : <a href=\"http:\/\/framespa.revues.org\/1254\">http:\/\/framespa.revues.org\/1254<\/a><\/li>\n<li><a href=\"https:\/\/journals.openedition.org\/histoire-education\/2105\" target=\"_blank\" rel=\"noopener noreferrer\">Les \u00e9tudiants-soldats am\u00e9ricains au sortir de la Premi\u00e8re Guerre mondiale\u00a0\u00bb, <em>Revue de l&rsquo;Histoire de l&rsquo;\u00e9ducation<\/em>, n\u00b0 125, janvier-mars 2010.<\/a><\/li>\n<li>\u00ab Les recteurs et les relations internationales de l\u2019Universit\u00e9 toulousaine (XIXe-1944) \u00bb, dans <em>Les recteurs de l\u2019Acad\u00e9mie de Toulouse<\/em>, Toulouse, \u00c9ditions m\u00e9ridiennes, 2009, p. 169-180.<\/li>\n<li>\u00a0\u00ab Histoire des \u00e9tudiants \u00e9trangers et coloniaux de la facult\u00e9 de droit de Toulouse au XIXe si\u00e8cle \u00bb, dans <em>Les facult\u00e9s de droit de province au XIXe si\u00e8cle<\/em>, Toulouse, PUSS, 2009.<\/li>\n<li>\u00ab\u00a0Une ville universitaire internationale. Toulouse et ses \u00e9tudiants \u00e9trangers et coloniaux (fin XIXe-1944)\u00a0\u00bb, Actes du 58e Congr\u00e8s international de la F\u00e9d\u00e9ration historique de Midi-Pyr\u00e9n\u00e9es des 14-16 juin 2007, Toulouse, \u00c9ditions M\u00e9ridiennes, 2009.<\/li>\n<li>\u00ab La premi\u00e8re vague d\u2019\u00e9tudiants \u00e9trangers de la facult\u00e9 de droit de Toulouse : les r\u00e9fugi\u00e9s polonais (1830-1868) \u00bb, <em>Revue des Sciences politiques<\/em>, n\u00b0 54, 2e semestre 2005, pp. 45-55.<\/li>\n<li>\u00ab La professionnalisation des soci\u00e9t\u00e9s savantes au XIXe si\u00e8cle (1797-1870) &#8211; L&rsquo;exemple toulousain \u00bb, <em>126e Congr\u00e8s national des soci\u00e9t\u00e9s savantes<\/em>, Toulouse, avril 2001, p. 41-53.<\/li>\n<li><a href=\"https:\/\/www.persee.fr\/doc\/anami_0003-4398_1997_num_109_217_2553\" target=\"_blank\" rel=\"noopener noreferrer\">\u00ab Une soci\u00e9t\u00e9 savante multinationale : la Soci\u00e9t\u00e9 acad\u00e9mique hispano-portugaise de Toulouse (1878-1894)\u00bb, <em>Annales du Midi<\/em>, janvier-mars 1997, tome 109, n\u00b0 217, p. 71-92.<\/a><\/li>\n<\/ul>\n<\/div>\n<\/div>\n<\/div>\n<p><strong>Projets en cours<\/strong><\/p>\n<p><a href=\"http:\/\/blogs.univ-jfc.fr\/universitas\/projets-en-cours\/projet-studium\/\">Projet Studium.<\/a><\/p>\n<p><a href=\"https:\/\/pastel.hypotheses.org\/\">Le projet PASTEL<\/a>.<\/p>\n","protected":false},"excerpt":{"rendered":"<p>&nbsp; Ma\u00eetre de conf\u00e9rences en histoire contemporaine \u00e0 l&rsquo;Institut National Universitaire Champollion, membre permanente du laboratoire Framespa, \u00e9quipe Studium. Courriel : caroline.barrera@univ-jfc.fr Direction d\u2019ouvrages Caroline Barrera et Patrick Fert\u00e9 (dir.), Histoire de l\u2019universit\u00e9 de Toulouse, Portet-sur-Garonne, Editions midi-pyr\u00e9n\u00e9ennes et Universit\u00e9 f\u00e9d\u00e9rale de Toulouse-Midi-Pyr\u00e9n\u00e9es, dec. 2019, vol. 1 (Moyen-Age), Vol. 2 (\u00e9poque moderne) et vol. 3 &hellip; <a href=\"https:\/\/blogs.univ-jfc.fr\/universitas\/chercheur-es\/barrera-caroline\/\" class=\"more-link\">Continuer la lecture de <span class=\"screen-reader-text\">BARRERA Caroline<\/span> <span class=\"meta-nav\">&rarr;<\/span><\/a><\/p>\n","protected":false},"author":19,"featured_media":0,"parent":20,"menu_order":1,"comment_status":"closed","ping_status":"closed","template":"","meta":[],"_links":{"self":[{"href":"https:\/\/blogs.univ-jfc.fr\/universitas\/wp-json\/wp\/v2\/pages\/73"}],"collection":[{"href":"https:\/\/blogs.univ-jfc.fr\/universitas\/wp-json\/wp\/v2\/pages"}],"about":[{"href":"https:\/\/blogs.univ-jfc.fr\/universitas\/wp-json\/wp\/v2\/types\/page"}],"author":[{"embeddable":true,"href":"https:\/\/blogs.univ-jfc.fr\/universitas\/wp-json\/wp\/v2\/users\/19"}],"replies":[{"embeddable":true,"href":"https:\/\/blogs.univ-jfc.fr\/universitas\/wp-json\/wp\/v2\/comments?post=73"}],"version-history":[{"count":20,"href":"https:\/\/blogs.univ-jfc.fr\/universitas\/wp-json\/wp\/v2\/pages\/73\/revisions"}],"predecessor-version":[{"id":2014,"href":"https:\/\/blogs.univ-jfc.fr\/universitas\/wp-json\/wp\/v2\/pages\/73\/revisions\/2014"}],"up":[{"embeddable":true,"href":"https:\/\/blogs.univ-jfc.fr\/universitas\/wp-json\/wp\/v2\/pages\/20"}],"wp:attachment":[{"href":"https:\/\/blogs.univ-jfc.fr\/universitas\/wp-json\/wp\/v2\/media?parent=73"}],"curies":[{"name":"wp","href":"https:\/\/api.w.org\/{rel}","templated":true}]}}