{"id":798,"date":"2019-03-10T10:06:51","date_gmt":"2019-03-10T09:06:51","guid":{"rendered":"http:\/\/blogs.univ-jfc.fr\/universitas\/?page_id=798"},"modified":"2019-03-22T08:51:05","modified_gmt":"2019-03-22T07:51:05","slug":"la-bibliotheque-de-lancienne-faculte-de-theologie-protestante-de-montauban","status":"publish","type":"page","link":"https:\/\/blogs.univ-jfc.fr\/universitas\/manifestations-scientifiques\/2018-2\/la-bibliotheque-de-lancienne-faculte-de-theologie-protestante-de-montauban\/","title":{"rendered":"JE 2018 &#8211; La biblioth\u00e8que de l&rsquo;ancienne facult\u00e9 de th\u00e9ologie protestante de Montauban"},"content":{"rendered":"<p>&nbsp;<\/p>\n<p><a href=\"http:\/\/bibliotheques.univ-toulouse.fr\/actualite\/la-bibliotheque-de-theologie-protestante-de-montauban-un-patrimoine-en-partage-journee-det\" target=\"_blank\" rel=\"noopener noreferrer\">CONSULTER<\/a><\/p>\n","protected":false},"excerpt":{"rendered":"<p>&nbsp; CONSULTER<\/p>\n","protected":false},"author":19,"featured_media":0,"parent":796,"menu_order":1,"comment_status":"closed","ping_status":"closed","template":"","meta":[],"_links":{"self":[{"href":"https:\/\/blogs.univ-jfc.fr\/universitas\/wp-json\/wp\/v2\/pages\/798"}],"collection":[{"href":"https:\/\/blogs.univ-jfc.fr\/universitas\/wp-json\/wp\/v2\/pages"}],"about":[{"href":"https:\/\/blogs.univ-jfc.fr\/universitas\/wp-json\/wp\/v2\/types\/page"}],"author":[{"embeddable":true,"href":"https:\/\/blogs.univ-jfc.fr\/universitas\/wp-json\/wp\/v2\/users\/19"}],"replies":[{"embeddable":true,"href":"https:\/\/blogs.univ-jfc.fr\/universitas\/wp-json\/wp\/v2\/comments?post=798"}],"version-history":[{"count":2,"href":"https:\/\/blogs.univ-jfc.fr\/universitas\/wp-json\/wp\/v2\/pages\/798\/revisions"}],"predecessor-version":[{"id":1588,"href":"https:\/\/blogs.univ-jfc.fr\/universitas\/wp-json\/wp\/v2\/pages\/798\/revisions\/1588"}],"up":[{"embeddable":true,"href":"https:\/\/blogs.univ-jfc.fr\/universitas\/wp-json\/wp\/v2\/pages\/796"}],"wp:attachment":[{"href":"https:\/\/blogs.univ-jfc.fr\/universitas\/wp-json\/wp\/v2\/media?parent=798"}],"curies":[{"name":"wp","href":"https:\/\/api.w.org\/{rel}","templated":true}]}}