{"id":947,"date":"2019-03-14T11:05:40","date_gmt":"2019-03-14T10:05:40","guid":{"rendered":"http:\/\/blogs.univ-jfc.fr\/universitas\/?page_id=947"},"modified":"2019-03-23T11:31:07","modified_gmt":"2019-03-23T10:31:07","slug":"947-2","status":"publish","type":"page","link":"https:\/\/blogs.univ-jfc.fr\/universitas\/chercheur-es\/947-2\/","title":{"rendered":"FOISSAC, Patrice"},"content":{"rendered":"<p><img loading=\"lazy\" class=\"size-full wp-image-1479 aligncenter\" src=\"http:\/\/blogs.univ-jfc.fr\/universitas\/wp-content\/uploads\/sites\/73\/2019\/03\/foissac.jpg\" alt=\"\" width=\"208\" height=\"242\" \/><\/p>\n<p>Historien m\u00e9di\u00e9viste, membre associ\u00e9 du laboratoire Framespa (UMR 5136), \u00e9quipe Studium<\/p>\n<p>Courriel : <a class=\"GCSDBRWBAVB\"><span class=\"GCSDBRWBDPC\">foissac.patrice@orange.fr<\/span><\/a><\/p>\n<p><em><strong>Livres<\/strong><\/em><\/p>\n<p><i>Histoire des coll\u00e8ges de Cahors et de Toulouse (XIV et XVe si\u00e8cle)<\/i>, pr\u00e9face de Jacques Verger, La Louves \u00e9ditions, 2010, 574 p.<a href=\"http:\/\/blogs.univ-jfc.fr\/studium\/wp-content\/uploads\/sites\/44\/2015\/04\/Foissac.jpg\"><img loading=\"lazy\" class=\" wp-image-206 aligncenter\" src=\"http:\/\/blogs.univ-jfc.fr\/studium\/wp-content\/uploads\/sites\/44\/2015\/04\/Foissac-181x300.jpg\" alt=\"Foissac\" width=\"167\" height=\"267\" \/><\/a><\/p>\n<p><b>\u00a0Articles<\/b><\/p>\n<p>Foissac (Patrice),\u00a0\u00bbLa difficile direction des coll\u00e8ges s\u00e9culiers \u00e0 la fin du XVe si\u00e8cle : le coll\u00e8ge de P\u00e9rigord \u00e0 Toulouse\u00a0\u00bb, dans V. Castagnet et C. Barrera (dir.), D\u00e9cider en \u00e9ducation. Entre normes institutionnelles et pratiques des acteurs (du XVe si\u00e8cle \u00e0 nos jours), Villeneuve d&rsquo;Ascq, Presses universitaires du Septentrion, 2019, p. 23-38.<\/p>\n<p>-, \u00ab\u00a0La difficile union du b\u00e9n\u00e9fice de Montaigut-sur-Save au coll\u00e8ge de P\u00e9rigord\u00a0: p\u00e9rip\u00e9tie ou cas d\u2019\u00e9cole\u00a0?\u00a0\u00bb, <em>Le ciel sur cette terre. D\u00e9votions, \u00c9glise et religion au Moyen Age. M\u00e9langes en l\u2019honneur de Michelle Fourni\u00e9<\/em>, dir. Sophie Cassagnes-Brouquet et Agn\u00e8s Dubreil-Arcin, Toulouse, CNRS-Universit\u00e9 de Toulouse-Le Mirail, 2008, coll. M\u00e9ridiennes, p. 241-250.<\/p>\n<p>-, \u00ab\u00a0Les coll\u00e8ges s\u00e9culiers de Toulouse et leur int\u00e9gration dans l\u2019Universit\u00e9 (XIV<sup>e<\/sup>-XV<sup>e<\/sup> si\u00e8cles)\u00a0\u00bb, <em>Toulouse, une m\u00e9tropole m\u00e9ridionale\u00a0: vingt si\u00e8cles de vie urbaine. Actes du 58<sup>e<\/sup> Congr\u00e8s de la F\u00e9d\u00e9ration Historique Midi-Pyr\u00e9n\u00e9es, <\/em>B. Suau, J.-P. Amalric et J.-M. Olivier, \u00e9d., Toulouse, 2009, 2 vol., t. 2, coll. M\u00e9ridiennes, p. 843-859.<\/p>\n<p>-, \u00ab\u00a0Les biblioth\u00e8ques des coll\u00e8ges universitaires de Cahors et Toulouse (xiv<sup>e<\/sup>-xv<sup>e<\/sup> si\u00e8cles) \u00bb, <em>Le livre dans la r\u00e9gion toulousaine et ailleurs au Moyen \u00c2ge<\/em>, dir. Sophie Cassagnes-Brouquet, Michelle Fourni\u00e9, Toulouse, 2010, coll. M\u00e9ridiennes, p. 169-182.<\/p>\n<p>-,\u00a0\u00ab\u00a0Les coll\u00e8ges s\u00e9culiers de l\u2019Universit\u00e9 de Toulouse\u00a0au Moyen \u00c2ge \u00bb, <em>l\u2019Auta<\/em>, 5<sup>e<\/sup> s\u00e9rie, n\u00b019, novembre 2010, p. 340-349.<\/p>\n<p>-, \u00ab\u00a0\u00c0 la conqu\u00eate de l\u2019autonomie\u00a0? Querelles autour du droit patronal dans les coll\u00e8ges de Cahors et Toulouse (xiv<sup>e<\/sup>-xv<sup>e<\/sup> si\u00e8cles)\u00a0\u00bb, <em>Die universit\u00e4ren Kollegien im Europa des Mittelalters und der Renaissance<\/em>, Bochum, A. Sohn, J. Verger dir., Verlag. \u00e9d., Winkler, 2011, p. 121-131.<\/p>\n<p>-, \u00ab\u00a0Les coll\u00e8ges s\u00e9culiers de Cahors et Toulouse\u00a0: des \u00e9coles de gestion\u00a0?\u00a0\u00bb,<a name=\"_Toc233014738\"><\/a> <em>Universitas scolarium<\/em>, <em>M\u00e9langes offerts \u00e0 Jacques Verger par ses anciens \u00e9tudiants<\/em><em>, <\/em>r\u00e9unis par C\u00e9dric Giraud et Martin Morard, Gen\u00e8ve, Droz, 2011, p. 267-292.<\/p>\n<p><strong>Projet en cours<\/strong><\/p>\n<p><a href=\"http:\/\/blogs.univ-jfc.fr\/universitas\/projets-en-cours\/projet-studium\/\">Projet Studium.<\/a><\/p>\n","protected":false},"excerpt":{"rendered":"<p>Historien m\u00e9di\u00e9viste, membre associ\u00e9 du laboratoire Framespa (UMR 5136), \u00e9quipe Studium Courriel : foissac.patrice@orange.fr Livres Histoire des coll\u00e8ges de Cahors et de Toulouse (XIV et XVe si\u00e8cle), pr\u00e9face de Jacques Verger, La Louves \u00e9ditions, 2010, 574 p. \u00a0Articles Foissac (Patrice),\u00a0\u00bbLa difficile direction des coll\u00e8ges s\u00e9culiers \u00e0 la fin du XVe si\u00e8cle : le coll\u00e8ge de &hellip; <a href=\"https:\/\/blogs.univ-jfc.fr\/universitas\/chercheur-es\/947-2\/\" class=\"more-link\">Continuer la lecture de <span class=\"screen-reader-text\">FOISSAC, Patrice<\/span> <span class=\"meta-nav\">&rarr;<\/span><\/a><\/p>\n","protected":false},"author":19,"featured_media":0,"parent":20,"menu_order":5,"comment_status":"closed","ping_status":"closed","template":"","meta":[],"_links":{"self":[{"href":"https:\/\/blogs.univ-jfc.fr\/universitas\/wp-json\/wp\/v2\/pages\/947"}],"collection":[{"href":"https:\/\/blogs.univ-jfc.fr\/universitas\/wp-json\/wp\/v2\/pages"}],"about":[{"href":"https:\/\/blogs.univ-jfc.fr\/universitas\/wp-json\/wp\/v2\/types\/page"}],"author":[{"embeddable":true,"href":"https:\/\/blogs.univ-jfc.fr\/universitas\/wp-json\/wp\/v2\/users\/19"}],"replies":[{"embeddable":true,"href":"https:\/\/blogs.univ-jfc.fr\/universitas\/wp-json\/wp\/v2\/comments?post=947"}],"version-history":[{"count":9,"href":"https:\/\/blogs.univ-jfc.fr\/universitas\/wp-json\/wp\/v2\/pages\/947\/revisions"}],"predecessor-version":[{"id":1652,"href":"https:\/\/blogs.univ-jfc.fr\/universitas\/wp-json\/wp\/v2\/pages\/947\/revisions\/1652"}],"up":[{"embeddable":true,"href":"https:\/\/blogs.univ-jfc.fr\/universitas\/wp-json\/wp\/v2\/pages\/20"}],"wp:attachment":[{"href":"https:\/\/blogs.univ-jfc.fr\/universitas\/wp-json\/wp\/v2\/media?parent=947"}],"curies":[{"name":"wp","href":"https:\/\/api.w.org\/{rel}","templated":true}]}}