{"id":964,"date":"2019-03-14T12:20:28","date_gmt":"2019-03-14T11:20:28","guid":{"rendered":"http:\/\/blogs.univ-jfc.fr\/universitas\/?page_id=964"},"modified":"2025-12-12T08:14:12","modified_gmt":"2025-12-12T07:14:12","slug":"projet-studium","status":"publish","type":"page","link":"https:\/\/blogs.univ-jfc.fr\/universitas\/projets-en-cours\/projet-studium\/","title":{"rendered":"SEMINAIRE UNIVERSITAS : Histoire de l&rsquo;universit\u00e9 de Toulouse"},"content":{"rendered":"<p>Un s\u00e9minaire sur l\u2019histoire de l\u2019universit\u00e9 de Toulouse est organis\u00e9 \u00e0 partir de 2021 par l\u2019atelier STUDIUM (Laboratoire Framespa\/INUC). Les s\u00e9ances se d\u00e9rouleront en pr\u00e9sentiel \u00e0 la Biblioth\u00e8que d\u2019\u00e9tudes m\u00e9ridionales (la \u00ab&nbsp;BEM&nbsp;\u00bb), 56 rue du Taur le vendredi de 14h \u00e0 17h, quatre fois dans l\u2019ann\u00e9e universitaire.<\/p>\n\n\n<h4><\/h4>\n\n\n\n<h1 class=\"has-text-align-center\"><\/h1>\n","protected":false},"excerpt":{"rendered":"<p>Un s\u00e9minaire sur l\u2019histoire de l\u2019universit\u00e9 de Toulouse est organis\u00e9 \u00e0 partir de 2021 par l\u2019atelier STUDIUM (Laboratoire Framespa\/INUC). Les s\u00e9ances se d\u00e9rouleront en pr\u00e9sentiel \u00e0 la Biblioth\u00e8que d\u2019\u00e9tudes m\u00e9ridionales (la \u00ab&nbsp;BEM&nbsp;\u00bb), 56 rue du Taur le vendredi de 14h \u00e0 17h, quatre fois dans l\u2019ann\u00e9e universitaire.<\/p>\n","protected":false},"author":19,"featured_media":0,"parent":882,"menu_order":2,"comment_status":"closed","ping_status":"closed","template":"","meta":[],"_links":{"self":[{"href":"https:\/\/blogs.univ-jfc.fr\/universitas\/wp-json\/wp\/v2\/pages\/964"}],"collection":[{"href":"https:\/\/blogs.univ-jfc.fr\/universitas\/wp-json\/wp\/v2\/pages"}],"about":[{"href":"https:\/\/blogs.univ-jfc.fr\/universitas\/wp-json\/wp\/v2\/types\/page"}],"author":[{"embeddable":true,"href":"https:\/\/blogs.univ-jfc.fr\/universitas\/wp-json\/wp\/v2\/users\/19"}],"replies":[{"embeddable":true,"href":"https:\/\/blogs.univ-jfc.fr\/universitas\/wp-json\/wp\/v2\/comments?post=964"}],"version-history":[{"count":15,"href":"https:\/\/blogs.univ-jfc.fr\/universitas\/wp-json\/wp\/v2\/pages\/964\/revisions"}],"predecessor-version":[{"id":3275,"href":"https:\/\/blogs.univ-jfc.fr\/universitas\/wp-json\/wp\/v2\/pages\/964\/revisions\/3275"}],"up":[{"embeddable":true,"href":"https:\/\/blogs.univ-jfc.fr\/universitas\/wp-json\/wp\/v2\/pages\/882"}],"wp:attachment":[{"href":"https:\/\/blogs.univ-jfc.fr\/universitas\/wp-json\/wp\/v2\/media?parent=964"}],"curies":[{"name":"wp","href":"https:\/\/api.w.org\/{rel}","templated":true}]}}