{"id":1064,"date":"2017-03-02T10:17:32","date_gmt":"2017-03-02T09:17:32","guid":{"rendered":"http:\/\/blogs.univ-jfc.fr\/vigneetvin\/?page_id=1064"},"modified":"2017-04-19T20:08:34","modified_gmt":"2017-04-19T19:08:34","slug":"le-tournant-des-annees-1960-la-contestation-de-la-viticulture-productiviste","status":"publish","type":"page","link":"https:\/\/blogs.univ-jfc.fr\/vigneetvin\/la-culture-de-la-vigne\/un-ecosysteme-fragile\/les-produits-phytosanitaires-en-debat-depuis-les-annees-1960\/le-tournant-des-annees-1960-la-contestation-de-la-viticulture-productiviste\/","title":{"rendered":"Le tournant des ann\u00e9es 1960 : la contestation de la viticulture productiviste"},"content":{"rendered":"<p style=\"text-align: justify\">Depuis les ann\u00e9es 1960, les produits phytosanitaires pr\u00e9sents dans la viticulture conventionnelle se sont trouv\u00e9s sous les feux de la critique. Des recherches amorc\u00e9es notamment par <a href=\"http:\/\/www.lefigaro.fr\/culture\/2014\/05\/27\/03004-20140527ARTFIG00094-rachel-louise-carson-pionniere-de-la-lutte-anti-pesticides.php\">Rachel Carson<\/a> ont montr\u00e9 une toxicit\u00e9 des produits phytosanitaires sur l&rsquo;environnement et la sant\u00e9. Nous verrons donc les <a href=\"http:\/\/blogs.univ-jfc.fr\/vigneetvin\/la-culture-de-la-vigne\/un-ecosysteme-fragile\/les-produits-phytosanitaires-en-debat-depuis-les-annees-1960\/le-tournant-des-annees-1960-la-contestation-de-la-viticulture-productiviste\/la-remise-en-question-des-produits-phytosanitaires\/\">contestations<\/a> \u00e0 propos des produits phytosanitaires.<\/p>\n<figure id=\"attachment_3564\" aria-describedby=\"caption-attachment-3564\" style=\"width: 300px\" class=\"wp-caption aligncenter\"><a href=\"http:\/\/blogs.univ-jfc.fr\/vigneetvin\/wp-content\/uploads\/sites\/56\/2017\/03\/machine-1054549_960_720.jpg\"><img loading=\"lazy\" class=\"wp-image-3564 size-medium\" title=\"https:\/\/pixabay.com\/fr\/machine-raisins-vin-vintage-vigne-1054549\/\" src=\"http:\/\/blogs.univ-jfc.fr\/vigneetvin\/wp-content\/uploads\/sites\/56\/2017\/03\/machine-1054549_960_720-300x200.jpg\" alt=\"\" width=\"300\" height=\"200\" srcset=\"https:\/\/blogs.univ-jfc.fr\/vigneetvin\/wp-content\/uploads\/sites\/56\/2017\/03\/machine-1054549_960_720-300x200.jpg 300w, https:\/\/blogs.univ-jfc.fr\/vigneetvin\/wp-content\/uploads\/sites\/56\/2017\/03\/machine-1054549_960_720-768x512.jpg 768w, https:\/\/blogs.univ-jfc.fr\/vigneetvin\/wp-content\/uploads\/sites\/56\/2017\/03\/machine-1054549_960_720.jpg 960w\" sizes=\"(max-width: 300px) 100vw, 300px\" \/><\/a><figcaption id=\"caption-attachment-3564\" class=\"wp-caption-text\">Machine \u00e0 vendanger<\/figcaption><\/figure>\n<p style=\"text-align: justify\">Malgr\u00e9 ces critiques qui se sont exacerb\u00e9es ces derni\u00e8res ann\u00e9es, les produits phytosanitaires sont encore utilis\u00e9s massivement dans les vignobles fran\u00e7ais. On observe en effet un <a href=\"http:\/\/blogs.univ-jfc.fr\/vigneetvin\/la-culture-de-la-vigne\/un-ecosysteme-fragile\/les-produits-phytosanitaires-en-debat-depuis-les-annees-1960\/le-tournant-des-annees-1960-la-contestation-de-la-viticulture-productiviste\/le-maintien-des-produits-phytosanitaires-la-viticulture-productiviste\/\">maintien<\/a> de ces produits phytosanitaires dans les vignes fran\u00e7aises.<\/p>\n","protected":false},"excerpt":{"rendered":"<p>Depuis les ann\u00e9es 1960, les produits phytosanitaires pr\u00e9sents dans la viticulture conventionnelle se sont trouv\u00e9s sous les feux de la critique. Des recherches amorc\u00e9es notamment par Rachel Carson ont montr\u00e9 une toxicit\u00e9 des produits phytosanitaires sur l&rsquo;environnement et la sant\u00e9. Nous verrons donc les contestations \u00e0 propos des produits phytosanitaires. Malgr\u00e9 ces critiques qui se &hellip; <a href=\"https:\/\/blogs.univ-jfc.fr\/vigneetvin\/la-culture-de-la-vigne\/un-ecosysteme-fragile\/les-produits-phytosanitaires-en-debat-depuis-les-annees-1960\/le-tournant-des-annees-1960-la-contestation-de-la-viticulture-productiviste\/\" class=\"more-link\">Continuer la lecture de <span class=\"screen-reader-text\">Le tournant des ann\u00e9es 1960 : la contestation de la viticulture productiviste<\/span> <span class=\"meta-nav\">&rarr;<\/span><\/a><\/p>\n","protected":false},"author":272,"featured_media":0,"parent":99,"menu_order":0,"comment_status":"closed","ping_status":"closed","template":"","meta":[],"_links":{"self":[{"href":"https:\/\/blogs.univ-jfc.fr\/vigneetvin\/wp-json\/wp\/v2\/pages\/1064"}],"collection":[{"href":"https:\/\/blogs.univ-jfc.fr\/vigneetvin\/wp-json\/wp\/v2\/pages"}],"about":[{"href":"https:\/\/blogs.univ-jfc.fr\/vigneetvin\/wp-json\/wp\/v2\/types\/page"}],"author":[{"embeddable":true,"href":"https:\/\/blogs.univ-jfc.fr\/vigneetvin\/wp-json\/wp\/v2\/users\/272"}],"replies":[{"embeddable":true,"href":"https:\/\/blogs.univ-jfc.fr\/vigneetvin\/wp-json\/wp\/v2\/comments?post=1064"}],"version-history":[{"count":14,"href":"https:\/\/blogs.univ-jfc.fr\/vigneetvin\/wp-json\/wp\/v2\/pages\/1064\/revisions"}],"predecessor-version":[{"id":5082,"href":"https:\/\/blogs.univ-jfc.fr\/vigneetvin\/wp-json\/wp\/v2\/pages\/1064\/revisions\/5082"}],"up":[{"embeddable":true,"href":"https:\/\/blogs.univ-jfc.fr\/vigneetvin\/wp-json\/wp\/v2\/pages\/99"}],"wp:attachment":[{"href":"https:\/\/blogs.univ-jfc.fr\/vigneetvin\/wp-json\/wp\/v2\/media?parent=1064"}],"curies":[{"name":"wp","href":"https:\/\/api.w.org\/{rel}","templated":true}]}}