{"id":1073,"date":"2017-03-02T10:19:25","date_gmt":"2017-03-02T09:19:25","guid":{"rendered":"http:\/\/blogs.univ-jfc.fr\/vigneetvin\/?page_id=1073"},"modified":"2017-03-30T07:59:30","modified_gmt":"2017-03-30T06:59:30","slug":"la-viticulture-raisonnee-un-bon-compromis","status":"publish","type":"page","link":"https:\/\/blogs.univ-jfc.fr\/vigneetvin\/la-culture-de-la-vigne\/un-ecosysteme-fragile\/les-produits-phytosanitaires-en-debat-depuis-les-annees-1960\/la-viticulture-raisonnee-un-bon-compromis\/","title":{"rendered":"La viticulture raisonn\u00e9e, un bon compromis ?"},"content":{"rendered":"<p style=\"text-align: justify\">La viticulture raisonn\u00e9e se veut moins stricte que la viticulture biologique. Les produits phytosanitaires sont toujours autoris\u00e9s mais ils doivent \u00eatre utilis\u00e9s de mani\u00e8re r\u00e9fl\u00e9chie. En effet, ces principes repr\u00e9sentent les\u00a0<a href=\"http:\/\/blogs.univ-jfc.fr\/vigneetvin\/la-culture-de-la-vigne\/un-ecosysteme-fragile\/les-produits-phytosanitaires-en-debat-depuis-les-annees-1960\/la-viticulture-raisonnee-un-bon-compromis\/les-fondements-de-la-viticulture-raisonnee\/\">fondements de la viticulture raisonn\u00e9e<\/a>.<\/p>\n<figure id=\"attachment_3568\" aria-describedby=\"caption-attachment-3568\" style=\"width: 272px\" class=\"wp-caption aligncenter\"><a href=\"http:\/\/blogs.univ-jfc.fr\/vigneetvin\/wp-content\/uploads\/sites\/56\/2017\/03\/vineyard-1510659_960_720.jpg\"><img loading=\"lazy\" class=\"wp-image-3568\" title=\"https:\/\/pixabay.com\/fr\/vignoble-naturel-s\u00e9rie-direction-1510659\/\" src=\"http:\/\/blogs.univ-jfc.fr\/vigneetvin\/wp-content\/uploads\/sites\/56\/2017\/03\/vineyard-1510659_960_720-225x300.jpg\" alt=\"\" width=\"272\" height=\"363\" srcset=\"https:\/\/blogs.univ-jfc.fr\/vigneetvin\/wp-content\/uploads\/sites\/56\/2017\/03\/vineyard-1510659_960_720-225x300.jpg 225w, https:\/\/blogs.univ-jfc.fr\/vigneetvin\/wp-content\/uploads\/sites\/56\/2017\/03\/vineyard-1510659_960_720.jpg 540w\" sizes=\"(max-width: 272px) 100vw, 272px\" \/><\/a><figcaption id=\"caption-attachment-3568\" class=\"wp-caption-text\">L&rsquo;enherbement<\/figcaption><\/figure>\n<p style=\"text-align: justify\">Cependant, cette pratique qui semble \u00eatre une voie interm\u00e9diaire, un premier pas vers une \u00a0viticulture respectueuse de l&rsquo;environnement, comporte une part de <a href=\"http:\/\/blogs.univ-jfc.fr\/vigneetvin\/la-culture-de-la-vigne\/un-ecosysteme-fragile\/les-produits-phytosanitaires-en-debat-depuis-les-annees-1960\/la-viticulture-raisonnee-un-bon-compromis\/la-viticulture-raisonnee-une-viticulture-controversee\/\">controverse<\/a>.<\/p>\n","protected":false},"excerpt":{"rendered":"<p>La viticulture raisonn\u00e9e se veut moins stricte que la viticulture biologique. Les produits phytosanitaires sont toujours autoris\u00e9s mais ils doivent \u00eatre utilis\u00e9s de mani\u00e8re r\u00e9fl\u00e9chie. En effet, ces principes repr\u00e9sentent les\u00a0fondements de la viticulture raisonn\u00e9e. Cependant, cette pratique qui semble \u00eatre une voie interm\u00e9diaire, un premier pas vers une \u00a0viticulture respectueuse de l&rsquo;environnement, comporte une &hellip; <a href=\"https:\/\/blogs.univ-jfc.fr\/vigneetvin\/la-culture-de-la-vigne\/un-ecosysteme-fragile\/les-produits-phytosanitaires-en-debat-depuis-les-annees-1960\/la-viticulture-raisonnee-un-bon-compromis\/\" class=\"more-link\">Continuer la lecture de <span class=\"screen-reader-text\">La viticulture raisonn\u00e9e, un bon compromis ?<\/span> <span class=\"meta-nav\">&rarr;<\/span><\/a><\/p>\n","protected":false},"author":272,"featured_media":0,"parent":99,"menu_order":0,"comment_status":"closed","ping_status":"closed","template":"","meta":[],"_links":{"self":[{"href":"https:\/\/blogs.univ-jfc.fr\/vigneetvin\/wp-json\/wp\/v2\/pages\/1073"}],"collection":[{"href":"https:\/\/blogs.univ-jfc.fr\/vigneetvin\/wp-json\/wp\/v2\/pages"}],"about":[{"href":"https:\/\/blogs.univ-jfc.fr\/vigneetvin\/wp-json\/wp\/v2\/types\/page"}],"author":[{"embeddable":true,"href":"https:\/\/blogs.univ-jfc.fr\/vigneetvin\/wp-json\/wp\/v2\/users\/272"}],"replies":[{"embeddable":true,"href":"https:\/\/blogs.univ-jfc.fr\/vigneetvin\/wp-json\/wp\/v2\/comments?post=1073"}],"version-history":[{"count":12,"href":"https:\/\/blogs.univ-jfc.fr\/vigneetvin\/wp-json\/wp\/v2\/pages\/1073\/revisions"}],"predecessor-version":[{"id":4270,"href":"https:\/\/blogs.univ-jfc.fr\/vigneetvin\/wp-json\/wp\/v2\/pages\/1073\/revisions\/4270"}],"up":[{"embeddable":true,"href":"https:\/\/blogs.univ-jfc.fr\/vigneetvin\/wp-json\/wp\/v2\/pages\/99"}],"wp:attachment":[{"href":"https:\/\/blogs.univ-jfc.fr\/vigneetvin\/wp-json\/wp\/v2\/media?parent=1073"}],"curies":[{"name":"wp","href":"https:\/\/api.w.org\/{rel}","templated":true}]}}