{"id":1156,"date":"2017-03-02T14:18:06","date_gmt":"2017-03-02T13:18:06","guid":{"rendered":"http:\/\/blogs.univ-jfc.fr\/vigneetvin\/?page_id=1156"},"modified":"2017-04-19T19:04:28","modified_gmt":"2017-04-19T18:04:28","slug":"presentation-generale-du-metier-de-viticulteur","status":"publish","type":"page","link":"https:\/\/blogs.univ-jfc.fr\/vigneetvin\/les-metiers-de-la-vigne-et-du-vin\/vignerons-et-exploitants\/les-viticulteurs\/presentation-du-metier-de-viticulteur-et-ses-formations-et-competences\/presentation-generale-du-metier-de-viticulteur\/","title":{"rendered":"Pr\u00e9sentation g\u00e9n\u00e9rale du m\u00e9tier de viticulteur"},"content":{"rendered":"<p style=\"text-align: JUSTIFY\">Tout d&rsquo;abord, la fonction principale du viticulteur est la culture de la vigne. Il s&rsquo;occupe donc de toutes les \u00e9tapes <span style=\"font-size: medium\">de la viticulture, <\/span><span style=\"font-size: medium\">qui vont de la plantation des c\u00e9pages (vari\u00e9t\u00e9 de vigne cultiv\u00e9e qui est souvent propre \u00e0 une r\u00e9gion ou \u00e0 un grand vignoble comme celui de Bordeaux) \u00e0 la r\u00e9colte du raisin, <\/span><span style=\"font-size: medium\">en passant par l&rsquo;entretien du sol et des pieds de vigne<\/span><span style=\"font-size: medium\">. Il convient cependant d&rsquo;op\u00e9rer d&rsquo;entr\u00e9e une distinction importante entre le m\u00e9tier de viticulteur et celui de <a href=\"http:\/\/blogs.univ-jfc.fr\/vigneetvin\/les-metiers-de-la-vigne-et-du-vin\/vignerons-et-exploitants\/les-vendangeurs\/\" target=\"_blank\">vigneron<\/a>, <\/span><span style=\"font-size: medium\">souvent associ\u00e9s \u00e0 tort \u00e0 la m\u00eame fonction. En effet, le viticulteur n&rsquo;intervient que dans la production du raisin, alors que <\/span><span style=\"font-size: medium\">le vigneron r\u00e9alise aussi la fabrication du vin, et m\u00eam<a href=\"http:\/\/blogs.univ-jfc.fr\/vigneetvin\/wp-content\/uploads\/sites\/56\/2017\/03\/183_Viticulteur_\u00e0_lIsle_Saint-Pierre_en_Camargue.jpg\"><img loading=\"lazy\" class=\"alignright wp-image-4781 size-medium\" title=\"Viticulteur vigneron dans son atelier de fabrication de vin, avec en arri\u00e8re-plan les cuves o\u00f9 est entrepos\u00e9 puis chauff\u00e9 le raisin pour la fermentation alcoolique. Photo extraite du site internet Wikip\u00e9dia Commons. Source : https:\/\/commons.wikimedia.org\/wiki\/File:183_Viticulteur_%C3%A0_l%27Isle_Saint-Pierre,_en_Camargue.jpg\" src=\"http:\/\/blogs.univ-jfc.fr\/vigneetvin\/wp-content\/uploads\/sites\/56\/2017\/03\/183_Viticulteur_\u00e0_lIsle_Saint-Pierre_en_Camargue-300x206.jpg\" alt=\"\" width=\"300\" height=\"206\" srcset=\"https:\/\/blogs.univ-jfc.fr\/vigneetvin\/wp-content\/uploads\/sites\/56\/2017\/03\/183_Viticulteur_\u00e0_lIsle_Saint-Pierre_en_Camargue-300x206.jpg 300w, https:\/\/blogs.univ-jfc.fr\/vigneetvin\/wp-content\/uploads\/sites\/56\/2017\/03\/183_Viticulteur_\u00e0_lIsle_Saint-Pierre_en_Camargue-768x526.jpg 768w, https:\/\/blogs.univ-jfc.fr\/vigneetvin\/wp-content\/uploads\/sites\/56\/2017\/03\/183_Viticulteur_\u00e0_lIsle_Saint-Pierre_en_Camargue.jpg 800w\" sizes=\"(max-width: 300px) 100vw, 300px\" \/><\/a>e parfois sa conservation et sa commercialisation<\/span><span style=\"font-size: medium\">. <\/span><span style=\"font-size: medium\">Ainsi, tous les vignerons peuvent \u00eatre des viticulteurs, mais pas l&rsquo;inverse.<\/span> <span style=\"font-size: medium\">Par ailleurs, aujourd&rsquo;hui, on produit essentiellement du raisin en France pour la fabrication de vin et le viticulteur est donc souvent au service du chef d&rsquo;une exploitation vitivinicole. Le viticulteur vigneron peut aussi <\/span><span style=\"font-size: medium\">assurer <\/span><span style=\"font-size: medium\">la fonction de<a href=\"http:\/\/blogs.univ-jfc.fr\/vigneetvin\/les-metiers-de-la-vigne-et-du-vin\/les-marchands-de-vin\/\" target=\"_blank\"> marchand<\/a><\/span><span style=\"font-size: medium\"> pour vendre le vin\u00a0: ainsi, il doit avoir connaissance de tous les moyens possibles pour assurer la meilleure vente de son vin<\/span><span style=\"font-size: 12px;line-height: 0px\">.<\/span><span style=\"font-size: medium\">\u00a0Par exemple, il doit\u00a0conna\u00eetre et s&rsquo;adapter au go\u00fbt des consommateurs, ma\u00eetriser les moyens de communication et de marketing (la publicit\u00e9 notamment) et avoir des contacts dans les grandes entreprises de distribution (Ex\u00a0: les hypermarch\u00e9s). \u00a0 <\/span><\/p>\n<p style=\"text-align: JUSTIFY\">Le viticulteur peut aussi poss\u00e9der un domaine viticole, en \u00e9tant locataire ou propri\u00e9taire, et travailler pour son compte, ou alors \u00eatre sous la direction du chef d&rsquo;une exploitation, comme on l&rsquo;a dit pr\u00e9c\u00e9demment. De plus, le viticulteur travaille seul ou en \u00e9quipe et son travail peut \u00eatre manuel ou m\u00e9canique gr\u00e2ce \u00e0 l&rsquo;utilisation de v\u00e9hicules agricoles. Il est d&rsquo;ailleurs parfois charg\u00e9 d&rsquo;entretenir ces machines agricoles. Il est aussi parfois en relations avec d&rsquo;autres m\u00e9tiers de la fili\u00e8re du vin, comme\u00a0<a href=\"http:\/\/blogs.univ-jfc.fr\/vigneetvin\/les-metiers-de-la-vigne-et-du-vin\/le-monde-des-artisans\/les-cavistes\/\" target=\"_blank\">le caviste<\/a>, avec qui il peut passer des contrats.\u00a0Le viticulteur vigneron peut aussi recevoir des clients dans son exploitation et faire la publicit\u00e9 de son vin lors des salons d&rsquo;exposition ou des foires aux vins par exemple\u00a0: l&rsquo;aspect marketing est donc tr\u00e8s important, car cela implique une certaine mobilit\u00e9 du viticulteur. En effet, il ne doit pas rester ferm\u00e9 sur son exploitation et produire sa vigne et son vin de son c\u00f4t\u00e9, mais aller r\u00e9guli\u00e8rement \u00e0 la rencontre des consommateurs et des clients potentiels pour conna\u00eetre leurs crit\u00e8res et promouvoir son vin.<a href=\"http:\/\/blogs.univ-jfc.fr\/vigneetvin\/wp-content\/uploads\/sites\/56\/2017\/03\/1024px-IMG_Vignoble_de_Mercurey_12.jpg\"><img loading=\"lazy\" class=\"wp-image-1423 aligncenter\" title=\"Photo de plusieurs champs de vignes, principal lieu de travail du viticulteur. Photo extraite du site internet Wikip\u00e9dia repr\u00e9sentant le vignoble de Mercurey en Bourgogne. Source : https:\/\/fr.wikipedia.org\/wiki\/Mercurey_(AOC) \" src=\"http:\/\/blogs.univ-jfc.fr\/vigneetvin\/wp-content\/uploads\/sites\/56\/2017\/03\/1024px-IMG_Vignoble_de_Mercurey_12-300x169.jpg\" alt=\"\" width=\"421\" height=\"237\" srcset=\"https:\/\/blogs.univ-jfc.fr\/vigneetvin\/wp-content\/uploads\/sites\/56\/2017\/03\/1024px-IMG_Vignoble_de_Mercurey_12-300x169.jpg 300w, https:\/\/blogs.univ-jfc.fr\/vigneetvin\/wp-content\/uploads\/sites\/56\/2017\/03\/1024px-IMG_Vignoble_de_Mercurey_12-768x432.jpg 768w, https:\/\/blogs.univ-jfc.fr\/vigneetvin\/wp-content\/uploads\/sites\/56\/2017\/03\/1024px-IMG_Vignoble_de_Mercurey_12.jpg 1024w\" sizes=\"(max-width: 421px) 100vw, 421px\" \/><\/a><\/p>\n<p style=\"text-align: JUSTIFY\">Au niveau du salaire, celui-ci varie en fonction de la taille de l&rsquo;exploitation, de la r\u00e9colte ainsi que des<a href=\"http:\/\/blogs.univ-jfc.fr\/vigneetvin\/la-culture-de-la-vigne\/vignes-et-terroirs\/la-construction-dune-image-de-qualite-autour-des-appellations-et-des-denominations\/prouver-lorigine-et-lauthenticite-grace-aux-appellations-et-aux-denominations\/\" target=\"_blank\"> appellations<\/a> (Ex\u00a0: Appellation d&rsquo;Origine Contr\u00f4l\u00e9e) et de la renomm\u00e9e du vin. Ainsi, un viticulteur classique qui est au service d&rsquo;un exploitant gagne en g\u00e9n\u00e9ral le salaire minimum interprofessionnel de croissance (SMIC, d&rsquo;environ 1467\u20ac brut\/mois). Les dirigeants d&rsquo;une exploitation viticole peuvent gagner jusqu&rsquo;\u00e0 2300\u20ac environ par mois, et les vignerons qui b\u00e9n\u00e9ficient d&rsquo;une appellation, comme l&rsquo;AOC, re\u00e7oivent un salaire compris entre 2500\u20ac et 2800\u20ac par mois. Ainsi, le m\u00e9tier de viticulteur est compos\u00e9 d&rsquo;une multitude de fonctions, qui ne se limitent pas \u00e0 la simple culture et \u00e0 la r\u00e9colte du raisin. Par ailleurs, le secteur viticole s&rsquo;est consid\u00e9rablement d\u00e9velopp\u00e9 en France et, aujourd&rsquo;hui, n&rsquo;importe quel individu peut pr\u00e9tendre au m\u00e9tier, s&rsquo;il b\u00e9n\u00e9ficie d&rsquo;une <a href=\"http:\/\/blogs.univ-jfc.fr\/vigneetvin\/les-metiers-de-la-vigne-et-du-vin\/vignerons-et-exploitants\/les-viticulteurs\/presentation-du-metier-de-viticulteur-et-ses-formations-et-competences\/les-differentes-formations-et-connaissances-a-acquerir\/\" target=\"_blank\">bonne formation<\/a> th\u00e9orique et pratique, et d&rsquo;une qualification solide.<\/p>\n","protected":false},"excerpt":{"rendered":"<p>Tout d&rsquo;abord, la fonction principale du viticulteur est la culture de la vigne. Il s&rsquo;occupe donc de toutes les \u00e9tapes de la viticulture, qui vont de la plantation des c\u00e9pages (vari\u00e9t\u00e9 de vigne cultiv\u00e9e qui est souvent propre \u00e0 une r\u00e9gion ou \u00e0 un grand vignoble comme celui de Bordeaux) \u00e0 la r\u00e9colte du raisin, &hellip; <a href=\"https:\/\/blogs.univ-jfc.fr\/vigneetvin\/les-metiers-de-la-vigne-et-du-vin\/vignerons-et-exploitants\/les-viticulteurs\/presentation-du-metier-de-viticulteur-et-ses-formations-et-competences\/presentation-generale-du-metier-de-viticulteur\/\" class=\"more-link\">Continuer la lecture de <span class=\"screen-reader-text\">Pr\u00e9sentation g\u00e9n\u00e9rale du m\u00e9tier de viticulteur<\/span> <span class=\"meta-nav\">&rarr;<\/span><\/a><\/p>\n","protected":false},"author":185,"featured_media":0,"parent":790,"menu_order":1,"comment_status":"closed","ping_status":"closed","template":"","meta":[],"_links":{"self":[{"href":"https:\/\/blogs.univ-jfc.fr\/vigneetvin\/wp-json\/wp\/v2\/pages\/1156"}],"collection":[{"href":"https:\/\/blogs.univ-jfc.fr\/vigneetvin\/wp-json\/wp\/v2\/pages"}],"about":[{"href":"https:\/\/blogs.univ-jfc.fr\/vigneetvin\/wp-json\/wp\/v2\/types\/page"}],"author":[{"embeddable":true,"href":"https:\/\/blogs.univ-jfc.fr\/vigneetvin\/wp-json\/wp\/v2\/users\/185"}],"replies":[{"embeddable":true,"href":"https:\/\/blogs.univ-jfc.fr\/vigneetvin\/wp-json\/wp\/v2\/comments?post=1156"}],"version-history":[{"count":19,"href":"https:\/\/blogs.univ-jfc.fr\/vigneetvin\/wp-json\/wp\/v2\/pages\/1156\/revisions"}],"predecessor-version":[{"id":5072,"href":"https:\/\/blogs.univ-jfc.fr\/vigneetvin\/wp-json\/wp\/v2\/pages\/1156\/revisions\/5072"}],"up":[{"embeddable":true,"href":"https:\/\/blogs.univ-jfc.fr\/vigneetvin\/wp-json\/wp\/v2\/pages\/790"}],"wp:attachment":[{"href":"https:\/\/blogs.univ-jfc.fr\/vigneetvin\/wp-json\/wp\/v2\/media?parent=1156"}],"curies":[{"name":"wp","href":"https:\/\/api.w.org\/{rel}","templated":true}]}}