{"id":1176,"date":"2017-03-02T14:25:37","date_gmt":"2017-03-02T13:25:37","guid":{"rendered":"http:\/\/blogs.univ-jfc.fr\/vigneetvin\/?page_id=1176"},"modified":"2017-04-13T12:08:06","modified_gmt":"2017-04-13T11:08:06","slug":"les-solutions-et-strategies-mises-en-place-par-les-viticulteurs-francais","status":"publish","type":"page","link":"https:\/\/blogs.univ-jfc.fr\/vigneetvin\/les-metiers-de-la-vigne-et-du-vin\/vignerons-et-exploitants\/les-viticulteurs\/la-viticulture-francaise-daujourdhui-face-aux-concurrences-mondiales\/les-solutions-et-strategies-mises-en-place-par-les-viticulteurs-francais\/","title":{"rendered":"Les solutions et strat\u00e9gies mises en place par les viticulteurs fran\u00e7ais"},"content":{"rendered":"<div id=\"sdfootnote6\">\n<p style=\"text-align: JUSTIFY\">Aujourd&rsquo;hui, les viticulteurs doivent trouver des solutions et de nouvelles strat\u00e9gies pour mieux \u00e9couler leur stock de production et faire face aux <a href=\"http:\/\/blogs.univ-jfc.fr\/vigneetvin\/les-metiers-de-la-vigne-et-du-vin\/vignerons-et-exploitants\/les-viticulteurs\/la-viticulture-francaise-daujourdhui-face-aux-concurrences-mondiales\/limpact-des-concurrences-mondiales\/\" target=\"_blank\">concurrences mondiales<\/a> et nationales.<\/p>\n<p style=\"text-align: JUSTIFY\">Tout d&rsquo;abord, de plus en plus de viticulteurs font le choix d&rsquo;int\u00e9grer des <a href=\"http:\/\/blogs.univ-jfc.fr\/vigneetvin\/les-metiers-de-la-vigne-et-du-vin\/vignerons-et-exploitants\/les-vendangeurs\/quelles-sont-les-caracteristiques-et-specificites-du-vigneron-independant-et-celles-dune-cooperative-vinicole\/les-cooperatives-vinicoles\/\" target=\"_blank\">coop\u00e9ratives agricoles<\/a>, acteurs majeurs dans le secteur du vin. Ces coop\u00e9ratives sont fond\u00e9es pour \u00e9tablir des strat\u00e9gies de marketing et ainsi vendre les produits de leurs membres \u00e0 grande \u00e9chelle, notamment mondiale. En effet, les viticulteurs vont passer d&rsquo;une logique o\u00f9 il fallait produire en quantit\u00e9 pour permettre l&rsquo;approvisionnement du consommateur, \u00e0 une logique o\u00f9 il faut davantage porter une attention particuli\u00e8re aux <a href=\"http:\/\/blogs.univ-jfc.fr\/vigneetvin\/wp-content\/uploads\/sites\/56\/2017\/03\/800px-C\u00f4tes_du_Rh\u00f4ne_AOC_-_label_AB.jpg\"><img loading=\"lazy\" class=\"alignright wp-image-4798 size-medium\" title=\"Le bio : une alternative pour permettre aux viticulteurs de se d\u00e9marquer des autres. Photo de vins labellis\u00e9s bio et produits dans le Rh\u00f4ne, extraite du site internet Wikipedia. Source : https:\/\/fr.wikipedia.org\/wiki\/Fichier:C%C3%B4tes_du_Rh%C3%B4ne_AOC_-_label_AB.jpg\" src=\"http:\/\/blogs.univ-jfc.fr\/vigneetvin\/wp-content\/uploads\/sites\/56\/2017\/03\/800px-C\u00f4tes_du_Rh\u00f4ne_AOC_-_label_AB-300x221.jpg\" alt=\"\" width=\"300\" height=\"221\" srcset=\"https:\/\/blogs.univ-jfc.fr\/vigneetvin\/wp-content\/uploads\/sites\/56\/2017\/03\/800px-C\u00f4tes_du_Rh\u00f4ne_AOC_-_label_AB-300x221.jpg 300w, https:\/\/blogs.univ-jfc.fr\/vigneetvin\/wp-content\/uploads\/sites\/56\/2017\/03\/800px-C\u00f4tes_du_Rh\u00f4ne_AOC_-_label_AB-768x565.jpg 768w, https:\/\/blogs.univ-jfc.fr\/vigneetvin\/wp-content\/uploads\/sites\/56\/2017\/03\/800px-C\u00f4tes_du_Rh\u00f4ne_AOC_-_label_AB.jpg 800w\" sizes=\"(max-width: 300px) 100vw, 300px\" \/><\/a>clients et s&rsquo;int\u00e9resser \u00e0 leurs go\u00fbts et envies, en faisant tout de m\u00eame en sorte que la rentabilit\u00e9 de l&rsquo;exploitation soit garantie. De plus, afin d&rsquo;atteindre leurs objectifs de production, les viticulteurs s&rsquo;associent dans des coop\u00e9ratives pour mettre en commun leurs moyens et mat\u00e9riels et augmenter sur les march\u00e9s leur pouvoir de n\u00e9gociation. De nombreux viticulteurs se tournent \u00e9galement vers la <a href=\"http:\/\/blogs.univ-jfc.fr\/vigneetvin\/la-culture-de-la-vigne\/un-ecosysteme-fragile\/les-produits-phytosanitaires-en-debat-depuis-les-annees-1960\/le-bio-lavenir-de-la-viticulture\/\" target=\"_blank\">fili\u00e8re biologique<\/a>, toujours dans l&rsquo;objectif de mettre en avant une certaine qualit\u00e9 et ainsi d&rsquo;am\u00e9liorer leur notori\u00e9t\u00e9 et leur chiffre d&rsquo;affaires. Les producteurs partisans de cette viticulture tentent de pr\u00e9server la terre et de ne pas la d\u00e9grader, tout en assurant une production de qualit\u00e9 et qui ne nuit pas \u00e0 la sant\u00e9 des consommateurs. Cette viticulture, peu m\u00e9canis\u00e9e, limite notamment l&rsquo;utilisation des pesticides et des produits chimiques et interdit les OGM.<\/p>\n<p style=\"text-align: JUSTIFY\" align=\"justify\">Les chefs d&rsquo;exploitation viticole se tournent aussi vers des strat\u00e9gies de publicit\u00e9 et d&rsquo;innovation.\u00a0Tout d&rsquo;abord, contrairement \u00e0 d&rsquo;autres pays \u00e9trangers comme les \u00c9tats-Unis, les viticulteurs fran\u00e7ais ne peuvent pas vraiment recourir \u00e0 la publicit\u00e9 par les \u00e9v\u00e9nements sportifs, avec la loi Evin qui interdit cette derni\u00e8re. Ainsi, pour pallier cette contrainte, les viticulteurs vignerons vont notamment organiser des expositions ou des \u00e9v\u00e9nements tout au long de l&rsquo;an<a href=\"http:\/\/blogs.univ-jfc.fr\/vigneetvin\/wp-content\/uploads\/sites\/56\/2017\/03\/Abbaye_Saint-Michel_\u00e0_Gaillac_dans_le_Tarn.jpg\"><img loading=\"lazy\" class=\"wp-image-1375 alignleft\" title=\"Photo du mus\u00e9e du vin et de la vigne de Gaillac, attach\u00e9 \u00e0 l'abbaye Saint-Michel de la ville. Extrait du site internet Wikip\u00e9dia. Source : https:\/\/fr.wikipedia.org\/wiki\/Mus%C3%A9e_de_la_vigne_et_du_vin_de_Gaillac\" src=\"http:\/\/blogs.univ-jfc.fr\/vigneetvin\/wp-content\/uploads\/sites\/56\/2017\/03\/Abbaye_Saint-Michel_\u00e0_Gaillac_dans_le_Tarn.jpg\" width=\"295\" height=\"221\" \/><\/a>n\u00e9e, afin de faire d\u00e9couvrir et vendre leurs vins directement aux consommateurs. Certains grands producteurs de vins poss\u00e8dent aussi leur propre cave, et peuvent ainsi organiser la visite d&rsquo;une partie de cette derni\u00e8re aux touristes et installer une boutique de vins \u00e0 proximit\u00e9, sp\u00e9cialement consacr\u00e9e aux vins locaux et produits par le propri\u00e9taire, afin de diffuser sa marque et son produit. Plus rarement, certains grands vignobles fran\u00e7ais financent aussi la construction de mus\u00e9es, consacr\u00e9s sp\u00e9cialement \u00e0 l&rsquo;histoire et aux techniques des vignobles de la r\u00e9gion (Ex\u00a0: mus\u00e9e de la vigne et du vin de Gaillac).\u00a0Enfin, plus r\u00e9cemment, on observe le d\u00e9veloppement d&rsquo;une forme particuli\u00e8re de tourisme\u00a0: l&rsquo;\u0153n<a href=\"http:\/\/blogs.univ-jfc.fr\/vigneetvin\/wp-content\/uploads\/sites\/56\/2017\/03\/25914887622_71cf816f7c_b.jpg\"><img loading=\"lazy\" class=\"wp-image-1468 size-medium alignright\" title=\"La cite du vin de Bordeaux : une nouvelle mani\u00e8re de faire d\u00e9couvrir les techniques et savoirs viticoles. Photo extraite du site internet Flickr. Source : https:\/\/www.flickr.com\/photos\/marsupilami92\/25914887622\" src=\"http:\/\/blogs.univ-jfc.fr\/vigneetvin\/wp-content\/uploads\/sites\/56\/2017\/03\/25914887622_71cf816f7c_b-300x225.jpg\" width=\"300\" height=\"225\" srcset=\"https:\/\/blogs.univ-jfc.fr\/vigneetvin\/wp-content\/uploads\/sites\/56\/2017\/03\/25914887622_71cf816f7c_b-300x225.jpg 300w, https:\/\/blogs.univ-jfc.fr\/vigneetvin\/wp-content\/uploads\/sites\/56\/2017\/03\/25914887622_71cf816f7c_b-768x576.jpg 768w, https:\/\/blogs.univ-jfc.fr\/vigneetvin\/wp-content\/uploads\/sites\/56\/2017\/03\/25914887622_71cf816f7c_b.jpg 1024w\" sizes=\"(max-width: 300px) 100vw, 300px\" \/><\/a>otourisme. Celui-ci consiste \u00e0 faire d\u00e9couvrir aux touristes des r\u00e9gions viticoles et leurs productions, ainsi que le patrimoine local qui l&rsquo;entoure, tout cela par le biais de la vigne et du vin\u00a0(ex\u00a0: organisation par des vignerons d&rsquo;expositions sur le vin ou de promenades dans les cultures de vigne). Les grands vignobles s&rsquo;int\u00e9ressent aussi \u00e0 cette forme de tourisme (Ex\u00a0: cr\u00e9ation de la cit\u00e9 du vin \u00e0 Bordeaux). Un autre aspect du m\u00e9tier de viticulteur est ainsi cet aspect culturel, o\u00f9 il cherche \u00e0 promouvoir la culture de son terroir et son vin, par le biais de l&rsquo;\u0153notourisme.<\/p>\n<\/div>\n","protected":false},"excerpt":{"rendered":"<p>Aujourd&rsquo;hui, les viticulteurs doivent trouver des solutions et de nouvelles strat\u00e9gies pour mieux \u00e9couler leur stock de production et faire face aux concurrences mondiales et nationales. Tout d&rsquo;abord, de plus en plus de viticulteurs font le choix d&rsquo;int\u00e9grer des coop\u00e9ratives agricoles, acteurs majeurs dans le secteur du vin. Ces coop\u00e9ratives sont fond\u00e9es pour \u00e9tablir des &hellip; <a href=\"https:\/\/blogs.univ-jfc.fr\/vigneetvin\/les-metiers-de-la-vigne-et-du-vin\/vignerons-et-exploitants\/les-viticulteurs\/la-viticulture-francaise-daujourdhui-face-aux-concurrences-mondiales\/les-solutions-et-strategies-mises-en-place-par-les-viticulteurs-francais\/\" class=\"more-link\">Continuer la lecture de <span class=\"screen-reader-text\">Les solutions et strat\u00e9gies mises en place par les viticulteurs fran\u00e7ais<\/span> <span class=\"meta-nav\">&rarr;<\/span><\/a><\/p>\n","protected":false},"author":185,"featured_media":0,"parent":830,"menu_order":3,"comment_status":"closed","ping_status":"closed","template":"","meta":[],"_links":{"self":[{"href":"https:\/\/blogs.univ-jfc.fr\/vigneetvin\/wp-json\/wp\/v2\/pages\/1176"}],"collection":[{"href":"https:\/\/blogs.univ-jfc.fr\/vigneetvin\/wp-json\/wp\/v2\/pages"}],"about":[{"href":"https:\/\/blogs.univ-jfc.fr\/vigneetvin\/wp-json\/wp\/v2\/types\/page"}],"author":[{"embeddable":true,"href":"https:\/\/blogs.univ-jfc.fr\/vigneetvin\/wp-json\/wp\/v2\/users\/185"}],"replies":[{"embeddable":true,"href":"https:\/\/blogs.univ-jfc.fr\/vigneetvin\/wp-json\/wp\/v2\/comments?post=1176"}],"version-history":[{"count":15,"href":"https:\/\/blogs.univ-jfc.fr\/vigneetvin\/wp-json\/wp\/v2\/pages\/1176\/revisions"}],"predecessor-version":[{"id":4799,"href":"https:\/\/blogs.univ-jfc.fr\/vigneetvin\/wp-json\/wp\/v2\/pages\/1176\/revisions\/4799"}],"up":[{"embeddable":true,"href":"https:\/\/blogs.univ-jfc.fr\/vigneetvin\/wp-json\/wp\/v2\/pages\/830"}],"wp:attachment":[{"href":"https:\/\/blogs.univ-jfc.fr\/vigneetvin\/wp-json\/wp\/v2\/media?parent=1176"}],"curies":[{"name":"wp","href":"https:\/\/api.w.org\/{rel}","templated":true}]}}