{"id":1177,"date":"2017-03-02T14:36:34","date_gmt":"2017-03-02T13:36:34","guid":{"rendered":"http:\/\/blogs.univ-jfc.fr\/vigneetvin\/?page_id=1177"},"modified":"2017-03-06T12:28:04","modified_gmt":"2017-03-06T11:28:04","slug":"definition-transsubstantiation","status":"publish","type":"page","link":"https:\/\/blogs.univ-jfc.fr\/vigneetvin\/gaillac-et-le-vin\/une-histoire-du-vignoble-gaillacois\/leconomie-seculaire-du-vignoble-de-gaillac-aux-epoques-antiques-et-medievales\/la-consommation-du-vin-de-gaillac\/definition-transsubstantiation\/","title":{"rendered":"D\u00e9finition : Transsubstantiation"},"content":{"rendered":"<p align=\"justify\">Dans le cas de l&rsquo;Eucharistie, elle correspond au changement radical\u00a0du pain et du vin en corps et en sang du Christ lors de la Cons\u00e9cration.<\/p>\n<figure id=\"attachment_1233\" aria-describedby=\"caption-attachment-1233\" style=\"width: 300px\" class=\"wp-caption aligncenter\"><a href=\"http:\/\/blogs.univ-jfc.fr\/vigneetvin\/wp-content\/uploads\/sites\/56\/2017\/03\/messe-miraculeuse.jpg\"><img loading=\"lazy\" class=\"wp-image-1233 size-medium\" src=\"http:\/\/blogs.univ-jfc.fr\/vigneetvin\/wp-content\/uploads\/sites\/56\/2017\/03\/messe-miraculeuse-300x200.jpg\" width=\"300\" height=\"200\" srcset=\"https:\/\/blogs.univ-jfc.fr\/vigneetvin\/wp-content\/uploads\/sites\/56\/2017\/03\/messe-miraculeuse-300x200.jpg 300w, https:\/\/blogs.univ-jfc.fr\/vigneetvin\/wp-content\/uploads\/sites\/56\/2017\/03\/messe-miraculeuse.jpg 600w\" sizes=\"(max-width: 300px) 100vw, 300px\" \/><\/a><figcaption id=\"caption-attachment-1233\" class=\"wp-caption-text\">La messe miraculeuse, Simone Martini, XIVe si\u00e8cle. Assise, \u00c9glise de San Francesco. D\u00e9tail.<\/figcaption><\/figure>\n<p>&nbsp;<\/p>\n<p><a href=\"http:\/\/blogs.univ-jfc.fr\/vigneetvin\/gaillac-et-le-vin\/une-histoire-du-vignoble-gaillacois\/leconomie-seculaire-du-vignoble-de-gaillac-aux-epoques-antiques-et-medievales\/la-consommation-du-vin-de-gaillac\/\">Revenir \u00e0 la page pr\u00e9c\u00e9dente<\/a><\/p>\n","protected":false},"excerpt":{"rendered":"<p>Dans le cas de l&rsquo;Eucharistie, elle correspond au changement radical\u00a0du pain et du vin en corps et en sang du Christ lors de la Cons\u00e9cration. &nbsp; Revenir \u00e0 la page pr\u00e9c\u00e9dente<\/p>\n","protected":false},"author":189,"featured_media":0,"parent":180,"menu_order":5,"comment_status":"closed","ping_status":"closed","template":"","meta":[],"_links":{"self":[{"href":"https:\/\/blogs.univ-jfc.fr\/vigneetvin\/wp-json\/wp\/v2\/pages\/1177"}],"collection":[{"href":"https:\/\/blogs.univ-jfc.fr\/vigneetvin\/wp-json\/wp\/v2\/pages"}],"about":[{"href":"https:\/\/blogs.univ-jfc.fr\/vigneetvin\/wp-json\/wp\/v2\/types\/page"}],"author":[{"embeddable":true,"href":"https:\/\/blogs.univ-jfc.fr\/vigneetvin\/wp-json\/wp\/v2\/users\/189"}],"replies":[{"embeddable":true,"href":"https:\/\/blogs.univ-jfc.fr\/vigneetvin\/wp-json\/wp\/v2\/comments?post=1177"}],"version-history":[{"count":4,"href":"https:\/\/blogs.univ-jfc.fr\/vigneetvin\/wp-json\/wp\/v2\/pages\/1177\/revisions"}],"predecessor-version":[{"id":1451,"href":"https:\/\/blogs.univ-jfc.fr\/vigneetvin\/wp-json\/wp\/v2\/pages\/1177\/revisions\/1451"}],"up":[{"embeddable":true,"href":"https:\/\/blogs.univ-jfc.fr\/vigneetvin\/wp-json\/wp\/v2\/pages\/180"}],"wp:attachment":[{"href":"https:\/\/blogs.univ-jfc.fr\/vigneetvin\/wp-json\/wp\/v2\/media?parent=1177"}],"curies":[{"name":"wp","href":"https:\/\/api.w.org\/{rel}","templated":true}]}}