{"id":121,"date":"2017-01-26T09:51:33","date_gmt":"2017-01-26T08:51:33","guid":{"rendered":"http:\/\/blogs.univ-jfc.fr\/vigneetvin\/?page_id=121"},"modified":"2017-03-16T10:03:07","modified_gmt":"2017-03-16T09:03:07","slug":"mise-en-place-et-levolution-du-terroir-viticole-au-xxeme-siecle","status":"publish","type":"page","link":"https:\/\/blogs.univ-jfc.fr\/vigneetvin\/la-culture-de-la-vigne\/vignes-et-terroirs\/mise-en-place-et-levolution-du-terroir-viticole-au-xxeme-siecle\/","title":{"rendered":"Mise en place et \u00e9volution du terroir viticole au XX\u00e8me si\u00e8cle"},"content":{"rendered":"<p align=\"justify\"><span style=\"color: #3333ff\"><span style=\"font-family: Calibri,sans-serif\"><span style=\"font-size: medium\"><span style=\"color: #000000\">La mise en place des institutions et du terroir telles que nous les connaissons aujourd\u2019hui est longue : elle d\u00e9coule d&rsquo;une volont\u00e9 de cr\u00e9er des lois et des institutions<a href=\"http:\/\/blogs.univ-jfc.fr\/vigneetvin\/la-culture-de-la-vigne\/vignes-et-terroirs\/mise-en-place-et-levolution-du-terroir-viticole-au-xxeme-siecle\/a-les-appellations-dorigine-dans-la-premiere-moitie-du-xx%e1%b5%89-siecle-creation-des-aoc-et-du-cnao\/\"> d\u00e8s le d\u00e9but du XIXe. <\/a>Avec la Seconde Guerre mondiale et la mise en place du <a href=\"http:\/\/blogs.univ-jfc.fr\/vigneetvin\/?page_id=312&amp;preview=true\">gouvernement de Vichy,<\/a> la nouvelle institution mise en place au d\u00e9but du si\u00e8cle est modifi\u00e9e. C\u2019est r\u00e9ellement au<a href=\"http:\/\/blogs.univ-jfc.fr\/vigneetvin\/la-culture-de-la-vigne\/vignes-et-terroirs\/mise-en-place-et-levolution-du-terroir-viticole-au-xxeme-siecle\/c-de-lapres-guerre-a-la-nouvelle-donne-europeenne\/\"> moment de l\u2019apr\u00e8s-guerre <\/a>que les institutions connaissent des r\u00e9formes g\u00e9n\u00e9rales et nouent un dialogue au niveau international.<\/span><\/span><\/span><\/span><\/p>\n","protected":false},"excerpt":{"rendered":"<p>La mise en place des institutions et du terroir telles que nous les connaissons aujourd\u2019hui est longue : elle d\u00e9coule d&rsquo;une volont\u00e9 de cr\u00e9er des lois et des institutions d\u00e8s le d\u00e9but du XIXe. Avec la Seconde Guerre mondiale et la mise en place du gouvernement de Vichy, la nouvelle institution mise en place au &hellip; <a href=\"https:\/\/blogs.univ-jfc.fr\/vigneetvin\/la-culture-de-la-vigne\/vignes-et-terroirs\/mise-en-place-et-levolution-du-terroir-viticole-au-xxeme-siecle\/\" class=\"more-link\">Continuer la lecture de <span class=\"screen-reader-text\">Mise en place et \u00e9volution du terroir viticole au XX\u00e8me si\u00e8cle<\/span> <span class=\"meta-nav\">&rarr;<\/span><\/a><\/p>\n","protected":false},"author":271,"featured_media":0,"parent":74,"menu_order":1,"comment_status":"closed","ping_status":"closed","template":"","meta":[],"_links":{"self":[{"href":"https:\/\/blogs.univ-jfc.fr\/vigneetvin\/wp-json\/wp\/v2\/pages\/121"}],"collection":[{"href":"https:\/\/blogs.univ-jfc.fr\/vigneetvin\/wp-json\/wp\/v2\/pages"}],"about":[{"href":"https:\/\/blogs.univ-jfc.fr\/vigneetvin\/wp-json\/wp\/v2\/types\/page"}],"author":[{"embeddable":true,"href":"https:\/\/blogs.univ-jfc.fr\/vigneetvin\/wp-json\/wp\/v2\/users\/271"}],"replies":[{"embeddable":true,"href":"https:\/\/blogs.univ-jfc.fr\/vigneetvin\/wp-json\/wp\/v2\/comments?post=121"}],"version-history":[{"count":22,"href":"https:\/\/blogs.univ-jfc.fr\/vigneetvin\/wp-json\/wp\/v2\/pages\/121\/revisions"}],"predecessor-version":[{"id":2868,"href":"https:\/\/blogs.univ-jfc.fr\/vigneetvin\/wp-json\/wp\/v2\/pages\/121\/revisions\/2868"}],"up":[{"embeddable":true,"href":"https:\/\/blogs.univ-jfc.fr\/vigneetvin\/wp-json\/wp\/v2\/pages\/74"}],"wp:attachment":[{"href":"https:\/\/blogs.univ-jfc.fr\/vigneetvin\/wp-json\/wp\/v2\/media?parent=121"}],"curies":[{"name":"wp","href":"https:\/\/api.w.org\/{rel}","templated":true}]}}