{"id":1230,"date":"2017-03-02T15:21:10","date_gmt":"2017-03-02T14:21:10","guid":{"rendered":"http:\/\/blogs.univ-jfc.fr\/vigneetvin\/?page_id=1230"},"modified":"2017-03-20T11:36:03","modified_gmt":"2017-03-20T10:36:03","slug":"la-periode-moderne-page-de-niveau-2-3","status":"publish","type":"page","link":"https:\/\/blogs.univ-jfc.fr\/vigneetvin\/usages-et-consommation-du-vin-une-approche-periodique\/la-periode-moderne-xvie-xviiie-siecles\/la-periode-moderne-page-de-niveau-2-3\/","title":{"rendered":"Une consommation excessive mais contr\u00f4l\u00e9e"},"content":{"rendered":"<h3 align=\"justify\">La consommation de la population fran\u00e7aise.<b><\/b><\/h3>\n<p align=\"justify\">Tout d&rsquo;abord, le vin repr\u00e9sentait en moyenne 10\u00a0% des apports journaliers nutritionnels masculins, ce qui se traduit par 3,5 verres de vin par jour, soit 270 kcal. En comparaison, la consommation moyenne d&rsquo;un Italien \u00e9tait de 1 \u00e0 1,7 litres par jour. Selon Phillipe Meyzie, en 1660, un parisien buvait en moyenne 270 litres par an. En terme de quantit\u00e9, les habitudes ne semblaient pas principalement diff\u00e9rer en fonction de la classe sociale. L&rsquo;usage \u00e9tait qu&rsquo;une consommation r\u00e9guli\u00e8re s&rsquo;\u00e9tablissait entre 6 et 7 ans chez l&rsquo;enfant. La consommation fran\u00e7aise du vin est vue de diff\u00e9rentes fa\u00e7ons selon les soci\u00e9t\u00e9s. Selon Jean-Louis Flandrin, en 1996, \u00ab il n&rsquo;y a que des fran\u00e7ais qu&rsquo;on disait parfois que l&rsquo;abus de vin ou des liqueurs fortes [\u2026] abr\u00e9geait leurs jours \u00bb. Montaigne au XVIe si\u00e8cles, \u00e9crivait quant \u00e0 lui que \u00ab boire \u00e0 la fran\u00e7aise, c&rsquo;est boire \u00e0 deux repas et mod\u00e9r\u00e9ment, en crainte de sa sant\u00e9 \u00bb.<\/p>\n<p align=\"justify\">Gr\u00e2ce au registre de l&rsquo;abbaye du Val-Beno\u00eet aux abords de la ville de Li\u00e8ge, nous pouvons conna\u00eetre la quantit\u00e9 de vin acquise entre 1726 et 1735\u00a0:<\/p>\n<p align=\"justify\"><a href=\"http:\/\/blogs.univ-jfc.fr\/vigneetvin\/wp-content\/uploads\/sites\/56\/2017\/03\/tableau-victor.jpg\"><img loading=\"lazy\" class=\" wp-image-1839 aligncenter\" src=\"http:\/\/blogs.univ-jfc.fr\/vigneetvin\/wp-content\/uploads\/sites\/56\/2017\/03\/tableau-victor-300x136.jpg\" alt=\"\" width=\"596\" height=\"270\" srcset=\"https:\/\/blogs.univ-jfc.fr\/vigneetvin\/wp-content\/uploads\/sites\/56\/2017\/03\/tableau-victor-300x136.jpg 300w, https:\/\/blogs.univ-jfc.fr\/vigneetvin\/wp-content\/uploads\/sites\/56\/2017\/03\/tableau-victor-768x349.jpg 768w, https:\/\/blogs.univ-jfc.fr\/vigneetvin\/wp-content\/uploads\/sites\/56\/2017\/03\/tableau-victor-1024x465.jpg 1024w\" sizes=\"(max-width: 596px) 100vw, 596px\" \/><\/a><\/p>\n<p align=\"justify\">Les achats de vin de l&rsquo;abbaye repr\u00e9sentent sur 9 ann\u00e9es, entre 1726 et 1735, un total de 8,06\u00a0% des d\u00e9penses destin\u00e9es \u00e0 l&rsquo;alimentation, ce qui correspond \u00e0 la norme fran\u00e7aise de consommation. En effet, cela concorde avec une moyenne \u00e9tablie de 3,5 verres par jour. La seule diff\u00e9rence notable entre le clerg\u00e9 et la majorit\u00e9 d\u00e9munie du tiers-\u00e9tat est donc la qualit\u00e9 et la renomm\u00e9e des vins et des domaines.<\/p>\n<p align=\"justify\">Un d\u00e9partement comme l&rsquo;Ari\u00e8ge \u00e9tait un tr\u00e8s grand importateur de vin sans pour autant en \u00eatre un plus grand consommateur que d&rsquo;autres r\u00e9gions du royaume. En effet, les ari\u00e9geois connaissaient la difficult\u00e9 de la culture des vignes pour des raisons climatiques. Or, comme le reste du royaume, ils usaient du vin en de multiples occasions et en avaient donc besoin d&rsquo;une grande quantit\u00e9 de \u00ab\u00a0boissons\u00a0\u00bb. Par exemple, au sein du baillage de Vicdessos, 5000 litres quotidiens \u00e9taient introduits \u00e0 la fin du XVIIe si\u00e8cle, pour une population inf\u00e9rieure \u00e0 5000 habitants. Ceci \u00e9quivaut \u00e0 plus d&rsquo;un litre par personne et par jour.<\/p>\n<h3 align=\"justify\">Le renforcement de la l\u00e9gislation.<\/h3>\n<figure id=\"attachment_1841\" aria-describedby=\"caption-attachment-1841\" style=\"width: 257px\" class=\"wp-caption alignright\"><a href=\"http:\/\/blogs.univ-jfc.fr\/vigneetvin\/wp-content\/uploads\/sites\/56\/2017\/03\/cabaret.jpg\"><img loading=\"lazy\" class=\"wp-image-1841 size-medium\" title=\"Cornelis Pietersz\" src=\"http:\/\/blogs.univ-jfc.fr\/vigneetvin\/wp-content\/uploads\/sites\/56\/2017\/03\/cabaret-257x300.jpg\" alt=\"\" width=\"257\" height=\"300\" srcset=\"https:\/\/blogs.univ-jfc.fr\/vigneetvin\/wp-content\/uploads\/sites\/56\/2017\/03\/cabaret-257x300.jpg 257w, https:\/\/blogs.univ-jfc.fr\/vigneetvin\/wp-content\/uploads\/sites\/56\/2017\/03\/cabaret.jpg 438w\" sizes=\"(max-width: 257px) 100vw, 257px\" \/><\/a><figcaption id=\"caption-attachment-1841\" class=\"wp-caption-text\">Int\u00e9rieur de cabaret, XVIIe si\u00e8cle<\/figcaption><\/figure>\n<p align=\"justify\">Le vin fait partie int\u00e9grante de la vie des Fran\u00e7ais. Toutes les classes sociales le consomment, mais aussi toutes les cat\u00e9gories d&rsquo;\u00e2ges. On donne du vin aux enfants, et m\u00eame s\u2019il est dilu\u00e9 avec de l&rsquo;eau, il comporte tout de m\u00eame de l&rsquo;alcool. On leur donne pour fortifier leur sant\u00e9, ainsi ils sont habitu\u00e9s d\u00e8s leur plus jeune \u00e2ge \u00e0 en boire. On boit du vin \u00e0 l&rsquo;\u00e9poque moderne comme on pourrait boire de l&rsquo;eau \u00e0 notre \u00e9poque. Le vin devient une habitude, c&rsquo;est le premier pas vers l&rsquo;alcoolisme. \u00c0 cette \u00e9poque, le vin prend une telle importance que les m\u0153urs demandent que chacun sache se comporter saoul en public. Appartenir \u00e0 la cat\u00e9gorie sociale du \u00ab\u00a0bas peuple\u00a0\u00bb\u00a0suppose la fr\u00e9quentation de lieux populaires, qui laissent place \u00e0 l&rsquo;ivrognerie et \u00e0 l&rsquo;exc\u00e8s de boisson. Ces lieux sont de plus en plus nombreux et importants en France\u00a0: \u00e0 titre d&rsquo;exemple, il y a 300 d\u00e9bits de boissons \u00e0 Paris en 1789, soit un pour 175 habitants. L&rsquo;ivresse prend donc le plus souvent place dans les cabarets et les tavernes. L\u00a0\u00bbivresse est donc essentiellement masculine car ces lieux sont r\u00e9serv\u00e9s aux hommes et ne sont que tr\u00e8s peu accessibles aux femmes. D&rsquo;autant plus que les femmes, contrairement aux hommes, coupent leur vin avec de l&rsquo;eau.<\/p>\n<p align=\"justify\">Le vin et tous les exc\u00e8s qu&rsquo;il entra\u00eene ont fini par obliger les rois fran\u00e7ais de l&rsquo;Ancien R\u00e9gime \u00e0 prendre des mesures de r\u00e9pression contre cette boisson. Ainsi, le premier \u00e9dit royal qui condamne l&rsquo;\u00e9bri\u00e9t\u00e9 en public \u00e9mane de Fran\u00e7ois Ier en 1536. En effet, cet \u00e9dit stipule qu&rsquo;il est dor\u00e9navant \u00ab\u00a0ordonn\u00e9 que quiconque sera trouv\u00e9 yvre, soit incontinent constitu\u00e9 et d\u00e9tenu prisonnier au pain et \u00e0 l&rsquo;eau pour la premi\u00e8re fois. \u00bb La suite de l&rsquo;\u00e9dit promet des peines plus lourdes en cas de r\u00e9cidive pouvant aller jusqu&rsquo;aux ch\u00e2timents corporels ainsi qu&rsquo;au bannissement de la personne. Si ces peines peuvent para\u00eetre dures pour une simple ivresse, il ne faut pas oublier que l&rsquo;alcool devient le fl\u00e9au de l&rsquo;\u00e9poque moderne car bu en grande quantit\u00e9 il provoque de nombreux troubles, comme des homicides ou des viols. De plus, ces ch\u00e2timents sont rarement employ\u00e9s dans les faits, ils visent surtout \u00e0 dissuader et \u00e0 r\u00e9duire la consommation d&rsquo;alcool des fran\u00e7ais sans l&rsquo;interdire. La l\u00e9gislation au sujet du vin n&rsquo;est pas seulement r\u00e9pressive en France mais aussi dans d&rsquo;autres royaumes d&rsquo;<a href=\"http:\/\/blogs.univ-jfc.fr\/vigneetvin\/usages-et-consommation-du-vin-une-approche-periodique\/la-periode-moderne-xvie-xviiie-siecles\/la-periode-moderne-page-de-niveau-2-3\/la-legislation-europeenne\/\">Europe<\/a>.<\/p>\n<figure id=\"attachment_1842\" aria-describedby=\"caption-attachment-1842\" style=\"width: 537px\" class=\"wp-caption aligncenter\"><a href=\"http:\/\/blogs.univ-jfc.fr\/vigneetvin\/wp-content\/uploads\/sites\/56\/2017\/03\/F\u00eate-dans-une-auberge.png\"><img loading=\"lazy\" class=\"wp-image-1842\" title=\"Jan Steen\" src=\"http:\/\/blogs.univ-jfc.fr\/vigneetvin\/wp-content\/uploads\/sites\/56\/2017\/03\/F\u00eate-dans-une-auberge-300x218.png\" alt=\"\" width=\"537\" height=\"390\" srcset=\"https:\/\/blogs.univ-jfc.fr\/vigneetvin\/wp-content\/uploads\/sites\/56\/2017\/03\/F\u00eate-dans-une-auberge-300x218.png 300w, https:\/\/blogs.univ-jfc.fr\/vigneetvin\/wp-content\/uploads\/sites\/56\/2017\/03\/F\u00eate-dans-une-auberge.png 500w\" sizes=\"(max-width: 537px) 100vw, 537px\" \/><\/a><figcaption id=\"caption-attachment-1842\" class=\"wp-caption-text\">F\u00eate dans une auberge, 1674<\/figcaption><\/figure>\n<p align=\"justify\">Enfin, pour l\u2019\u00c9glise, l&rsquo;alcool et donc le vin s&rsquo;av\u00e8rent aussi \u00eatre une source d&rsquo;inqui\u00e9tude. En effet, elle s&rsquo;inqui\u00e8te des exc\u00e8s commis au cours des f\u00eates qui repr\u00e9sente un \u00ab\u00a0danger constant de subversion.\u00a0\u00bb Ainsi elle tente de limiter l&rsquo;acc\u00e8s aux tavernes et prohibe certaines f\u00eates, m\u00eame si elle ne poss\u00e8de pas de r\u00e9el pouvoir l\u00e9gislatif.<\/p>\n<p style=\"text-align: center\">\u00ab\u00a0Sous pr\u00e9texte de moraliser les population, la fr\u00e9quentation des cabarets est interdite pendant les offices religieux et limit\u00e9, du moins th\u00e9oriquement, le reste du temps. Les autorit\u00e9s civiles pr\u00eatent la main. Une telle concordance de vue exprime en fait une volont\u00e9 de contr\u00f4le de ce que l&rsquo;historien nomme la sociabilit\u00e9 paysanne .\u00a0\u00bb (MUCHEMBLED, <em>Soci\u00e9t\u00e9s, cultures et mentalit\u00e9s dans la France Moderne XVI-XVIIIe si\u00e8cle<\/em>, p.84)<\/p>\n<p align=\"justify\">Cependant, jusqu&rsquo;\u00e0 la fin du XVIe si\u00e8cle, et ce malgr\u00e9 cette r\u00e9pression grandissante, \u00ab\u00a0les hommes passent g\u00e9n\u00e9ralement leurs dimanches loin des \u00e9glises et dans une atmosph\u00e8re de f\u00eate.\u00a0\u00bb (<em>Ibid<\/em>)<\/p>\n","protected":false},"excerpt":{"rendered":"<p>La consommation de la population fran\u00e7aise. Tout d&rsquo;abord, le vin repr\u00e9sentait en moyenne 10\u00a0% des apports journaliers nutritionnels masculins, ce qui se traduit par 3,5 verres de vin par jour, soit 270 kcal. En comparaison, la consommation moyenne d&rsquo;un Italien \u00e9tait de 1 \u00e0 1,7 litres par jour. Selon Phillipe Meyzie, en 1660, un parisien &hellip; <a href=\"https:\/\/blogs.univ-jfc.fr\/vigneetvin\/usages-et-consommation-du-vin-une-approche-periodique\/la-periode-moderne-xvie-xviiie-siecles\/la-periode-moderne-page-de-niveau-2-3\/\" class=\"more-link\">Continuer la lecture de <span class=\"screen-reader-text\">Une consommation excessive mais contr\u00f4l\u00e9e<\/span> <span class=\"meta-nav\">&rarr;<\/span><\/a><\/p>\n","protected":false},"author":19,"featured_media":0,"parent":42,"menu_order":3,"comment_status":"closed","ping_status":"closed","template":"","meta":[],"_links":{"self":[{"href":"https:\/\/blogs.univ-jfc.fr\/vigneetvin\/wp-json\/wp\/v2\/pages\/1230"}],"collection":[{"href":"https:\/\/blogs.univ-jfc.fr\/vigneetvin\/wp-json\/wp\/v2\/pages"}],"about":[{"href":"https:\/\/blogs.univ-jfc.fr\/vigneetvin\/wp-json\/wp\/v2\/types\/page"}],"author":[{"embeddable":true,"href":"https:\/\/blogs.univ-jfc.fr\/vigneetvin\/wp-json\/wp\/v2\/users\/19"}],"replies":[{"embeddable":true,"href":"https:\/\/blogs.univ-jfc.fr\/vigneetvin\/wp-json\/wp\/v2\/comments?post=1230"}],"version-history":[{"count":14,"href":"https:\/\/blogs.univ-jfc.fr\/vigneetvin\/wp-json\/wp\/v2\/pages\/1230\/revisions"}],"predecessor-version":[{"id":3061,"href":"https:\/\/blogs.univ-jfc.fr\/vigneetvin\/wp-json\/wp\/v2\/pages\/1230\/revisions\/3061"}],"up":[{"embeddable":true,"href":"https:\/\/blogs.univ-jfc.fr\/vigneetvin\/wp-json\/wp\/v2\/pages\/42"}],"wp:attachment":[{"href":"https:\/\/blogs.univ-jfc.fr\/vigneetvin\/wp-json\/wp\/v2\/media?parent=1230"}],"curies":[{"name":"wp","href":"https:\/\/api.w.org\/{rel}","templated":true}]}}