{"id":1249,"date":"2017-03-02T15:30:39","date_gmt":"2017-03-02T14:30:39","guid":{"rendered":"http:\/\/blogs.univ-jfc.fr\/vigneetvin\/?page_id=1249"},"modified":"2017-03-16T09:12:53","modified_gmt":"2017-03-16T08:12:53","slug":"usages-et-consommation-du-vin-en-gaule-dans-lantiquite","status":"publish","type":"page","link":"https:\/\/blogs.univ-jfc.fr\/vigneetvin\/usages-et-consommation-du-vin-une-approche-periodique\/usages-et-consommation-du-vin-en-gaule-dans-lantiquite\/","title":{"rendered":"Usages et consommation du vin en Gaule dans l&rsquo;Antiquit\u00e9"},"content":{"rendered":"<p><a href=\"http:\/\/blogs.univ-jfc.fr\/vigneetvin\/larrivee-du-vin-en-gaule\/\">L&rsquo;arriv\u00e9e du Vin en Gaule<\/a> s&rsquo;est faite de fa\u00e7on progressive lors de son invasion par les Romains. En m\u00eame temps qu\u2019ils imposent leur h\u00e9g\u00e9monie politique et militaire sur de nombreuses colonies, ils imposent aussi les diff\u00e9rentes facettes de leur culture et parmi celles-ci, celle li\u00e9e \u00e0 la consommation du vin. C\u2019est qu\u2019avant leur arriv\u00e9e, la consommation\u00a0 de boissons ferment\u00e9es est toute autre.<\/p>\n<figure id=\"attachment_1721\" aria-describedby=\"caption-attachment-1721\" style=\"width: 262px\" class=\"wp-caption alignnone\"><a href=\"http:\/\/blogs.univ-jfc.fr\/vigneetvin\/wp-content\/uploads\/sites\/56\/2017\/03\/F143-a-cratere-vix.jpg\"><img loading=\"lazy\" class=\"wp-image-1721 size-medium\" title=\"Mus\u00e9e du pays Ch\u00e2tillonais \" src=\"http:\/\/blogs.univ-jfc.fr\/vigneetvin\/wp-content\/uploads\/sites\/56\/2017\/03\/F143-a-cratere-vix-262x300.jpg\" alt=\"\" width=\"262\" height=\"300\" srcset=\"https:\/\/blogs.univ-jfc.fr\/vigneetvin\/wp-content\/uploads\/sites\/56\/2017\/03\/F143-a-cratere-vix-262x300.jpg 262w, https:\/\/blogs.univ-jfc.fr\/vigneetvin\/wp-content\/uploads\/sites\/56\/2017\/03\/F143-a-cratere-vix-768x879.jpg 768w, https:\/\/blogs.univ-jfc.fr\/vigneetvin\/wp-content\/uploads\/sites\/56\/2017\/03\/F143-a-cratere-vix-894x1024.jpg 894w, https:\/\/blogs.univ-jfc.fr\/vigneetvin\/wp-content\/uploads\/sites\/56\/2017\/03\/F143-a-cratere-vix.jpg 1747w\" sizes=\"(max-width: 262px) 100vw, 262px\" \/><\/a><figcaption id=\"caption-attachment-1721\" class=\"wp-caption-text\">Crat\u00e8re de Vix<\/figcaption><\/figure>\n<p>Une fois introduit en Gaule, le vin va avoir un fort <a href=\"http:\/\/blogs.univ-jfc.fr\/vigneetvin\/usages-et-consommation-du-vin-une-approche-periodique\/usages-et-consommation-du-vin-en-gaule-dans-lantiquite\/antiquite-page-de-niveau-2-2\/\">impact socio-culturel<\/a> sur les soci\u00e9t\u00e9s gallo-romaines car son expansion va toucher de nombreuses r\u00e9gions. Cette boisson va amener les Gaulois \u00e0 changer leurs coutumes et \u00e0 utiliser le vin dans de nombreux domaines de leur vie quotidienne.<\/p>\n<figure id=\"attachment_2513\" aria-describedby=\"caption-attachment-2513\" style=\"width: 300px\" class=\"wp-caption alignnone\"><a href=\"http:\/\/blogs.univ-jfc.fr\/vigneetvin\/wp-content\/uploads\/sites\/56\/2017\/03\/Mosa\u00efque_de_Saint-Romain-en-Gal_foulage_de_la_vendange.jpg\"><img loading=\"lazy\" class=\"wp-image-2513 size-medium\" src=\"http:\/\/blogs.univ-jfc.fr\/vigneetvin\/wp-content\/uploads\/sites\/56\/2017\/03\/Mosa\u00efque_de_Saint-Romain-en-Gal_foulage_de_la_vendange-300x300.jpg\" alt=\"\" width=\"300\" height=\"300\" srcset=\"https:\/\/blogs.univ-jfc.fr\/vigneetvin\/wp-content\/uploads\/sites\/56\/2017\/03\/Mosa\u00efque_de_Saint-Romain-en-Gal_foulage_de_la_vendange-300x300.jpg 300w, https:\/\/blogs.univ-jfc.fr\/vigneetvin\/wp-content\/uploads\/sites\/56\/2017\/03\/Mosa\u00efque_de_Saint-Romain-en-Gal_foulage_de_la_vendange-150x150.jpg 150w, https:\/\/blogs.univ-jfc.fr\/vigneetvin\/wp-content\/uploads\/sites\/56\/2017\/03\/Mosa\u00efque_de_Saint-Romain-en-Gal_foulage_de_la_vendange.jpg 638w\" sizes=\"(max-width: 300px) 100vw, 300px\" \/><\/a><figcaption id=\"caption-attachment-2513\" class=\"wp-caption-text\">Mosa\u00efque de Saint-Romain-en-Gal. Calendrier agricole.<\/figcaption><\/figure>\n<p>&nbsp;<\/p>\n","protected":false},"excerpt":{"rendered":"<p>L&rsquo;arriv\u00e9e du Vin en Gaule s&rsquo;est faite de fa\u00e7on progressive lors de son invasion par les Romains. En m\u00eame temps qu\u2019ils imposent leur h\u00e9g\u00e9monie politique et militaire sur de nombreuses colonies, ils imposent aussi les diff\u00e9rentes facettes de leur culture et parmi celles-ci, celle li\u00e9e \u00e0 la consommation du vin. C\u2019est qu\u2019avant leur arriv\u00e9e, la &hellip; <a href=\"https:\/\/blogs.univ-jfc.fr\/vigneetvin\/usages-et-consommation-du-vin-une-approche-periodique\/usages-et-consommation-du-vin-en-gaule-dans-lantiquite\/\" class=\"more-link\">Continuer la lecture de <span class=\"screen-reader-text\">Usages et consommation du vin en Gaule dans l&rsquo;Antiquit\u00e9<\/span> <span class=\"meta-nav\">&rarr;<\/span><\/a><\/p>\n","protected":false},"author":19,"featured_media":0,"parent":32,"menu_order":1,"comment_status":"closed","ping_status":"closed","template":"","meta":[],"_links":{"self":[{"href":"https:\/\/blogs.univ-jfc.fr\/vigneetvin\/wp-json\/wp\/v2\/pages\/1249"}],"collection":[{"href":"https:\/\/blogs.univ-jfc.fr\/vigneetvin\/wp-json\/wp\/v2\/pages"}],"about":[{"href":"https:\/\/blogs.univ-jfc.fr\/vigneetvin\/wp-json\/wp\/v2\/types\/page"}],"author":[{"embeddable":true,"href":"https:\/\/blogs.univ-jfc.fr\/vigneetvin\/wp-json\/wp\/v2\/users\/19"}],"replies":[{"embeddable":true,"href":"https:\/\/blogs.univ-jfc.fr\/vigneetvin\/wp-json\/wp\/v2\/comments?post=1249"}],"version-history":[{"count":22,"href":"https:\/\/blogs.univ-jfc.fr\/vigneetvin\/wp-json\/wp\/v2\/pages\/1249\/revisions"}],"predecessor-version":[{"id":2631,"href":"https:\/\/blogs.univ-jfc.fr\/vigneetvin\/wp-json\/wp\/v2\/pages\/1249\/revisions\/2631"}],"up":[{"embeddable":true,"href":"https:\/\/blogs.univ-jfc.fr\/vigneetvin\/wp-json\/wp\/v2\/pages\/32"}],"wp:attachment":[{"href":"https:\/\/blogs.univ-jfc.fr\/vigneetvin\/wp-json\/wp\/v2\/media?parent=1249"}],"curies":[{"name":"wp","href":"https:\/\/api.w.org\/{rel}","templated":true}]}}