{"id":1628,"date":"2017-03-09T09:14:20","date_gmt":"2017-03-09T08:14:20","guid":{"rendered":"http:\/\/blogs.univ-jfc.fr\/vigneetvin\/?page_id=1628"},"modified":"2017-03-21T18:13:27","modified_gmt":"2017-03-21T17:13:27","slug":"i-un-rassemblement-autour-du-vin","status":"publish","type":"page","link":"https:\/\/blogs.univ-jfc.fr\/vigneetvin\/i-un-rassemblement-autour-du-vin\/","title":{"rendered":"Un rassemblement autour du vin"},"content":{"rendered":"<p style=\"padding-left: 60px;text-align: left\"><b>A chaque classe sociale, sa consommation<\/b><\/p>\n<p align=\"JUSTIFY\">\u00a0\u00a0\u00a0\u00a0 \u00ab Dis moi ce que tu bois, je te dirais qui tu es \u00bb. Au XIXe si\u00e8cle et jusqu&rsquo;au d\u00e9clenchement de la Premi\u00e8re Guerre mondiale, la consommation et l&rsquo;usage du vin renseignent sur la classe sociale \u00e0 laquelle appartient un individu qui en consomme. On peut donc distinguer \u00ab le boire \u00bb bourgeois, ouvrier et paysan <a href=\"http:\/\/blogs.univ-jfc.fr\/vigneetvin\/proletariat\/\">prol\u00e9taires<\/a>. Au XIXe si\u00e8cle, la production et la consommation de vin en France augmentent consid\u00e9rablement gr\u00e2ce aux am\u00e9liorations introduites par la r\u00e9volution agricole et l\u2019am\u00e9lioration des transports. D\u00e8s la seconde moiti\u00e9 du XIXe si\u00e8cle, la consommation du vin se r\u00e9pand dans tout le territoire fran\u00e7ais. Cette hausse de la consommation est permise par une baisse du prix du vin mais aussi \u00e0 par un certain progr\u00e8s technique. Les paysans, et plus particuli\u00e8rement les viticulteurs, sont les premiers consommateurs de vin. Toutefois, cette consommation varie en fonction des r\u00e9coltes. Ainsi, dans l\u2019H\u00e9rault, en 1840, le paysan consomme 250 l\/an. En 1873, il en consomme 457 l\/an, tandis qu&rsquo;en 1885 il n&rsquo;en consomme plus que 184 l\/an. Le vin est g\u00e9n\u00e9ralement coup\u00e9 \u00e0 l&rsquo;eau. Le patron r\u00e9serve \u00e0 son ouvrier 1 l\/jour de vin en hiver et de 2 \u00e0 3l\/jour en \u00e9t\u00e9. A l&rsquo;origine, la consommation de vin est un privil\u00e8ge de gens d&rsquo;\u00c9glise et de la noblesse. Les nobles qui sont souvent des propri\u00e9taires terriens en profitent \u00a0pour cultiver leur propre vin. Au XIXe si\u00e8cle, l&rsquo;\u00e9mergence de la bourgeoisie \u00ab d\u00e9mocratise \u00bb la consommation de vin. D\u00e8s lors, tout <a href=\"http:\/\/blogs.univ-jfc.fr\/vigneetvin\/bourgeoisie\/\">bourgeois<\/a> peut montrer \u00e0 quel rang social il appartient \u00e0 travers la consommation de vin de qualit\u00e9.<\/p>\n<figure id=\"attachment_1761\" aria-describedby=\"caption-attachment-1761\" style=\"width: 457px\" class=\"wp-caption aligncenter\"><a href=\"http:\/\/blogs.univ-jfc.fr\/vigneetvin\/wp-content\/uploads\/sites\/56\/2017\/03\/image1.png\"><img loading=\"lazy\" class=\"wp-image-1761\" title=\"Vincent Van Gogh, 1890 (d'apr\u00e8s la gravure de Daumier)\" src=\"http:\/\/blogs.univ-jfc.fr\/vigneetvin\/wp-content\/uploads\/sites\/56\/2017\/03\/image1-300x226.png\" alt=\"\" width=\"457\" height=\"344\" srcset=\"https:\/\/blogs.univ-jfc.fr\/vigneetvin\/wp-content\/uploads\/sites\/56\/2017\/03\/image1-300x226.png 300w, https:\/\/blogs.univ-jfc.fr\/vigneetvin\/wp-content\/uploads\/sites\/56\/2017\/03\/image1-768x578.png 768w, https:\/\/blogs.univ-jfc.fr\/vigneetvin\/wp-content\/uploads\/sites\/56\/2017\/03\/image1.png 1024w\" sizes=\"(max-width: 457px) 100vw, 457px\" \/><\/a><figcaption id=\"caption-attachment-1761\" class=\"wp-caption-text\">Buveurs<\/figcaption><\/figure>\n<p align=\"JUSTIFY\">\u00a0\u00a0\u00a0\u00a0 La cadence de travail difficile des ouvriers explique en partie qu\u2019ils soient \u00a0les plus grands buveurs de vin. Selon une \u00e9tude (docteurs Landouzy et Labb\u00e9), les ouvriers parisiens d\u00e9pensent en moyenne 1,24 francs pour leur alimentation contre 1,14 franc pour leur boisson, g\u00e9n\u00e9ralement du vin. Pour les mineurs, le vin est aussi un facteur de coh\u00e9sion. Gr\u00e2ce \u00e0 l&rsquo;usage et \u00e0 la consommation, on peut donc d\u00e9finir l&rsquo;appartenance socioprofessionnelle des individus. Ce propos est toutefois \u00e0 nuancer, certains individus de la classe bourgeoise sont de grands consommateurs et <em>a contrario<\/em> certains ouvriers ne boivent que peu ou pas d&rsquo;alcool. Il ne faut donc pas oublier que des exceptions existent.<\/p>\n<p style=\"padding-left: 60px\"><b>\u00a0La symbolique religieuse du vin<\/b><\/p>\n<p align=\"JUSTIFY\">\u00a0\u00a0\u00a0 Le vin et la religion ont toujours entretenu des rapports tr\u00e8s \u00e9troits. Le vin appara\u00eet comme un \u00e9l\u00e9ment cl\u00e9 dans de nombreuses religions. L&rsquo;analyse de la place du vin dans les communaut\u00e9s religieuses semble donc n\u00e9cessaire pour saisir l&rsquo;importance de ce lien. De toutes les religions monoth\u00e9istes, le juda\u00efsme est celle o\u00f9 le vin \u00e0 la place est \u00a0la plus importante. Lors de \u00ab Shabbat \u00bb, f\u00eate traditionnelle juive hebdomadaire, le vin se doit d&rsquo;\u00eatre consomm\u00e9 en grande quantit\u00e9. Cette f\u00eate est respect\u00e9e par les juifs car elle est ax\u00e9e sur la convivialit\u00e9 et le partage. Le vin est donc un vecteur fort de coh\u00e9sion et un met tr\u00e8s appr\u00e9ci\u00e9. Rapport\u00e9e \u00e0 son nombre de fid\u00e8les, la religion juive est la plus grande consommatrice de vin. La religion chr\u00e9tienne offre \u00e9galement au vin une position particuli\u00e8re. Pour preuve, J\u00e9sus aurait transform\u00e9 l&rsquo;eau un vin. Toutefois, les chr\u00e9tiens se divisent en plusieurs communaut\u00e9s o\u00f9 le vin conserve une place primordiale malgr\u00e9 un usage diff\u00e9rent. Lors des c\u00e9r\u00e9monies catholiques, on l&rsquo;utilise sous forme de \u00ab vin de messe \u00bb. C&rsquo;est durant l&rsquo;eucharistie, rite de la cons\u00e9cration, que le vin et le pain se transforment, pour les fid\u00e8les, en sang et corps du Christ.<\/p>\n<figure id=\"attachment_1775\" aria-describedby=\"caption-attachment-1775\" style=\"width: 468px\" class=\"wp-caption alignnone\"><a href=\"http:\/\/blogs.univ-jfc.fr\/vigneetvin\/wp-content\/uploads\/sites\/56\/2017\/03\/images2.jpeg\"><img loading=\"lazy\" class=\"wp-image-1775\" title=\"H.6,77m x L9,94, conserv\u00e9 au mus\u00e9e du Louvre, Paris\" src=\"http:\/\/blogs.univ-jfc.fr\/vigneetvin\/wp-content\/uploads\/sites\/56\/2017\/03\/images2.jpeg\" alt=\"\" width=\"468\" height=\"310\" \/><\/a><figcaption id=\"caption-attachment-1775\" class=\"wp-caption-text\">V\u00e9ron\u00e8se, Les noces de Cana, 1563<\/figcaption><\/figure>\n<p align=\"JUSTIFY\">Cette pratique est contest\u00e9e par les protestants. Cependant, ils organisent durant l&rsquo;ann\u00e9e quatre C\u00e8ne reproduisant le dernier repas du Christ. Au cours de ce rituel, la consommation de vin est prescrite. Pour les orthodoxes, le vin poss\u00e8de son propre r\u00f4le. En effet, lors de chaque c\u00e9r\u00e9monie religieuse, on dispose un verre de vin qui est per\u00e7u comme une offrande au Christ. En outre, lorsqu&rsquo;un d\u00e9c\u00e8s survient, du vin est vers\u00e9 sur le corps du d\u00e9funt dans le but de favoriser sa r\u00e9surrection. Enfin, la religion musulmane est certainement la plus int\u00e9ressante vis \u00e0 vis de l&rsquo;usage et la consommation du vin car personne ne sait r\u00e9ellement ce que dit le Coran \u00e0 ce sujet. On constate que ce n&rsquo;est pas le vin mais l&rsquo;ivresse qui est prohib\u00e9e par l&rsquo;Islam. Par contre, le vin est promis aux musulmans au Paradis. Le vin, par sa place importante dans chacune des grandes religions monoth\u00e9istes, appara\u00eet bien comme un vecteur de coh\u00e9sion. Plus la religion est ancienne, plus son rapport avec la boisson issue des vignes est important. Ainsi, il permet \u00e0 chacune de ces communaut\u00e9s de se diff\u00e9rencier les unes des autres.<\/p>\n<p style=\"padding-left: 60px\"><b>Un soldat, un fusil et du vin<\/b><\/p>\n<p align=\"JUSTIFY\">\u00a0\u00a0\u00a0\u00a0 Si il y a un m\u00e9tier o\u00f9 la coh\u00e9sion de groupe se cr\u00e9e autour du vin , c&rsquo;est bien celui de soldat. Les \u00ab popotes \u00bb permettent de f\u00eater les victoires, d\u2019oublier l&rsquo;horreur des combats et de renforcer l&rsquo;esprit de camaraderie. \u00catre soldat, c&rsquo;est faire partie d&rsquo;un groupe. Il est donc primordial de cr\u00e9er du lien entre ces hommes. Cette coh\u00e9sion est amorc\u00e9e par les rations quotidienne et les rituels militaires. En effet, il est de coutume pour les anciens d&rsquo;initier les jeunes recrues \u00e0 \u00ab devenir de vrais hommes \u00bb, en les faisant boire. De plus, ce moment de convivialit\u00e9 autour du vin fait dispara\u00eetre pour quelques instants, la barri\u00e8re qui s\u00e9pare les officiers et les sous-officiers, des soldats de premier rang. L&rsquo;usage du vin dans le cadre militaire est une action collective derri\u00e8re laquelle se cache une d\u00e9monstration de sa virilit\u00e9. Un soldat qui ne consomme pas d&rsquo;alcool est donc suspect\u00e9 d&rsquo;homosexualit\u00e9 par ses pairs et mis \u00e0 l&rsquo;\u00e9cart. Participer au beuverie devient donc une obligation sociale.<\/p>\n<figure id=\"attachment_1768\" aria-describedby=\"caption-attachment-1768\" style=\"width: 477px\" class=\"wp-caption alignnone\"><a href=\"http:\/\/blogs.univ-jfc.fr\/vigneetvin\/wp-content\/uploads\/sites\/56\/2017\/03\/image3.png\"><img loading=\"lazy\" class=\"wp-image-1768\" title=\"https:\/\/www.histoire-image.org\" src=\"http:\/\/blogs.univ-jfc.fr\/vigneetvin\/wp-content\/uploads\/sites\/56\/2017\/03\/image3-300x163.png\" alt=\"\" width=\"477\" height=\"259\" srcset=\"https:\/\/blogs.univ-jfc.fr\/vigneetvin\/wp-content\/uploads\/sites\/56\/2017\/03\/image3-300x163.png 300w, https:\/\/blogs.univ-jfc.fr\/vigneetvin\/wp-content\/uploads\/sites\/56\/2017\/03\/image3.png 720w\" sizes=\"(max-width: 477px) 100vw, 477px\" \/><\/a><figcaption id=\"caption-attachment-1768\" class=\"wp-caption-text\">Horloge de cr\u00e9dit, fabrique de DEMBOUR, graveur et lithographe \u00e0 Metz, vers 1840<\/figcaption><\/figure>\n<p align=\"JUSTIFY\">Le vin est \u00e9galement un rem\u00e8de efficace contre la peur des combats et l&rsquo;\u00e9loignement de ses proches. \u00c0 l&rsquo;approche d&rsquo;une bataille, du vin est distribu\u00e9 aux soldats afin de contr\u00f4ler leurs angoisses et de les galvaniser face \u00e0 l&rsquo;adversaire. Les usages du vin sont multiples au sein de l\u2019Arm\u00e9e, pour autant, les soldats nient avoir une consommation abusive. Ceci conduit \u00e0 v\u00e9hiculer parfois une image n\u00e9gative des corps militaires. Le boire soldatesque est donc une r\u00e9alit\u00e9 toutefois ce propos est \u00e0 nuancer car de nombreux appel\u00e9s avaient d\u00e9j\u00e0 une consommation \u00e9lev\u00e9e de vin avant d&rsquo;int\u00e9grer l&rsquo;Arm\u00e9e.<\/p>\n","protected":false},"excerpt":{"rendered":"<p>A chaque classe sociale, sa consommation \u00a0\u00a0\u00a0\u00a0 \u00ab Dis moi ce que tu bois, je te dirais qui tu es \u00bb. Au XIXe si\u00e8cle et jusqu&rsquo;au d\u00e9clenchement de la Premi\u00e8re Guerre mondiale, la consommation et l&rsquo;usage du vin renseignent sur la classe sociale \u00e0 laquelle appartient un individu qui en consomme. On peut donc distinguer &hellip; <a href=\"https:\/\/blogs.univ-jfc.fr\/vigneetvin\/i-un-rassemblement-autour-du-vin\/\" class=\"more-link\">Continuer la lecture de <span class=\"screen-reader-text\">Un rassemblement autour du vin<\/span> <span class=\"meta-nav\">&rarr;<\/span><\/a><\/p>\n","protected":false},"author":284,"featured_media":0,"parent":0,"menu_order":0,"comment_status":"closed","ping_status":"closed","template":"","meta":[],"_links":{"self":[{"href":"https:\/\/blogs.univ-jfc.fr\/vigneetvin\/wp-json\/wp\/v2\/pages\/1628"}],"collection":[{"href":"https:\/\/blogs.univ-jfc.fr\/vigneetvin\/wp-json\/wp\/v2\/pages"}],"about":[{"href":"https:\/\/blogs.univ-jfc.fr\/vigneetvin\/wp-json\/wp\/v2\/types\/page"}],"author":[{"embeddable":true,"href":"https:\/\/blogs.univ-jfc.fr\/vigneetvin\/wp-json\/wp\/v2\/users\/284"}],"replies":[{"embeddable":true,"href":"https:\/\/blogs.univ-jfc.fr\/vigneetvin\/wp-json\/wp\/v2\/comments?post=1628"}],"version-history":[{"count":15,"href":"https:\/\/blogs.univ-jfc.fr\/vigneetvin\/wp-json\/wp\/v2\/pages\/1628\/revisions"}],"predecessor-version":[{"id":3106,"href":"https:\/\/blogs.univ-jfc.fr\/vigneetvin\/wp-json\/wp\/v2\/pages\/1628\/revisions\/3106"}],"wp:attachment":[{"href":"https:\/\/blogs.univ-jfc.fr\/vigneetvin\/wp-json\/wp\/v2\/media?parent=1628"}],"curies":[{"name":"wp","href":"https:\/\/api.w.org\/{rel}","templated":true}]}}