{"id":163,"date":"2017-01-26T10:17:44","date_gmt":"2017-01-26T09:17:44","guid":{"rendered":"http:\/\/blogs.univ-jfc.fr\/vigneetvin\/?page_id=163"},"modified":"2017-03-30T08:02:26","modified_gmt":"2017-03-30T07:02:26","slug":"le-vignoble-gaillacois-au-xixe-siecle","status":"publish","type":"page","link":"https:\/\/blogs.univ-jfc.fr\/vigneetvin\/gaillac-et-le-vin\/une-histoire-du-vignoble-gaillacois\/le-vignoble-gaillacois-au-xixe-siecle\/","title":{"rendered":"Le vignoble Gaillacois au XIXe si\u00e8cle"},"content":{"rendered":"<p align=\"justify\">\u00abDieu n&rsquo;avait fait que l&rsquo;eau, mais l&rsquo;homme a fait le vin\u00bb selon Victor Hugo, l&rsquo;\u00e9crivain et dramaturge romantique le plus c\u00e9l\u00e8bre du XIXe si\u00e8cle qui repr\u00e9sente encore aujourd&rsquo;hui l\u2019un des auteurs les plus ancr\u00e9s dans la m\u00e9moire collective fran\u00e7aise.<\/p>\n<figure id=\"attachment_3515\" aria-describedby=\"caption-attachment-3515\" style=\"width: 300px\" class=\"wp-caption aligncenter\"><a href=\"http:\/\/blogs.univ-jfc.fr\/vigneetvin\/wp-content\/uploads\/sites\/56\/2017\/03\/vendanges-raymond-Tournon-fils.jpg\"><img loading=\"lazy\" class=\"wp-image-3515 size-medium\" src=\"http:\/\/blogs.univ-jfc.fr\/vigneetvin\/wp-content\/uploads\/sites\/56\/2017\/03\/vendanges-raymond-Tournon-fils-300x243.jpg\" alt=\"Source: https:\/\/www.musees-midi-pyrenees.fr\" width=\"300\" height=\"243\" srcset=\"https:\/\/blogs.univ-jfc.fr\/vigneetvin\/wp-content\/uploads\/sites\/56\/2017\/03\/vendanges-raymond-Tournon-fils-300x243.jpg 300w, https:\/\/blogs.univ-jfc.fr\/vigneetvin\/wp-content\/uploads\/sites\/56\/2017\/03\/vendanges-raymond-Tournon-fils.jpg 350w\" sizes=\"(max-width: 300px) 100vw, 300px\" \/><\/a><figcaption id=\"caption-attachment-3515\" class=\"wp-caption-text\">\u00ab\u00a0Les vendanges\u00a0\u00bb par Raymond (fils) Tournon<\/figcaption><\/figure>\n<p align=\"justify\">En effet, de l&rsquo;Antiquit\u00e9 jusqu&rsquo;\u00e0 l&rsquo;\u00e9poque contemporaine, les hommes n&rsquo;ont cess\u00e9 de cultiver, de produire et de boire du vin. \u00c0 tel point que celui-ci constitue un \u00e9l\u00e9ment indissociable de la culture et du patrimoine historique li\u00e9 \u00e0 un pays ou \u00e0 un peuple, comme c&rsquo;est le cas notamment en France. Au fil des si\u00e8cles, le vin fut l&rsquo;objet de plusieurs enjeux, effectivement en plus d&rsquo;avoir des propri\u00e9t\u00e9s vivri\u00e8res et m\u00e9dicinales pour les populations, ce dernier fut \u00e0 titre d\u2019exemple une solution face \u00e0 des complications sanitaires afin de remplacer l&rsquo;eau qui n&rsquo;\u00e9tait pas souvent potable. Il est \u00e9galement un vecteur social puisqu&rsquo;il repr\u00e9sente le rassemblement, allant des vendanges jusqu&rsquo;aux banquets. Il est tout aussi un facteur \u00e9conomique important o\u00f9 l\u2019activit\u00e9 li\u00e9e au vignoble fut le centre n\u00e9vralgique de certaines r\u00e9gions qui se sont d\u00e9velopp\u00e9es gr\u00e2ce \u00e0 sa production.\u00a0 C&rsquo;est sp\u00e9cifiquement le cas du Sud-Ouest fran\u00e7ais, qui s&rsquo;\u00e9talant du Bordelais jusqu&rsquo;au Languedoc a une histoire profond\u00e9ment marqu\u00e9e par la viticulture.<\/p>\n<p align=\"justify\">Sortant de la R\u00e9volution Fran\u00e7aise, le XIXe si\u00e8cle est un si\u00e8cle de mutation et de bouleversement qui touche \u00e0 la politique, au social ou bien encore \u00e0 l&rsquo;\u00e9conomie. En effet, ce si\u00e8cle repr\u00e9sente en France un v\u00e9ritable \u00ablaboratoire institutionnel\u00bb, notamment en raison des multiples r\u00e9gimes politiques qui l&rsquo;ont rythm\u00e9, allant de la monarchie \u00e0 la R\u00e9publique en passant par l\u2019Empire, sans oublier les phases de colonisation et d&rsquo;industrialisation qui le caract\u00e9risent. Il est donc \u00e9vident que ces modifications sont autant de facteurs qui ont pu \u00e9ventuellement avoir un retentissement sur la production viticole, et notamment \u00e0 Gaillac.<\/p>\n<p align=\"justify\">L\u2019adaptation du vignoble gaillacois vis-\u00e0-vis des mutations et des changements op\u00e9r\u00e9s au XIXe si\u00e8cle sera, notre fil conducteur dans notre \u00e9tude.<\/p>\n<p align=\"justify\">Pour r\u00e9pondre \u00e0 cette question nous nous efforcerons d&rsquo;\u00e9tudier dans un premier temps, les changements et les mutations engendr\u00e9es par la \u00ab<a href=\"http:\/\/blogs.univ-jfc.fr\/vigneetvin\/gaillac-et-le-vin\/une-histoire-du-vignoble-gaillacois\/le-vignoble-gaillacois-au-xixe-siecle\/i-la-revolution-industrielle-une-profonde-mutation-sur-le-vignoble\/\">R\u00e9volution industrielle<\/a>\u00bb sur le vignoble gaillacois, notamment \u00e0 travers les changements g\u00e9n\u00e9r\u00e9s par l&rsquo;arriv\u00e9e du chemin de fer, en passant par\u00a0 l&rsquo;adaptation de l&rsquo;outillage et des techniques de production pour finalement d\u00e9boucher sur les cons\u00e9quences \u00e9conomiques et culturelles. Le <a href=\"http:\/\/blogs.univ-jfc.fr\/vigneetvin\/gaillac-et-le-vin\/une-histoire-du-vignoble-gaillacois\/le-vignoble-gaillacois-au-xixe-siecle\/les-maladies-de-la-vigne-et-les-crises-sociales-une-epreuve-pour-le-terroir-gaillacois\/\">second temps<\/a> traitera des diff\u00e9rentes maladies de la vigne et des crises sociales et de leurs effets et de leurs cons\u00e9quences sur le terroir gaillacois.<\/p>\n","protected":false},"excerpt":{"rendered":"<p>\u00abDieu n&rsquo;avait fait que l&rsquo;eau, mais l&rsquo;homme a fait le vin\u00bb selon Victor Hugo, l&rsquo;\u00e9crivain et dramaturge romantique le plus c\u00e9l\u00e8bre du XIXe si\u00e8cle qui repr\u00e9sente encore aujourd&rsquo;hui l\u2019un des auteurs les plus ancr\u00e9s dans la m\u00e9moire collective fran\u00e7aise. En effet, de l&rsquo;Antiquit\u00e9 jusqu&rsquo;\u00e0 l&rsquo;\u00e9poque contemporaine, les hommes n&rsquo;ont cess\u00e9 de cultiver, de produire et &hellip; <a href=\"https:\/\/blogs.univ-jfc.fr\/vigneetvin\/gaillac-et-le-vin\/une-histoire-du-vignoble-gaillacois\/le-vignoble-gaillacois-au-xixe-siecle\/\" class=\"more-link\">Continuer la lecture de <span class=\"screen-reader-text\">Le vignoble Gaillacois au XIXe si\u00e8cle<\/span> <span class=\"meta-nav\">&rarr;<\/span><\/a><\/p>\n","protected":false},"author":197,"featured_media":0,"parent":9,"menu_order":2,"comment_status":"closed","ping_status":"closed","template":"","meta":[],"_links":{"self":[{"href":"https:\/\/blogs.univ-jfc.fr\/vigneetvin\/wp-json\/wp\/v2\/pages\/163"}],"collection":[{"href":"https:\/\/blogs.univ-jfc.fr\/vigneetvin\/wp-json\/wp\/v2\/pages"}],"about":[{"href":"https:\/\/blogs.univ-jfc.fr\/vigneetvin\/wp-json\/wp\/v2\/types\/page"}],"author":[{"embeddable":true,"href":"https:\/\/blogs.univ-jfc.fr\/vigneetvin\/wp-json\/wp\/v2\/users\/197"}],"replies":[{"embeddable":true,"href":"https:\/\/blogs.univ-jfc.fr\/vigneetvin\/wp-json\/wp\/v2\/comments?post=163"}],"version-history":[{"count":15,"href":"https:\/\/blogs.univ-jfc.fr\/vigneetvin\/wp-json\/wp\/v2\/pages\/163\/revisions"}],"predecessor-version":[{"id":4286,"href":"https:\/\/blogs.univ-jfc.fr\/vigneetvin\/wp-json\/wp\/v2\/pages\/163\/revisions\/4286"}],"up":[{"embeddable":true,"href":"https:\/\/blogs.univ-jfc.fr\/vigneetvin\/wp-json\/wp\/v2\/pages\/9"}],"wp:attachment":[{"href":"https:\/\/blogs.univ-jfc.fr\/vigneetvin\/wp-json\/wp\/v2\/media?parent=163"}],"curies":[{"name":"wp","href":"https:\/\/api.w.org\/{rel}","templated":true}]}}