{"id":1696,"date":"2017-03-09T09:38:27","date_gmt":"2017-03-09T08:38:27","guid":{"rendered":"http:\/\/blogs.univ-jfc.fr\/vigneetvin\/?page_id=1696"},"modified":"2017-03-16T09:47:52","modified_gmt":"2017-03-16T08:47:52","slug":"le-champagne","status":"publish","type":"page","link":"https:\/\/blogs.univ-jfc.fr\/vigneetvin\/usages-et-consommation-du-vin-une-approche-periodique\/la-periode-moderne-xvie-xviiie-siecles\/la-periode-moderne-page-de-niveau-2-2\/le-champagne\/","title":{"rendered":"Le Champagne"},"content":{"rendered":"<p align=\"justify\">Jusque-l\u00e0 confondus avec les vins d\u2019\u00cele de France, les Champagnes de la montagne de Reims commencent \u00e0 monter en r\u00e9putation au prix d\u2019une intense campagne publicitaire. \u00ab Puis l\u2019on s\u2019aper\u00e7ut que ces \u00ab vins gris \u00bb perdaient de leur valeur en futaille (tonneaux) et qu\u2019il valait mieux les tenir en bouteille. Or dans ces derni\u00e8res ils devenaient mousseux.\u00bb (BLANCHARD, \u00ab\u00a0Roger Dion, Histoire de la vigne et du vin en France des origines au XIXe si\u00e8cle\u00a0\u00bb)<\/p>\n<p align=\"justify\">\u00ab Les viticulteurs n\u2019attachaient, au XVII, qu\u2019un maigre int\u00e9r\u00eat \u00e0 la mousse qui se produisait dans les r\u00e9cipients de verre dans lesquels on avait pris l\u2019habitude de conserver les vins en Champagne. Ce sont les consommateurs britanniques qui furent les premiers \u00e0 s\u2019en \u00e9prendre \u00e0 la fin de ce si\u00e8cle\u00bb. (LATOUCHE, \u00ab\u00a0Roger Dion, Histoire de la vigne et du vin en France des origines au XIXe si\u00e8cle\u00a0\u00bb)<\/p>\n<p align=\"justify\">Le go\u00fbt gagne ensuite les amateurs fran\u00e7ais et au d\u00e9but du XVIII si\u00e8cle, ces vins mousseux deviennent \u00e0 la mode au sein de l&rsquo;aristocratie. Ainsi, \u00e0 partir de 1725, le Champagne tel que nous le connaissons est lanc\u00e9.<\/p>\n","protected":false},"excerpt":{"rendered":"<p>Jusque-l\u00e0 confondus avec les vins d\u2019\u00cele de France, les Champagnes de la montagne de Reims commencent \u00e0 monter en r\u00e9putation au prix d\u2019une intense campagne publicitaire. \u00ab Puis l\u2019on s\u2019aper\u00e7ut que ces \u00ab vins gris \u00bb perdaient de leur valeur en futaille (tonneaux) et qu\u2019il valait mieux les tenir en bouteille. Or dans ces derni\u00e8res &hellip; <a href=\"https:\/\/blogs.univ-jfc.fr\/vigneetvin\/usages-et-consommation-du-vin-une-approche-periodique\/la-periode-moderne-xvie-xviiie-siecles\/la-periode-moderne-page-de-niveau-2-2\/le-champagne\/\" class=\"more-link\">Continuer la lecture de <span class=\"screen-reader-text\">Le Champagne<\/span> <span class=\"meta-nav\">&rarr;<\/span><\/a><\/p>\n","protected":false},"author":223,"featured_media":0,"parent":1227,"menu_order":3,"comment_status":"closed","ping_status":"closed","template":"","meta":[],"_links":{"self":[{"href":"https:\/\/blogs.univ-jfc.fr\/vigneetvin\/wp-json\/wp\/v2\/pages\/1696"}],"collection":[{"href":"https:\/\/blogs.univ-jfc.fr\/vigneetvin\/wp-json\/wp\/v2\/pages"}],"about":[{"href":"https:\/\/blogs.univ-jfc.fr\/vigneetvin\/wp-json\/wp\/v2\/types\/page"}],"author":[{"embeddable":true,"href":"https:\/\/blogs.univ-jfc.fr\/vigneetvin\/wp-json\/wp\/v2\/users\/223"}],"replies":[{"embeddable":true,"href":"https:\/\/blogs.univ-jfc.fr\/vigneetvin\/wp-json\/wp\/v2\/comments?post=1696"}],"version-history":[{"count":6,"href":"https:\/\/blogs.univ-jfc.fr\/vigneetvin\/wp-json\/wp\/v2\/pages\/1696\/revisions"}],"predecessor-version":[{"id":2837,"href":"https:\/\/blogs.univ-jfc.fr\/vigneetvin\/wp-json\/wp\/v2\/pages\/1696\/revisions\/2837"}],"up":[{"embeddable":true,"href":"https:\/\/blogs.univ-jfc.fr\/vigneetvin\/wp-json\/wp\/v2\/pages\/1227"}],"wp:attachment":[{"href":"https:\/\/blogs.univ-jfc.fr\/vigneetvin\/wp-json\/wp\/v2\/media?parent=1696"}],"curies":[{"name":"wp","href":"https:\/\/api.w.org\/{rel}","templated":true}]}}