{"id":1697,"date":"2017-03-09T09:36:38","date_gmt":"2017-03-09T08:36:38","guid":{"rendered":"http:\/\/blogs.univ-jfc.fr\/vigneetvin\/?page_id=1697"},"modified":"2017-03-10T10:11:22","modified_gmt":"2017-03-10T09:11:22","slug":"graal","status":"publish","type":"page","link":"https:\/\/blogs.univ-jfc.fr\/vigneetvin\/usages-et-consommation-du-vin-une-approche-periodique\/le-haut-moyen-age-vie-xe-siecle\/haut-ma-page-de-niveau-2-1\/le-vin-devient-la-boisson-de-la-religion\/graal\/","title":{"rendered":"Graal"},"content":{"rendered":"<p align=\"justify\">Objet de la qu\u00eate de la Table ronde. Selon les sources, le Saint-Graal serait soit un plat creux soit la coupe de la C\u00e8ne ou bien la coupe dans laquelle Joseph d&rsquo;Arimathie a recueilli le sang du Christ. De plus, le Graal peut \u00eatre aussi une corne d&rsquo;abondance ou bien alors une pierre pr\u00e9cieuse. Dans tous les cas, il se situe dans le cadre des aventures du Roi Arthur.<\/p>\n","protected":false},"excerpt":{"rendered":"<p>Objet de la qu\u00eate de la Table ronde. Selon les sources, le Saint-Graal serait soit un plat creux soit la coupe de la C\u00e8ne ou bien la coupe dans laquelle Joseph d&rsquo;Arimathie a recueilli le sang du Christ. De plus, le Graal peut \u00eatre aussi une corne d&rsquo;abondance ou bien alors une pierre pr\u00e9cieuse. Dans &hellip; <a href=\"https:\/\/blogs.univ-jfc.fr\/vigneetvin\/usages-et-consommation-du-vin-une-approche-periodique\/le-haut-moyen-age-vie-xe-siecle\/haut-ma-page-de-niveau-2-1\/le-vin-devient-la-boisson-de-la-religion\/graal\/\" class=\"more-link\">Continuer la lecture de <span class=\"screen-reader-text\">Graal<\/span> <span class=\"meta-nav\">&rarr;<\/span><\/a><\/p>\n","protected":false},"author":232,"featured_media":0,"parent":1623,"menu_order":2,"comment_status":"closed","ping_status":"closed","template":"","meta":[],"_links":{"self":[{"href":"https:\/\/blogs.univ-jfc.fr\/vigneetvin\/wp-json\/wp\/v2\/pages\/1697"}],"collection":[{"href":"https:\/\/blogs.univ-jfc.fr\/vigneetvin\/wp-json\/wp\/v2\/pages"}],"about":[{"href":"https:\/\/blogs.univ-jfc.fr\/vigneetvin\/wp-json\/wp\/v2\/types\/page"}],"author":[{"embeddable":true,"href":"https:\/\/blogs.univ-jfc.fr\/vigneetvin\/wp-json\/wp\/v2\/users\/232"}],"replies":[{"embeddable":true,"href":"https:\/\/blogs.univ-jfc.fr\/vigneetvin\/wp-json\/wp\/v2\/comments?post=1697"}],"version-history":[{"count":3,"href":"https:\/\/blogs.univ-jfc.fr\/vigneetvin\/wp-json\/wp\/v2\/pages\/1697\/revisions"}],"predecessor-version":[{"id":1875,"href":"https:\/\/blogs.univ-jfc.fr\/vigneetvin\/wp-json\/wp\/v2\/pages\/1697\/revisions\/1875"}],"up":[{"embeddable":true,"href":"https:\/\/blogs.univ-jfc.fr\/vigneetvin\/wp-json\/wp\/v2\/pages\/1623"}],"wp:attachment":[{"href":"https:\/\/blogs.univ-jfc.fr\/vigneetvin\/wp-json\/wp\/v2\/media?parent=1697"}],"curies":[{"name":"wp","href":"https:\/\/api.w.org\/{rel}","templated":true}]}}