{"id":1707,"date":"2017-03-09T09:39:10","date_gmt":"2017-03-09T08:39:10","guid":{"rendered":"http:\/\/blogs.univ-jfc.fr\/vigneetvin\/?page_id=1707"},"modified":"2017-03-10T10:12:05","modified_gmt":"2017-03-10T09:12:05","slug":"eucharistie","status":"publish","type":"page","link":"https:\/\/blogs.univ-jfc.fr\/vigneetvin\/usages-et-consommation-du-vin-une-approche-periodique\/le-haut-moyen-age-vie-xe-siecle\/haut-ma-page-de-niveau-2-1\/le-vin-devient-la-boisson-de-la-religion\/eucharistie\/","title":{"rendered":"Eucharistie"},"content":{"rendered":"<p align=\"justify\">C&rsquo;est un \u00e9v\u00e9nement tir\u00e9 de la religion juive selon lequel, le Christ avant de mourir, aurait rompu le pain, symbolisant son corps, avec ses disciples et les a invit\u00e9 \u00e0 faire cela en m\u00e9moire de lui. On assiste \u00e0 une sacralisation de cette tradition dans les rites chr\u00e9tiens.<\/p>\n","protected":false},"excerpt":{"rendered":"<p>C&rsquo;est un \u00e9v\u00e9nement tir\u00e9 de la religion juive selon lequel, le Christ avant de mourir, aurait rompu le pain, symbolisant son corps, avec ses disciples et les a invit\u00e9 \u00e0 faire cela en m\u00e9moire de lui. On assiste \u00e0 une sacralisation de cette tradition dans les rites chr\u00e9tiens.<\/p>\n","protected":false},"author":232,"featured_media":0,"parent":1623,"menu_order":4,"comment_status":"closed","ping_status":"closed","template":"","meta":[],"_links":{"self":[{"href":"https:\/\/blogs.univ-jfc.fr\/vigneetvin\/wp-json\/wp\/v2\/pages\/1707"}],"collection":[{"href":"https:\/\/blogs.univ-jfc.fr\/vigneetvin\/wp-json\/wp\/v2\/pages"}],"about":[{"href":"https:\/\/blogs.univ-jfc.fr\/vigneetvin\/wp-json\/wp\/v2\/types\/page"}],"author":[{"embeddable":true,"href":"https:\/\/blogs.univ-jfc.fr\/vigneetvin\/wp-json\/wp\/v2\/users\/232"}],"replies":[{"embeddable":true,"href":"https:\/\/blogs.univ-jfc.fr\/vigneetvin\/wp-json\/wp\/v2\/comments?post=1707"}],"version-history":[{"count":3,"href":"https:\/\/blogs.univ-jfc.fr\/vigneetvin\/wp-json\/wp\/v2\/pages\/1707\/revisions"}],"predecessor-version":[{"id":1876,"href":"https:\/\/blogs.univ-jfc.fr\/vigneetvin\/wp-json\/wp\/v2\/pages\/1707\/revisions\/1876"}],"up":[{"embeddable":true,"href":"https:\/\/blogs.univ-jfc.fr\/vigneetvin\/wp-json\/wp\/v2\/pages\/1623"}],"wp:attachment":[{"href":"https:\/\/blogs.univ-jfc.fr\/vigneetvin\/wp-json\/wp\/v2\/media?parent=1707"}],"curies":[{"name":"wp","href":"https:\/\/api.w.org\/{rel}","templated":true}]}}