{"id":181,"date":"2017-01-26T10:22:37","date_gmt":"2017-01-26T09:22:37","guid":{"rendered":"http:\/\/blogs.univ-jfc.fr\/vigneetvin\/?page_id=181"},"modified":"2017-03-30T08:31:57","modified_gmt":"2017-03-30T07:31:57","slug":"cnao-inao","status":"publish","type":"page","link":"https:\/\/blogs.univ-jfc.fr\/vigneetvin\/la-culture-de-la-vigne\/vignes-et-terroirs\/cnao-inao\/","title":{"rendered":"CNAO, INAO"},"content":{"rendered":"<p style=\"text-align: justify\">INAO (Institut National des Appellations d&rsquo;Origine) :<\/p>\n<p style=\"text-align: justify\">\u00c9tablissement public cr\u00e9e en 1935 sous le nom de Comit\u00e9 National des Appellations d&rsquo;Origine et sous la tutelle du Minist\u00e8re de l&rsquo;Agriculture. Il s&rsquo;assure du suivi et du contr\u00f4le des conditions de production,\u00a0 il accompagne et conseille les professionnels.<\/p>\n<p style=\"text-align: justify\">Il sert aussi de protecteur des Appellations d&rsquo;Origine (AOC), des Appellations d&rsquo;Origine Prot\u00e9g\u00e9es (AOP), ainsi que des Indications G\u00e9ographiques Prot\u00e9g\u00e9es (IGP) tant en France qu&rsquo;en Europe.<\/p>\n<figure id=\"attachment_4394\" aria-describedby=\"caption-attachment-4394\" style=\"width: 240px\" class=\"wp-caption alignnone\"><a href=\"http:\/\/blogs.univ-jfc.fr\/vigneetvin\/wp-content\/uploads\/sites\/56\/2017\/01\/inao_logo.png\"><img loading=\"lazy\" class=\"wp-image-4394 size-full\" title=\"inao.gouv.fr\" src=\"http:\/\/blogs.univ-jfc.fr\/vigneetvin\/wp-content\/uploads\/sites\/56\/2017\/01\/inao_logo.png\" alt=\"\" width=\"240\" height=\"122\" \/><\/a><figcaption id=\"caption-attachment-4394\" class=\"wp-caption-text\">Logo de l&rsquo;INAO<\/figcaption><\/figure>\n<p style=\"text-align: justify\">ODG (Organisme de D\u00e9fense et de Gestion) :<\/p>\n<p style=\"text-align: justify\">Organisme de l&rsquo;INAO dont l&rsquo;objectif est d&rsquo;\u00e9tablir le cahier des charges que les producteurs doivent respecter pour obtenir et conserver l&rsquo;Appellation d&rsquo;Origine (AOC).<\/p>\n<p style=\"text-align: justify\">OI (Organisme d&rsquo;Inspection) :<\/p>\n<p style=\"text-align: justify\">Organisme de l&rsquo;INAO qui est ind\u00e9pendant de l&rsquo;ODG, son objectif est de veiller \u00e0 l&rsquo;application du cahier des charges. Cet organisme peut faire des contr\u00f4les al\u00e9atoires pour certifier la qualit\u00e9 d&rsquo;un produit AOC et mener un contr\u00f4le aupr\u00e8s d&rsquo;un produit qui semble poss\u00e9der un probl\u00e8me.<\/p>\n","protected":false},"excerpt":{"rendered":"<p>INAO (Institut National des Appellations d&rsquo;Origine) : \u00c9tablissement public cr\u00e9e en 1935 sous le nom de Comit\u00e9 National des Appellations d&rsquo;Origine et sous la tutelle du Minist\u00e8re de l&rsquo;Agriculture. Il s&rsquo;assure du suivi et du contr\u00f4le des conditions de production,\u00a0 il accompagne et conseille les professionnels. Il sert aussi de protecteur des Appellations d&rsquo;Origine (AOC), &hellip; <a href=\"https:\/\/blogs.univ-jfc.fr\/vigneetvin\/la-culture-de-la-vigne\/vignes-et-terroirs\/cnao-inao\/\" class=\"more-link\">Continuer la lecture de <span class=\"screen-reader-text\">CNAO, INAO<\/span> <span class=\"meta-nav\">&rarr;<\/span><\/a><\/p>\n","protected":false},"author":271,"featured_media":0,"parent":74,"menu_order":0,"comment_status":"closed","ping_status":"closed","template":"","meta":[],"_links":{"self":[{"href":"https:\/\/blogs.univ-jfc.fr\/vigneetvin\/wp-json\/wp\/v2\/pages\/181"}],"collection":[{"href":"https:\/\/blogs.univ-jfc.fr\/vigneetvin\/wp-json\/wp\/v2\/pages"}],"about":[{"href":"https:\/\/blogs.univ-jfc.fr\/vigneetvin\/wp-json\/wp\/v2\/types\/page"}],"author":[{"embeddable":true,"href":"https:\/\/blogs.univ-jfc.fr\/vigneetvin\/wp-json\/wp\/v2\/users\/271"}],"replies":[{"embeddable":true,"href":"https:\/\/blogs.univ-jfc.fr\/vigneetvin\/wp-json\/wp\/v2\/comments?post=181"}],"version-history":[{"count":12,"href":"https:\/\/blogs.univ-jfc.fr\/vigneetvin\/wp-json\/wp\/v2\/pages\/181\/revisions"}],"predecessor-version":[{"id":4462,"href":"https:\/\/blogs.univ-jfc.fr\/vigneetvin\/wp-json\/wp\/v2\/pages\/181\/revisions\/4462"}],"up":[{"embeddable":true,"href":"https:\/\/blogs.univ-jfc.fr\/vigneetvin\/wp-json\/wp\/v2\/pages\/74"}],"wp:attachment":[{"href":"https:\/\/blogs.univ-jfc.fr\/vigneetvin\/wp-json\/wp\/v2\/media?parent=181"}],"curies":[{"name":"wp","href":"https:\/\/api.w.org\/{rel}","templated":true}]}}