{"id":1945,"date":"2017-03-16T09:07:22","date_gmt":"2017-03-16T08:07:22","guid":{"rendered":"http:\/\/blogs.univ-jfc.fr\/vigneetvin\/?page_id=1945"},"modified":"2017-04-09T15:29:42","modified_gmt":"2017-04-09T14:29:42","slug":"un-siecle-de-crises-naturelles-et-dadaptation-du-vignoble-de-gaillac","status":"publish","type":"page","link":"https:\/\/blogs.univ-jfc.fr\/vigneetvin\/gaillac-et-le-vin\/vigne-et-vin-dans-le-gaillac-daujourdhui\/lhistoire-du-vin-de-gaillac-tout-au-long-du-xxeme-siecle\/un-siecle-de-crises-naturelles-et-dadaptation-du-vignoble-de-gaillac\/","title":{"rendered":"Un si\u00e8cle de crises naturelles et d&rsquo;adaptation du vignoble de Gaillac"},"content":{"rendered":"<p>D\u00e8s la fin du XIX\u00b0 et d\u00e9but du XX\u00b0 si\u00e8cle la vigne gaillacoise et nationale sont confront\u00e9es \u00e0 l&rsquo;une des plus graves crises qu&rsquo;elles aient eu \u00e0 traverser.<\/p>\n<p>En 1870, les hectares de vignes sont ravag\u00e9s par <a href=\"http:\/\/blogs.univ-jfc.fr\/vigneetvin\/la-crise-du-phylloxera-sur-les-viticulteurs-gaillacois\/\">le Phyllox\u00e9ra<\/a>, un insecte de la taille d&rsquo;un puceron qui ronge et d\u00e9truit une bonne partie des pieds de vigne. L\u2019insecte se r\u00e9pand dans tout le sud-ouest de la France et atteint les \u00a0vignes du gaillacois. Il n\u2019est cependant d\u00e9couvert par les viticulteurs que 10 ans apr\u00e8s son arriv\u00e9e. Durant cette p\u00e9riode, pour faire face \u00e0 la maladie, des c\u00e9pages hybrides sont cr\u00e9\u00e9s et import\u00e9s depuis les \u00c9tats-Unis pour \u00eatre implant\u00e9s dans tout le territoire national.<\/p>\n<p>Cependant le rem\u00e8de contre le Phyllox\u00e9ra aura de graves cons\u00e9quences sur le vignoble gaillacois. En effet les nouvelles vignes ont une croissance plus rapide que la normale et sont utilis\u00e9es abusivement par les producteurs qui, craignent une nouvelle perte des plantations. Il vont se mettre \u00e0 provoquer une surproduction des vignes. De plus leurs qualit\u00e9s s&rsquo;av\u00e8rent terriblement m\u00e9diocre et ils produisent d\u00e9sormais des vins peu alcoolis\u00e9s qui peuvent passer pour de la fraude. Le nombre d\u2019hectares cultiv\u00e9s remonte ainsi au dessus des 30 000 \u00e0 la fin des ann\u00e9es 1920.<\/p>\n<p>M\u00eame si la crise peut para\u00eetre assez anodine, car au final la production fut relanc\u00e9e, elle n&rsquo;est tout de m\u00eame pas \u00e0 prendre \u00e0 la l\u00e9g\u00e8re. Gaillac souffrira pendant une grande partie du d\u00e9but du XX\u00b0 si\u00e8cle d&rsquo;une tr\u00e8s mauvaise r\u00e9putation sur la qualit\u00e9 de ses nouveaux vins. Par cons\u00e9quent les consommateurs locaux des villes (comme Bordeaux) continuent de s&rsquo;approvisionner en vin blanc import\u00e9 d&rsquo;Alg\u00e9rie m\u00eame si il y a une reprise de la production. Au final cette perte de confiance en la qualit\u00e9 du vin de gaillac se traduit par une perte d&rsquo;influence sur le march\u00e9 local du vin.<\/p>\n<p>&nbsp;<\/p>\n<figure id=\"attachment_2207\" aria-describedby=\"caption-attachment-2207\" style=\"width: 275px\" class=\"wp-caption alignleft\"><a href=\"http:\/\/blogs.univ-jfc.fr\/vigneetvin\/wp-content\/uploads\/sites\/56\/2017\/03\/vague-de-froid-de-1956.jpeg\"><img loading=\"lazy\" class=\"wp-image-2207 size-full\" src=\"http:\/\/blogs.univ-jfc.fr\/vigneetvin\/wp-content\/uploads\/sites\/56\/2017\/03\/vague-de-froid-de-1956.jpeg\" alt=\"pieds de vigne en 1956\" width=\"275\" height=\"183\" \/><\/a><figcaption id=\"caption-attachment-2207\" class=\"wp-caption-text\">pieds de vignes en 1956<\/figcaption><\/figure>\n<p>Si l&rsquo;arriv\u00e9e du phyllox\u00e9ras faisait partie d&rsquo;une des causes de la surproduction, cette derni\u00e8re ne prendra fin qu&rsquo;\u00e0 la suite d&rsquo;un hiver tr\u00e8s rigoureux en 1956. Il engendra une vague de froid qui s\u2019abattit subitement \u00a0sur les vignes avec des temp\u00e9ratures comprises entre -10\u00a0\u00b0C et -20\u00a0\u00b0C. Ces derni\u00e8res ne peuvent supporter une baisse de temp\u00e9rature inf\u00e9rieure \u00e0 &#8211; 8 \u00b0C . Ainsi sur les 39.800 ha produits en 1954 seuls 15 000 ha continueront \u00a0d\u2018\u00eatre exploit\u00e9s en 1960. Ironie des circonstances la majeur partie des pieds de vignes d\u00e9truits \u00e9tait constitu\u00e9e de pieds bas de gamme issus de c\u00e9pages hybrides de Rouge.<\/p>\n<p>Effet inverse entre 1961 et 2000 on assiste brutalement \u00e0 une diminution du nombre de jours de gel en hiver (de l&rsquo;ordre de 3 \u00e0 4 jours tous les 10 ans dans la r\u00e9gion du Tarn), et \u00e0 une augmentation du nombre de jours o\u00f9 la temp\u00e9rature d\u00e9passe 25 \u00b0C en \u00e9t\u00e9 (plus de 5 jours \u00a0tous les 10 ans). En outre on assiste \u00e0 une augmentation en moyenne de pr\u00e8s de 1\u00b0C entre 1910 et 2000 suite au tout nouveau ph\u00e9nom\u00e8ne de r\u00e9chauffement climatique. Mal connu dans les ann\u00e9es 1970 ce ph\u00e9nom\u00e8ne provoqu\u00e9 par la pollution n\u2019est d\u00e9couvert par les scientifiques qu\u2019\u00e0 partir des ann\u00e9es 1990. D\u2019ailleurs la derni\u00e8re grande crise climatique aper\u00e7ue se passa lors de la canicule de 2003 o\u00f9 pr\u00e8s de 50% des productions gaillacoises sont perdues.<\/p>\n<p>Ces ph\u00e9nom\u00e8nes nous montrent bien que malgr\u00e9 l&rsquo;investissement de<a href=\"http:\/\/blogs.univ-jfc.fr\/vigneetvin\/linvestissement-de-gaillac-dans-le-progres-technique\/\"> Gaillac dans le progr\u00e8s technique<\/a> les pieds de vignes restent des organismes fragiles qui d\u00e9pendent enti\u00e8rement de leurs environnement et les vignerons de Gaillac sont oblig\u00e9s de s&rsquo;adapter \u00e0 ces variations climatiques.<\/p>\n","protected":false},"excerpt":{"rendered":"<p>D\u00e8s la fin du XIX\u00b0 et d\u00e9but du XX\u00b0 si\u00e8cle la vigne gaillacoise et nationale sont confront\u00e9es \u00e0 l&rsquo;une des plus graves crises qu&rsquo;elles aient eu \u00e0 traverser. En 1870, les hectares de vignes sont ravag\u00e9s par le Phyllox\u00e9ra, un insecte de la taille d&rsquo;un puceron qui ronge et d\u00e9truit une bonne partie des pieds &hellip; <a href=\"https:\/\/blogs.univ-jfc.fr\/vigneetvin\/gaillac-et-le-vin\/vigne-et-vin-dans-le-gaillac-daujourdhui\/lhistoire-du-vin-de-gaillac-tout-au-long-du-xxeme-siecle\/un-siecle-de-crises-naturelles-et-dadaptation-du-vignoble-de-gaillac\/\" class=\"more-link\">Continuer la lecture de <span class=\"screen-reader-text\">Un si\u00e8cle de crises naturelles et d&rsquo;adaptation du vignoble de Gaillac<\/span> <span class=\"meta-nav\">&rarr;<\/span><\/a><\/p>\n","protected":false},"author":205,"featured_media":0,"parent":1818,"menu_order":0,"comment_status":"closed","ping_status":"closed","template":"","meta":[],"_links":{"self":[{"href":"https:\/\/blogs.univ-jfc.fr\/vigneetvin\/wp-json\/wp\/v2\/pages\/1945"}],"collection":[{"href":"https:\/\/blogs.univ-jfc.fr\/vigneetvin\/wp-json\/wp\/v2\/pages"}],"about":[{"href":"https:\/\/blogs.univ-jfc.fr\/vigneetvin\/wp-json\/wp\/v2\/types\/page"}],"author":[{"embeddable":true,"href":"https:\/\/blogs.univ-jfc.fr\/vigneetvin\/wp-json\/wp\/v2\/users\/205"}],"replies":[{"embeddable":true,"href":"https:\/\/blogs.univ-jfc.fr\/vigneetvin\/wp-json\/wp\/v2\/comments?post=1945"}],"version-history":[{"count":14,"href":"https:\/\/blogs.univ-jfc.fr\/vigneetvin\/wp-json\/wp\/v2\/pages\/1945\/revisions"}],"predecessor-version":[{"id":4728,"href":"https:\/\/blogs.univ-jfc.fr\/vigneetvin\/wp-json\/wp\/v2\/pages\/1945\/revisions\/4728"}],"up":[{"embeddable":true,"href":"https:\/\/blogs.univ-jfc.fr\/vigneetvin\/wp-json\/wp\/v2\/pages\/1818"}],"wp:attachment":[{"href":"https:\/\/blogs.univ-jfc.fr\/vigneetvin\/wp-json\/wp\/v2\/media?parent=1945"}],"curies":[{"name":"wp","href":"https:\/\/api.w.org\/{rel}","templated":true}]}}