{"id":1949,"date":"2017-03-16T08:59:11","date_gmt":"2017-03-16T07:59:11","guid":{"rendered":"http:\/\/blogs.univ-jfc.fr\/vigneetvin\/?page_id=1949"},"modified":"2017-04-09T16:00:54","modified_gmt":"2017-04-09T15:00:54","slug":"une-production-qui-suit-la-consommation","status":"publish","type":"page","link":"https:\/\/blogs.univ-jfc.fr\/vigneetvin\/gaillac-et-le-vin\/vigne-et-vin-dans-le-gaillac-daujourdhui\/lhistoire-du-vin-de-gaillac-tout-au-long-du-xxeme-siecle\/une-production-qui-suit-la-consommation\/","title":{"rendered":"Une production qui suit la consommation"},"content":{"rendered":"<p>De nombreux ph\u00e9nom\u00e8nes externes sont \u00e0 l\u2019origine de mutations dans la production de vignes de Gaillac. Cependant c\u2019est avant tout la consommation de vin qui d\u00e9termine le succ\u00e8s ou non d&rsquo;un produit. Au cours du XIX\u00b0 si\u00e8cle jusqu\u2019\u00e0 nos jours la demande de vin subit de nombreuses \u00e9volutions \u00e0 la fois sur la quantit\u00e9 demand\u00e9e que sur la qualit\u00e9 du produit en lui m\u00eame. Elles obligent les gaillacois \u00e0 s&rsquo;adapter en permanences et \u00e0 modifier leurs productions.<\/p>\n<p>Pendant la crise du Phyllox\u00e9ra et globalement le d\u00e9but du XX\u00b0 si\u00e8cle, cette demande est g\u00e9n\u00e9ralement traduite par une hausse de la consommation du vin pour la classe moyenne et plus particuli\u00e8rement du vin rouge, pour atteindre 170 litres par habitants \u00a0par an en 1939. Si cette forte consommation nationale peut \u00eatre per\u00e7ue comme \u00e9tant b\u00e9n\u00e9fique pour les vignerons, elle n\u2019est cependant pas assez importante \u00a0pour leurs permettre d\u2019en tirer de r\u00e9els b\u00e9n\u00e9fices. \u00a0\u00a0En 1901, l\u2019offre d\u00e9passe la demande de 10 millions d\u2019hectolitres ce qui accentue encore la baisse des prix.<\/p>\n<p>Cependant la hausse de la consommation s\u2019accompagne d\u2019une baisse de popularit\u00e9 des vins gaillacois\u00a0 concurrenc\u00e9s par les vins Alg\u00e9riens. Ces derniers obligent les vignerons \u00e0 se diriger vers une meilleure qualit\u00e9 comme les vins blancs. Le c\u00e9page blanc Mauzac est ainsi devenu pr\u00e9pond\u00e9rant. Qualitatif, il conserve une bonne image aux vins blancs. En 1938, les vins blancs de Gaillac acc\u00e8dent \u00e0 l\u2019AOC avec le Gaillac Blanc Sec. Il prend tr\u00e8s vite l\u2019avantage sur les anciens vins bourrus, vestiges des c\u00e9page hybrides. L\u2019obtention de l\u2019AOC pour les vins rouges passe par un retour aux c\u00e9pages qualitatifs traditionnels. Apr\u00e8s la seconde guerre mondiale la consommation de vin ne cessera d\u2019\u00e9voluer \u00e0 la baisse sur le plan quantitatif. En 1955 la consommation moyenne d\u2019un habitant fran\u00e7ais \u00e9quivalait \u00e0 143 litres par an et diminue depuis continuellement, jusqu\u2019\u00e0 atteindre 67 litres par an en 1996. Cette r\u00e9gression de la consommation, Gaillac y r\u00e9agira en limitant grandement sa production apr\u00e8s l&rsquo;hiver de 1956. Le vin blanc perl\u00e9, invent\u00e9 en 1957, prend la succession du vin bourru (vin en pleine fermentation alcoolique qui doit \u00eatre vite consomm\u00e9) disparu dans les ann\u00e9es 1940.<\/p>\n<figure id=\"attachment_1957\" aria-describedby=\"caption-attachment-1957\" style=\"width: 200px\" class=\"wp-caption alignright\"><a href=\"http:\/\/blogs.univ-jfc.fr\/vigneetvin\/wp-content\/uploads\/sites\/56\/2017\/03\/domaine-calmet-cuvee-saint-laurent-gaillac-rose-label.jpg\"><img loading=\"lazy\" class=\"wp-image-1957\" src=\"http:\/\/blogs.univ-jfc.fr\/vigneetvin\/wp-content\/uploads\/sites\/56\/2017\/03\/domaine-calmet-cuvee-saint-laurent-gaillac-rose-label-300x300.jpg\" alt=\"\" width=\"200\" height=\"200\" srcset=\"https:\/\/blogs.univ-jfc.fr\/vigneetvin\/wp-content\/uploads\/sites\/56\/2017\/03\/domaine-calmet-cuvee-saint-laurent-gaillac-rose-label-300x300.jpg 300w, https:\/\/blogs.univ-jfc.fr\/vigneetvin\/wp-content\/uploads\/sites\/56\/2017\/03\/domaine-calmet-cuvee-saint-laurent-gaillac-rose-label-150x150.jpg 150w, https:\/\/blogs.univ-jfc.fr\/vigneetvin\/wp-content\/uploads\/sites\/56\/2017\/03\/domaine-calmet-cuvee-saint-laurent-gaillac-rose-label-768x768.jpg 768w, https:\/\/blogs.univ-jfc.fr\/vigneetvin\/wp-content\/uploads\/sites\/56\/2017\/03\/domaine-calmet-cuvee-saint-laurent-gaillac-rose-label-1024x1024.jpg 1024w, https:\/\/blogs.univ-jfc.fr\/vigneetvin\/wp-content\/uploads\/sites\/56\/2017\/03\/domaine-calmet-cuvee-saint-laurent-gaillac-rose-label.jpg 2000w\" sizes=\"(max-width: 200px) 100vw, 200px\" \/><\/a><figcaption id=\"caption-attachment-1957\" class=\"wp-caption-text\">vin blanc gaillacois pr\u00e9sent\u00e9 dans un style traditionnel<\/figcaption><\/figure>\n<p>A partir des ann\u00e9es 1970-1980 la<a href=\"http:\/\/blogs.univ-jfc.fr\/vigneetvin\/gaillac-et-le-vin\/vigne-et-vin-dans-le-gaillac-daujourdhui\/lhistoire-du-vin-de-gaillac-tout-au-long-du-xxeme-siecle\/une-production-qui-suit-la-consommation\/production-des-cepages-gaillacois-dans-la-deuxieme-moitie-du-xxeme-siecle\/\"> production de vin mute<\/a> brutalement suite \u00e0 une tendance qui se dessine chez les consommateurs de vin en qu\u00eate de nouvelles saveurs. En effet seul 50% de la population fran\u00e7aise se met \u00e0 boire du vin de fa\u00e7on \u201cr\u00e9guli\u00e8re\u201d. Cependant cela ne veut pas sp\u00e9cialement dire que cette population fran\u00e7aise aime le vin. En effet on parle de consommation r\u00e9guli\u00e8re chez les consommateurs qui voit le vin comme une \u201cnourriture\u201d, c\u2019est \u00e0 dire un \u00e9l\u00e9ment indispensable dans le repas comme le pain (c\u2019est le mode de consommation traditionnel). Concernant le reste de la population, qui boit occasionnellement et qui repr\u00e9sente 30% de la population, le vin reste un alcool incontournable mais il y a d\u00e9sormais une variation dans la mani\u00e8re de le d\u00e9guster.<\/p>\n<figure id=\"attachment_1958\" aria-describedby=\"caption-attachment-1958\" style=\"width: 63px\" class=\"wp-caption alignleft\"><a href=\"http:\/\/blogs.univ-jfc.fr\/vigneetvin\/wp-content\/uploads\/sites\/56\/2017\/03\/ros\u00e9-picsine.jpeg\"><img loading=\"lazy\" class=\"wp-image-1958\" src=\"http:\/\/blogs.univ-jfc.fr\/vigneetvin\/wp-content\/uploads\/sites\/56\/2017\/03\/ros\u00e9-picsine-91x300.jpeg\" alt=\"vin blanc pr\u00e9sent\u00e9e dans un style &quot;boisson&quot;\" width=\"63\" height=\"208\" \/><\/a><figcaption id=\"caption-attachment-1958\" class=\"wp-caption-text\">vin blanc pr\u00e9sent\u00e9e dans un style \u00ab\u00a0boisson\u00a0\u00bb<\/figcaption><\/figure>\n<p>&nbsp;<\/p>\n<p>Le vin se boit alors souvent dans les bars ou les endroits plus festifs mais en \u00e9tant d\u00e9gust\u00e9 d\u00e9sormais comme une \u201cboisson\u201d et non plus comme une \u201cnourriture\u201d. En 2015, les Fran\u00e7ais sont 16 % \u00e0 boire du vin r\u00e9guli\u00e8rement contre 51 % en 1980 et inversement 51% en boivent occasionnellement contre 30% en 1980. A partir de 2010 la production tend de plus en plus \u00e0 laisser les vins traditionnels de c\u00f4t\u00e9 pour r\u00e9pondre \u00e0 une nouvelle demande des consommateurs. Comme on l\u2019a vu pr\u00e9c\u00e9demment la demande mute de plus en plus vers une consommation \u201coccasionnelle\u201d. Gaillac commence \u00e0 se diriger vers des vins plus fruit\u00e9s ou plus riches en sucre et abandonne l\u00e9g\u00e8rement le style sobre de la bouteille traditionnelle pour se diriger vers des bouteilles plus proche de la boisson populaire. Ces derni\u00e8res, comme les vins traditionnels gaillacois, sont mises en valeur, pour une partie, au d\u00e9but des ann\u00e9es 2000\u00a0 par diff\u00e9rentes <a href=\"http:\/\/blogs.univ-jfc.fr\/vigneetvin\/medailles-et-recompenses-des-vins-primes-aux-concours\/\">r\u00e9compenses<\/a> acquises \u00e0 des concours de d\u00e9gustation qui sensibilisent le point de vu du consommateur sur la valeur du produit.<\/p>\n","protected":false},"excerpt":{"rendered":"<p>De nombreux ph\u00e9nom\u00e8nes externes sont \u00e0 l\u2019origine de mutations dans la production de vignes de Gaillac. Cependant c\u2019est avant tout la consommation de vin qui d\u00e9termine le succ\u00e8s ou non d&rsquo;un produit. Au cours du XIX\u00b0 si\u00e8cle jusqu\u2019\u00e0 nos jours la demande de vin subit de nombreuses \u00e9volutions \u00e0 la fois sur la quantit\u00e9 demand\u00e9e &hellip; <a href=\"https:\/\/blogs.univ-jfc.fr\/vigneetvin\/gaillac-et-le-vin\/vigne-et-vin-dans-le-gaillac-daujourdhui\/lhistoire-du-vin-de-gaillac-tout-au-long-du-xxeme-siecle\/une-production-qui-suit-la-consommation\/\" class=\"more-link\">Continuer la lecture de <span class=\"screen-reader-text\">Une production qui suit la consommation<\/span> <span class=\"meta-nav\">&rarr;<\/span><\/a><\/p>\n","protected":false},"author":205,"featured_media":0,"parent":1818,"menu_order":0,"comment_status":"closed","ping_status":"closed","template":"","meta":[],"_links":{"self":[{"href":"https:\/\/blogs.univ-jfc.fr\/vigneetvin\/wp-json\/wp\/v2\/pages\/1949"}],"collection":[{"href":"https:\/\/blogs.univ-jfc.fr\/vigneetvin\/wp-json\/wp\/v2\/pages"}],"about":[{"href":"https:\/\/blogs.univ-jfc.fr\/vigneetvin\/wp-json\/wp\/v2\/types\/page"}],"author":[{"embeddable":true,"href":"https:\/\/blogs.univ-jfc.fr\/vigneetvin\/wp-json\/wp\/v2\/users\/205"}],"replies":[{"embeddable":true,"href":"https:\/\/blogs.univ-jfc.fr\/vigneetvin\/wp-json\/wp\/v2\/comments?post=1949"}],"version-history":[{"count":19,"href":"https:\/\/blogs.univ-jfc.fr\/vigneetvin\/wp-json\/wp\/v2\/pages\/1949\/revisions"}],"predecessor-version":[{"id":4732,"href":"https:\/\/blogs.univ-jfc.fr\/vigneetvin\/wp-json\/wp\/v2\/pages\/1949\/revisions\/4732"}],"up":[{"embeddable":true,"href":"https:\/\/blogs.univ-jfc.fr\/vigneetvin\/wp-json\/wp\/v2\/pages\/1818"}],"wp:attachment":[{"href":"https:\/\/blogs.univ-jfc.fr\/vigneetvin\/wp-json\/wp\/v2\/media?parent=1949"}],"curies":[{"name":"wp","href":"https:\/\/api.w.org\/{rel}","templated":true}]}}