{"id":195,"date":"2017-02-02T23:56:12","date_gmt":"2017-02-02T22:56:12","guid":{"rendered":"http:\/\/blogs.univ-jfc.fr\/vigneetvin\/?page_id=195"},"modified":"2017-03-30T07:50:38","modified_gmt":"2017-03-30T06:50:38","slug":"la-crise-du-phylloxera","status":"publish","type":"page","link":"https:\/\/blogs.univ-jfc.fr\/vigneetvin\/la-culture-de-la-vigne\/un-ecosysteme-fragile\/le-tournant-xixe-xxe-siecle\/la-crise-du-phylloxera\/","title":{"rendered":"La crise du phyllox\u00e9ra"},"content":{"rendered":"<p style=\"text-align: justify\">Le milieu du XIX\u00e8me\u00a0si\u00e8cle est marqu\u00e9 par <a href=\"http:\/\/blogs.univ-jfc.fr\/vigneetvin\/la-culture-de-la-vigne\/un-ecosysteme-fragile\/le-tournant-xixe-xxe-siecle\/la-crise-du-phylloxera\/larrivee-du-phylloxera\/\">l&rsquo;arriv\u00e9e d&rsquo;un nouveau fl\u00e9au<\/a>, qui ravagea les vignobles sur son passage. Cette nouvelle crise eut des <a href=\"http:\/\/blogs.univ-jfc.fr\/vigneetvin\/la-culture-de-la-vigne\/un-ecosysteme-fragile\/le-tournant-xixe-xxe-siecle\/la-crise-du-phylloxera\/consequences-economiques-et-sociales\/\">effets d\u00e9vastateurs<\/a> sur l&rsquo;ensemble de la viticulture, faisant entrer le phyllox\u00e9ra dans l&rsquo;histoire. Les cons\u00e9quences furent d\u00e9vastatrices sur l&rsquo;ensemble des vignobles. <a href=\"http:\/\/blogs.univ-jfc.fr\/vigneetvin\/la-culture-de-la-vigne\/un-ecosysteme-fragile\/le-tournant-xixe-xxe-siecle\/la-crise-du-phylloxera\/reconstruction-biologique\/\">La reconstruction des vignes<\/a> fut longue et tr\u00e8s difficile. Le phyllox\u00e9ra a \u00e9galement eu des effets non n\u00e9gligeables <a href=\"http:\/\/blogs.univ-jfc.fr\/vigneetvin\/la-culture-de-la-vigne\/un-ecosysteme-fragile\/le-tournant-xixe-xxe-siecle\/la-crise-du-phylloxera\/reconstruction-sociale\/\">au niveau social<\/a>, puisque beaucoup de viticulteurs ruin\u00e9s \u00e9migr\u00e8rent vers les villes.<\/p>\n<figure id=\"attachment_874\" aria-describedby=\"caption-attachment-874\" style=\"width: 300px\" class=\"wp-caption aligncenter\"><a href=\"http:\/\/blogs.univ-jfc.fr\/vigneetvin\/wp-content\/uploads\/sites\/56\/2017\/02\/1024px-Phylloxera_cartoon.png\"><img loading=\"lazy\" class=\"wp-image-874 size-medium\" title=\"Source : Wikim\u00e9dia.org\" src=\"http:\/\/blogs.univ-jfc.fr\/vigneetvin\/wp-content\/uploads\/sites\/56\/2017\/02\/1024px-Phylloxera_cartoon-300x292.png\" alt=\"\" width=\"300\" height=\"292\" srcset=\"https:\/\/blogs.univ-jfc.fr\/vigneetvin\/wp-content\/uploads\/sites\/56\/2017\/02\/1024px-Phylloxera_cartoon-300x292.png 300w, https:\/\/blogs.univ-jfc.fr\/vigneetvin\/wp-content\/uploads\/sites\/56\/2017\/02\/1024px-Phylloxera_cartoon-768x749.png 768w, https:\/\/blogs.univ-jfc.fr\/vigneetvin\/wp-content\/uploads\/sites\/56\/2017\/02\/1024px-Phylloxera_cartoon.png 1024w\" sizes=\"(max-width: 300px) 100vw, 300px\" \/><\/a><figcaption id=\"caption-attachment-874\" class=\"wp-caption-text\">Le phyllox\u00e9ra, insecte t\u00e9r\u00e9brant Gravure d&rsquo;\u00e9poque<\/figcaption><\/figure>\n","protected":false},"excerpt":{"rendered":"<p>Le milieu du XIX\u00e8me\u00a0si\u00e8cle est marqu\u00e9 par l&rsquo;arriv\u00e9e d&rsquo;un nouveau fl\u00e9au, qui ravagea les vignobles sur son passage. Cette nouvelle crise eut des effets d\u00e9vastateurs sur l&rsquo;ensemble de la viticulture, faisant entrer le phyllox\u00e9ra dans l&rsquo;histoire. Les cons\u00e9quences furent d\u00e9vastatrices sur l&rsquo;ensemble des vignobles. La reconstruction des vignes fut longue et tr\u00e8s difficile. Le phyllox\u00e9ra &hellip; <a href=\"https:\/\/blogs.univ-jfc.fr\/vigneetvin\/la-culture-de-la-vigne\/un-ecosysteme-fragile\/le-tournant-xixe-xxe-siecle\/la-crise-du-phylloxera\/\" class=\"more-link\">Continuer la lecture de <span class=\"screen-reader-text\">La crise du phyllox\u00e9ra<\/span> <span class=\"meta-nav\">&rarr;<\/span><\/a><\/p>\n","protected":false},"author":170,"featured_media":0,"parent":97,"menu_order":2,"comment_status":"closed","ping_status":"closed","template":"","meta":[],"_links":{"self":[{"href":"https:\/\/blogs.univ-jfc.fr\/vigneetvin\/wp-json\/wp\/v2\/pages\/195"}],"collection":[{"href":"https:\/\/blogs.univ-jfc.fr\/vigneetvin\/wp-json\/wp\/v2\/pages"}],"about":[{"href":"https:\/\/blogs.univ-jfc.fr\/vigneetvin\/wp-json\/wp\/v2\/types\/page"}],"author":[{"embeddable":true,"href":"https:\/\/blogs.univ-jfc.fr\/vigneetvin\/wp-json\/wp\/v2\/users\/170"}],"replies":[{"embeddable":true,"href":"https:\/\/blogs.univ-jfc.fr\/vigneetvin\/wp-json\/wp\/v2\/comments?post=195"}],"version-history":[{"count":20,"href":"https:\/\/blogs.univ-jfc.fr\/vigneetvin\/wp-json\/wp\/v2\/pages\/195\/revisions"}],"predecessor-version":[{"id":4231,"href":"https:\/\/blogs.univ-jfc.fr\/vigneetvin\/wp-json\/wp\/v2\/pages\/195\/revisions\/4231"}],"up":[{"embeddable":true,"href":"https:\/\/blogs.univ-jfc.fr\/vigneetvin\/wp-json\/wp\/v2\/pages\/97"}],"wp:attachment":[{"href":"https:\/\/blogs.univ-jfc.fr\/vigneetvin\/wp-json\/wp\/v2\/media?parent=195"}],"curies":[{"name":"wp","href":"https:\/\/api.w.org\/{rel}","templated":true}]}}