{"id":202,"date":"2017-02-02T23:58:48","date_gmt":"2017-02-02T22:58:48","guid":{"rendered":"http:\/\/blogs.univ-jfc.fr\/vigneetvin\/?page_id=202"},"modified":"2017-03-29T21:16:52","modified_gmt":"2017-03-29T20:16:52","slug":"reconstruction-biologique","status":"publish","type":"page","link":"https:\/\/blogs.univ-jfc.fr\/vigneetvin\/la-culture-de-la-vigne\/un-ecosysteme-fragile\/le-tournant-xixe-xxe-siecle\/la-crise-du-phylloxera\/reconstruction-biologique\/","title":{"rendered":"Reconstruction biologique"},"content":{"rendered":"<p style=\"text-align: justify\">Apr\u00e8s la d\u00e9couverte de l\u2019insecte porteur du phyllox\u00e9ra, qui est \u00e0 l\u2019origine de l\u2019\u00e9branlement des vignobles, les vignerons ont d\u00fb reprendre\u00a0leurs exploitations et tout reconstruire.<\/p>\n<p style=\"text-align: justify\">Les scientifiques trouv\u00e8rent\u00a0diff\u00e9rentes m\u00e9thodes pour lutter contre la maladie et relancer la production de vin en France.<\/p>\n<p style=\"text-align: justify\">La plus traditionnelle fut la bouillie bordelaise, diffus\u00e9e par un vaporisateur, agr\u00e9ment\u00e9 d\u2019une turbine et d\u2019un tuyau qui propulsait le produit sur les plantes. Le soufre fut \u00e9galement utilis\u00e9 sous forme de poudre que l\u2019on r\u00e9pandait\u00a0sur les feuilles de vigne.<\/p>\n<figure id=\"attachment_987\" aria-describedby=\"caption-attachment-987\" style=\"width: 426px\" class=\"wp-caption aligncenter\"><a href=\"http:\/\/blogs.univ-jfc.fr\/vigneetvin\/wp-content\/uploads\/sites\/56\/2017\/02\/Soufreuse.jpg\"><img loading=\"lazy\" class=\"wp-image-987\" title=\"Source : Wikim\u00e9dia.org\" src=\"http:\/\/blogs.univ-jfc.fr\/vigneetvin\/wp-content\/uploads\/sites\/56\/2017\/02\/Soufreuse.jpg\" alt=\"\" width=\"426\" height=\"483\" srcset=\"https:\/\/blogs.univ-jfc.fr\/vigneetvin\/wp-content\/uploads\/sites\/56\/2017\/02\/Soufreuse.jpg 651w, https:\/\/blogs.univ-jfc.fr\/vigneetvin\/wp-content\/uploads\/sites\/56\/2017\/02\/Soufreuse-265x300.jpg 265w\" sizes=\"(max-width: 426px) 100vw, 426px\" \/><\/a><figcaption id=\"caption-attachment-987\" class=\"wp-caption-text\">Soufreuse Ph\u00e9nix \u00e0 grand travail, illustrant un article intitul\u00e9 \u00ab\u00a0Appareils pour le traitement des maladies cryptogamiques de la vigne\u00a0\u00bb (1888)<\/figcaption><\/figure>\n<p style=\"text-align: justify\">Par ailleurs, le Docteur Seigle mit au point une technique de submersion des vignes pendant quarante jours sous vingt-cinq centim\u00e8tres d\u2019eau. Cela permettait d\u2019asphyxier le phyllox\u00e9ra. Cependant, les contraintes de relief, notamment la n\u00e9cessit\u00e9 d\u2019un terrain plat, et la quantit\u00e9 d\u2019eau requise, emp\u00each\u00e8rent cette pratique de se diffuser.<\/p>\n<p style=\"text-align: justify\">En 1864, le botaniste Planchon ram\u00e8ne en France des c\u00e9pages am\u00e9ricains, utilis\u00e9s dans les jardins de certains nobles. En 1875, il publie l\u2019ouvrage<u> Les vignes am\u00e9ricaines, leur culture, leur r\u00e9sistance au phyllox\u00e9ra et leur avenir en Europe, <\/u>qui deviendra la bible des premiers am\u00e9ricanistes. Peu \u00e0 peu, les techniques de greffage s\u2019am\u00e9liorent, le choix des plants am\u00e9ricains s\u2019affine, l\u2019adaptation des plants se fait selon les diff\u00e9rents territoires.<br \/>\nLes greffons, \u00e0 la diff\u00e9rence des c\u00e9pages naturels, ne sont pas la fusion de deux pieds de vigne, mais une transformation g\u00e9n\u00e9tique. Ils furent\u00a0utilis\u00e9s comme porte-greffes afin de remplacer les pieds de vigne ab\u00eem\u00e9s. Ils permirent\u00a0de relancer la production en doublant le rendement, ce qui fait de soixante \u00e0 quatre-vingt hectolitres de plus par rapport \u00e0 des pieds classiques, m\u00eame si leur qualit\u00e9 est contest\u00e9e.<\/p>\n<figure id=\"attachment_1049\" aria-describedby=\"caption-attachment-1049\" style=\"width: 1280px\" class=\"wp-caption alignnone\"><a href=\"http:\/\/blogs.univ-jfc.fr\/vigneetvin\/wp-content\/uploads\/sites\/56\/2017\/02\/Revue_de_viticulture_-_organe_de_lagriculture_des_r\u00e9gions_viticoles_1898_14779196714.jpg\"><img loading=\"lazy\" class=\"wp-image-1049 size-full\" title=\"Source : Wikim\u00e9dia.org\" src=\"http:\/\/blogs.univ-jfc.fr\/vigneetvin\/wp-content\/uploads\/sites\/56\/2017\/02\/Revue_de_viticulture_-_organe_de_lagriculture_des_r\u00e9gions_viticoles_1898_14779196714.jpg\" alt=\"\" width=\"1280\" height=\"774\" srcset=\"https:\/\/blogs.univ-jfc.fr\/vigneetvin\/wp-content\/uploads\/sites\/56\/2017\/02\/Revue_de_viticulture_-_organe_de_lagriculture_des_r\u00e9gions_viticoles_1898_14779196714.jpg 1280w, https:\/\/blogs.univ-jfc.fr\/vigneetvin\/wp-content\/uploads\/sites\/56\/2017\/02\/Revue_de_viticulture_-_organe_de_lagriculture_des_r\u00e9gions_viticoles_1898_14779196714-300x181.jpg 300w, https:\/\/blogs.univ-jfc.fr\/vigneetvin\/wp-content\/uploads\/sites\/56\/2017\/02\/Revue_de_viticulture_-_organe_de_lagriculture_des_r\u00e9gions_viticoles_1898_14779196714-768x464.jpg 768w, https:\/\/blogs.univ-jfc.fr\/vigneetvin\/wp-content\/uploads\/sites\/56\/2017\/02\/Revue_de_viticulture_-_organe_de_lagriculture_des_r\u00e9gions_viticoles_1898_14779196714-1024x619.jpg 1024w\" sizes=\"(max-width: 1280px) 100vw, 1280px\" \/><\/a><figcaption id=\"caption-attachment-1049\" class=\"wp-caption-text\">Atelier de d\u00e9bouturage de M. F. Richard<\/figcaption><\/figure>\n<p style=\"text-align: justify\">En 1869, monsieur Jean-Baptiste Dumas introduit un traitement par sulfure de carbone, gr\u00e2ce \u00e0 un outil ressemblant \u00e0 une perforeuse qui injectait le produit directement dans les sols. Cependant, cette m\u00e9thode tr\u00e8s co\u00fbteuse ne permit pas \u00e0 tous les vignerons d\u2019y avoir recours.<\/p>\n<p style=\"text-align: justify\">En 1874, en Camargue, les vignes \u00e9taient plant\u00e9es dans le sable. Cependant, la faible proportion de terres sabl\u00e9es en France rendit cette m\u00e9thode presque inutilisable.<\/p>\n<p style=\"text-align: justify\"><a href=\"http:\/\/blogs.univ-jfc.fr\/vigneetvin\/la-culture-de-la-vigne\/un-ecosysteme-fragile\/le-tournant-xixe-xxe-siecle\/la-crise-du-phylloxera\/reconstruction-sociale\/\">La reconstruction sociale est n\u00e9cessaire apr\u00e8s un tel d\u00e9sastre.<\/a><\/p>\n","protected":false},"excerpt":{"rendered":"<p>Apr\u00e8s la d\u00e9couverte de l\u2019insecte porteur du phyllox\u00e9ra, qui est \u00e0 l\u2019origine de l\u2019\u00e9branlement des vignobles, les vignerons ont d\u00fb reprendre\u00a0leurs exploitations et tout reconstruire. Les scientifiques trouv\u00e8rent\u00a0diff\u00e9rentes m\u00e9thodes pour lutter contre la maladie et relancer la production de vin en France. La plus traditionnelle fut la bouillie bordelaise, diffus\u00e9e par un vaporisateur, agr\u00e9ment\u00e9 d\u2019une &hellip; <a href=\"https:\/\/blogs.univ-jfc.fr\/vigneetvin\/la-culture-de-la-vigne\/un-ecosysteme-fragile\/le-tournant-xixe-xxe-siecle\/la-crise-du-phylloxera\/reconstruction-biologique\/\" class=\"more-link\">Continuer la lecture de <span class=\"screen-reader-text\">Reconstruction biologique<\/span> <span class=\"meta-nav\">&rarr;<\/span><\/a><\/p>\n","protected":false},"author":170,"featured_media":0,"parent":195,"menu_order":4,"comment_status":"closed","ping_status":"closed","template":"","meta":[],"_links":{"self":[{"href":"https:\/\/blogs.univ-jfc.fr\/vigneetvin\/wp-json\/wp\/v2\/pages\/202"}],"collection":[{"href":"https:\/\/blogs.univ-jfc.fr\/vigneetvin\/wp-json\/wp\/v2\/pages"}],"about":[{"href":"https:\/\/blogs.univ-jfc.fr\/vigneetvin\/wp-json\/wp\/v2\/types\/page"}],"author":[{"embeddable":true,"href":"https:\/\/blogs.univ-jfc.fr\/vigneetvin\/wp-json\/wp\/v2\/users\/170"}],"replies":[{"embeddable":true,"href":"https:\/\/blogs.univ-jfc.fr\/vigneetvin\/wp-json\/wp\/v2\/comments?post=202"}],"version-history":[{"count":12,"href":"https:\/\/blogs.univ-jfc.fr\/vigneetvin\/wp-json\/wp\/v2\/pages\/202\/revisions"}],"predecessor-version":[{"id":4156,"href":"https:\/\/blogs.univ-jfc.fr\/vigneetvin\/wp-json\/wp\/v2\/pages\/202\/revisions\/4156"}],"up":[{"embeddable":true,"href":"https:\/\/blogs.univ-jfc.fr\/vigneetvin\/wp-json\/wp\/v2\/pages\/195"}],"wp:attachment":[{"href":"https:\/\/blogs.univ-jfc.fr\/vigneetvin\/wp-json\/wp\/v2\/media?parent=202"}],"curies":[{"name":"wp","href":"https:\/\/api.w.org\/{rel}","templated":true}]}}