{"id":2035,"date":"2017-03-14T23:31:45","date_gmt":"2017-03-14T22:31:45","guid":{"rendered":"http:\/\/blogs.univ-jfc.fr\/vigneetvin\/?page_id=2035"},"modified":"2017-04-20T00:03:39","modified_gmt":"2017-04-19T23:03:39","slug":"entretien-avec-des-professionnels","status":"publish","type":"page","link":"https:\/\/blogs.univ-jfc.fr\/vigneetvin\/les-metiers-de-la-vigne-et-du-vin\/le-monde-des-artisans\/les-cavistes\/les-cavistes-aujourdhui\/entretien-avec-des-professionnels\/","title":{"rendered":"Entretien avec des professionnels"},"content":{"rendered":"<p>&nbsp;<\/p>\n<p style=\"text-align: JUSTIFY\">Le m\u00e9tier de Caviste s&rsquo;exerce de diff\u00e9rentes mani\u00e8res suivant les lieux o\u00f9 la cave se situe mais \u00e9galement suivant les demandes des consommateurs. Afin de voir la diversit\u00e9 du m\u00e9tier nous avons interrog\u00e9 deux cavistes dans le d\u00e9partement du Tarn, et ainsi pu analyser la r\u00e9alit\u00e9 du m\u00e9tier. Vous pouvez retrouver notre grille de question <a href=\"http:\/\/blogs.univ-jfc.fr\/vigneetvin\/questions-de-lentretien\/\">ici<\/a>.<\/p>\n<p style=\"text-align: JUSTIFY\"><a href=\"http:\/\/blogs.univ-jfc.fr\/vigneetvin\/wp-content\/uploads\/sites\/56\/2017\/03\/17473995_752081901626337_1400513162_o.jpg\"><img loading=\"lazy\" class=\"wp-image-3348 size-medium alignleft\" title=\"Devanture du caviste d'Albi\" src=\"http:\/\/blogs.univ-jfc.fr\/vigneetvin\/wp-content\/uploads\/sites\/56\/2017\/03\/17473995_752081901626337_1400513162_o-300x225.jpg\" alt=\"\" width=\"300\" height=\"225\" srcset=\"https:\/\/blogs.univ-jfc.fr\/vigneetvin\/wp-content\/uploads\/sites\/56\/2017\/03\/17473995_752081901626337_1400513162_o-300x225.jpg 300w, https:\/\/blogs.univ-jfc.fr\/vigneetvin\/wp-content\/uploads\/sites\/56\/2017\/03\/17473995_752081901626337_1400513162_o-768x576.jpg 768w, https:\/\/blogs.univ-jfc.fr\/vigneetvin\/wp-content\/uploads\/sites\/56\/2017\/03\/17473995_752081901626337_1400513162_o-1024x768.jpg 1024w, https:\/\/blogs.univ-jfc.fr\/vigneetvin\/wp-content\/uploads\/sites\/56\/2017\/03\/17473995_752081901626337_1400513162_o.jpg 2048w\" sizes=\"(max-width: 300px) 100vw, 300px\" \/><\/a>Notre premier choix s&rsquo;est donc port\u00e9 sur la notion de terroir viticole, avec la ville de Gaillac. La \u00ab Cave de Gaillac \u00bb est une entreprise familiale qui se transmet de p\u00e8re en fils depuis quatre g\u00e9n\u00e9rations. Professionnel du domaine viticole, le caviste de gaillac assure ses connaissances sur le vin, sur les techniques de vente, mais aussi sur la production car il a la particularit\u00e9 d&rsquo;\u00eatre aussi vigneron et donc de produire son propre vin. Tout en proposant une large gamme de produits, le caviste gaillacois reste surtout centr\u00e9 sur du vin de la r\u00e9gion et porte plus le conseil sur les produits du terroir. Le m\u00e9tier de caviste est avant tout pour lui une passion qui doit \u00eatre accompagn\u00e9e d&rsquo;une forte connaissance du vin et non de connaissance excessive des techniques de vente, car pour lui, la connaissance du produit suffit pour r\u00e9aliser des ventes.<\/p>\n<p style=\"text-align: JUSTIFY\"><a href=\"http:\/\/blogs.univ-jfc.fr\/vigneetvin\/wp-content\/uploads\/sites\/56\/2017\/03\/17475436_752081904959670_1690228883_o.jpg\"><img loading=\"lazy\" class=\"wp-image-3349 size-medium alignright\" title=\"Int\u00e9rieur du magasin du caviste \u00e0 Albi\" src=\"http:\/\/blogs.univ-jfc.fr\/vigneetvin\/wp-content\/uploads\/sites\/56\/2017\/03\/17475436_752081904959670_1690228883_o-300x225.jpg\" alt=\"\" width=\"300\" height=\"225\" srcset=\"https:\/\/blogs.univ-jfc.fr\/vigneetvin\/wp-content\/uploads\/sites\/56\/2017\/03\/17475436_752081904959670_1690228883_o-300x225.jpg 300w, https:\/\/blogs.univ-jfc.fr\/vigneetvin\/wp-content\/uploads\/sites\/56\/2017\/03\/17475436_752081904959670_1690228883_o-768x576.jpg 768w, https:\/\/blogs.univ-jfc.fr\/vigneetvin\/wp-content\/uploads\/sites\/56\/2017\/03\/17475436_752081904959670_1690228883_o-1024x768.jpg 1024w, https:\/\/blogs.univ-jfc.fr\/vigneetvin\/wp-content\/uploads\/sites\/56\/2017\/03\/17475436_752081904959670_1690228883_o.jpg 2048w\" sizes=\"(max-width: 300px) 100vw, 300px\" \/><\/a>En second choix, nous avons choisi d\u2019interroger le caviste d&rsquo; \u00ab O lieu divin \u00bb dans la ville d&rsquo;Albi, situ\u00e9e \u00e0 une vingtaine de kilom\u00e8tres de Gaillac. En effet les diff\u00e9rences ont \u00e9t\u00e9 flagrantes d\u00e8s les premi\u00e8res minutes. Tout d&rsquo;abord, il propose dans sa gamme de produits, des vins venant de plusieurs r\u00e9gions de France afin de diversifier les go\u00fbts et ainsi faire d\u00e9couvrir aux consommateurs des produits qu&rsquo;ils n&rsquo;ont pas l&rsquo;habitude de boire. C&rsquo;est ainsi que les produits de Gaillac sont tr\u00e8s peu vendus dans son commerce, du \u00e0 la proximit\u00e9 des deux villes. Pour ce caviste albigeois, les connaissances viticoles ne suffissent pas \u00e0 faire de lui un bon caviste, il est important d&rsquo;\u00eatre aussi un bon commercial, car l&rsquo;un ne va pas sans l&rsquo;autre.<\/p>\n<p style=\"text-align: JUSTIFY\">Les deux cavistes interrog\u00e9s ont eu un parcours de formation totalement diff\u00e9rent. Le caviste gaillacois poursuit l&rsquo;affaire familiale et a grandi dans le monde du vin gaillacois. Il a suivi des formations de vigneron et de sommelier et a aussi beaucoup appris aupr\u00e8s de son p\u00e8re. Quand au caviste albigeois, il n&rsquo;a pas suivi de formation pour devenir caviste car il s&rsquo;agit d&rsquo;une reconversion professionnelle. Il a appris son m\u00e9tier en lisant des livres sur le vin, en visitant des caves et en allant dans des salons viticoles. Bien qu&rsquo;il existe des syndicats et des f\u00e9d\u00e9rations de cavistes, nos deux professionnels ne sont membres d&rsquo;aucune f\u00e9d\u00e9ration, et gardent ainsi leur autonomie afin de proposer ce qu&rsquo;ils souhaitent dans leurs caves.<\/p>\n<p style=\"text-align: JUSTIFY\">Malgr\u00e9 des divergences d&rsquo;opinions, les deux cavistes sont d&rsquo;accord pour dire que le m\u00e9tier qu&rsquo;ils exercent est avant tout une passion, une envie de conseiller et d&rsquo;\u00e9changer avec les consommateurs.<\/p>\n","protected":false},"excerpt":{"rendered":"<p>&nbsp; Le m\u00e9tier de Caviste s&rsquo;exerce de diff\u00e9rentes mani\u00e8res suivant les lieux o\u00f9 la cave se situe mais \u00e9galement suivant les demandes des consommateurs. Afin de voir la diversit\u00e9 du m\u00e9tier nous avons interrog\u00e9 deux cavistes dans le d\u00e9partement du Tarn, et ainsi pu analyser la r\u00e9alit\u00e9 du m\u00e9tier. Vous pouvez retrouver notre grille de &hellip; <a href=\"https:\/\/blogs.univ-jfc.fr\/vigneetvin\/les-metiers-de-la-vigne-et-du-vin\/le-monde-des-artisans\/les-cavistes\/les-cavistes-aujourdhui\/entretien-avec-des-professionnels\/\" class=\"more-link\">Continuer la lecture de <span class=\"screen-reader-text\">Entretien avec des professionnels<\/span> <span class=\"meta-nav\">&rarr;<\/span><\/a><\/p>\n","protected":false},"author":273,"featured_media":0,"parent":497,"menu_order":0,"comment_status":"closed","ping_status":"closed","template":"","meta":[],"_links":{"self":[{"href":"https:\/\/blogs.univ-jfc.fr\/vigneetvin\/wp-json\/wp\/v2\/pages\/2035"}],"collection":[{"href":"https:\/\/blogs.univ-jfc.fr\/vigneetvin\/wp-json\/wp\/v2\/pages"}],"about":[{"href":"https:\/\/blogs.univ-jfc.fr\/vigneetvin\/wp-json\/wp\/v2\/types\/page"}],"author":[{"embeddable":true,"href":"https:\/\/blogs.univ-jfc.fr\/vigneetvin\/wp-json\/wp\/v2\/users\/273"}],"replies":[{"embeddable":true,"href":"https:\/\/blogs.univ-jfc.fr\/vigneetvin\/wp-json\/wp\/v2\/comments?post=2035"}],"version-history":[{"count":6,"href":"https:\/\/blogs.univ-jfc.fr\/vigneetvin\/wp-json\/wp\/v2\/pages\/2035\/revisions"}],"predecessor-version":[{"id":5138,"href":"https:\/\/blogs.univ-jfc.fr\/vigneetvin\/wp-json\/wp\/v2\/pages\/2035\/revisions\/5138"}],"up":[{"embeddable":true,"href":"https:\/\/blogs.univ-jfc.fr\/vigneetvin\/wp-json\/wp\/v2\/pages\/497"}],"wp:attachment":[{"href":"https:\/\/blogs.univ-jfc.fr\/vigneetvin\/wp-json\/wp\/v2\/media?parent=2035"}],"curies":[{"name":"wp","href":"https:\/\/api.w.org\/{rel}","templated":true}]}}