{"id":204,"date":"2017-02-02T23:59:34","date_gmt":"2017-02-02T22:59:34","guid":{"rendered":"http:\/\/blogs.univ-jfc.fr\/vigneetvin\/?page_id=204"},"modified":"2017-03-29T21:29:55","modified_gmt":"2017-03-29T20:29:55","slug":"la-mecanisation","status":"publish","type":"page","link":"https:\/\/blogs.univ-jfc.fr\/vigneetvin\/la-culture-de-la-vigne\/un-ecosysteme-fragile\/le-tournant-xixe-xxe-siecle\/la-mecanisation\/","title":{"rendered":"La m\u00e9canisation"},"content":{"rendered":"<p style=\"text-align: justify\">Au d\u00e9but du si\u00e8cle, la viticulture se modernise et entre dans l&rsquo;\u00e8re de la m\u00e9canisation et de la production de masse. On cherche \u00e0 produire plus efficacement, plus rationnellement et surtout avec un meilleur rendement. On assiste \u00e0 une modernisation des outils de travail, jusque-l\u00e0 archa\u00efques et difficilement manipulables.<\/p>\n<p style=\"text-align: justify\">Apr\u00e8s la Premi\u00e8re Guerre mondiale, le moteur \u00e0 explosion remplace la machine \u00e0 vapeur, ce qui facilite le travail humain. Le travail est plus rapide et les produits ainsi r\u00e9colt\u00e9s sont moins ab\u00eem\u00e9s et produisent un vin de meilleure qualit\u00e9. D\u00e8s 1917, les premiers tracteurs destin\u00e9s \u00e0 la vigne qui permettent de passer entre les ceps apparaissent. Ceux-ci restent cependant marginaux et vont appara\u00eetre r\u00e9ellement apr\u00e8s la Seconde Guerre mondiale. Ainsi on ne d\u00e9nombre qu\u2019environ 860 tracteurs en 1945 en France contre 93600 en 1958, soit environ 100 fois plus\u00a0en \u00e0 peine 14 ans\u00a0! C\u2019est \u00e9galement \u00e0 cette p\u00e9riode qu\u2019apparaissent les premi\u00e8res machines pour tailler la vigne.<\/p>\n<figure id=\"attachment_2874\" aria-describedby=\"caption-attachment-2874\" style=\"width: 3264px\" class=\"wp-caption alignnone\"><a href=\"http:\/\/blogs.univ-jfc.fr\/vigneetvin\/wp-content\/uploads\/sites\/56\/2017\/02\/Vierzon_usines_de_la_Soci\u00e9t\u00e9_Fran\u00e7aise_1.jpg\"><img loading=\"lazy\" class=\"wp-image-2874 size-full\" title=\"Source : Wikim\u00e9dia.org\" src=\"http:\/\/blogs.univ-jfc.fr\/vigneetvin\/wp-content\/uploads\/sites\/56\/2017\/02\/Vierzon_usines_de_la_Soci\u00e9t\u00e9_Fran\u00e7aise_1.jpg\" alt=\"\" width=\"3264\" height=\"2448\" srcset=\"https:\/\/blogs.univ-jfc.fr\/vigneetvin\/wp-content\/uploads\/sites\/56\/2017\/02\/Vierzon_usines_de_la_Soci\u00e9t\u00e9_Fran\u00e7aise_1.jpg 3264w, https:\/\/blogs.univ-jfc.fr\/vigneetvin\/wp-content\/uploads\/sites\/56\/2017\/02\/Vierzon_usines_de_la_Soci\u00e9t\u00e9_Fran\u00e7aise_1-300x225.jpg 300w, https:\/\/blogs.univ-jfc.fr\/vigneetvin\/wp-content\/uploads\/sites\/56\/2017\/02\/Vierzon_usines_de_la_Soci\u00e9t\u00e9_Fran\u00e7aise_1-768x576.jpg 768w, https:\/\/blogs.univ-jfc.fr\/vigneetvin\/wp-content\/uploads\/sites\/56\/2017\/02\/Vierzon_usines_de_la_Soci\u00e9t\u00e9_Fran\u00e7aise_1-1024x768.jpg 1024w\" sizes=\"(max-width: 3264px) 100vw, 3264px\" \/><\/a><figcaption id=\"caption-attachment-2874\" class=\"wp-caption-text\">Usines de la soci\u00e9t\u00e9 fran\u00e7aise de Vierzon qui produisaient du mat\u00e9riel agricole.<\/figcaption><\/figure>\n<p style=\"text-align: justify\">D&rsquo;un autre c\u00f4t\u00e9, les viticulteurs vont s&rsquo;organiser entre eux et cr\u00e9ent en 1923, la premi\u00e8re cave coop\u00e9rative. Le mouvement se g\u00e9n\u00e9ralise dans les grands c\u00e9pages, notamment dans le Sud-Ouest. Ces organismes permettent aux vignerons de se regrouper et de produire, r\u00e9colter et vendre leur vin ensemble et \u00e9galement d&rsquo;acheter du mat\u00e9riel, des produits ou de nouveaux plants \u00e0 moindre co\u00fbt. Ce n&rsquo;est vraiment qu&rsquo;\u00e0 la fin du XX\u00e8me si\u00e8cle que l&rsquo;on voit appara\u00eetre une nouvelle viticulture, qui s&rsquo;est modernis\u00e9e avec la cr\u00e9ation de grandes caves organis\u00e9es afin d&rsquo;exporter leur vin \u00e0 l&rsquo;international.<\/p>\n<figure id=\"attachment_2806\" aria-describedby=\"caption-attachment-2806\" style=\"width: 800px\" class=\"wp-caption alignnone\"><a href=\"http:\/\/blogs.univ-jfc.fr\/vigneetvin\/wp-content\/uploads\/sites\/56\/2017\/02\/800px-Abbaye_Saint-Michel_de_Gaillac_Cave_coop\u00e9rative_vue_du_chai_n\u00b0_1_et_si\u00e8ge_social.jpg\"><img loading=\"lazy\" class=\"wp-image-2806 size-full\" title=\"Source : Wikim\u00e9dia.org\" src=\"http:\/\/blogs.univ-jfc.fr\/vigneetvin\/wp-content\/uploads\/sites\/56\/2017\/02\/800px-Abbaye_Saint-Michel_de_Gaillac_Cave_coop\u00e9rative_vue_du_chai_n\u00b0_1_et_si\u00e8ge_social.jpg\" alt=\"\" width=\"800\" height=\"521\" srcset=\"https:\/\/blogs.univ-jfc.fr\/vigneetvin\/wp-content\/uploads\/sites\/56\/2017\/02\/800px-Abbaye_Saint-Michel_de_Gaillac_Cave_coop\u00e9rative_vue_du_chai_n\u00b0_1_et_si\u00e8ge_social.jpg 800w, https:\/\/blogs.univ-jfc.fr\/vigneetvin\/wp-content\/uploads\/sites\/56\/2017\/02\/800px-Abbaye_Saint-Michel_de_Gaillac_Cave_coop\u00e9rative_vue_du_chai_n\u00b0_1_et_si\u00e8ge_social-300x195.jpg 300w, https:\/\/blogs.univ-jfc.fr\/vigneetvin\/wp-content\/uploads\/sites\/56\/2017\/02\/800px-Abbaye_Saint-Michel_de_Gaillac_Cave_coop\u00e9rative_vue_du_chai_n\u00b0_1_et_si\u00e8ge_social-768x500.jpg 768w\" sizes=\"(max-width: 800px) 100vw, 800px\" \/><\/a><figcaption id=\"caption-attachment-2806\" class=\"wp-caption-text\">Une des premi\u00e8res caves coop\u00e9ratives \u00e0 Gaillac dans le Tarn<\/figcaption><\/figure>\n<p style=\"text-align: justify\">En 1999, la France et l&rsquo;Italie repr\u00e9sentent respectivement 36,4% et 30,6% de la production europ\u00e9enne de vin, qui elle-m\u00eame repr\u00e9sentait alors 64% de la production internationale.<\/p>\n<p style=\"text-align: justify\"><a href=\"http:\/\/blogs.univ-jfc.fr\/vigneetvin\/la-culture-de-la-vigne\/le-cycle-de-la-vigne\/le-cycle-general-de-la-vigne\/\">De m\u00eame, de nouvelles machines apparaissent depuis quelques ann\u00e9es\u00a0qui changent en peu de temps\u00a0la fa\u00e7on de cultiver la vigne.<\/a> Aujourd\u2019hui, avec l\u2019\u00e8re de la Data, la production est suivie en d\u00e9tail sur informatique par le viticulteur qui a tr\u00e8s facilement acc\u00e8s \u00e0 de nombreuses donn\u00e9es. Il peut ainsi adapter les traitements de la vigne. La m\u00e9canisation change radicalement l\u2019agriculture et la viticulture. En effet, les agriculteurs produisent plus efficacement et en plus grandes quantit\u00e9s. Ils r\u00e9sistent ainsi bien mieux aux al\u00e9as que nous avons pr\u00e9c\u00e9demment \u00e9voqu\u00e9s.<\/p>\n<p style=\"text-align: justify\">Parall\u00e8lement \u00e0\u00a0la m\u00e9canisation, on assiste \u00e9galement au <a href=\"http:\/\/blogs.univ-jfc.fr\/vigneetvin\/la-culture-de-la-vigne\/un-ecosysteme-fragile\/le-tournant-xixe-xxe-siecle\/larrivee-des-produits-phytosanitaires\/\">d\u00e9veloppement des produits phytosanitaires utilis\u00e9s pour traiter la vigne.<\/a><\/p>\n","protected":false},"excerpt":{"rendered":"<p>Au d\u00e9but du si\u00e8cle, la viticulture se modernise et entre dans l&rsquo;\u00e8re de la m\u00e9canisation et de la production de masse. On cherche \u00e0 produire plus efficacement, plus rationnellement et surtout avec un meilleur rendement. On assiste \u00e0 une modernisation des outils de travail, jusque-l\u00e0 archa\u00efques et difficilement manipulables. Apr\u00e8s la Premi\u00e8re Guerre mondiale, le &hellip; <a href=\"https:\/\/blogs.univ-jfc.fr\/vigneetvin\/la-culture-de-la-vigne\/un-ecosysteme-fragile\/le-tournant-xixe-xxe-siecle\/la-mecanisation\/\" class=\"more-link\">Continuer la lecture de <span class=\"screen-reader-text\">La m\u00e9canisation<\/span> <span class=\"meta-nav\">&rarr;<\/span><\/a><\/p>\n","protected":false},"author":170,"featured_media":0,"parent":97,"menu_order":6,"comment_status":"closed","ping_status":"closed","template":"","meta":[],"_links":{"self":[{"href":"https:\/\/blogs.univ-jfc.fr\/vigneetvin\/wp-json\/wp\/v2\/pages\/204"}],"collection":[{"href":"https:\/\/blogs.univ-jfc.fr\/vigneetvin\/wp-json\/wp\/v2\/pages"}],"about":[{"href":"https:\/\/blogs.univ-jfc.fr\/vigneetvin\/wp-json\/wp\/v2\/types\/page"}],"author":[{"embeddable":true,"href":"https:\/\/blogs.univ-jfc.fr\/vigneetvin\/wp-json\/wp\/v2\/users\/170"}],"replies":[{"embeddable":true,"href":"https:\/\/blogs.univ-jfc.fr\/vigneetvin\/wp-json\/wp\/v2\/comments?post=204"}],"version-history":[{"count":14,"href":"https:\/\/blogs.univ-jfc.fr\/vigneetvin\/wp-json\/wp\/v2\/pages\/204\/revisions"}],"predecessor-version":[{"id":4162,"href":"https:\/\/blogs.univ-jfc.fr\/vigneetvin\/wp-json\/wp\/v2\/pages\/204\/revisions\/4162"}],"up":[{"embeddable":true,"href":"https:\/\/blogs.univ-jfc.fr\/vigneetvin\/wp-json\/wp\/v2\/pages\/97"}],"wp:attachment":[{"href":"https:\/\/blogs.univ-jfc.fr\/vigneetvin\/wp-json\/wp\/v2\/media?parent=204"}],"curies":[{"name":"wp","href":"https:\/\/api.w.org\/{rel}","templated":true}]}}