{"id":2047,"date":"2017-03-15T00:10:23","date_gmt":"2017-03-14T23:10:23","guid":{"rendered":"http:\/\/blogs.univ-jfc.fr\/vigneetvin\/?page_id=2047"},"modified":"2017-03-15T00:10:23","modified_gmt":"2017-03-14T23:10:23","slug":"les-formations-specifique-de-la-maison-nicolas","status":"publish","type":"page","link":"https:\/\/blogs.univ-jfc.fr\/vigneetvin\/les-formations-specifique-de-la-maison-nicolas\/","title":{"rendered":"Les formations sp\u00e9cifique de la Maison Nicolas"},"content":{"rendered":"<p style=\"text-align: JUSTIFY\">La Maison Nicolas propose aujourd&rsquo;hui des stages d\u2019\u0153nologie de cinq \u00e0 six semaines, afin de renforcer la proximit\u00e9 avec le consommateur. Ils se r\u00e9alisent au si\u00e8ge de la maison m\u00e8re en Val-de-Marne et sont accompagn\u00e9s d&rsquo;une formation annuelle pour mieux guider le caviste dans son approche avec le consommateur. Les modules th\u00e9matiques portent sur les types de c\u00e9pages ou encore la gestion en magasin. Avec la multitude de produits propos\u00e9s, il est important d&rsquo;\u00eatre form\u00e9 sur les diff\u00e9rents vins, champagnes ou spiritueux ; leur devise est \u00ab Chez Nicolas, toutes les questions trouvent r\u00e9ponses\u00a0\u00bb<\/p>\n<p style=\"text-align: JUSTIFY\">La passion, le partage, le plaisir et la qualit\u00e9 sont, selon elle, les principales valeurs de l&rsquo;enseigne. La boutique a pour r\u00f4le d&rsquo;\u00eatre un important lieu d&rsquo;\u00e9changes et de convivialit\u00e9 et ainsi garder une tr\u00e8s bonne relation avec les clients fond\u00e9e sur l&rsquo;\u00e9coute et l&rsquo;\u00e9change<\/p>\n","protected":false},"excerpt":{"rendered":"<p>La Maison Nicolas propose aujourd&rsquo;hui des stages d\u2019\u0153nologie de cinq \u00e0 six semaines, afin de renforcer la proximit\u00e9 avec le consommateur. Ils se r\u00e9alisent au si\u00e8ge de la maison m\u00e8re en Val-de-Marne et sont accompagn\u00e9s d&rsquo;une formation annuelle pour mieux guider le caviste dans son approche avec le consommateur. Les modules th\u00e9matiques portent sur les &hellip; <a href=\"https:\/\/blogs.univ-jfc.fr\/vigneetvin\/les-formations-specifique-de-la-maison-nicolas\/\" class=\"more-link\">Continuer la lecture de <span class=\"screen-reader-text\">Les formations sp\u00e9cifique de la Maison Nicolas<\/span> <span class=\"meta-nav\">&rarr;<\/span><\/a><\/p>\n","protected":false},"author":273,"featured_media":0,"parent":0,"menu_order":0,"comment_status":"closed","ping_status":"closed","template":"","meta":[],"_links":{"self":[{"href":"https:\/\/blogs.univ-jfc.fr\/vigneetvin\/wp-json\/wp\/v2\/pages\/2047"}],"collection":[{"href":"https:\/\/blogs.univ-jfc.fr\/vigneetvin\/wp-json\/wp\/v2\/pages"}],"about":[{"href":"https:\/\/blogs.univ-jfc.fr\/vigneetvin\/wp-json\/wp\/v2\/types\/page"}],"author":[{"embeddable":true,"href":"https:\/\/blogs.univ-jfc.fr\/vigneetvin\/wp-json\/wp\/v2\/users\/273"}],"replies":[{"embeddable":true,"href":"https:\/\/blogs.univ-jfc.fr\/vigneetvin\/wp-json\/wp\/v2\/comments?post=2047"}],"version-history":[{"count":1,"href":"https:\/\/blogs.univ-jfc.fr\/vigneetvin\/wp-json\/wp\/v2\/pages\/2047\/revisions"}],"predecessor-version":[{"id":2048,"href":"https:\/\/blogs.univ-jfc.fr\/vigneetvin\/wp-json\/wp\/v2\/pages\/2047\/revisions\/2048"}],"wp:attachment":[{"href":"https:\/\/blogs.univ-jfc.fr\/vigneetvin\/wp-json\/wp\/v2\/media?parent=2047"}],"curies":[{"name":"wp","href":"https:\/\/api.w.org\/{rel}","templated":true}]}}