{"id":2051,"date":"2017-03-15T00:17:12","date_gmt":"2017-03-14T23:17:12","guid":{"rendered":"http:\/\/blogs.univ-jfc.fr\/vigneetvin\/?page_id=2051"},"modified":"2017-03-16T09:01:54","modified_gmt":"2017-03-16T08:01:54","slug":"les-nouveaux-services-de-la-maison-nicolas","status":"publish","type":"page","link":"https:\/\/blogs.univ-jfc.fr\/vigneetvin\/les-nouveaux-services-de-la-maison-nicolas\/","title":{"rendered":"Les nouveaux services de la Maison Nicolas"},"content":{"rendered":"<p style=\"text-align: JUSTIFY\">Toujours dans l&rsquo;optique de proposer des services sur mesure, en mettant en place un programme de fid\u00e9lit\u00e9 permettant aux clients d&rsquo;accumuler des points pour obtenir des cadeaux et des avantages. Tous les cinq euros d&rsquo;achat le client remporte 1 point qu\u2019il pourra ensuite transformer en cadeaux. Les clients peuvent aussi profiter d&rsquo;avantages en exclusivit\u00e9, comme les ventes priv\u00e9s ou encore des invitations \u00e0 des \u00e9v\u00e9nements Nicolas. Il existe m\u00eame depuis peu, la personnalisation des bouteilles avec le syst\u00e8me Liv&rsquo;stick. Ce service permet aux consommateurs qui offrent une bouteille, de mettre dessus un flash-code qui envoie une photo ou une vid\u00e9o aux destinataires.<\/p>\n<p style=\"text-align: JUSTIFY\">Les cavistes Nicolas font \u00e9galement de la pr\u00e9vention : ils conseillent aux clients d&rsquo;adopter une consommation responsable, en rappelant le degr\u00e9 d&rsquo;alcool autoris\u00e9 par la loi et bien s\u00fbr d&rsquo;\u00e9viter toute consommation syst\u00e9matique.<\/p>\n","protected":false},"excerpt":{"rendered":"<p>Toujours dans l&rsquo;optique de proposer des services sur mesure, en mettant en place un programme de fid\u00e9lit\u00e9 permettant aux clients d&rsquo;accumuler des points pour obtenir des cadeaux et des avantages. Tous les cinq euros d&rsquo;achat le client remporte 1 point qu\u2019il pourra ensuite transformer en cadeaux. Les clients peuvent aussi profiter d&rsquo;avantages en exclusivit\u00e9, comme &hellip; <a href=\"https:\/\/blogs.univ-jfc.fr\/vigneetvin\/les-nouveaux-services-de-la-maison-nicolas\/\" class=\"more-link\">Continuer la lecture de <span class=\"screen-reader-text\">Les nouveaux services de la Maison Nicolas<\/span> <span class=\"meta-nav\">&rarr;<\/span><\/a><\/p>\n","protected":false},"author":273,"featured_media":0,"parent":0,"menu_order":0,"comment_status":"closed","ping_status":"closed","template":"","meta":[],"_links":{"self":[{"href":"https:\/\/blogs.univ-jfc.fr\/vigneetvin\/wp-json\/wp\/v2\/pages\/2051"}],"collection":[{"href":"https:\/\/blogs.univ-jfc.fr\/vigneetvin\/wp-json\/wp\/v2\/pages"}],"about":[{"href":"https:\/\/blogs.univ-jfc.fr\/vigneetvin\/wp-json\/wp\/v2\/types\/page"}],"author":[{"embeddable":true,"href":"https:\/\/blogs.univ-jfc.fr\/vigneetvin\/wp-json\/wp\/v2\/users\/273"}],"replies":[{"embeddable":true,"href":"https:\/\/blogs.univ-jfc.fr\/vigneetvin\/wp-json\/wp\/v2\/comments?post=2051"}],"version-history":[{"count":1,"href":"https:\/\/blogs.univ-jfc.fr\/vigneetvin\/wp-json\/wp\/v2\/pages\/2051\/revisions"}],"predecessor-version":[{"id":2052,"href":"https:\/\/blogs.univ-jfc.fr\/vigneetvin\/wp-json\/wp\/v2\/pages\/2051\/revisions\/2052"}],"wp:attachment":[{"href":"https:\/\/blogs.univ-jfc.fr\/vigneetvin\/wp-json\/wp\/v2\/media?parent=2051"}],"curies":[{"name":"wp","href":"https:\/\/api.w.org\/{rel}","templated":true}]}}