{"id":2057,"date":"2017-03-15T00:25:42","date_gmt":"2017-03-14T23:25:42","guid":{"rendered":"http:\/\/blogs.univ-jfc.fr\/vigneetvin\/?page_id=2057"},"modified":"2017-03-15T00:27:00","modified_gmt":"2017-03-14T23:27:00","slug":"la-fndecb","status":"publish","type":"page","link":"https:\/\/blogs.univ-jfc.fr\/vigneetvin\/la-fndecb\/","title":{"rendered":"La FNDECB"},"content":{"rendered":"<p style=\"text-align: JUSTIFY\">La FNDECB est l\u2019Organisation Professionnelle qui repr\u00e9sente les \u00e9piceries, les cavistes et les sp\u00e9cialistes en produits bio.<\/p>\n<p style=\"text-align: JUSTIFY\">Elle est en charge de l\u2019ensemble des dossiers sociaux qui concernent une profession comme la Convention Collective (CCN), la pr\u00e9voyance, la s\u00e9curit\u00e9 au travail, les fonds de formation, la sant\u00e9, etc. Elle g\u00e8re \u00e9galement les fonds de formations, en \u00e9tant reli\u00e9e \u00e0 plusieurs autres f\u00e9d\u00e9rations comme la Conf\u00e9d\u00e9ration G\u00e9n\u00e9rale des Petites et Moyennes Entreprises (CGPME) et l&rsquo;Union pour l&rsquo;Artisanat (UPA). A ce compte, la FNDECB a cr\u00e9\u00e9e des Certificat de Qualification Professionnelle\u00a0: Vendeur-conseil en Epicerie, Vendeur-conseil Caviste, Adjoint au responsable de magasin sp\u00e9cialis\u00e9 en produits Bio, pour n&rsquo;en citer que quelques uns.<\/p>\n<p style=\"text-align: JUSTIFY\">La f\u00e9d\u00e9ration apporte un soutien aux syndicats quand il s&rsquo;agit de d\u00e9fendre les actions de d\u00e9fense des adh\u00e9rents, particuli\u00e8rement au niveau national.<\/p>\n<p style=\"text-align: JUSTIFY\">Elle organise des congr\u00e8s nationaux qui sont les rendez-vous indispensables pour faire le point et discuter des professions\u00a0: les \u00e9piciers, cavistes, d\u00e9taillants sp\u00e9cialis\u00e9s en produits biologiques seront r\u00e9unis pour \u00e9changer et \u00e9voquer les probl\u00e9matiques rencontr\u00e9es dans l\u2019exercice de leur activit\u00e9\u2026<\/p>\n<p style=\"text-align: JUSTIFY\">Sa mission principale est de veiller \u00e0 la p\u00e9rennit\u00e9 de ces professions, de r\u00e9fl\u00e9chir et de mettre en place des actions de valorisation du m\u00e9tier et de d\u00e9velopper la formation.<\/p>\n","protected":false},"excerpt":{"rendered":"<p>La FNDECB est l\u2019Organisation Professionnelle qui repr\u00e9sente les \u00e9piceries, les cavistes et les sp\u00e9cialistes en produits bio. Elle est en charge de l\u2019ensemble des dossiers sociaux qui concernent une profession comme la Convention Collective (CCN), la pr\u00e9voyance, la s\u00e9curit\u00e9 au travail, les fonds de formation, la sant\u00e9, etc. Elle g\u00e8re \u00e9galement les fonds de formations, &hellip; <a href=\"https:\/\/blogs.univ-jfc.fr\/vigneetvin\/la-fndecb\/\" class=\"more-link\">Continuer la lecture de <span class=\"screen-reader-text\">La FNDECB<\/span> <span class=\"meta-nav\">&rarr;<\/span><\/a><\/p>\n","protected":false},"author":273,"featured_media":0,"parent":0,"menu_order":0,"comment_status":"closed","ping_status":"closed","template":"","meta":[],"_links":{"self":[{"href":"https:\/\/blogs.univ-jfc.fr\/vigneetvin\/wp-json\/wp\/v2\/pages\/2057"}],"collection":[{"href":"https:\/\/blogs.univ-jfc.fr\/vigneetvin\/wp-json\/wp\/v2\/pages"}],"about":[{"href":"https:\/\/blogs.univ-jfc.fr\/vigneetvin\/wp-json\/wp\/v2\/types\/page"}],"author":[{"embeddable":true,"href":"https:\/\/blogs.univ-jfc.fr\/vigneetvin\/wp-json\/wp\/v2\/users\/273"}],"replies":[{"embeddable":true,"href":"https:\/\/blogs.univ-jfc.fr\/vigneetvin\/wp-json\/wp\/v2\/comments?post=2057"}],"version-history":[{"count":3,"href":"https:\/\/blogs.univ-jfc.fr\/vigneetvin\/wp-json\/wp\/v2\/pages\/2057\/revisions"}],"predecessor-version":[{"id":2062,"href":"https:\/\/blogs.univ-jfc.fr\/vigneetvin\/wp-json\/wp\/v2\/pages\/2057\/revisions\/2062"}],"wp:attachment":[{"href":"https:\/\/blogs.univ-jfc.fr\/vigneetvin\/wp-json\/wp\/v2\/media?parent=2057"}],"curies":[{"name":"wp","href":"https:\/\/api.w.org\/{rel}","templated":true}]}}