{"id":206,"date":"2017-02-02T23:59:58","date_gmt":"2017-02-02T22:59:58","guid":{"rendered":"http:\/\/blogs.univ-jfc.fr\/vigneetvin\/?page_id=206"},"modified":"2017-03-30T07:50:52","modified_gmt":"2017-03-30T06:50:52","slug":"larrivee-des-produits-phytosanitaires","status":"publish","type":"page","link":"https:\/\/blogs.univ-jfc.fr\/vigneetvin\/la-culture-de-la-vigne\/un-ecosysteme-fragile\/le-tournant-xixe-xxe-siecle\/larrivee-des-produits-phytosanitaires\/","title":{"rendered":"L\u2019arriv\u00e9e des produits phytosanitaires"},"content":{"rendered":"<p style=\"text-align: justify\">Dans les ann\u00e9es 1840, le chimiste Justus Von Liebig met au point une th\u00e9orie selon laquelle les plantes ont besoin des sels min\u00e9raux contenus dans le sol pour se d\u00e9velopper. Il affirme que la d\u00e9min\u00e9ralisation du sol suite aux nombreuses cultures est \u00e0 la source de leur st\u00e9rilisation, et que l&rsquo;engrais provenant de mati\u00e8res v\u00e9g\u00e9tales ou animales en d\u00e9composition restitue au sol ses min\u00e9raux, dont la chaux, le calcium, le soufre, le potasse, le magn\u00e9sium et le fer. Il d\u00e9veloppe donc des phosphates chimiques afin de pallier \u00e0 l&rsquo;\u00e9puisement des sols. Il est le pionnier de la chimie min\u00e9rale adapt\u00e9e \u00e0 l&rsquo;agronomie.<\/p>\n<p style=\"text-align: justify\">L&rsquo;utilisation des pesticides d\u00e9coule de l&rsquo;\u00e9volution de cette chimie min\u00e9rale. Ainsi, au XIX\u00e8me si\u00e8cle, on utilise principalement la bouillie bordelaise afin de lutter contre les champignons et, moins efficacement, contre le phyllox\u00e9ra.\u00a0 Dans les ann\u00e9es 1940, on voit appara\u00eetre les premiers produits phytosanitaires. Ils seront tr\u00e8s vite utilis\u00e9s en masse contre le moustique responsable du paludisme. La Seconde Guerre mondiale a g\u00e9n\u00e9r\u00e9 de nombreuses recherches, notamment sur les gaz de combat dont l&rsquo;usage a \u00e9t\u00e9 d\u00e9tourn\u00e9 pour l&rsquo;agriculture. L&rsquo;usage des pesticides a, d&rsquo;une mani\u00e8re g\u00e9n\u00e9rale, doubl\u00e9 tous les dix ans entre 1945 et 1985.<\/p>\n<figure id=\"attachment_3696\" aria-describedby=\"caption-attachment-3696\" style=\"width: 604px\" class=\"wp-caption alignnone\"><a href=\"http:\/\/blogs.univ-jfc.fr\/vigneetvin\/wp-content\/uploads\/sites\/56\/2017\/02\/lossy-page1-800px-SHOOT_TO_KILL_-_PROTECT_YOUR_VICTORY_GARDEN_-_NARA_-_515408.tif_.jpg\"><img loading=\"lazy\" class=\"wp-image-3696\" title=\"Source : Wikim\u00e9dia.org\" src=\"http:\/\/blogs.univ-jfc.fr\/vigneetvin\/wp-content\/uploads\/sites\/56\/2017\/02\/lossy-page1-800px-SHOOT_TO_KILL_-_PROTECT_YOUR_VICTORY_GARDEN_-_NARA_-_515408.tif_.jpg\" alt=\"\" width=\"604\" height=\"830\" srcset=\"https:\/\/blogs.univ-jfc.fr\/vigneetvin\/wp-content\/uploads\/sites\/56\/2017\/02\/lossy-page1-800px-SHOOT_TO_KILL_-_PROTECT_YOUR_VICTORY_GARDEN_-_NARA_-_515408.tif_.jpg 800w, https:\/\/blogs.univ-jfc.fr\/vigneetvin\/wp-content\/uploads\/sites\/56\/2017\/02\/lossy-page1-800px-SHOOT_TO_KILL_-_PROTECT_YOUR_VICTORY_GARDEN_-_NARA_-_515408.tif_-219x300.jpg 219w, https:\/\/blogs.univ-jfc.fr\/vigneetvin\/wp-content\/uploads\/sites\/56\/2017\/02\/lossy-page1-800px-SHOOT_TO_KILL_-_PROTECT_YOUR_VICTORY_GARDEN_-_NARA_-_515408.tif_-768x1054.jpg 768w, https:\/\/blogs.univ-jfc.fr\/vigneetvin\/wp-content\/uploads\/sites\/56\/2017\/02\/lossy-page1-800px-SHOOT_TO_KILL_-_PROTECT_YOUR_VICTORY_GARDEN_-_NARA_-_515408.tif_-746x1024.jpg 746w\" sizes=\"(max-width: 604px) 100vw, 604px\" \/><\/a><figcaption id=\"caption-attachment-3696\" class=\"wp-caption-text\">Affiche publicitaire am\u00e9ricaine intitul\u00e9e \u00ab Tirez pour tuer ; Gardez votre jardin victorieux\u00a0\u00bb. Diffus\u00e9e durant la Seconde Guerre mondiale par l&rsquo; \u00ab Office for Emergency Management\u00a0\u00bb.<\/figcaption><\/figure>\n<p style=\"text-align: justify\"><a href=\"http:\/\/blogs.univ-jfc.fr\/vigneetvin\/la-culture-de-la-vigne\/un-ecosysteme-fragile\/les-produits-phytosanitaires-en-debat-depuis-les-annees-1960\/le-tournant-des-annees-1960-la-contestation-de-la-viticulture-productiviste\/le-maintien-des-produits-phytosanitaires-la-viticulture-productiviste\/\">Le climat des ann\u00e9es 1970 a favoris\u00e9 l&rsquo;utilisation massive des produits phytosanitaires <\/a>tandis que les ann\u00e9es 1980 voient arriver une multitude de nouveaux produits, tous plus performants les uns que les autres contre les maladies, les champignons et les insectes. La viticulture repr\u00e9sente \u00e0 elle seule 20% de l&rsquo;utilisation des pesticides.<\/p>\n<p style=\"text-align: justify\">On\u00a0peut constater l\u2019\u00e9volution fulgurante de la consommation mondiale des pesticides dans l\u2019agriculture sur 35 ans. En effet, entre 1950 et 1985 l\u2019usage de pesticides est multipli\u00e9 par pr\u00e8s de 7, m\u00eame chose pour les engrais dont l\u2019usage est multipli\u00e9 par pr\u00e8s de 10.<br \/>\nLe mouvement qui touche le vin est similaire m\u00eame si nous ne disposons que de tr\u00e8s peu de chiffres concernant la vigne. A cette \u00e9poque, la question de la dangerosit\u00e9 des pesticides ne se pose pas encore. Il faut imaginer l\u2019euphorie g\u00e9n\u00e9rale provoqu\u00e9e par l\u2019augmentation des rendements. Les pesticides sont en effet vus comme une solution \u00ab\u00a0miracle\u00a0\u00bb palliant les principaux al\u00e9as de la vigne, le climat et les parasites.<\/p>\n<p style=\"text-align: justify\">Une \u00e9tude de 2005 consacr\u00e9e aux cons\u00e9quences des pesticides sur l\u2019environnement a mis en \u00e9vidence que ces derniers ont permis de pr\u00e9server 50% de la surface de la for\u00eat actuelle. En effet, depuis les ann\u00e9es 1960, la productivit\u00e9 a \u00e9t\u00e9 multipli\u00e9e par 3 sur les parcelles trait\u00e9es, ce qui aurait limit\u00e9 le mouvement de d\u00e9forestation. D&rsquo;autre part, de nombreuses maladies ont \u00e9t\u00e9 \u00e9radiqu\u00e9es, ou fortement limit\u00e9es. Enfin, on peut dire que le d\u00e9veloppement des pesticides r\u00e9pond clairement \u00e0 un des enjeux de la mondialisation et du changement des pratiques de consommation. Il faut en effet produire rapidement et \u00e0 moindre co\u00fbt.<\/p>\n<figure id=\"attachment_3697\" aria-describedby=\"caption-attachment-3697\" style=\"width: 610px\" class=\"wp-caption alignnone\"><a href=\"http:\/\/blogs.univ-jfc.fr\/vigneetvin\/wp-content\/uploads\/sites\/56\/2017\/02\/800px-Pulverisateur_tract\u00e9.jpg\"><img loading=\"lazy\" class=\"wp-image-3697\" title=\"Source : Wikimedia.org\" src=\"http:\/\/blogs.univ-jfc.fr\/vigneetvin\/wp-content\/uploads\/sites\/56\/2017\/02\/800px-Pulverisateur_tract\u00e9.jpg\" alt=\"\" width=\"610\" height=\"458\" srcset=\"https:\/\/blogs.univ-jfc.fr\/vigneetvin\/wp-content\/uploads\/sites\/56\/2017\/02\/800px-Pulverisateur_tract\u00e9.jpg 800w, https:\/\/blogs.univ-jfc.fr\/vigneetvin\/wp-content\/uploads\/sites\/56\/2017\/02\/800px-Pulverisateur_tract\u00e9-300x225.jpg 300w, https:\/\/blogs.univ-jfc.fr\/vigneetvin\/wp-content\/uploads\/sites\/56\/2017\/02\/800px-Pulverisateur_tract\u00e9-768x576.jpg 768w\" sizes=\"(max-width: 610px) 100vw, 610px\" \/><\/a><figcaption id=\"caption-attachment-3697\" class=\"wp-caption-text\">Traitement des vignes dans le Beaujolais \u00e0 l&rsquo;aide d&rsquo;un pulv\u00e9risateur au canon en 2009, symbole de l&rsquo;agriculture intensive ayant \u00e9merg\u00e9e au XX\u00b0 si\u00e8cle.<\/figcaption><\/figure>\n<p><a href=\"#_ftnref1\" name=\"_ftn1\"><\/a><\/p>\n","protected":false},"excerpt":{"rendered":"<p>Dans les ann\u00e9es 1840, le chimiste Justus Von Liebig met au point une th\u00e9orie selon laquelle les plantes ont besoin des sels min\u00e9raux contenus dans le sol pour se d\u00e9velopper. Il affirme que la d\u00e9min\u00e9ralisation du sol suite aux nombreuses cultures est \u00e0 la source de leur st\u00e9rilisation, et que l&rsquo;engrais provenant de mati\u00e8res v\u00e9g\u00e9tales &hellip; <a href=\"https:\/\/blogs.univ-jfc.fr\/vigneetvin\/la-culture-de-la-vigne\/un-ecosysteme-fragile\/le-tournant-xixe-xxe-siecle\/larrivee-des-produits-phytosanitaires\/\" class=\"more-link\">Continuer la lecture de <span class=\"screen-reader-text\">L\u2019arriv\u00e9e des produits phytosanitaires<\/span> <span class=\"meta-nav\">&rarr;<\/span><\/a><\/p>\n","protected":false},"author":170,"featured_media":0,"parent":97,"menu_order":7,"comment_status":"closed","ping_status":"closed","template":"","meta":[],"_links":{"self":[{"href":"https:\/\/blogs.univ-jfc.fr\/vigneetvin\/wp-json\/wp\/v2\/pages\/206"}],"collection":[{"href":"https:\/\/blogs.univ-jfc.fr\/vigneetvin\/wp-json\/wp\/v2\/pages"}],"about":[{"href":"https:\/\/blogs.univ-jfc.fr\/vigneetvin\/wp-json\/wp\/v2\/types\/page"}],"author":[{"embeddable":true,"href":"https:\/\/blogs.univ-jfc.fr\/vigneetvin\/wp-json\/wp\/v2\/users\/170"}],"replies":[{"embeddable":true,"href":"https:\/\/blogs.univ-jfc.fr\/vigneetvin\/wp-json\/wp\/v2\/comments?post=206"}],"version-history":[{"count":11,"href":"https:\/\/blogs.univ-jfc.fr\/vigneetvin\/wp-json\/wp\/v2\/pages\/206\/revisions"}],"predecessor-version":[{"id":4232,"href":"https:\/\/blogs.univ-jfc.fr\/vigneetvin\/wp-json\/wp\/v2\/pages\/206\/revisions\/4232"}],"up":[{"embeddable":true,"href":"https:\/\/blogs.univ-jfc.fr\/vigneetvin\/wp-json\/wp\/v2\/pages\/97"}],"wp:attachment":[{"href":"https:\/\/blogs.univ-jfc.fr\/vigneetvin\/wp-json\/wp\/v2\/media?parent=206"}],"curies":[{"name":"wp","href":"https:\/\/api.w.org\/{rel}","templated":true}]}}