{"id":2066,"date":"2017-03-15T00:32:43","date_gmt":"2017-03-14T23:32:43","guid":{"rendered":"http:\/\/blogs.univ-jfc.fr\/vigneetvin\/?page_id=2066"},"modified":"2017-03-23T17:10:32","modified_gmt":"2017-03-23T16:10:32","slug":"formation-de-sommelier-conseil-caviste","status":"publish","type":"page","link":"https:\/\/blogs.univ-jfc.fr\/vigneetvin\/formation-de-sommelier-conseil-caviste\/","title":{"rendered":"Formation de \u00ab\u00a0Sommelier-conseil caviste\u00a0\u00bb"},"content":{"rendered":"<p style=\"text-align: JUSTIFY\">Cette formation originale a \u00e9t\u00e9 cr\u00e9\u00e9e par l\u2019Universit\u00e9 du Vin \u00e0 Suze-la-Rousse en 1982, en vue d\u2019assurer les connaissances et les comp\u00e9tences sp\u00e9cifiques au service des vins de qualit\u00e9 des diff\u00e9rents personnels de la restauration fran\u00e7aise.<\/p>\n<p style=\"text-align: JUSTIFY\">Cette formation s\u2019adresse aux personnes souhaitant travailler dans les secteurs de la restauration, du n\u00e9goce, de la repr\u00e9sentation, de la vente en caveau ou en magasin sp\u00e9cialis\u00e9 et dans le tourisme.<\/p>\n<p style=\"text-align: JUSTIFY\">Pour acc\u00e9der \u00e0 la formation il faut \u00eatre titulaire d\u2019un dipl\u00f4me de niveau IV ou d\u2019un CAP dans la branche Restauration\/H\u00f4tellerie\/Tourisme et justifier d\u2019une exp\u00e9rience professionnelle cons\u00e9quente dans le secteur de la restauration ou de la vente.<a href=\"http:\/\/blogs.univ-jfc.fr\/vigneetvin\/wp-content\/uploads\/sites\/56\/2017\/03\/sommelier.jpg\"><img loading=\"lazy\" class=\"wp-image-3354 size-medium aligncenter\" title=\"Service du vin\" src=\"http:\/\/blogs.univ-jfc.fr\/vigneetvin\/wp-content\/uploads\/sites\/56\/2017\/03\/sommelier-300x200.jpg\" alt=\"\" width=\"300\" height=\"200\" srcset=\"https:\/\/blogs.univ-jfc.fr\/vigneetvin\/wp-content\/uploads\/sites\/56\/2017\/03\/sommelier-300x200.jpg 300w, https:\/\/blogs.univ-jfc.fr\/vigneetvin\/wp-content\/uploads\/sites\/56\/2017\/03\/sommelier-768x512.jpg 768w, https:\/\/blogs.univ-jfc.fr\/vigneetvin\/wp-content\/uploads\/sites\/56\/2017\/03\/sommelier.jpg 960w\" sizes=\"(max-width: 300px) 100vw, 300px\" \/><\/a><\/p>\n<p style=\"text-align: JUSTIFY\">Le programme se compose de 480 heures dont 360 heures sur 11 semaines de cours, \u00e9tal\u00e9es sur 4 mois et altern\u00e9es avec des p\u00e9riodes de stage pratique de 120 heures sur 4 semaines.<\/p>\n<p style=\"text-align: JUSTIFY\">La formation co\u00fbte 5 422\u00a0\u20ac TTC (Formation continue).<\/p>\n<p style=\"text-align: JUSTIFY\">L&rsquo;\u00e9tudiant dipl\u00f4m\u00e9 sort de l&rsquo;\u00e9cole avec une ma\u00eetrise des m\u00e9thodes de d\u00e9gustation, de s\u00e9lection des vins et autres boissons spiritueuses ;<\/p>\n<ul>\n<li>Ma\u00eetrise les techniques de conservation et de stockage des vins ;<\/li>\n<li>Utilise parfaitement le vocabulaire vitivinicole en pr\u00e9sence des diff\u00e9rents partenaires professionnels ;<\/li>\n<li>Ma\u00eetrise les techniques d\u2019accueil, de service et de conseil des clients (carte des vins, prix de vente, technologie, mat\u00e9riels et gestes de service\u2026) et valorise les produits gastronomiques dans l\u2019alliance des mets et des vins ;<\/li>\n<li>Assure une conversation argument\u00e9e avec la client\u00e8le dans le cadre d\u2019animations touristiques ou socio-culturelles ;<\/li>\n<li>Applique les bases du droit de la consommation, de la r\u00e9glementation fiscale, de la r\u00e9glementation des d\u00e9bits de boisson ;<\/li>\n<li>Applique les r\u00e8gles \u00e9conomiques de transaction commerciale et les techniques promotionnelles pour la vente des vins et des boissons spiritueuses selon les circuits restauration, distribution ou du tourisme ;<\/li>\n<li>Participe au recrutement de ses collaborateurs en respectant les principes du droit social ;<\/li>\n<li>Applique les m\u00e9thodes d\u2019analyse sensorielle des produits gastronomiques.<\/li>\n<\/ul>\n<p>&nbsp;<\/p>\n<p style=\"text-align: JUSTIFY\">Depuis 1982, les nombreux Sommeliers-Conseils, Cavistes form\u00e9s \u00e0 l\u2019Universit\u00e9 du Vin, b\u00e9n\u00e9ficient de la richesse des contacts et du r\u00e9seau des anciens \u00e9l\u00e8ves de l\u2019Universit\u00e9 du Vin, notamment via la diffusion des offres d\u2019emploi.<\/p>\n<p style=\"text-align: JUSTIFY\">En janvier 2016, l\u2019Universit\u00e9 du Vin compte 1264 Sommeliers-Conseils, Cavistes titulaires du titre. Ils deviennent de v\u00e9ritables ambassadeurs et constituent un r\u00e9seau pertinent pour relayer les informations et rencontrer de nouvelles forces \u00e9conomiques qui d\u00e9veloppent la place du vin dans le monde entier.<\/p>\n<p style=\"text-align: JUSTIFY\">Pour plus d&rsquo;informations, cliquez <a href=\"http:\/\/blogs.univ-jfc.fr\/vigneetvin\/les-metiers-de-la-vigne-et-du-vin\/le-monde-des-artisans\/les-sommeliers\/formation\/\">ici<\/a>.<\/p>\n","protected":false},"excerpt":{"rendered":"<p>Cette formation originale a \u00e9t\u00e9 cr\u00e9\u00e9e par l\u2019Universit\u00e9 du Vin \u00e0 Suze-la-Rousse en 1982, en vue d\u2019assurer les connaissances et les comp\u00e9tences sp\u00e9cifiques au service des vins de qualit\u00e9 des diff\u00e9rents personnels de la restauration fran\u00e7aise. Cette formation s\u2019adresse aux personnes souhaitant travailler dans les secteurs de la restauration, du n\u00e9goce, de la repr\u00e9sentation, de &hellip; <a href=\"https:\/\/blogs.univ-jfc.fr\/vigneetvin\/formation-de-sommelier-conseil-caviste\/\" class=\"more-link\">Continuer la lecture de <span class=\"screen-reader-text\">Formation de \u00ab\u00a0Sommelier-conseil caviste\u00a0\u00bb<\/span> <span class=\"meta-nav\">&rarr;<\/span><\/a><\/p>\n","protected":false},"author":273,"featured_media":0,"parent":0,"menu_order":0,"comment_status":"closed","ping_status":"closed","template":"","meta":[],"_links":{"self":[{"href":"https:\/\/blogs.univ-jfc.fr\/vigneetvin\/wp-json\/wp\/v2\/pages\/2066"}],"collection":[{"href":"https:\/\/blogs.univ-jfc.fr\/vigneetvin\/wp-json\/wp\/v2\/pages"}],"about":[{"href":"https:\/\/blogs.univ-jfc.fr\/vigneetvin\/wp-json\/wp\/v2\/types\/page"}],"author":[{"embeddable":true,"href":"https:\/\/blogs.univ-jfc.fr\/vigneetvin\/wp-json\/wp\/v2\/users\/273"}],"replies":[{"embeddable":true,"href":"https:\/\/blogs.univ-jfc.fr\/vigneetvin\/wp-json\/wp\/v2\/comments?post=2066"}],"version-history":[{"count":7,"href":"https:\/\/blogs.univ-jfc.fr\/vigneetvin\/wp-json\/wp\/v2\/pages\/2066\/revisions"}],"predecessor-version":[{"id":3405,"href":"https:\/\/blogs.univ-jfc.fr\/vigneetvin\/wp-json\/wp\/v2\/pages\/2066\/revisions\/3405"}],"wp:attachment":[{"href":"https:\/\/blogs.univ-jfc.fr\/vigneetvin\/wp-json\/wp\/v2\/media?parent=2066"}],"curies":[{"name":"wp","href":"https:\/\/api.w.org\/{rel}","templated":true}]}}