{"id":2069,"date":"2017-03-28T09:56:24","date_gmt":"2017-03-28T08:56:24","guid":{"rendered":"http:\/\/blogs.univ-jfc.fr\/vigneetvin\/?page_id=2069"},"modified":"2017-04-09T14:56:30","modified_gmt":"2017-04-09T13:56:30","slug":"la-crise-du-phylloxera-sur-les-viticulteurs-gaillacois","status":"publish","type":"page","link":"https:\/\/blogs.univ-jfc.fr\/vigneetvin\/la-crise-du-phylloxera-sur-les-viticulteurs-gaillacois\/","title":{"rendered":"la crise du phyllox\u00e9ra sur les viticulteurs gaillacois"},"content":{"rendered":"<p>&nbsp;<\/p>\n<figure id=\"attachment_2073\" aria-describedby=\"caption-attachment-2073\" style=\"width: 233px\" class=\"wp-caption alignleft\"><a href=\"http:\/\/blogs.univ-jfc.fr\/vigneetvin\/wp-content\/uploads\/sites\/56\/2017\/03\/phylloxera.jpeg\"><img loading=\"lazy\" class=\"wp-image-2073\" src=\"http:\/\/blogs.univ-jfc.fr\/vigneetvin\/wp-content\/uploads\/sites\/56\/2017\/03\/phylloxera-268x300.jpeg\" alt=\"\" width=\"233\" height=\"261\" \/><\/a><figcaption id=\"caption-attachment-2073\" class=\"wp-caption-text\">ravage du phyllox\u00e9ra sur la plante<\/figcaption><\/figure>\n<p>Alors qu\u2019avant l\u2019\u00e9pid\u00e9mie, la production du Tarn comptait environ 60.000 hectares de vignes, durant toute cette p\u00e9riode, le puceron jaune d\u00e9truit plus de 46.500 hectares de vignes cultivables. Gaillac qui\u00a0 produisait 54.000 hl en 1890, se retrouve quand \u00e0 elle avec une surface exploitable \u00e0 peu pr\u00e8s \u00e9quivalent \u00e0 30.000 hectares .<br \/>\nLes producteurs de Gaillac qui vivent \u00e0 l&rsquo;\u00e9poque sous l&rsquo;appellation de Bordeaux, peinent, comme tout les vignobles de la r\u00e9gions, \u00e0 fournir cette derni\u00e8re. Bordeaux fait ainsi appelle dans un premier temps \u00e0 des vins import\u00e9s d&rsquo;Alg\u00e9rie pour se ravitailler, laissant les producteurs gaillacois de c\u00f4t\u00e9.<\/p>\n","protected":false},"excerpt":{"rendered":"<p>&nbsp; Alors qu\u2019avant l\u2019\u00e9pid\u00e9mie, la production du Tarn comptait environ 60.000 hectares de vignes, durant toute cette p\u00e9riode, le puceron jaune d\u00e9truit plus de 46.500 hectares de vignes cultivables. Gaillac qui\u00a0 produisait 54.000 hl en 1890, se retrouve quand \u00e0 elle avec une surface exploitable \u00e0 peu pr\u00e8s \u00e9quivalent \u00e0 30.000 hectares . Les producteurs &hellip; <a href=\"https:\/\/blogs.univ-jfc.fr\/vigneetvin\/la-crise-du-phylloxera-sur-les-viticulteurs-gaillacois\/\" class=\"more-link\">Continuer la lecture de <span class=\"screen-reader-text\">la crise du phyllox\u00e9ra sur les viticulteurs gaillacois<\/span> <span class=\"meta-nav\">&rarr;<\/span><\/a><\/p>\n","protected":false},"author":205,"featured_media":0,"parent":0,"menu_order":0,"comment_status":"closed","ping_status":"closed","template":"","meta":[],"_links":{"self":[{"href":"https:\/\/blogs.univ-jfc.fr\/vigneetvin\/wp-json\/wp\/v2\/pages\/2069"}],"collection":[{"href":"https:\/\/blogs.univ-jfc.fr\/vigneetvin\/wp-json\/wp\/v2\/pages"}],"about":[{"href":"https:\/\/blogs.univ-jfc.fr\/vigneetvin\/wp-json\/wp\/v2\/types\/page"}],"author":[{"embeddable":true,"href":"https:\/\/blogs.univ-jfc.fr\/vigneetvin\/wp-json\/wp\/v2\/users\/205"}],"replies":[{"embeddable":true,"href":"https:\/\/blogs.univ-jfc.fr\/vigneetvin\/wp-json\/wp\/v2\/comments?post=2069"}],"version-history":[{"count":4,"href":"https:\/\/blogs.univ-jfc.fr\/vigneetvin\/wp-json\/wp\/v2\/pages\/2069\/revisions"}],"predecessor-version":[{"id":4721,"href":"https:\/\/blogs.univ-jfc.fr\/vigneetvin\/wp-json\/wp\/v2\/pages\/2069\/revisions\/4721"}],"wp:attachment":[{"href":"https:\/\/blogs.univ-jfc.fr\/vigneetvin\/wp-json\/wp\/v2\/media?parent=2069"}],"curies":[{"name":"wp","href":"https:\/\/api.w.org\/{rel}","templated":true}]}}