{"id":2077,"date":"2017-03-16T09:20:35","date_gmt":"2017-03-16T08:20:35","guid":{"rendered":"http:\/\/blogs.univ-jfc.fr\/vigneetvin\/?page_id=2077"},"modified":"2017-04-09T15:53:37","modified_gmt":"2017-04-09T14:53:37","slug":"production-des-cepages-gaillacois-dans-la-deuxieme-moitie-du-xxeme-siecle","status":"publish","type":"page","link":"https:\/\/blogs.univ-jfc.fr\/vigneetvin\/gaillac-et-le-vin\/vigne-et-vin-dans-le-gaillac-daujourdhui\/lhistoire-du-vin-de-gaillac-tout-au-long-du-xxeme-siecle\/une-production-qui-suit-la-consommation\/production-des-cepages-gaillacois-dans-la-deuxieme-moitie-du-xxeme-siecle\/","title":{"rendered":"Production des c\u00e9pages gaillacois dans la deuxi\u00e8me moiti\u00e9 du XX\u00e8me si\u00e8cle"},"content":{"rendered":"<p>En 1960, \u00a02701 hectares sont ainsi d\u00e9di\u00e9s au rouge contre 6528 pour le Blanc. Puis \u00e0 la fin des ann\u00e9e 1970 la production de vin passe essentiellement au Rouge suite \u00e0 l&rsquo;obtention de l\u2019AOC par ce dernier en 1970 avec le Ros\u00e9 se qui stimule \u00e0 nouveau son int\u00e9r\u00eat pour le consommateur. Puis en 1990, le Blanc finit par voir sa production diminu\u00e9e \u00e0 3800 hectares contre 5150 pour le Rouge et finalement en 2009 le vin rouge gaillacois prend d\u00e9finitivement le dessus avec 4990 hectares qui lui sont consacr\u00e9s contre 2160 pour le Blanc .<\/p>\n<p>En 2015 sur l&rsquo;ensemble de ses c\u00e9pages le vignoble vend environ 20 millions de bouteilles, r\u00e9parties pour 50 % en grande surface, 42 % en circuit traditionnel (vente directe \u00e0 la propri\u00e9t\u00e9, foires, circuit des cavistes) et 8 % est export\u00e9. Parmi tout cela le Gaillac Blanc Sec qui a obtenu l\u2019AOC depuis 1938 d\u00e9tient une production annuelle de 6,5 millions de bouteilles principalement avec les c\u00e9pages du Mauzac, Len de l\u2019el et Muscadelle. Le Gaillac Rouge AOC \u00a0d\u00e9tient quant \u00e0 lui une production annuelle de 9 \u00e0 11 millions de bouteilles par an provenant principalement des c\u00e9pages du Braucol, Duras et Syrah. Enfin le Gaillac Ros\u00e9, conserve une production annuelle de 2,5 millions de bouteilles. Il est essentiellement produit avec les c\u00e9pages du Duras, Syrah et Braucol.<\/p>\n<p><b>Ensemble des hectares produits par les c\u00e9pages de Rouge\u00a0:<\/b><\/p>\n<table>\n<tbody>\n<tr>\n<td><b>C\u00e9pages <\/b><\/td>\n<td><b>1960<\/b><\/td>\n<td><b>1980<\/b><\/td>\n<td><b>1990<\/b><\/td>\n<td><b>2009<\/b><\/td>\n<\/tr>\n<tr>\n<td><b>Mauzac<\/b><\/td>\n<td>6126 ha<\/td>\n<td>4035 ha<\/td>\n<td>2550 ha<\/td>\n<td>807 ha<\/td>\n<\/tr>\n<tr>\n<td><b>Len de l\u02bcel <\/b><\/td>\n<td>105 ha<\/td>\n<td>464 ha<\/td>\n<td>735 ha<\/td>\n<td>639 ha<\/td>\n<\/tr>\n<tr>\n<td><b>Muscadelle <\/b><\/td>\n<td>267 ha<\/td>\n<td>457 ha<\/td>\n<td>800 ha<\/td>\n<td>234 ha<\/td>\n<\/tr>\n<tr>\n<td><b>Sauvignon <\/b><\/td>\n<td>3 ha<\/td>\n<td>13 ha<\/td>\n<td>200 ha<\/td>\n<td>460 ha<\/td>\n<\/tr>\n<tr>\n<td><b>Total<\/b><\/td>\n<td>6527 ha<\/td>\n<td>4969 ha<\/td>\n<td>3800 ha<\/td>\n<td>2160 ha<\/td>\n<\/tr>\n<\/tbody>\n<\/table>\n<p>&nbsp;<\/p>\n<p><b>Ensemble des hectares produits par les c\u00e9pages de Blanc\u00a0:<\/b><\/p>\n<table>\n<tbody>\n<tr>\n<td><b>C\u00e9pages<\/b><\/td>\n<td><b>1960<\/b><\/td>\n<td><b>1980<\/b><\/td>\n<td><b>1990<\/b><\/td>\n<td><b>2009<\/b><\/td>\n<\/tr>\n<tr>\n<td><b>Duras<\/b><\/td>\n<td>76 ha<\/td>\n<td>617 ha<\/td>\n<td>850 ha<\/td>\n<td>919 ha<\/td>\n<\/tr>\n<tr>\n<td><b>Braucol <\/b><\/td>\n<td>&#8211;<\/td>\n<td>103 ha<\/td>\n<td>350 ha<\/td>\n<td>1027 ha<\/td>\n<\/tr>\n<tr>\n<td><b>Portugais bleu <\/b><\/td>\n<td>783 ha<\/td>\n<td>1066 ha<\/td>\n<td>700 ha<\/td>\n<td>&gt; 30 ha<\/td>\n<\/tr>\n<tr>\n<td><b>Juran\u00e7on noir <\/b><\/td>\n<td>1840 ha<\/td>\n<td>2215 ha<\/td>\n<td>1350 ha<\/td>\n<td>262 ha<\/td>\n<\/tr>\n<tr>\n<td><b>Syrah<\/b><\/td>\n<td>1 ha<\/td>\n<td>762 ha<\/td>\n<td>800 ha<\/td>\n<td>888 ha<\/td>\n<\/tr>\n<tr>\n<td><b>Gamay \u00a0<\/b><\/td>\n<td>&gt; 1 ha<\/td>\n<td>549 ha<\/td>\n<td>750 ha<\/td>\n<td>719 ha<\/td>\n<\/tr>\n<tr>\n<td><b>Merlot <\/b><\/td>\n<td>&gt; 1 ha<\/td>\n<td>549 ha<\/td>\n<td>750 ha<\/td>\n<td>719 ha<\/td>\n<\/tr>\n<tr>\n<td><b>Cabernet S<\/b><\/td>\n<td>&gt; 1 ha<\/td>\n<td>55 ha<\/td>\n<td>200 ha<\/td>\n<td>381 ha<\/td>\n<\/tr>\n<tr>\n<td><b>Total<\/b><\/td>\n<td>2701 ha<\/td>\n<td>5449 ha<\/td>\n<td>5150 ha<\/td>\n<td>4990 ha<\/td>\n<\/tr>\n<\/tbody>\n<\/table>\n","protected":false},"excerpt":{"rendered":"<p>En 1960, \u00a02701 hectares sont ainsi d\u00e9di\u00e9s au rouge contre 6528 pour le Blanc. Puis \u00e0 la fin des ann\u00e9e 1970 la production de vin passe essentiellement au Rouge suite \u00e0 l&rsquo;obtention de l\u2019AOC par ce dernier en 1970 avec le Ros\u00e9 se qui stimule \u00e0 nouveau son int\u00e9r\u00eat pour le consommateur. Puis en 1990, &hellip; <a href=\"https:\/\/blogs.univ-jfc.fr\/vigneetvin\/gaillac-et-le-vin\/vigne-et-vin-dans-le-gaillac-daujourdhui\/lhistoire-du-vin-de-gaillac-tout-au-long-du-xxeme-siecle\/une-production-qui-suit-la-consommation\/production-des-cepages-gaillacois-dans-la-deuxieme-moitie-du-xxeme-siecle\/\" class=\"more-link\">Continuer la lecture de <span class=\"screen-reader-text\">Production des c\u00e9pages gaillacois dans la deuxi\u00e8me moiti\u00e9 du XX\u00e8me si\u00e8cle<\/span> <span class=\"meta-nav\">&rarr;<\/span><\/a><\/p>\n","protected":false},"author":205,"featured_media":0,"parent":1949,"menu_order":0,"comment_status":"closed","ping_status":"closed","template":"","meta":[],"_links":{"self":[{"href":"https:\/\/blogs.univ-jfc.fr\/vigneetvin\/wp-json\/wp\/v2\/pages\/2077"}],"collection":[{"href":"https:\/\/blogs.univ-jfc.fr\/vigneetvin\/wp-json\/wp\/v2\/pages"}],"about":[{"href":"https:\/\/blogs.univ-jfc.fr\/vigneetvin\/wp-json\/wp\/v2\/types\/page"}],"author":[{"embeddable":true,"href":"https:\/\/blogs.univ-jfc.fr\/vigneetvin\/wp-json\/wp\/v2\/users\/205"}],"replies":[{"embeddable":true,"href":"https:\/\/blogs.univ-jfc.fr\/vigneetvin\/wp-json\/wp\/v2\/comments?post=2077"}],"version-history":[{"count":6,"href":"https:\/\/blogs.univ-jfc.fr\/vigneetvin\/wp-json\/wp\/v2\/pages\/2077\/revisions"}],"predecessor-version":[{"id":4726,"href":"https:\/\/blogs.univ-jfc.fr\/vigneetvin\/wp-json\/wp\/v2\/pages\/2077\/revisions\/4726"}],"up":[{"embeddable":true,"href":"https:\/\/blogs.univ-jfc.fr\/vigneetvin\/wp-json\/wp\/v2\/pages\/1949"}],"wp:attachment":[{"href":"https:\/\/blogs.univ-jfc.fr\/vigneetvin\/wp-json\/wp\/v2\/media?parent=2077"}],"curies":[{"name":"wp","href":"https:\/\/api.w.org\/{rel}","templated":true}]}}