{"id":2086,"date":"2017-03-15T08:22:19","date_gmt":"2017-03-15T07:22:19","guid":{"rendered":"http:\/\/blogs.univ-jfc.fr\/vigneetvin\/?page_id=2086"},"modified":"2017-04-05T13:01:43","modified_gmt":"2017-04-05T12:01:43","slug":"les-techniques-de-fabrication-du-tonneau","status":"publish","type":"page","link":"https:\/\/blogs.univ-jfc.fr\/vigneetvin\/les-metiers-de-la-vigne-et-du-vin\/le-monde-des-artisans-2\/les-tonneliers\/les-techniques-de-fabrication-du-tonneau\/","title":{"rendered":"Les techniques de fabrication du tonneau"},"content":{"rendered":"<p align=\"JUSTIFY\">Les techniques sont indispensables \u00e0 la confection d\u2019un <a href=\"http:\/\/blogs.univ-jfc.fr\/vigneetvin\/les-metiers-de-la-vigne-et-du-vin\/le-monde-des-artisans-2\/les-tonneliers\/les-tonneaux\/\">tonneau<\/a>.<\/p>\n<p align=\"JUSTIFY\"><a href=\"http:\/\/blogs.univ-jfc.fr\/vigneetvin\/wp-content\/uploads\/sites\/56\/2017\/04\/17797621_1390435824346264_1543584483_o.jpg\"><img loading=\"lazy\" class=\"wp-image-4663 size-full aligncenter\" title=\"Fabrication d'un tonneau. Tonnelier pr\u00e9parant le tonneau pour la mise en place du fond avec une p\u00e2te qui est utilis\u00e9e pour l'\u00e9tanch\u00e9it\u00e9. Auteur : Olivier Colas\" src=\"http:\/\/blogs.univ-jfc.fr\/vigneetvin\/wp-content\/uploads\/sites\/56\/2017\/04\/17797621_1390435824346264_1543584483_o.jpg\" alt=\"\" width=\"2048\" height=\"1364\" srcset=\"https:\/\/blogs.univ-jfc.fr\/vigneetvin\/wp-content\/uploads\/sites\/56\/2017\/04\/17797621_1390435824346264_1543584483_o.jpg 2048w, https:\/\/blogs.univ-jfc.fr\/vigneetvin\/wp-content\/uploads\/sites\/56\/2017\/04\/17797621_1390435824346264_1543584483_o-300x200.jpg 300w, https:\/\/blogs.univ-jfc.fr\/vigneetvin\/wp-content\/uploads\/sites\/56\/2017\/04\/17797621_1390435824346264_1543584483_o-768x512.jpg 768w, https:\/\/blogs.univ-jfc.fr\/vigneetvin\/wp-content\/uploads\/sites\/56\/2017\/04\/17797621_1390435824346264_1543584483_o-1024x682.jpg 1024w\" sizes=\"(max-width: 2048px) 100vw, 2048px\" \/><\/a>Du choix de l\u2019arbre, du <a href=\"http:\/\/blogs.univ-jfc.fr\/vigneetvin\/les-metiers-de-la-vigne-et-du-vin\/le-monde-des-artisans-2\/les-tonneliers\/les-techniques-de-fabrication-du-tonneau\/le-bois\/\">bois<\/a> au <a href=\"http:\/\/blogs.univ-jfc.fr\/vigneetvin\/les-metiers-de-la-vigne-et-du-vin\/le-monde-des-artisans-2\/les-tonneliers\/les-techniques-de-fabrication-du-tonneau\/la-fabrication-des-tonneaux\/\">fa\u00e7onnage du tonneau<\/a>, de multiples \u00e9tapes se succ\u00e8dent et les m\u00e9thodes restent complexes. La qualit\u00e9 de ce contenant varie selon la mati\u00e8re utilis\u00e9e mais aussi en fonction du savoir-faire.<\/p>\n<p align=\"JUSTIFY\">Le tonneau depuis sa cr\u00e9ation est li\u00e9 au <a href=\"http:\/\/blogs.univ-jfc.fr\/vigneetvin\/les-metiers-de-la-vigne-et-du-vin\/le-monde-des-artisans-2\/les-tonneliers\/les-techniques-de-fabrication-du-tonneau\/les-bouchons\/\">bouchon<\/a>. En effet celui-ci permet une fermeture du r\u00e9cipient et donc de pr\u00e9server le liquide contenu \u00e0 l\u2019int\u00e9rieur.<\/p>\n","protected":false},"excerpt":{"rendered":"<p>Les techniques sont indispensables \u00e0 la confection d\u2019un tonneau. Du choix de l\u2019arbre, du bois au fa\u00e7onnage du tonneau, de multiples \u00e9tapes se succ\u00e8dent et les m\u00e9thodes restent complexes. La qualit\u00e9 de ce contenant varie selon la mati\u00e8re utilis\u00e9e mais aussi en fonction du savoir-faire. Le tonneau depuis sa cr\u00e9ation est li\u00e9 au bouchon. En &hellip; <a href=\"https:\/\/blogs.univ-jfc.fr\/vigneetvin\/les-metiers-de-la-vigne-et-du-vin\/le-monde-des-artisans-2\/les-tonneliers\/les-techniques-de-fabrication-du-tonneau\/\" class=\"more-link\">Continuer la lecture de <span class=\"screen-reader-text\">Les techniques de fabrication du tonneau<\/span> <span class=\"meta-nav\">&rarr;<\/span><\/a><\/p>\n","protected":false},"author":254,"featured_media":0,"parent":60,"menu_order":2,"comment_status":"closed","ping_status":"closed","template":"","meta":[],"_links":{"self":[{"href":"https:\/\/blogs.univ-jfc.fr\/vigneetvin\/wp-json\/wp\/v2\/pages\/2086"}],"collection":[{"href":"https:\/\/blogs.univ-jfc.fr\/vigneetvin\/wp-json\/wp\/v2\/pages"}],"about":[{"href":"https:\/\/blogs.univ-jfc.fr\/vigneetvin\/wp-json\/wp\/v2\/types\/page"}],"author":[{"embeddable":true,"href":"https:\/\/blogs.univ-jfc.fr\/vigneetvin\/wp-json\/wp\/v2\/users\/254"}],"replies":[{"embeddable":true,"href":"https:\/\/blogs.univ-jfc.fr\/vigneetvin\/wp-json\/wp\/v2\/comments?post=2086"}],"version-history":[{"count":8,"href":"https:\/\/blogs.univ-jfc.fr\/vigneetvin\/wp-json\/wp\/v2\/pages\/2086\/revisions"}],"predecessor-version":[{"id":4669,"href":"https:\/\/blogs.univ-jfc.fr\/vigneetvin\/wp-json\/wp\/v2\/pages\/2086\/revisions\/4669"}],"up":[{"embeddable":true,"href":"https:\/\/blogs.univ-jfc.fr\/vigneetvin\/wp-json\/wp\/v2\/pages\/60"}],"wp:attachment":[{"href":"https:\/\/blogs.univ-jfc.fr\/vigneetvin\/wp-json\/wp\/v2\/media?parent=2086"}],"curies":[{"name":"wp","href":"https:\/\/api.w.org\/{rel}","templated":true}]}}