{"id":2088,"date":"2017-03-15T08:45:45","date_gmt":"2017-03-15T07:45:45","guid":{"rendered":"http:\/\/blogs.univ-jfc.fr\/vigneetvin\/?page_id=2088"},"modified":"2017-04-05T12:53:09","modified_gmt":"2017-04-05T11:53:09","slug":"le-bois","status":"publish","type":"page","link":"https:\/\/blogs.univ-jfc.fr\/vigneetvin\/les-metiers-de-la-vigne-et-du-vin\/le-monde-des-artisans-2\/les-tonneliers\/les-techniques-de-fabrication-du-tonneau\/le-bois\/","title":{"rendered":"La s\u00e9lection du bois"},"content":{"rendered":"<p align=\"JUSTIFY\">Les tonneaux sont principalement fabriqu\u00e9s \u00e0 partir du ch\u00eane\u00a0: le p\u00e9doncul\u00e9 ou le rouvre. En effet leurs essences particuli\u00e8res sont propices \u00e0 l&rsquo;\u00e9levage du vin. Toutefois, le bois de pr\u00e9dilection des tonneliers est le ch\u00eane rouvre, car celui-ci grandit lentement et r\u00e9guli\u00e8rement.<\/p>\n<p align=\"JUSTIFY\"><a href=\"http:\/\/blogs.univ-jfc.fr\/vigneetvin\/wp-content\/uploads\/sites\/56\/2017\/04\/17806707_1390435527679627_483302554_n.jpg\"><img loading=\"lazy\" class=\"wp-image-4654  alignleft\" title=\"Ch\u00eane. Photo d'un ch\u00eane \u00e2g\u00e9 d'environ 300 ans. Auteur : Arnaud 25\" src=\"http:\/\/blogs.univ-jfc.fr\/vigneetvin\/wp-content\/uploads\/sites\/56\/2017\/04\/17806707_1390435527679627_483302554_n.jpg\" alt=\"\" width=\"441\" height=\"331\" srcset=\"https:\/\/blogs.univ-jfc.fr\/vigneetvin\/wp-content\/uploads\/sites\/56\/2017\/04\/17806707_1390435527679627_483302554_n.jpg 960w, https:\/\/blogs.univ-jfc.fr\/vigneetvin\/wp-content\/uploads\/sites\/56\/2017\/04\/17806707_1390435527679627_483302554_n-300x225.jpg 300w, https:\/\/blogs.univ-jfc.fr\/vigneetvin\/wp-content\/uploads\/sites\/56\/2017\/04\/17806707_1390435527679627_483302554_n-768x576.jpg 768w\" sizes=\"(max-width: 441px) 100vw, 441px\" \/><\/a>Cependant, m\u00eame chez le ch\u00eane rouvre il existe des diff\u00e9rences en ce qui concerne la m\u00e9thode de sylviculture. En, effet il en existe deux. \u00ab\u00a0Lors de la culture en futaie, tous les arbres poussent en m\u00eame temps et on coupe les taillis. Il ne reste que les arbres et les glands qui tombent et l&rsquo;ensemencement se fait \u00e0 partir de ce moment l\u00e0. Tous les arbres montent en m\u00eame temps et sont serr\u00e9s les uns contre les autres. Ces ch\u00eanes sont tr\u00e8s chers et proviennent de for\u00eats d&rsquo;\u00c9tat. Leur prix augmente d\u2019autant plus s\u2019ils sont issus de for\u00eats prestigieuses dont celle de Fontainebleau. Tous ces arbres ont un grain fin, c\u2019est un gage de qualit\u00e9 en tonnellerie. Il existe aussi la culture en taillis sous futaie.\u00a0Les taillis accompagnent la croissance du ch\u00eane avec des arbres de sous \u00e9tages pour lui permettre de grossir. \u00bb1<\/p>\n<p align=\"JUSTIFY\">Enfin, pour assurer la r\u00e9sistance du tonneau, le bois doit poss\u00e9der des propri\u00e9t\u00e9s m\u00e9caniques. La <a href=\"http:\/\/blogs.univ-jfc.fr\/vigneetvin\/les-metiers-de-la-vigne-et-du-vin\/le-monde-des-artisans-2\/les-tonneliers\/les-techniques-de-fabrication-du-tonneau\/la-fabrication-des-tonneaux\/\">fabrication des barriques<\/a> commence avec la pr\u00e9s\u00e9lection des arbres en fonction du diam\u00e8tre et des n\u0153uds.<\/p>\n<p>1 <a href=\"http:\/\/blogs.univ-jfc.fr\/vigneetvin\/les-metiers-de-la-vigne-et-du-vin\/le-monde-des-artisans-2\/les-tonneliers\/les-techniques-de-fabrication-du-tonneau\/le-bois\/interview-de-monsieur-de-montgolfier\/\">Interview de Monsieur Baudouin de Montgolfier<\/a><\/p>\n<p><a href=\"#_ftnref1\" name=\"_ftn1\"><\/a><\/p>\n","protected":false},"excerpt":{"rendered":"<p>Les tonneaux sont principalement fabriqu\u00e9s \u00e0 partir du ch\u00eane\u00a0: le p\u00e9doncul\u00e9 ou le rouvre. En effet leurs essences particuli\u00e8res sont propices \u00e0 l&rsquo;\u00e9levage du vin. Toutefois, le bois de pr\u00e9dilection des tonneliers est le ch\u00eane rouvre, car celui-ci grandit lentement et r\u00e9guli\u00e8rement. Cependant, m\u00eame chez le ch\u00eane rouvre il existe des diff\u00e9rences en ce qui &hellip; <a href=\"https:\/\/blogs.univ-jfc.fr\/vigneetvin\/les-metiers-de-la-vigne-et-du-vin\/le-monde-des-artisans-2\/les-tonneliers\/les-techniques-de-fabrication-du-tonneau\/le-bois\/\" class=\"more-link\">Continuer la lecture de <span class=\"screen-reader-text\">La s\u00e9lection du bois<\/span> <span class=\"meta-nav\">&rarr;<\/span><\/a><\/p>\n","protected":false},"author":254,"featured_media":0,"parent":2086,"menu_order":1,"comment_status":"closed","ping_status":"closed","template":"","meta":[],"_links":{"self":[{"href":"https:\/\/blogs.univ-jfc.fr\/vigneetvin\/wp-json\/wp\/v2\/pages\/2088"}],"collection":[{"href":"https:\/\/blogs.univ-jfc.fr\/vigneetvin\/wp-json\/wp\/v2\/pages"}],"about":[{"href":"https:\/\/blogs.univ-jfc.fr\/vigneetvin\/wp-json\/wp\/v2\/types\/page"}],"author":[{"embeddable":true,"href":"https:\/\/blogs.univ-jfc.fr\/vigneetvin\/wp-json\/wp\/v2\/users\/254"}],"replies":[{"embeddable":true,"href":"https:\/\/blogs.univ-jfc.fr\/vigneetvin\/wp-json\/wp\/v2\/comments?post=2088"}],"version-history":[{"count":9,"href":"https:\/\/blogs.univ-jfc.fr\/vigneetvin\/wp-json\/wp\/v2\/pages\/2088\/revisions"}],"predecessor-version":[{"id":4657,"href":"https:\/\/blogs.univ-jfc.fr\/vigneetvin\/wp-json\/wp\/v2\/pages\/2088\/revisions\/4657"}],"up":[{"embeddable":true,"href":"https:\/\/blogs.univ-jfc.fr\/vigneetvin\/wp-json\/wp\/v2\/pages\/2086"}],"wp:attachment":[{"href":"https:\/\/blogs.univ-jfc.fr\/vigneetvin\/wp-json\/wp\/v2\/media?parent=2088"}],"curies":[{"name":"wp","href":"https:\/\/api.w.org\/{rel}","templated":true}]}}