{"id":2109,"date":"2017-03-15T08:56:39","date_gmt":"2017-03-15T07:56:39","guid":{"rendered":"http:\/\/blogs.univ-jfc.fr\/vigneetvin\/?page_id=2109"},"modified":"2017-04-06T08:31:03","modified_gmt":"2017-04-06T07:31:03","slug":"la-federation-des-tonneliers-de-france","status":"publish","type":"page","link":"https:\/\/blogs.univ-jfc.fr\/vigneetvin\/les-metiers-de-la-vigne-et-du-vin\/le-monde-des-artisans-2\/les-tonneliers\/les-formations-pour-acceder-au-metier-de-tonnelier\/la-federation-des-tonneliers-de-france\/","title":{"rendered":"La f\u00e9d\u00e9ration des tonneliers de France"},"content":{"rendered":"<p align=\"JUSTIFY\"><a href=\"http:\/\/blogs.univ-jfc.fr\/vigneetvin\/wp-content\/uploads\/sites\/56\/2017\/03\/logo-ftf-couleur.jpg\"><img loading=\"lazy\" class=\"alignright wp-image-2220\" title=\"Logo de la f\u00e9d\u00e9ration des tonneliers de France. Site officiel de la f\u00e9d\u00e9ration des tonneliers de France : http:\/\/www.tonneliersdefrance.fr\/fr\/\" src=\"http:\/\/blogs.univ-jfc.fr\/vigneetvin\/wp-content\/uploads\/sites\/56\/2017\/03\/logo-ftf-couleur-300x300.jpg\" alt=\"\" width=\"203\" height=\"203\" srcset=\"https:\/\/blogs.univ-jfc.fr\/vigneetvin\/wp-content\/uploads\/sites\/56\/2017\/03\/logo-ftf-couleur-300x300.jpg 300w, https:\/\/blogs.univ-jfc.fr\/vigneetvin\/wp-content\/uploads\/sites\/56\/2017\/03\/logo-ftf-couleur-150x150.jpg 150w, https:\/\/blogs.univ-jfc.fr\/vigneetvin\/wp-content\/uploads\/sites\/56\/2017\/03\/logo-ftf-couleur-768x768.jpg 768w, https:\/\/blogs.univ-jfc.fr\/vigneetvin\/wp-content\/uploads\/sites\/56\/2017\/03\/logo-ftf-couleur-1024x1024.jpg 1024w\" sizes=\"(max-width: 203px) 100vw, 203px\" \/><\/a>Les tonneliers se regroupent en corporation. Ces confr\u00e9ries existent depuis l&rsquo;Antiquit\u00e9, elles rassemblent les personnes appartenant au m\u00eame corps de m\u00e9tier.<\/p>\n<p align=\"JUSTIFY\">Les entreprises de tonnellerie fran\u00e7aises sont en concurrence. La plupart d&rsquo;entre elles sont aussi membres de la m\u00eame organisation ; il s&rsquo;agit de la f\u00e9d\u00e9ration des tonneliers de France.<\/p>\n<p align=\"JUSTIFY\">Cette corporation regroupe au niveau national plusieurs petites entreprises qui en restant au niveau local ne pourraient pas \u00eatre rentables. En les mettant en relation, la f\u00e9d\u00e9ration des tonneliers de France les aide tant dans leurs exportations que dans les <a href=\"http:\/\/blogs.univ-jfc.fr\/vigneetvin\/les-metiers-de-la-vigne-et-du-vin\/le-monde-des-artisans-2\/les-tonneliers\/les-formations-pour-acceder-au-metier-de-tonnelier\/la-federation-des-tonneliers-de-france\/revendications-des-tonneliers\/\">revendications<\/a> qu&rsquo;elles m\u00e8nent. On y trouve pour cela trois syndicats r\u00e9partis sur trois zones g\u00e9ographiques fran\u00e7aises qui ont pour but de d\u00e9fendre les droits et mettre en avant les r\u00e9clamations des tonneliers.<\/p>\n<p align=\"JUSTIFY\"><a href=\"http:\/\/blogs.univ-jfc.fr\/vigneetvin\/wp-content\/uploads\/sites\/56\/2017\/04\/winery-2110737_960_720.jpg\"><img loading=\"lazy\" class=\"wp-image-4691 alignleft\" title=\"Tonneaux entrepos\u00e9s dans une cave. Tonneaux stock\u00e9s dans la cave d'une entreprise viticole. Auteur : R\u00e9mi Boussico\" src=\"http:\/\/blogs.univ-jfc.fr\/vigneetvin\/wp-content\/uploads\/sites\/56\/2017\/04\/winery-2110737_960_720.jpg\" alt=\"\" width=\"424\" height=\"282\" srcset=\"https:\/\/blogs.univ-jfc.fr\/vigneetvin\/wp-content\/uploads\/sites\/56\/2017\/04\/winery-2110737_960_720.jpg 960w, https:\/\/blogs.univ-jfc.fr\/vigneetvin\/wp-content\/uploads\/sites\/56\/2017\/04\/winery-2110737_960_720-300x199.jpg 300w, https:\/\/blogs.univ-jfc.fr\/vigneetvin\/wp-content\/uploads\/sites\/56\/2017\/04\/winery-2110737_960_720-768x510.jpg 768w\" sizes=\"(max-width: 424px) 100vw, 424px\" \/><\/a>Cr\u00e9\u00e9 au d\u00e9but du XX\u00e8me si\u00e8cle par quatre tonneliers, on compte aujourd&rsquo;hui dans ce comit\u00e9 49 adh\u00e9rents. Ensemble, ils produisent pr\u00e8s de 592 000 <a href=\"http:\/\/blogs.univ-jfc.fr\/vigneetvin\/les-metiers-de-la-vigne-et-du-vin\/le-monde-des-artisans-2\/les-tonneliers\/les-tonneaux\/\">tonneaux<\/a> par an pour un chiffre d&rsquo;affaires qui approche les quatre cents millions d&rsquo;euros. Depuis les dix derni\u00e8res ann\u00e9es ce montant s&rsquo;est un peu alt\u00e9r\u00e9\u00a0; ceci s&rsquo;explique par la hausse des prix d&rsquo;achat des mati\u00e8res premi\u00e8res, comme le dit Jean-Luc Sylvain, le pr\u00e9sident de la f\u00e9d\u00e9ration\u00a0:\u00a0\u00ab\u00a0Je m&rsquo;inqui\u00e8te pour notre approvisionnement en <a href=\"http:\/\/blogs.univ-jfc.fr\/vigneetvin\/les-metiers-de-la-vigne-et-du-vin\/le-monde-des-artisans-2\/les-tonneliers\/les-techniques-de-fabrication-du-tonneau\/le-bois\/\">bois<\/a>. L&rsquo;Office national des for\u00eats subit de fortes restrictions de budget et a tendance \u00e0 augmenter le prix du bois\u00a0\u00bb.<\/p>\n<p align=\"JUSTIFY\">Ainsi, la f\u00e9d\u00e9ration des tonneliers de France permet de mettre en avant les revendications des tonneliers et de regrouper ces travailleurs qui sont de moins en moins nombreux (<a href=\"http:\/\/blogs.univ-jfc.fr\/vigneetvin\/les-metiers-de-la-vigne-et-du-vin\/le-monde-des-artisans-2\/les-tonneliers\/les-techniques-de-fabrication-du-tonneau\/le-bois\/interview-de-monsieur-de-montgolfier\/\">interview<\/a>).<\/p>\n<p><a href=\"#_ftnref1\" name=\"_ftn1\"><\/a><\/p>\n","protected":false},"excerpt":{"rendered":"<p>Les tonneliers se regroupent en corporation. Ces confr\u00e9ries existent depuis l&rsquo;Antiquit\u00e9, elles rassemblent les personnes appartenant au m\u00eame corps de m\u00e9tier. Les entreprises de tonnellerie fran\u00e7aises sont en concurrence. La plupart d&rsquo;entre elles sont aussi membres de la m\u00eame organisation ; il s&rsquo;agit de la f\u00e9d\u00e9ration des tonneliers de France. Cette corporation regroupe au niveau &hellip; <a href=\"https:\/\/blogs.univ-jfc.fr\/vigneetvin\/les-metiers-de-la-vigne-et-du-vin\/le-monde-des-artisans-2\/les-tonneliers\/les-formations-pour-acceder-au-metier-de-tonnelier\/la-federation-des-tonneliers-de-france\/\" class=\"more-link\">Continuer la lecture de <span class=\"screen-reader-text\">La f\u00e9d\u00e9ration des tonneliers de France<\/span> <span class=\"meta-nav\">&rarr;<\/span><\/a><\/p>\n","protected":false},"author":254,"featured_media":0,"parent":2099,"menu_order":3,"comment_status":"closed","ping_status":"closed","template":"","meta":[],"_links":{"self":[{"href":"https:\/\/blogs.univ-jfc.fr\/vigneetvin\/wp-json\/wp\/v2\/pages\/2109"}],"collection":[{"href":"https:\/\/blogs.univ-jfc.fr\/vigneetvin\/wp-json\/wp\/v2\/pages"}],"about":[{"href":"https:\/\/blogs.univ-jfc.fr\/vigneetvin\/wp-json\/wp\/v2\/types\/page"}],"author":[{"embeddable":true,"href":"https:\/\/blogs.univ-jfc.fr\/vigneetvin\/wp-json\/wp\/v2\/users\/254"}],"replies":[{"embeddable":true,"href":"https:\/\/blogs.univ-jfc.fr\/vigneetvin\/wp-json\/wp\/v2\/comments?post=2109"}],"version-history":[{"count":10,"href":"https:\/\/blogs.univ-jfc.fr\/vigneetvin\/wp-json\/wp\/v2\/pages\/2109\/revisions"}],"predecessor-version":[{"id":4692,"href":"https:\/\/blogs.univ-jfc.fr\/vigneetvin\/wp-json\/wp\/v2\/pages\/2109\/revisions\/4692"}],"up":[{"embeddable":true,"href":"https:\/\/blogs.univ-jfc.fr\/vigneetvin\/wp-json\/wp\/v2\/pages\/2099"}],"wp:attachment":[{"href":"https:\/\/blogs.univ-jfc.fr\/vigneetvin\/wp-json\/wp\/v2\/media?parent=2109"}],"curies":[{"name":"wp","href":"https:\/\/api.w.org\/{rel}","templated":true}]}}