{"id":2151,"date":"2017-03-15T10:10:16","date_gmt":"2017-03-15T09:10:16","guid":{"rendered":"http:\/\/blogs.univ-jfc.fr\/vigneetvin\/?page_id=2151"},"modified":"2017-04-19T16:01:26","modified_gmt":"2017-04-19T15:01:26","slug":"quelles-sont-les-caracteristiques-et-specificites-du-vigneron-independant-et-celles-dune-cooperative-vinicole","status":"publish","type":"page","link":"https:\/\/blogs.univ-jfc.fr\/vigneetvin\/les-metiers-de-la-vigne-et-du-vin\/vignerons-et-exploitants\/les-vendangeurs\/quelles-sont-les-caracteristiques-et-specificites-du-vigneron-independant-et-celles-dune-cooperative-vinicole\/","title":{"rendered":"Quelles sont les caract\u00e9ristiques et sp\u00e9cificit\u00e9s du vigneron ind\u00e9pendant et celles d&rsquo;une coop\u00e9rative vinicole ?"},"content":{"rendered":"<p class=\"western\" align=\"justify\"><span style=\"font-family: Times New Roman,serif\">Dans le monde vinicole, on retrouve deux statut<span style=\"color: #800000\">s<\/span> pour un vigneron, celui de coop\u00e9rateur au sein d&rsquo;une <a href=\"http:\/\/blogs.univ-jfc.fr\/vigneetvin\/les-metiers-de-la-vigne-et-du-vin\/vignerons-et-exploitants\/les-vendangeurs\/quelles-sont-les-caracteristiques-et-specificites-du-vigneron-independant-et-celles-dune-cooperative-vinicole\/les-cooperatives-vinicoles\/\">coop\u00e9rative<\/a> vinicole et celui d&rsquo;ind\u00e9pendant. Dans le cadre de l&rsquo;\u00e9tude du milieu vinico<span style=\"color: #000000\">le, il est un point sur lequel il est important de se pencher.<\/span><\/span><\/p>\n<figure id=\"attachment_4600\" aria-describedby=\"caption-attachment-4600\" style=\"width: 382px\" class=\"wp-caption alignleft\"><a href=\"http:\/\/blogs.univ-jfc.fr\/vigneetvin\/wp-content\/uploads\/sites\/56\/2017\/03\/Image-2.jpg\"><img loading=\"lazy\" class=\" wp-image-4600\" src=\"http:\/\/blogs.univ-jfc.fr\/vigneetvin\/wp-content\/uploads\/sites\/56\/2017\/03\/Image-2-300x193.jpg\" alt=\"\" width=\"382\" height=\"246\" srcset=\"https:\/\/blogs.univ-jfc.fr\/vigneetvin\/wp-content\/uploads\/sites\/56\/2017\/03\/Image-2-300x193.jpg 300w, https:\/\/blogs.univ-jfc.fr\/vigneetvin\/wp-content\/uploads\/sites\/56\/2017\/03\/Image-2-768x495.jpg 768w, https:\/\/blogs.univ-jfc.fr\/vigneetvin\/wp-content\/uploads\/sites\/56\/2017\/03\/Image-2-1024x660.jpg 1024w, https:\/\/blogs.univ-jfc.fr\/vigneetvin\/wp-content\/uploads\/sites\/56\/2017\/03\/Image-2.jpg 1500w\" sizes=\"(max-width: 382px) 100vw, 382px\" \/><\/a><figcaption id=\"caption-attachment-4600\" class=\"wp-caption-text\">Nous observons maintenant les locaux de la cave coop\u00e9rative de N\u00e9oules, la photo nous appara\u00eet d\u2019\u00e9poque.<\/figcaption><\/figure>\n<p class=\"western\" align=\"justify\"><span style=\"font-family: Times New Roman,serif\"><span style=\"color: #000000\">Il s&rsquo;agit du statut professionnel de vigneron coop\u00e9rateur et de celui de coop\u00e9rateur. <\/span><\/span><\/p>\n<p class=\"western\" align=\"justify\"><span style=\"font-family: Times New Roman,serif\">En effet, ces deux statuts sont d\u00e9finis par une juridiction professionnelle et permettent d&rsquo;\u00e9tudier la r\u00e9partition des t\u00e2ches dans le processus productif des vignerons. Cependant, les diff\u00e9rences entre vignerons coop\u00e9rateurs et ind\u00e9pendants ne rel\u00e8vent pas uniquement du registre juridique mais aussi professionnel, productif et commercial. Dans la perspective de la production de vigne et de la commercialisation du produit fini (le vin), les vignerons se voient assig<span style=\"color: #000000\">n<\/span><span style=\"color: #000000\">er<\/span> une r\u00e9partition des t\u00e2ches et des fonctions diff\u00e9rentes suivant q<span style=\"color: #000000\">u&rsquo;ils <\/span><span style=\"color: #000000\">soient<\/span><span style=\"color: #000000\"> ind<\/span>\u00e9pendants ou membres de coop\u00e9ratives vinicoles.<\/span><\/p>\n<p class=\"western\" align=\"justify\"><span style=\"font-family: Times New Roman,serif\">En outre, les vignerons <a href=\"http:\/\/blogs.univ-jfc.fr\/vigneetvin\/les-metiers-de-la-vigne-et-du-vin\/vignerons-et-exploitants\/les-vendangeurs\/quelles-sont-les-caracteristiques-et-specificites-du-vigneron-independant-et-celles-dune-cooperative-vinicole\/le-vigneron-independant\/\">ind\u00e9pendants<\/a> disposent d&rsquo;une marge de man\u0153uvre plus importante que leurs homologues appartenant \u00e0 des caves coop\u00e9ratives. Une concurrence existe entre les vignerons ind\u00e9pendants et coop\u00e9rateurs, concurrence qui tient aux diff\u00e9rentes classes sociales auxquelles appartiennent les vignerons ind\u00e9pendants ou coop\u00e9rateurs. Ces diff\u00e9rences sociales sont dues au profit que g\u00e9n\u00e8rent ces vignerons et par cons\u00e9quent, \u00e0 leur productivit\u00e9s respectives. <\/span><\/p>\n<figure id=\"attachment_5014\" aria-describedby=\"caption-attachment-5014\" style=\"width: 269px\" class=\"wp-caption alignright\"><a href=\"http:\/\/blogs.univ-jfc.fr\/vigneetvin\/wp-content\/uploads\/sites\/56\/2017\/04\/Vigneron-qui-soccupe-de-son-vin-stock\u00e9.jpg\"><img loading=\"lazy\" class=\" wp-image-5014\" src=\"http:\/\/blogs.univ-jfc.fr\/vigneetvin\/wp-content\/uploads\/sites\/56\/2017\/04\/Vigneron-qui-soccupe-de-son-vin-stock\u00e9-226x300.jpg\" alt=\"\" width=\"269\" height=\"357\" srcset=\"https:\/\/blogs.univ-jfc.fr\/vigneetvin\/wp-content\/uploads\/sites\/56\/2017\/04\/Vigneron-qui-soccupe-de-son-vin-stock\u00e9-226x300.jpg 226w, https:\/\/blogs.univ-jfc.fr\/vigneetvin\/wp-content\/uploads\/sites\/56\/2017\/04\/Vigneron-qui-soccupe-de-son-vin-stock\u00e9.jpg 451w\" sizes=\"(max-width: 269px) 100vw, 269px\" \/><\/a><figcaption id=\"caption-attachment-5014\" class=\"wp-caption-text\">Vigneron qui s&rsquo;occupe de son vin stock\u00e9<\/figcaption><\/figure>\n<p class=\"western\" align=\"justify\"><span style=\"font-family: Times New Roman,serif\"><span style=\"color: #000000\">Dans la perspective de l&rsquo;aspect concurrentiel de la production de vin entre les caves vinicoles coop\u00e9ratives et les producteurs ind\u00e9pendants, diff\u00e9rentes repr\u00e9sentations corporati<\/span><span style=\"color: #000000\">v<\/span><span style=\"color: #000000\">es ont progressivement \u00e9merg\u00e9<\/span><span style=\"color: #000000\">es<\/span><span style=\"color: #000000\">, repr\u00e9sent\u00e9es par des mouvances syndicales et corporatistes <\/span><span style=\"color: #000000\">ou encore<\/span><span style=\"color: #000000\"> par l&rsquo;existence de normes juridiques sp\u00e9cifiques (charte du vigneron ind\u00e9pendant, pouvoir de d\u00e9cision des caves coop\u00e9ratives, etc&#8230;).<\/span> <span style=\"color: #000000\">La concurrence sociale et \u00e9conomique entre vignerons ind\u00e9pendants et coop\u00e9rateurs est surtout le fait des vignerons ind\u00e9pendants.<\/span> En effet, ces derniers se sont progressivement f\u00e9d\u00e9r\u00e9s autour de syndicats afin de juguler la concurrence \u00e9crasante des caves vinicoles coop\u00e9ratives.<\/span><\/p>\n<p class=\"western\" align=\"justify\"><span style=\"font-family: Times New Roman,serif\">En premier lieu, nous d\u00e9finirons les deux statuts d&rsquo;un point de vue juridique (charte, etc.) en nous axant sur une coop\u00e9rative gaillacoise de vin biologique, le domaine Rotier. Nous verrons par cons\u00e9quent quelles sont les diff\u00e9rences notables entre les statuts de vigneron ind\u00e9pendant et de vigneron coop\u00e9rateur ainsi que les caract\u00e9ristiques qui les diff\u00e9rencient, ou, a contrario, celles qui pr\u00e9sentent des analogies. Nous nous pencherons en particulier sur le cas des vignerons ind\u00e9pendants, et ce qui les diff\u00e9rencie des vignerons employ\u00e9s dans les coop\u00e9ratives vinicoles. <\/span><\/p>\n<p class=\"western\" align=\"justify\"><span style=\"font-family: Times New Roman,serif\">Ensuite, nous \u00e9tudierons les t\u00e2ches qui incombent aux vignerons ind\u00e9pendants et coop\u00e9rateurs, et par cons\u00e9quent, ce qui les diff\u00e9rencie dans le processus productif et commercial, mais aussi les points communs entre les vignerons selon ces deux statuts professionnels, dans le cadre du processus productif et commercial. Nous \u00e9tudierons par la m\u00eame occasion les repr\u00e9sentations syndicales respectives des vignerons ind\u00e9pendants et coop\u00e9rateurs. Nous pencherons pour ce faire sur la conjoncture qui a engendr\u00e9 la n\u00e9cessit\u00e9 de ces diff\u00e9rentes repr\u00e9sentations syndicales et corporatistes et qui a<span style=\"color: #000000\"> amen\u00e9<\/span><span style=\"color: #000000\">e<\/span><span style=\"color: #000000\"> \u00e0<\/span> la cr\u00e9ation de ces diff\u00e9rents syndicats.<\/span><\/p>\n<figure id=\"attachment_5015\" aria-describedby=\"caption-attachment-5015\" style=\"width: 463px\" class=\"wp-caption aligncenter\"><a href=\"http:\/\/blogs.univ-jfc.fr\/vigneetvin\/wp-content\/uploads\/sites\/56\/2017\/04\/Travailleur-sur-un-engin-agricole-qui-parcours-ses-vignes.jpg\"><img loading=\"lazy\" class=\" wp-image-5015\" src=\"http:\/\/blogs.univ-jfc.fr\/vigneetvin\/wp-content\/uploads\/sites\/56\/2017\/04\/Travailleur-sur-un-engin-agricole-qui-parcours-ses-vignes-300x199.jpg\" alt=\"\" width=\"463\" height=\"307\" srcset=\"https:\/\/blogs.univ-jfc.fr\/vigneetvin\/wp-content\/uploads\/sites\/56\/2017\/04\/Travailleur-sur-un-engin-agricole-qui-parcours-ses-vignes-300x199.jpg 300w, https:\/\/blogs.univ-jfc.fr\/vigneetvin\/wp-content\/uploads\/sites\/56\/2017\/04\/Travailleur-sur-un-engin-agricole-qui-parcours-ses-vignes-768x510.jpg 768w, https:\/\/blogs.univ-jfc.fr\/vigneetvin\/wp-content\/uploads\/sites\/56\/2017\/04\/Travailleur-sur-un-engin-agricole-qui-parcours-ses-vignes.jpg 960w\" sizes=\"(max-width: 463px) 100vw, 463px\" \/><\/a><figcaption id=\"caption-attachment-5015\" class=\"wp-caption-text\">Travailleur sur un engin agricole qui parcours ses vignes. Ind\u00e9pendant ou coop\u00e9rateur, le vigneron doit surveiller et s&rsquo;occuper de ses vignes.<\/figcaption><\/figure>\n","protected":false},"excerpt":{"rendered":"<p>Dans le monde vinicole, on retrouve deux statuts pour un vigneron, celui de coop\u00e9rateur au sein d&rsquo;une coop\u00e9rative vinicole et celui d&rsquo;ind\u00e9pendant. Dans le cadre de l&rsquo;\u00e9tude du milieu vinicole, il est un point sur lequel il est important de se pencher. Il s&rsquo;agit du statut professionnel de vigneron coop\u00e9rateur et de celui de coop\u00e9rateur. &hellip; <a href=\"https:\/\/blogs.univ-jfc.fr\/vigneetvin\/les-metiers-de-la-vigne-et-du-vin\/vignerons-et-exploitants\/les-vendangeurs\/quelles-sont-les-caracteristiques-et-specificites-du-vigneron-independant-et-celles-dune-cooperative-vinicole\/\" class=\"more-link\">Continuer la lecture de <span class=\"screen-reader-text\">Quelles sont les caract\u00e9ristiques et sp\u00e9cificit\u00e9s du vigneron ind\u00e9pendant et celles d&rsquo;une coop\u00e9rative vinicole ?<\/span> <span class=\"meta-nav\">&rarr;<\/span><\/a><\/p>\n","protected":false},"author":275,"featured_media":0,"parent":55,"menu_order":0,"comment_status":"closed","ping_status":"closed","template":"","meta":[],"_links":{"self":[{"href":"https:\/\/blogs.univ-jfc.fr\/vigneetvin\/wp-json\/wp\/v2\/pages\/2151"}],"collection":[{"href":"https:\/\/blogs.univ-jfc.fr\/vigneetvin\/wp-json\/wp\/v2\/pages"}],"about":[{"href":"https:\/\/blogs.univ-jfc.fr\/vigneetvin\/wp-json\/wp\/v2\/types\/page"}],"author":[{"embeddable":true,"href":"https:\/\/blogs.univ-jfc.fr\/vigneetvin\/wp-json\/wp\/v2\/users\/275"}],"replies":[{"embeddable":true,"href":"https:\/\/blogs.univ-jfc.fr\/vigneetvin\/wp-json\/wp\/v2\/comments?post=2151"}],"version-history":[{"count":6,"href":"https:\/\/blogs.univ-jfc.fr\/vigneetvin\/wp-json\/wp\/v2\/pages\/2151\/revisions"}],"predecessor-version":[{"id":5019,"href":"https:\/\/blogs.univ-jfc.fr\/vigneetvin\/wp-json\/wp\/v2\/pages\/2151\/revisions\/5019"}],"up":[{"embeddable":true,"href":"https:\/\/blogs.univ-jfc.fr\/vigneetvin\/wp-json\/wp\/v2\/pages\/55"}],"wp:attachment":[{"href":"https:\/\/blogs.univ-jfc.fr\/vigneetvin\/wp-json\/wp\/v2\/media?parent=2151"}],"curies":[{"name":"wp","href":"https:\/\/api.w.org\/{rel}","templated":true}]}}