{"id":2155,"date":"2017-03-15T10:16:09","date_gmt":"2017-03-15T09:16:09","guid":{"rendered":"http:\/\/blogs.univ-jfc.fr\/vigneetvin\/?page_id=2155"},"modified":"2017-04-02T10:41:22","modified_gmt":"2017-04-02T09:41:22","slug":"les-differents-transports","status":"publish","type":"page","link":"https:\/\/blogs.univ-jfc.fr\/vigneetvin\/les-metiers-de-la-vigne-et-du-vin\/le-monde-des-artisans-2\/les-tonneliers\/les-tonneaux\/le-transport-des-tonneaux\/les-differents-transports\/","title":{"rendered":"Les diff\u00e9rents transports"},"content":{"rendered":"<p align=\"JUSTIFY\">De nombreux moyens de <a href=\"http:\/\/blogs.univ-jfc.fr\/vigneetvin\/les-metiers-de-la-vigne-et-du-vin\/le-monde-des-artisans-2\/les-tonneliers\/les-tonneaux\/le-transport-des-tonneaux\/\">transport<\/a> ont permis l\u2019acheminement du vin dans le monde.<\/p>\n<p align=\"JUSTIFY\">C\u2019est le cas du pinardier qui est un navire-citerne o\u00f9 le vin est transport\u00e9 en vrac. Gr\u00e2ce \u00e0 un syst\u00e8me de cuves appel\u00e9 <em>dolia<\/em> (grosse c\u00e9ramique), cette boisson est stock\u00e9e lors du trajet.<\/p>\n<p><img loading=\"lazy\" class=\"alignleft wp-image-4648 \" title=\"Gabare charg\u00e9 de tonneaux. Gabare \u00e0 Royan transportant des tonneaux. Auteur : Victor Millaud en 1901.\" src=\"http:\/\/blogs.univ-jfc.fr\/vigneetvin\/wp-content\/uploads\/sites\/56\/2017\/04\/Gabare_a\u0300_Royan-1024x544.jpg\" alt=\"\" width=\"464\" height=\"247\" srcset=\"https:\/\/blogs.univ-jfc.fr\/vigneetvin\/wp-content\/uploads\/sites\/56\/2017\/04\/Gabare_a\u0300_Royan-1024x544.jpg 1024w, https:\/\/blogs.univ-jfc.fr\/vigneetvin\/wp-content\/uploads\/sites\/56\/2017\/04\/Gabare_a\u0300_Royan-300x159.jpg 300w, https:\/\/blogs.univ-jfc.fr\/vigneetvin\/wp-content\/uploads\/sites\/56\/2017\/04\/Gabare_a\u0300_Royan-768x408.jpg 768w, https:\/\/blogs.univ-jfc.fr\/vigneetvin\/wp-content\/uploads\/sites\/56\/2017\/04\/Gabare_a\u0300_Royan.jpg 1205w\" sizes=\"(max-width: 464px) 100vw, 464px\" \/><\/p>\n<p align=\"JUSTIFY\">Il existe \u00e9galement le gabare qui est une embarcation destin\u00e9e \u00e0 transporter des marchandises comme le vin. Ceux ayant trois m\u00e2ts peuvent contenir trois cent \u00e0 quatre cent tonneaux. Ces moyens de transport du vin ont connu certains changements avec le temps.<br \/>\nLa R\u00e9volution industrielle a permis d\u2019innover et d\u2019am\u00e9liorer les bateaux. Les navires vont \u00eatre de plus en plus grands et certains vont ainsi pouvoir contenir des milliers de tonneaux.<\/p>\n<p align=\"JUSTIFY\"><a href=\"http:\/\/blogs.univ-jfc.fr\/vigneetvin\/wp-content\/uploads\/sites\/56\/2017\/03\/800px-Transport_vin_Maine_et_loire.jpg\"><img loading=\"lazy\" class=\"size-medium wp-image-2258 alignright\" src=\"http:\/\/blogs.univ-jfc.fr\/vigneetvin\/wp-content\/uploads\/sites\/56\/2017\/03\/800px-Transport_vin_Maine_et_loire-300x186.jpg\" alt=\"\" width=\"300\" height=\"186\" srcset=\"https:\/\/blogs.univ-jfc.fr\/vigneetvin\/wp-content\/uploads\/sites\/56\/2017\/03\/800px-Transport_vin_Maine_et_loire-300x186.jpg 300w, https:\/\/blogs.univ-jfc.fr\/vigneetvin\/wp-content\/uploads\/sites\/56\/2017\/03\/800px-Transport_vin_Maine_et_loire-768x475.jpg 768w, https:\/\/blogs.univ-jfc.fr\/vigneetvin\/wp-content\/uploads\/sites\/56\/2017\/03\/800px-Transport_vin_Maine_et_loire.jpg 800w\" sizes=\"(max-width: 300px) 100vw, 300px\" \/><\/a>C\u2019est le cas du <a href=\"http:\/\/blogs.univ-jfc.fr\/vigneetvin\/les-metiers-de-la-vigne-et-du-vin\/le-monde-des-artisans-2\/les-tonneliers\/les-tonneaux\/le-transport-des-tonneaux\/\">wagon-foudre<\/a> qui est utilis\u00e9 pour transporter le vin en grosse quantit\u00e9. Ce moyen est compos\u00e9 d\u2019un ou deux foudres en <a href=\"http:\/\/blogs.univ-jfc.fr\/vigneetvin\/les-metiers-de-la-vigne-et-du-vin\/le-monde-des-artisans-2\/les-tonneliers\/les-techniques-de-fabrication-du-tonneau\/le-bois\/\">bois de ch\u00eane<\/a> c\u2019est \u00e0 dire des r\u00e9cipients contenant une tr\u00e8s grande quantit\u00e9 de vin (le plus grand foudre renferme 1 000 200 litres).<\/p>\n<p>&nbsp;<\/p>\n","protected":false},"excerpt":{"rendered":"<p>De nombreux moyens de transport ont permis l\u2019acheminement du vin dans le monde. C\u2019est le cas du pinardier qui est un navire-citerne o\u00f9 le vin est transport\u00e9 en vrac. Gr\u00e2ce \u00e0 un syst\u00e8me de cuves appel\u00e9 dolia (grosse c\u00e9ramique), cette boisson est stock\u00e9e lors du trajet. Il existe \u00e9galement le gabare qui est une embarcation &hellip; <a href=\"https:\/\/blogs.univ-jfc.fr\/vigneetvin\/les-metiers-de-la-vigne-et-du-vin\/le-monde-des-artisans-2\/les-tonneliers\/les-tonneaux\/le-transport-des-tonneaux\/les-differents-transports\/\" class=\"more-link\">Continuer la lecture de <span class=\"screen-reader-text\">Les diff\u00e9rents transports<\/span> <span class=\"meta-nav\">&rarr;<\/span><\/a><\/p>\n","protected":false},"author":254,"featured_media":0,"parent":781,"menu_order":1,"comment_status":"closed","ping_status":"closed","template":"","meta":[],"_links":{"self":[{"href":"https:\/\/blogs.univ-jfc.fr\/vigneetvin\/wp-json\/wp\/v2\/pages\/2155"}],"collection":[{"href":"https:\/\/blogs.univ-jfc.fr\/vigneetvin\/wp-json\/wp\/v2\/pages"}],"about":[{"href":"https:\/\/blogs.univ-jfc.fr\/vigneetvin\/wp-json\/wp\/v2\/types\/page"}],"author":[{"embeddable":true,"href":"https:\/\/blogs.univ-jfc.fr\/vigneetvin\/wp-json\/wp\/v2\/users\/254"}],"replies":[{"embeddable":true,"href":"https:\/\/blogs.univ-jfc.fr\/vigneetvin\/wp-json\/wp\/v2\/comments?post=2155"}],"version-history":[{"count":8,"href":"https:\/\/blogs.univ-jfc.fr\/vigneetvin\/wp-json\/wp\/v2\/pages\/2155\/revisions"}],"predecessor-version":[{"id":4651,"href":"https:\/\/blogs.univ-jfc.fr\/vigneetvin\/wp-json\/wp\/v2\/pages\/2155\/revisions\/4651"}],"up":[{"embeddable":true,"href":"https:\/\/blogs.univ-jfc.fr\/vigneetvin\/wp-json\/wp\/v2\/pages\/781"}],"wp:attachment":[{"href":"https:\/\/blogs.univ-jfc.fr\/vigneetvin\/wp-json\/wp\/v2\/media?parent=2155"}],"curies":[{"name":"wp","href":"https:\/\/api.w.org\/{rel}","templated":true}]}}