{"id":2163,"date":"2017-03-15T10:36:21","date_gmt":"2017-03-15T09:36:21","guid":{"rendered":"http:\/\/blogs.univ-jfc.fr\/vigneetvin\/?page_id=2163"},"modified":"2017-04-19T16:12:31","modified_gmt":"2017-04-19T15:12:31","slug":"les-syndicats-de-vignerons-independants","status":"publish","type":"page","link":"https:\/\/blogs.univ-jfc.fr\/vigneetvin\/les-metiers-de-la-vigne-et-du-vin\/vignerons-et-exploitants\/les-vendangeurs\/quelles-sont-les-caracteristiques-et-specificites-du-vigneron-independant-et-celles-dune-cooperative-vinicole\/le-vigneron-independant\/les-syndicats-de-vignerons-independants\/","title":{"rendered":"Les syndicats de vignerons ind\u00e9pendants."},"content":{"rendered":"<p align=\"justify\"><span style=\"font-family: Times New Roman,serif\">A pr\u00e9sent, nous pouvons nous pencher sur la particularit\u00e9 des vignerons ind\u00e9pendants qui se forment sous syndicats, comme nous l\u2019a expliqu\u00e9 M.\u00a0Ro<\/span><span style=\"color: #000000\"><span style=\"font-family: Times New Roman,serif\">tier le vigneron que nous avons interrog\u00e9\u00a0: \u00ab\u00a0<\/span><\/span><span style=\"color: #000000\"><span style=\"font-family: Times New Roman,serif\"><i>Les vignerons ind\u00e9pendants c&rsquo;est un syndicat, \u00e7a veut dire que vous pouvez \u00eatre vigneron ind\u00e9pendant sans adh\u00e9rer au syndicat. C&rsquo;est une adh\u00e9sion qui n&rsquo;est pas obligatoire.\u00a0<\/i><\/span><\/span><span style=\"color: #000000\"><span style=\"font-family: Times New Roman,serif\">\u00bb Les syndicats des vignerons ind\u00e9pendants ont \u00e9t\u00e9 cr\u00e9\u00e9s pour faire face \u00e0 la concurrence des coop\u00e9ratives. Aujourd\u2019hui, nous comptons plus de 7\u00a0000\u00a0adh\u00e9rents r\u00e9partis sur 32\u00a0f\u00e9d\u00e9rations d\u00e9partementales et 10\u00a0r\u00e9gionales. Un syndicat est une association de personnes repr\u00e9sentant un corps de m\u00e9tier qui d\u00e9fend les int\u00e9r\u00eats \u00e9conomiques ou politiques et la production de ce m\u00e9tier.<\/span><\/span><\/p>\n<p align=\"justify\"><span style=\"font-family: Times New Roman,serif\"> Nous pouvons maintenant nous pencher sur une sp\u00e9cificit\u00e9 de syndicat, le syndicat en charge de la d\u00e9fense des appellations. C\u2019est donc la CNAOC <\/span><span style=\"font-family: Times New Roman,serif\"><i>\u00ab\u00a0Conf\u00e9d\u00e9ration Nationale des producteurs de vins et eaux-de-vie de vin \u00e0 Appellations d\u2019Origine Contr\u00f4l\u00e9es\u00a0\u00bb<\/i><\/span><span style=\"font-family: Times New Roman,serif\">. La CNAOC est donc un syndicat en charge de la repr\u00e9sentation du m\u00e9tier de vigneron. Elle se charge aussi, comme son nom l\u2019indique, de la d\u00e9fense des produits d\u2019appellation en certifiant leur qualit\u00e9. Ce syndicat regroupe un ensemble de syndicats viticoles d\u2019appellation de France. Il fut cr\u00e9\u00e9 en 1924 par les syndicats viticoles d\u2019AOC. La CNAOC est compos\u00e9e de 17\u00a0f\u00e9d\u00e9rations r\u00e9gionales r\u00e9parties sur le vignoble fran\u00e7ais. Elle repr\u00e9sente les vins d\u2019appellation fran\u00e7aise aupr\u00e8s des diff\u00e9rentes institutions politiques et \u00e9conomiques, ainsi que les pouvoirs publics, ceci d\u2019un point de vue national mais aussi europ\u00e9en et international.<\/span><\/p>\n<figure id=\"attachment_5030\" aria-describedby=\"caption-attachment-5030\" style=\"width: 364px\" class=\"wp-caption aligncenter\"><a href=\"http:\/\/blogs.univ-jfc.fr\/vigneetvin\/wp-content\/uploads\/sites\/56\/2017\/04\/N\u00b0-1-du-Vend\u00e9miaire-bulletin-officiel-de-la-CGV.jpg\"><img loading=\"lazy\" class=\" wp-image-5030\" src=\"http:\/\/blogs.univ-jfc.fr\/vigneetvin\/wp-content\/uploads\/sites\/56\/2017\/04\/N\u00b0-1-du-Vend\u00e9miaire-bulletin-officiel-de-la-CGV-243x300.jpg\" alt=\"\" width=\"364\" height=\"449\" srcset=\"https:\/\/blogs.univ-jfc.fr\/vigneetvin\/wp-content\/uploads\/sites\/56\/2017\/04\/N\u00b0-1-du-Vend\u00e9miaire-bulletin-officiel-de-la-CGV-243x300.jpg 243w, https:\/\/blogs.univ-jfc.fr\/vigneetvin\/wp-content\/uploads\/sites\/56\/2017\/04\/N\u00b0-1-du-Vend\u00e9miaire-bulletin-officiel-de-la-CGV.jpg 485w\" sizes=\"(max-width: 364px) 100vw, 364px\" \/><\/a><figcaption id=\"caption-attachment-5030\" class=\"wp-caption-text\">N\u00b0 1 du Vend\u00e9miaire bulletin officiel de la CGV<\/figcaption><\/figure>\n<p align=\"justify\"><span style=\"font-family: Times New Roman,serif\">Les syndicats sont souvent des moyens de d\u00e9fense. Ils peuvent \u00eatre reconnus comme \u00ab<\/span><span style=\"font-family: Times New Roman,serif\"><i>\u00a0Organisme de D\u00e9fense et de Gestion<\/i><\/span><span style=\"font-family: Times New Roman,serif\">\u00a0\u00bb aussi dit ODG, comme c\u2019est le cas du syndicat viticole d\u2019appellation qui a mis en place un cahier des charges r\u00e9glementant la production. Nous pouvons voir qu\u2019un syndicat a aussi des missions de d\u00e9fense.<\/span><\/p>\n<p align=\"justify\"><span style=\"font-family: Times New Roman,serif\"> Comme exemple de types de mission, nous pouvons maintenant prendre un second syndicat. Le syndicat des \u00ab\u00a0Vins de Pays du Lot\u00a0\u00bb ou de \u00ab\u00a0C\u00f4tes du Lot\u00a0\u00bb est lui aussi reconnu comme ODG. Il fut cr\u00e9\u00e9 en 1997. Ce syndicat se donne pour mission de certifier l\u2019authenticit\u00e9 et la qualit\u00e9 des vins du Lot qui pourront \u00eatre qualifi\u00e9s d&rsquo;IGP. N\u00e9anmoins, ce syndicat a \u00e9galement diverses missions\u00a0:<\/span><\/p>\n<p align=\"justify\"><span style=\"font-family: Times New Roman,serif\"><i>\u00ab\u00a0&#8211;\u00a0Assurer aux producteurs, membres du syndicat, le b\u00e9n\u00e9fice des avantages accord\u00e9s aux Vins C\u00f4tes du Lot, apr\u00e8s contr\u00f4le de la l\u00e9gitimit\u00e9 de leurs droits.<\/i><\/span><\/p>\n<p align=\"justify\"><span style=\"font-family: Times New Roman,serif\"><i>&#8211;\u00a0Organiser la d\u00e9fense des Vins C\u00f4tes du Lot au sein des instances repr\u00e9sentatives<\/i><\/span><\/p>\n<p align=\"justify\"><span style=\"font-family: Times New Roman,serif\"><i>&#8211;\u00a0Prendre toutes initiatives en vue de l\u2019am\u00e9lioration de la qualit\u00e9 des vins<\/i><\/span><\/p>\n<p align=\"justify\"><span style=\"font-family: Times New Roman,serif\"><i>&#8211;\u00a0Apporter \u00e0 ses adh\u00e9rents le maximum d\u2019informations et d\u2019aide technique<\/i><\/span><\/p>\n<p align=\"justify\"><span style=\"font-family: Times New Roman,serif\"><i>&#8211;\u00a0Conduire des actions de promotion et de publicit\u00e9 afin de faire conna\u00eetre les vins C\u00f4tes du Lot et ses producteurs.\u00a0\u00bb<\/i><\/span><\/p>\n<p align=\"justify\"><span style=\"font-family: Times New Roman,serif\"> Ensuite, certains syndicats se forment sous l\u2019aspect d\u2019unions d\u2019interprofessionnelles viticoles comme l\u2019UIVC (Union interprofessionnelle des Vins de Cahors.) Ils d\u00e9tiennent des missions similaires \u00e0 tous syndicats, comme faire prosp\u00e9rer le vin de sa r\u00e9gion et les vignerons qui le produisent. Nous pouvons encore une fois citer quelques objectifs de cette union\u00a0:<\/span><\/p>\n<p align=\"justify\"><span style=\"font-family: Times New Roman,serif\">\u00ab<\/span><span style=\"font-family: Times New Roman,serif\"><i>&#8211;\u00a0d\u00e9velopper l\u2019identit\u00e9 et la notori\u00e9t\u00e9 de l\u2019AOC Cahors par des relations publiques, de communication, de promotion tant en France qu\u2019\u00e0 l\u2019\u00e9tranger.<\/i><\/span><\/p>\n<p align=\"justify\"><span style=\"font-family: Times New Roman,serif\"><i>&#8211;\u00a0inciter les op\u00e9rateurs \u00e0 renforcer la s\u00e9curit\u00e9 alimentaire, en particulier, par la tra\u00e7abilit\u00e9 des produits et le suivi aval de la qualit\u00e9 dans l\u2019int\u00e9r\u00eat des utilisateurs et des consommateurs.<\/i><\/span><span style=\"font-family: Times New Roman,serif\">\u00a0\u00bb<\/span><\/p>\n<p align=\"justify\"><span style=\"font-family: Times New Roman,serif\"> Nous voyons donc que les vignerons ind\u00e9pendants b\u00e9n\u00e9ficient eux aussi de diff\u00e9rents outils pour faire prosp\u00e9rer leurs affaires comme les syndicats et les ODG.<\/span><\/p>\n","protected":false},"excerpt":{"rendered":"<p>A pr\u00e9sent, nous pouvons nous pencher sur la particularit\u00e9 des vignerons ind\u00e9pendants qui se forment sous syndicats, comme nous l\u2019a expliqu\u00e9 M.\u00a0Rotier le vigneron que nous avons interrog\u00e9\u00a0: \u00ab\u00a0Les vignerons ind\u00e9pendants c&rsquo;est un syndicat, \u00e7a veut dire que vous pouvez \u00eatre vigneron ind\u00e9pendant sans adh\u00e9rer au syndicat. C&rsquo;est une adh\u00e9sion qui n&rsquo;est pas obligatoire.\u00a0\u00bb Les &hellip; <a href=\"https:\/\/blogs.univ-jfc.fr\/vigneetvin\/les-metiers-de-la-vigne-et-du-vin\/vignerons-et-exploitants\/les-vendangeurs\/quelles-sont-les-caracteristiques-et-specificites-du-vigneron-independant-et-celles-dune-cooperative-vinicole\/le-vigneron-independant\/les-syndicats-de-vignerons-independants\/\" class=\"more-link\">Continuer la lecture de <span class=\"screen-reader-text\">Les syndicats de vignerons ind\u00e9pendants.<\/span> <span class=\"meta-nav\">&rarr;<\/span><\/a><\/p>\n","protected":false},"author":275,"featured_media":0,"parent":2154,"menu_order":1,"comment_status":"closed","ping_status":"closed","template":"","meta":[],"_links":{"self":[{"href":"https:\/\/blogs.univ-jfc.fr\/vigneetvin\/wp-json\/wp\/v2\/pages\/2163"}],"collection":[{"href":"https:\/\/blogs.univ-jfc.fr\/vigneetvin\/wp-json\/wp\/v2\/pages"}],"about":[{"href":"https:\/\/blogs.univ-jfc.fr\/vigneetvin\/wp-json\/wp\/v2\/types\/page"}],"author":[{"embeddable":true,"href":"https:\/\/blogs.univ-jfc.fr\/vigneetvin\/wp-json\/wp\/v2\/users\/275"}],"replies":[{"embeddable":true,"href":"https:\/\/blogs.univ-jfc.fr\/vigneetvin\/wp-json\/wp\/v2\/comments?post=2163"}],"version-history":[{"count":2,"href":"https:\/\/blogs.univ-jfc.fr\/vigneetvin\/wp-json\/wp\/v2\/pages\/2163\/revisions"}],"predecessor-version":[{"id":5035,"href":"https:\/\/blogs.univ-jfc.fr\/vigneetvin\/wp-json\/wp\/v2\/pages\/2163\/revisions\/5035"}],"up":[{"embeddable":true,"href":"https:\/\/blogs.univ-jfc.fr\/vigneetvin\/wp-json\/wp\/v2\/pages\/2154"}],"wp:attachment":[{"href":"https:\/\/blogs.univ-jfc.fr\/vigneetvin\/wp-json\/wp\/v2\/media?parent=2163"}],"curies":[{"name":"wp","href":"https:\/\/api.w.org\/{rel}","templated":true}]}}