{"id":2177,"date":"2017-03-15T10:57:29","date_gmt":"2017-03-15T09:57:29","guid":{"rendered":"http:\/\/blogs.univ-jfc.fr\/vigneetvin\/?page_id=2177"},"modified":"2017-03-15T11:02:43","modified_gmt":"2017-03-15T10:02:43","slug":"la-bataille-des-vins","status":"publish","type":"page","link":"https:\/\/blogs.univ-jfc.fr\/vigneetvin\/la-bataille-des-vins\/","title":{"rendered":"La Bataille des vins"},"content":{"rendered":"<p style=\"text-align: justify\">Ce po\u00e8me y vante notamment les vins du Nord qui sont bus, notamment, par les chevaliers victorieux des arm\u00e9es de Louis VIII et de Simon de Montfort1 (XIIe\/XIIIe). Le r\u00f4le de cet ouvrage doit cependant \u00eatre nuanc\u00e9, effectivement, les couleurs et les saveurs du vin n&rsquo;y sont que tr\u00e8s sommairement mentionn\u00e9es . Pour autant, nous pouvons constater qu&rsquo;il y a des \u00ab modes \u00bb pour les vins d&rsquo;honneurs, ainsi sous le r\u00e8gne de Philippe le Bel (1285-1314) les vins du Midi toulousain dont ceux de Gaillac occupe une place privil\u00e9gi\u00e9e. Sous le r\u00e8gne de Charles IV (1322-1328) ou de Philippe VI (1328-1350) les vins de Beaune y sont mis \u00e0 l&rsquo;honneur. Au XIVe dans les d\u00e9penses en vin de l&rsquo;h\u00f4tel royal, celles en \u00ab\u00a0vins Fran\u00e7ois\u00a0\u00bb (\u00cele-de-France) sont plus \u00e9lev\u00e9es que celles de tous les autres vins r\u00e9unis.<\/p>\n","protected":false},"excerpt":{"rendered":"<p>Ce po\u00e8me y vante notamment les vins du Nord qui sont bus, notamment, par les chevaliers victorieux des arm\u00e9es de Louis VIII et de Simon de Montfort1 (XIIe\/XIIIe). Le r\u00f4le de cet ouvrage doit cependant \u00eatre nuanc\u00e9, effectivement, les couleurs et les saveurs du vin n&rsquo;y sont que tr\u00e8s sommairement mentionn\u00e9es . Pour autant, nous &hellip; <a href=\"https:\/\/blogs.univ-jfc.fr\/vigneetvin\/la-bataille-des-vins\/\" class=\"more-link\">Continuer la lecture de <span class=\"screen-reader-text\">La Bataille des vins<\/span> <span class=\"meta-nav\">&rarr;<\/span><\/a><\/p>\n","protected":false},"author":224,"featured_media":0,"parent":0,"menu_order":0,"comment_status":"closed","ping_status":"closed","template":"","meta":[],"_links":{"self":[{"href":"https:\/\/blogs.univ-jfc.fr\/vigneetvin\/wp-json\/wp\/v2\/pages\/2177"}],"collection":[{"href":"https:\/\/blogs.univ-jfc.fr\/vigneetvin\/wp-json\/wp\/v2\/pages"}],"about":[{"href":"https:\/\/blogs.univ-jfc.fr\/vigneetvin\/wp-json\/wp\/v2\/types\/page"}],"author":[{"embeddable":true,"href":"https:\/\/blogs.univ-jfc.fr\/vigneetvin\/wp-json\/wp\/v2\/users\/224"}],"replies":[{"embeddable":true,"href":"https:\/\/blogs.univ-jfc.fr\/vigneetvin\/wp-json\/wp\/v2\/comments?post=2177"}],"version-history":[{"count":3,"href":"https:\/\/blogs.univ-jfc.fr\/vigneetvin\/wp-json\/wp\/v2\/pages\/2177\/revisions"}],"predecessor-version":[{"id":2181,"href":"https:\/\/blogs.univ-jfc.fr\/vigneetvin\/wp-json\/wp\/v2\/pages\/2177\/revisions\/2181"}],"wp:attachment":[{"href":"https:\/\/blogs.univ-jfc.fr\/vigneetvin\/wp-json\/wp\/v2\/media?parent=2177"}],"curies":[{"name":"wp","href":"https:\/\/api.w.org\/{rel}","templated":true}]}}