{"id":2182,"date":"2017-03-15T11:03:52","date_gmt":"2017-03-15T10:03:52","guid":{"rendered":"http:\/\/blogs.univ-jfc.fr\/vigneetvin\/?page_id=2182"},"modified":"2017-03-15T11:03:52","modified_gmt":"2017-03-15T10:03:52","slug":"papes-davignon","status":"publish","type":"page","link":"https:\/\/blogs.univ-jfc.fr\/vigneetvin\/papes-davignon\/","title":{"rendered":"Papes d&rsquo;Avignon"},"content":{"rendered":"<p style=\"text-align: justify\">Les papes d&rsquo;Avignon en sont un bon exemple, ils participent \u00e0 la mise en valeur et au d\u00e9veloppement de la vigne dans la r\u00e9gion. Depuis 1224, les alentours d&rsquo;Avignon sont une possession des Etats Pontificaux, \u00e0 partir de 1309 des papes d&rsquo;origine fran\u00e7aise en font le si\u00e8ge de leur pontificat jusqu&rsquo;en 1378. Ils y favorisent la culture de la vigne, notamment Jean XXII c\u00e9l\u00e8bre pour avoir fait planter le vignoble du Ch\u00e2teau-neuf \u00a0en 1316.<\/p>\n","protected":false},"excerpt":{"rendered":"<p>Les papes d&rsquo;Avignon en sont un bon exemple, ils participent \u00e0 la mise en valeur et au d\u00e9veloppement de la vigne dans la r\u00e9gion. Depuis 1224, les alentours d&rsquo;Avignon sont une possession des Etats Pontificaux, \u00e0 partir de 1309 des papes d&rsquo;origine fran\u00e7aise en font le si\u00e8ge de leur pontificat jusqu&rsquo;en 1378. Ils y favorisent &hellip; <a href=\"https:\/\/blogs.univ-jfc.fr\/vigneetvin\/papes-davignon\/\" class=\"more-link\">Continuer la lecture de <span class=\"screen-reader-text\">Papes d&rsquo;Avignon<\/span> <span class=\"meta-nav\">&rarr;<\/span><\/a><\/p>\n","protected":false},"author":224,"featured_media":0,"parent":0,"menu_order":0,"comment_status":"closed","ping_status":"closed","template":"","meta":[],"_links":{"self":[{"href":"https:\/\/blogs.univ-jfc.fr\/vigneetvin\/wp-json\/wp\/v2\/pages\/2182"}],"collection":[{"href":"https:\/\/blogs.univ-jfc.fr\/vigneetvin\/wp-json\/wp\/v2\/pages"}],"about":[{"href":"https:\/\/blogs.univ-jfc.fr\/vigneetvin\/wp-json\/wp\/v2\/types\/page"}],"author":[{"embeddable":true,"href":"https:\/\/blogs.univ-jfc.fr\/vigneetvin\/wp-json\/wp\/v2\/users\/224"}],"replies":[{"embeddable":true,"href":"https:\/\/blogs.univ-jfc.fr\/vigneetvin\/wp-json\/wp\/v2\/comments?post=2182"}],"version-history":[{"count":1,"href":"https:\/\/blogs.univ-jfc.fr\/vigneetvin\/wp-json\/wp\/v2\/pages\/2182\/revisions"}],"predecessor-version":[{"id":2183,"href":"https:\/\/blogs.univ-jfc.fr\/vigneetvin\/wp-json\/wp\/v2\/pages\/2182\/revisions\/2183"}],"wp:attachment":[{"href":"https:\/\/blogs.univ-jfc.fr\/vigneetvin\/wp-json\/wp\/v2\/media?parent=2182"}],"curies":[{"name":"wp","href":"https:\/\/api.w.org\/{rel}","templated":true}]}}