{"id":2283,"date":"2017-03-15T17:21:48","date_gmt":"2017-03-15T16:21:48","guid":{"rendered":"http:\/\/blogs.univ-jfc.fr\/vigneetvin\/?page_id=2283"},"modified":"2017-04-19T20:20:16","modified_gmt":"2017-04-19T19:20:16","slug":"le-maintien-des-produits-phytosanitaires-la-viticulture-productiviste","status":"publish","type":"page","link":"https:\/\/blogs.univ-jfc.fr\/vigneetvin\/la-culture-de-la-vigne\/un-ecosysteme-fragile\/les-produits-phytosanitaires-en-debat-depuis-les-annees-1960\/le-tournant-des-annees-1960-la-contestation-de-la-viticulture-productiviste\/le-maintien-des-produits-phytosanitaires-la-viticulture-productiviste\/","title":{"rendered":"Le maintien des produits phytosanitaires : la viticulture productiviste"},"content":{"rendered":"<p style=\"text-align: justify\">L&rsquo;utilisation des produits phytosanitaires \u00e0 fortes doses en agriculture est une des caract\u00e9ristiques de l&rsquo;agriculture fran\u00e7aise. S&rsquo;ajoute \u00e0 cela le fait que la France dispose d&rsquo;une importante surface agricole utile. A partir des ann\u00e9es 1950, les produits phytosanitaires accompagn\u00e9s d&rsquo;autres m\u00e9thodes ont permis une <a href=\"http:\/\/www.lemonde.fr\/planete\/article\/2012\/10\/27\/les-raisons-de-l-addiction-francaise-aux-pesticides_1782000_3244.html\">augmentation spectaculaire des rendements<\/a> entre 1950 et 2000. Ils ont permis aussi \u00e0 la France d&rsquo;entrer dans une modernisation radicale. Les pouvoirs publics ont alors encourag\u00e9 l&rsquo;utilisation des produits phytosanitaires. Du fait de ce contexte, la consommation de pesticides n&rsquo;a cess\u00e9 d&rsquo;augmenter entre 1945 et 1985.<\/p>\n<figure id=\"attachment_3584\" aria-describedby=\"caption-attachment-3584\" style=\"width: 300px\" class=\"wp-caption aligncenter\"><a href=\"http:\/\/blogs.univ-jfc.fr\/vigneetvin\/wp-content\/uploads\/sites\/56\/2017\/03\/\u00e9pandage-.jpg\"><img loading=\"lazy\" class=\"wp-image-3584 size-medium\" title=\"https:\/\/de.wikipedia.org\/wiki\/Pflanzenschutzmittel#\/media\/File:Tunnelspritze_f\u00fcr_Raumkulturen.JPG\" src=\"http:\/\/blogs.univ-jfc.fr\/vigneetvin\/wp-content\/uploads\/sites\/56\/2017\/03\/\u00e9pandage--300x225.jpg\" alt=\"\" width=\"300\" height=\"225\" srcset=\"https:\/\/blogs.univ-jfc.fr\/vigneetvin\/wp-content\/uploads\/sites\/56\/2017\/03\/\u00e9pandage--300x225.jpg 300w, https:\/\/blogs.univ-jfc.fr\/vigneetvin\/wp-content\/uploads\/sites\/56\/2017\/03\/\u00e9pandage--768x576.jpg 768w, https:\/\/blogs.univ-jfc.fr\/vigneetvin\/wp-content\/uploads\/sites\/56\/2017\/03\/\u00e9pandage-.jpg 800w\" sizes=\"(max-width: 300px) 100vw, 300px\" \/><\/a><figcaption id=\"caption-attachment-3584\" class=\"wp-caption-text\">Epandage dans les vignes<\/figcaption><\/figure>\n<p style=\"text-align: justify\">Aujourd&rsquo;hui, on peut voir plusieurs ph\u00e9nom\u00e8nes qui am\u00e8nent les agriculteurs et les viticulteurs \u00e0 utiliser les produits phytosanitaires en quantit\u00e9 superflue. Dans certains cas, l&rsquo;usage des produits phytosanitaires est s\u00e9curisant et est devenu une habitude plus qu&rsquo;une n\u00e9cessit\u00e9. Il existe une r\u00e9elle crainte chez les viticulteurs de voir leurs cultures d\u00e9vast\u00e9es par une maladie ou un ravageur. Ceci les pousse \u00e0 toujours utiliser les produits phytosanitaires en grande quantit\u00e9 sans prendre r\u00e9ellement conscience de la gravit\u00e9 sur la sant\u00e9 et l&rsquo;environnement. Parfois il y a \u00e9galement le manque de connaissances de certains viticulteurs qui utilisent les produits phytosanitaires de mani\u00e8re cons\u00e9quente. Ceux-ci ne r\u00e9fl\u00e9chissent pas \u00e0 d&rsquo;autres alternatives, n&rsquo;utilisent pas les dosages ad\u00e9quats.<\/p>\n<p style=\"text-align: justify\">En France, les principaux acteurs de l&rsquo;industrie phytopharmaceutique se regroupent en deux organisations professionnelles et pratiquent un lobbying actif. La premi\u00e8re est l&rsquo;<a href=\"http:\/\/www.uipp.org\/Qui-sommes-nous\/Notre-vision\">Union des Industries de la Protection des Plantes (UIPP)<\/a> qui r\u00e9unit vingt groupes industriels de la chimie phytosanitaire. Son but est de faire \u00e9voluer et de suivre la r\u00e9glementation ; de d\u00e9velopper les bonnes pratiques phytopharmaceutiques afin de r\u00e9duire leur incidence sur l&rsquo;environnement et la sant\u00e9 ; enfin de promouvoir leur secteur aux citoyens et aux institutions politiques. La seconde organisation est l&rsquo;<a href=\"http:\/\/www.ibmafrance.com\/preacutesentation-geacuteneacuterale.html\">International Bio-Control Manufacturer&rsquo;s Association<\/a> (IBMA) compos\u00e9e d&rsquo;environ 180 membres en Europe. L&rsquo;UIPP, d\u00e9fenseur des produits phytosanitaires, tient un argumentaire d\u00e9montrant son utilit\u00e9. Mais \u00e9galement pour montrer <a href=\"http:\/\/www.adivalor.fr\/_script\/ntsp-document-file_download.php?document_file_id=1797\">sa bonne volont\u00e9<\/a>, l&rsquo;UIPP encourage une diminution des risques des pesticides sur l&rsquo;environnement et la sant\u00e9 plut\u00f4t qu&rsquo;une simple diminution de la quantit\u00e9 des produits phytosanitaires utilis\u00e9e. Ces arguments sont destin\u00e9s aux pouvoirs publics. Ce lobby a un v\u00e9ritable poids et est d\u00e9nonc\u00e9 par la lutte paysanne ainsi que les diff\u00e9rentes organisations qui d\u00e9fendent l&rsquo;agriculture durable et la sant\u00e9 des citoyens.<\/p>\n<figure id=\"attachment_4090\" aria-describedby=\"caption-attachment-4090\" style=\"width: 446px\" class=\"wp-caption aligncenter\"><a href=\"http:\/\/blogs.univ-jfc.fr\/vigneetvin\/wp-content\/uploads\/sites\/56\/2017\/03\/bouteille-andr\u00e9a.jpg\"><img loading=\"lazy\" class=\"wp-image-4090\" src=\"http:\/\/blogs.univ-jfc.fr\/vigneetvin\/wp-content\/uploads\/sites\/56\/2017\/03\/bouteille-andr\u00e9a-300x125.jpg\" alt=\"\" width=\"446\" height=\"186\" srcset=\"https:\/\/blogs.univ-jfc.fr\/vigneetvin\/wp-content\/uploads\/sites\/56\/2017\/03\/bouteille-andr\u00e9a-300x125.jpg 300w, https:\/\/blogs.univ-jfc.fr\/vigneetvin\/wp-content\/uploads\/sites\/56\/2017\/03\/bouteille-andr\u00e9a-768x320.jpg 768w, https:\/\/blogs.univ-jfc.fr\/vigneetvin\/wp-content\/uploads\/sites\/56\/2017\/03\/bouteille-andr\u00e9a.jpg 950w\" sizes=\"(max-width: 446px) 100vw, 446px\" \/><\/a><figcaption id=\"caption-attachment-4090\" class=\"wp-caption-text\">Photo Andr\u00e9a Campagne &#8211; Bouteille contenant des sulfites<\/figcaption><\/figure>\n<p style=\"text-align: justify\">Nous pouvons alors nous demander si la viticulture conventionnelle est v\u00e9ritablement plus comp\u00e9titive, si ces co\u00fbts moyens restent moins importants que ceux de la <a href=\"http:\/\/blogs.univ-jfc.fr\/vigneetvin\/la-culture-de-la-vigne\/un-ecosysteme-fragile\/les-produits-phytosanitaires-en-debat-depuis-les-annees-1960\/le-bio-lavenir-de-la-viticulture\/\">viticulture biologique<\/a> et <a href=\"http:\/\/blogs.univ-jfc.fr\/vigneetvin\/la-culture-de-la-vigne\/un-ecosysteme-fragile\/les-produits-phytosanitaires-en-debat-depuis-les-annees-1960\/la-viticulture-raisonnee-un-bon-compromis\/\">raisonn\u00e9e<\/a>. La diff\u00e9rence entre ces trois types de production est pr\u00e9sente dans le traitement de la vigne, l&rsquo;entretien du sol et la lutte cryptogamique contre les maladies fongiques. La diff\u00e9rence de co\u00fbt peut par exemple se voir dans les diff\u00e9rentes mani\u00e8res de gestion du sol avec le d\u00e9sherbage. La viticulture conventionnelle permet de r\u00e9duire les co\u00fbts de production et donc permet une rentabilit\u00e9 \u00e9conomique. C&rsquo;est pourquoi on peut estimer que la viticulture fran\u00e7aise est constitu\u00e9e d&rsquo;une majorit\u00e9 de viticulteurs conventionnels.<\/p>\n<p style=\"text-align: justify\">En outre, l&rsquo;utilisation des produits phytosanitaires permet de <a href=\"http:\/\/www.senat.fr\/rap\/r09-421\/r09-421.html\">limiter la d\u00e9forestation<\/a>. Les pesticides permettent d&rsquo;augmenter le rendement sur une surface d\u00e9finie. Les pesticides permettent d&rsquo;augmenter le rendement sur une surface d\u00e9finir. Or, sans les pesticides pour avoir un rendement \u00e9gal, il faudrait utiliser plus de surface. Cette action peut entra\u00eener la d\u00e9forestation pour lib\u00e9rer des espaces agricoles.<\/p>\n<p style=\"text-align: justify\">Face aux critiques \u00e9nonc\u00e9es, certains viticulteurs se tournent vers la <a href=\"http:\/\/blogs.univ-jfc.fr\/vigneetvin\/la-culture-de-la-vigne\/un-ecosysteme-fragile\/les-produits-phytosanitaires-en-debat-depuis-les-annees-1960\/le-bio-lavenir-de-la-viticulture\/\">viticulture biologique <\/a>pour exercer un mode de production durable et propre.<\/p>\n","protected":false},"excerpt":{"rendered":"<p>L&rsquo;utilisation des produits phytosanitaires \u00e0 fortes doses en agriculture est une des caract\u00e9ristiques de l&rsquo;agriculture fran\u00e7aise. S&rsquo;ajoute \u00e0 cela le fait que la France dispose d&rsquo;une importante surface agricole utile. A partir des ann\u00e9es 1950, les produits phytosanitaires accompagn\u00e9s d&rsquo;autres m\u00e9thodes ont permis une augmentation spectaculaire des rendements entre 1950 et 2000. Ils ont permis &hellip; <a href=\"https:\/\/blogs.univ-jfc.fr\/vigneetvin\/la-culture-de-la-vigne\/un-ecosysteme-fragile\/les-produits-phytosanitaires-en-debat-depuis-les-annees-1960\/le-tournant-des-annees-1960-la-contestation-de-la-viticulture-productiviste\/le-maintien-des-produits-phytosanitaires-la-viticulture-productiviste\/\" class=\"more-link\">Continuer la lecture de <span class=\"screen-reader-text\">Le maintien des produits phytosanitaires : la viticulture productiviste<\/span> <span class=\"meta-nav\">&rarr;<\/span><\/a><\/p>\n","protected":false},"author":272,"featured_media":0,"parent":1064,"menu_order":2,"comment_status":"closed","ping_status":"closed","template":"","meta":[],"_links":{"self":[{"href":"https:\/\/blogs.univ-jfc.fr\/vigneetvin\/wp-json\/wp\/v2\/pages\/2283"}],"collection":[{"href":"https:\/\/blogs.univ-jfc.fr\/vigneetvin\/wp-json\/wp\/v2\/pages"}],"about":[{"href":"https:\/\/blogs.univ-jfc.fr\/vigneetvin\/wp-json\/wp\/v2\/types\/page"}],"author":[{"embeddable":true,"href":"https:\/\/blogs.univ-jfc.fr\/vigneetvin\/wp-json\/wp\/v2\/users\/272"}],"replies":[{"embeddable":true,"href":"https:\/\/blogs.univ-jfc.fr\/vigneetvin\/wp-json\/wp\/v2\/comments?post=2283"}],"version-history":[{"count":26,"href":"https:\/\/blogs.univ-jfc.fr\/vigneetvin\/wp-json\/wp\/v2\/pages\/2283\/revisions"}],"predecessor-version":[{"id":5086,"href":"https:\/\/blogs.univ-jfc.fr\/vigneetvin\/wp-json\/wp\/v2\/pages\/2283\/revisions\/5086"}],"up":[{"embeddable":true,"href":"https:\/\/blogs.univ-jfc.fr\/vigneetvin\/wp-json\/wp\/v2\/pages\/1064"}],"wp:attachment":[{"href":"https:\/\/blogs.univ-jfc.fr\/vigneetvin\/wp-json\/wp\/v2\/media?parent=2283"}],"curies":[{"name":"wp","href":"https:\/\/api.w.org\/{rel}","templated":true}]}}