{"id":2320,"date":"2017-03-15T23:08:17","date_gmt":"2017-03-15T22:08:17","guid":{"rendered":"http:\/\/blogs.univ-jfc.fr\/vigneetvin\/?page_id=2320"},"modified":"2017-04-19T21:25:19","modified_gmt":"2017-04-19T20:25:19","slug":"lart-de-la-degustation","status":"publish","type":"page","link":"https:\/\/blogs.univ-jfc.fr\/vigneetvin\/les-metiers-de-la-vigne-et-du-vin\/le-monde-des-artisans-2\/les-vignerons\/la-degustation-du-vin\/lart-de-la-degustation\/","title":{"rendered":"L&rsquo;art de la d\u00e9gustation"},"content":{"rendered":"<p><span style=\"font-family: 'Times New Roman', serif\"><span style=\"font-size: medium\">La d\u00e9gustation est tout un art et demande un certain nombre de connaissances en rapport avec le vin.<\/span><\/span><\/p>\n<p><span style=\"font-family: 'Times New Roman', serif\"><span style=\"font-size: medium\"> Il y a tout d\u2019abord l\u2019aspect visuel\u00a0: il s\u2019agit d\u2019observer et d\u2019examiner la robe du vin<\/span><\/span><span style=\"font-family: 'Times New Roman', serif\"><span style=\"font-size: medium\">. En effet le vin commence par se go\u00fbter \u00ab\u00a0avec les yeux\u00a0\u00bb, car l\u2019\u0153il est le premier sens utilis\u00e9 une fois que le vin est vers\u00e9 dans le verre. La robe ou la charpente du vin<\/span><\/span><span style=\"font-family: 'Times New Roman', serif\"><span style=\"font-size: medium\">\u00a0donne de nombreuses informations sur l\u2019\u00e9tat de maturation et le potentiel de garde du vin. Par exemple, pour un vin que l\u2019on qualifiera de structur\u00e9, robuste, harmonieux et \u00e9quilibr\u00e9, on parlera d\u2019une robe lumineuse et chatoyante. La couleur de la robe peut avoir de multiples nuances, on peut ainsi trouver des vins jaune p\u00e2le, dor\u00e9 ou orang\u00e9.<\/span><\/span><\/p>\n<p><span style=\"font-family: 'Times New Roman', serif\"><span style=\"font-size: medium\"> Et l\u2019intensit\u00e9 de la robe varie elle aussi de p\u00e2le \u00e0 intense. Cette couleur change en fonction de l\u2019\u00e2ge du vin. Pour les vins blancs par exemple, si la robe est jaune p\u00e2le voire transparente il s\u2019agit alors d\u2019un vin tr\u00e8s jeune et qualifi\u00e9 de sec, si la robe est jaune paille c\u2019est que c\u2019est un vin \u00e0 bonne maturit\u00e9, se sera un vin doux car sucr\u00e9<a href=\"http:\/\/blogs.univ-jfc.fr\/vigneetvin\/wp-content\/uploads\/sites\/56\/2017\/03\/d\u00e9gustation-oenologue.jpg\"><img loading=\"lazy\" class=\"alignright wp-image-2324\" title=\"D\u00e9gustation d'un \u0153nologue de 9 cuv\u00e9es de vins de Champagne Source: Le site de l\u2019\u0153nologie.&lt;br \/&gt; Lien: http:\/\/www.viticulture-oenologie-formation.fr\/\" src=\"http:\/\/blogs.univ-jfc.fr\/vigneetvin\/wp-content\/uploads\/sites\/56\/2017\/03\/d\u00e9gustation-oenologue-300x200.jpg\" alt=\"\" width=\"433\" height=\"288\" srcset=\"https:\/\/blogs.univ-jfc.fr\/vigneetvin\/wp-content\/uploads\/sites\/56\/2017\/03\/d\u00e9gustation-oenologue-300x200.jpg 300w, https:\/\/blogs.univ-jfc.fr\/vigneetvin\/wp-content\/uploads\/sites\/56\/2017\/03\/d\u00e9gustation-oenologue.jpg 400w\" sizes=\"(max-width: 433px) 100vw, 433px\" \/><\/a>, et si la robe est jaune brun le vin est un vin oxyd\u00e9. Pour examiner la robe d\u2019un vin on commence par incliner le verre et faire tourner le vin \u00e0 l\u2019int\u00e9rieur au-dessus d\u2019une surface blanche pour faire un \u00ab\u00a0\u00e9tat de sant\u00e9\u00a0\u00bb du vin. Si le vin est en bonne sant\u00e9 il sera brillant, transparent et limpide. La brillance va de lumineux \u00e0 oxyd\u00e9 et la limpidit\u00e9 de claire \u00e0 floue. De plus, le \u00ab\u00a0gras de la robe\u00a0\u00bb<\/span><\/span><span style=\"font-family: 'Times New Roman', serif\"><span style=\"font-size: medium\"><i>, <\/i><\/span><\/span><span style=\"font-family: 'Times New Roman', serif\"><span style=\"font-size: medium\">soit l\u2019aptitude du vin \u00e0 rester sur le verre quand on l\u2019incline puis le rel\u00e8ve, est une indication sur la teneur en glyc\u00e9rol ou en \u00e9thanol du vin.<\/span><\/span><\/p>\n<p><span style=\"font-family: 'Times New Roman', serif\"><span style=\"font-size: medium\"> Il y a ensuite les odeurs, soit le nez du vin, car l\u2019odorat travaille beaucoup lorsqu&rsquo;on boit ou que l\u2019on mange.<\/span><\/span><b> <\/b><span style=\"font-family: 'Times New Roman', serif\"><span style=\"font-size: medium\">On peut classer les odeurs des vins dans diff\u00e9rentes cat\u00e9gories.<a href=\"http:\/\/blogs.univ-jfc.fr\/vigneetvin\/wp-content\/uploads\/sites\/56\/2017\/04\/odeur-vin.jpg\"><img loading=\"lazy\" class=\"alignleft wp-image-4919\" title=\"Titre: Analyse olfactive d'un vin. Source: Site Wikip\u00e9dia Lien: https:\/\/fr.m.wikipedia.org\/wiki\/Fichier:D%C3%A9gustation_du_vin_-_Lamper.JPG\" src=\"http:\/\/blogs.univ-jfc.fr\/vigneetvin\/wp-content\/uploads\/sites\/56\/2017\/04\/odeur-vin.jpg\" alt=\"\" width=\"230\" height=\"282\" \/><\/a> Il y a par exemple les odeurs florales, comme la violette pour le Condrieu, qui peuvent \u00eatre associ\u00e9es \u00e0 des vins jeunes. Les odeurs bois\u00e9es et balsamiques comme le ch\u00e8vrefeuille, comme pour le Puligny-Montrachet, l\u2019Auxey-Duresses, ou le Meursault qui sont des vins de la C\u00f4te de Beaune, dues tr\u00e8s souvent \u00e0 l\u2019\u00e9levage en barriques. Et il y a aussi des odeurs dites chimiques qui sont quant \u00e0 elles dues \u00e0 des d\u00e9fauts du vins, il peut s\u2019agir d\u2019une odeur de solvant, de vinaigre ou d\u2019\u0153uf pourri. Et enfin on a la bouche qui comprend le go\u00fbt, l\u2019odorat et le toucher qui sont toutes les sensations que l\u2019on per\u00e7oit en bouche. Le go\u00fbt, c\u2019est dire les saveurs, peut \u00eatre sucr\u00e9 (sensation imm\u00e9diate et \u00e9ph\u00e9m\u00e8re), acide (per\u00e7ue sur les c\u00f4t\u00e9s de la langue) ou am\u00e8re (\u00e0 cause des tanins, per\u00e7ue au fond de la langue). L\u2019odorat que nous venons de voir dans le paragraphe pr\u00e9c\u00e9dent va de la voie nasale jusqu&rsquo;\u00e0 la muqueuse olfactive voil\u00e0 pourquoi il joue un r\u00f4le une fois le vin en bouche.<\/span><\/span><\/p>\n<p><span style=\"font-family: 'Times New Roman', serif\"><span style=\"font-size: medium\"> Et enfin les impressions tactiles qui peuvent \u00eatre des sensations de s\u00e9cheresse pour l\u2019astringence, des sensations de br\u00fblure dues \u00e0 l\u2019alcool pour la pseudo-chaleur, ou de consistance pour la texture et de picotement \u00e0 cause de la pr\u00e9sence de gaz carbonique. Ainsi l\u2019art de la d\u00e9gustation du vin demande beaucoup de concentration et peut se d\u00e9couper en trois actions. Premi\u00e8rement il faut identifier des parfums dans un vin. Ensuite, les m\u00e9moriser pour associer ses parfums \u00e0 un vin. Puis, lorsque l\u2019on d\u00e9guste un vin, d\u2019abord d\u00e9celer les parfums pour chercher dans les souvenirs de d\u00e9gustation pour identifier par assimilation \u00e0 quel vin ils font penser.<\/span><\/span><\/p>\n<div id=\"sdfootnote1\">\n<p><span style=\"font-size: small\"><a class=\"sdfootnotesym\" href=\"#sdfootnote1anc\" name=\"sdfootnote1sym\"><\/a><\/span><\/p>\n<\/div>\n<div id=\"sdfootnote3\"><\/div>\n","protected":false},"excerpt":{"rendered":"<p>La d\u00e9gustation est tout un art et demande un certain nombre de connaissances en rapport avec le vin. Il y a tout d\u2019abord l\u2019aspect visuel\u00a0: il s\u2019agit d\u2019observer et d\u2019examiner la robe du vin. En effet le vin commence par se go\u00fbter \u00ab\u00a0avec les yeux\u00a0\u00bb, car l\u2019\u0153il est le premier sens utilis\u00e9 une fois que &hellip; <a href=\"https:\/\/blogs.univ-jfc.fr\/vigneetvin\/les-metiers-de-la-vigne-et-du-vin\/le-monde-des-artisans-2\/les-vignerons\/la-degustation-du-vin\/lart-de-la-degustation\/\" class=\"more-link\">Continuer la lecture de <span class=\"screen-reader-text\">L&rsquo;art de la d\u00e9gustation<\/span> <span class=\"meta-nav\">&rarr;<\/span><\/a><\/p>\n","protected":false},"author":201,"featured_media":0,"parent":2845,"menu_order":0,"comment_status":"closed","ping_status":"closed","template":"","meta":[],"_links":{"self":[{"href":"https:\/\/blogs.univ-jfc.fr\/vigneetvin\/wp-json\/wp\/v2\/pages\/2320"}],"collection":[{"href":"https:\/\/blogs.univ-jfc.fr\/vigneetvin\/wp-json\/wp\/v2\/pages"}],"about":[{"href":"https:\/\/blogs.univ-jfc.fr\/vigneetvin\/wp-json\/wp\/v2\/types\/page"}],"author":[{"embeddable":true,"href":"https:\/\/blogs.univ-jfc.fr\/vigneetvin\/wp-json\/wp\/v2\/users\/201"}],"replies":[{"embeddable":true,"href":"https:\/\/blogs.univ-jfc.fr\/vigneetvin\/wp-json\/wp\/v2\/comments?post=2320"}],"version-history":[{"count":10,"href":"https:\/\/blogs.univ-jfc.fr\/vigneetvin\/wp-json\/wp\/v2\/pages\/2320\/revisions"}],"predecessor-version":[{"id":5101,"href":"https:\/\/blogs.univ-jfc.fr\/vigneetvin\/wp-json\/wp\/v2\/pages\/2320\/revisions\/5101"}],"up":[{"embeddable":true,"href":"https:\/\/blogs.univ-jfc.fr\/vigneetvin\/wp-json\/wp\/v2\/pages\/2845"}],"wp:attachment":[{"href":"https:\/\/blogs.univ-jfc.fr\/vigneetvin\/wp-json\/wp\/v2\/media?parent=2320"}],"curies":[{"name":"wp","href":"https:\/\/api.w.org\/{rel}","templated":true}]}}