{"id":2379,"date":"2017-03-16T09:11:21","date_gmt":"2017-03-16T08:11:21","guid":{"rendered":"http:\/\/blogs.univ-jfc.fr\/vigneetvin\/?page_id=2379"},"modified":"2017-04-09T14:51:06","modified_gmt":"2017-04-09T13:51:06","slug":"linvestissement-de-gaillac-dans-le-progres-technique","status":"publish","type":"page","link":"https:\/\/blogs.univ-jfc.fr\/vigneetvin\/linvestissement-de-gaillac-dans-le-progres-technique\/","title":{"rendered":"l&rsquo;investissement de Gaillac dans le progr\u00e8s technique"},"content":{"rendered":"<p>Apr\u00e8s la seconde guerre mondiale, entre 1950 et 1960, on assiste, dans un premier temps, \u00e0 une meilleure organisation dans l\u2019implantation des pieds de vignes et dans leurs cultures.<\/p>\n<p>L\u2019\u00e9cartement entre les rang\u00e9es de vigne devient plus important. Le charreton circule entre les lignes pour transporter les comportes (cuve en bois qui permet le transport des raisins) de la vigne au fouloir. Ce syst\u00e8me met fin \u00e0 la<a href=\"http:\/\/blogs.univ-jfc.fr\/vigneetvin\/wp-admin\/post.php?post=2058&amp;action=edit\"> taille en gobelet<\/a>. En 1970, le syst\u00e8me est perfectionn\u00e9 par la mise en place de\u00a0palissage . Cela consiste \u00e0 conduire une plante sur une structure en y attachant ses tiges et ses branches \u00e0 l\u2019aide de liens, dans le but d\u2019en am\u00e9liorer la qualit\u00e9 et le rendement.<\/p>\n<p>Progr\u00e8s technique plus controvers\u00e9, le d\u00e9sherbage chimique aux mol\u00e9cules de synth\u00e8se appara\u00eet en France verse 1960 et s&rsquo;installe dans les hectares de Gaillac vers 1970. Cet herbicide permet assez rapidement aux viticulteurs de se prot\u00e9ger face aux \u201cinsectes nuisibles\u201dtelle que les col\u00e9opt\u00e8res, les dipt\u00e8res ou encore les acariens. Pendant pr\u00e8s de 30 ans il sera utilis\u00e9 sans grande retenue et fut la cause d&rsquo;impacts assez ind\u00e9sirables pour la biologie des sols qui n\u2019est alors pas bien connue des viticulteurs. L\u2019herbicide avait en effet cette facult\u00e9 \u00e0 l\u2019\u00e9poque de ne pas \u00eatre biod\u00e9gradable et finissait, lors de l\u2019arriv\u00e9e des pluies, par se r\u00e9pandre sur les sols. La micro biodiversit\u00e9 se voit donc en parti d\u00e9truite et les insectes comme le ver n\u2019alimente plus la terre en nutriment essentiel pour le d\u00e9veloppement des pieds de vigne.<\/p>\n<figure id=\"attachment_2833\" aria-describedby=\"caption-attachment-2833\" style=\"width: 216px\" class=\"wp-caption alignleft\"><a href=\"http:\/\/blogs.univ-jfc.fr\/vigneetvin\/wp-content\/uploads\/sites\/56\/2017\/03\/pressoir-horizontal-\u00e9lectrique.jpeg\"><img loading=\"lazy\" class=\"wp-image-2833 size-full\" src=\"http:\/\/blogs.univ-jfc.fr\/vigneetvin\/wp-content\/uploads\/sites\/56\/2017\/03\/pressoir-horizontal-\u00e9lectrique.jpeg\" alt=\"\" width=\"216\" height=\"144\" \/><\/a><figcaption id=\"caption-attachment-2833\" class=\"wp-caption-text\">le pressoir horizontal \u00e9lectrique<\/figcaption><\/figure>\n<p>Concernant l&rsquo;int\u00e9rieur des caves \u00e0 vin le vignoble gaillacois proc\u00e8de vers 1985 \u00e0 l&rsquo;installation de nouvelles caves climatis\u00e9es qui permettent la ma\u00eetrise des temp\u00e9ratures contrairement aux simples caves qui ne pouvaient s\u2019adapter aux diff\u00e9rences de temp\u00e9rature. Cela permet une meilleure fermentation qui donne \u00e0 l\u2019alcool une plus grande maturit\u00e9 et plus d\u2019ar\u00f4mes naturels. Cette innovation s\u2019accompagne \u00e0 la m\u00eame p\u00e9riode de l&rsquo;installation de machines \u00e0 vendanger. Ces derni\u00e8res effectuent en une seule op\u00e9ration l&rsquo;ensemble des op\u00e9rations de la vendange: nettoyage, portage et transf\u00e8re dans les bennes de d\u00e9bardage. Son utilisation est rapidement g\u00e9n\u00e9ralis\u00e9e, sur la rive gauche, les trois quart de la vigne sont vendang\u00e9s avec cette nouvelle machine. Les caves du Gaillac sont \u00e9galement r\u00e9nov\u00e9es et modernis\u00e9es, les pressoirs sont munis de nouveau syst\u00e8me de v\u00e9rins hydrauliques. Puis arrive progressivement les pressoirs horizontaux, \u00e9lectriques et automatiques.<\/p>\n<p>La derni\u00e8re grande innovation eu lieu vers la fin des ann\u00e9es 1990 avec la mise en place des plantations automatis\u00e9es. Des machines programm\u00e9es implantent ainsi, tout au long des palissages, les pieds de vigne a une distance r\u00e9guli\u00e8re les une des autres (environs tout les 2 m\u00e8tres). Ces espacements automatis\u00e9s permettent un meilleur d\u00e9veloppement de la plante qui profite de plus de nutriments et ainsi la production de plus de grappes par pieds.<\/p>\n<p>Aujourd\u2019hui la prochaine grande innovation susceptible de marquer durement le domaine de la viticulture serait le robot de taille qui permettrait la r\u00e9colte des raisins de mani\u00e8re automatique et sans intervention humaines. Tout ces investissements dans les nouvelles technologies montrent la volont\u00e9 de Gaillac d&rsquo;innover dans sa production et de suivre le cours des \u00e9volutions dans le domaine viticole.<\/p>\n","protected":false},"excerpt":{"rendered":"<p>Apr\u00e8s la seconde guerre mondiale, entre 1950 et 1960, on assiste, dans un premier temps, \u00e0 une meilleure organisation dans l\u2019implantation des pieds de vignes et dans leurs cultures. L\u2019\u00e9cartement entre les rang\u00e9es de vigne devient plus important. Le charreton circule entre les lignes pour transporter les comportes (cuve en bois qui permet le transport &hellip; <a href=\"https:\/\/blogs.univ-jfc.fr\/vigneetvin\/linvestissement-de-gaillac-dans-le-progres-technique\/\" class=\"more-link\">Continuer la lecture de <span class=\"screen-reader-text\">l&rsquo;investissement de Gaillac dans le progr\u00e8s technique<\/span> <span class=\"meta-nav\">&rarr;<\/span><\/a><\/p>\n","protected":false},"author":205,"featured_media":0,"parent":0,"menu_order":0,"comment_status":"closed","ping_status":"closed","template":"","meta":[],"_links":{"self":[{"href":"https:\/\/blogs.univ-jfc.fr\/vigneetvin\/wp-json\/wp\/v2\/pages\/2379"}],"collection":[{"href":"https:\/\/blogs.univ-jfc.fr\/vigneetvin\/wp-json\/wp\/v2\/pages"}],"about":[{"href":"https:\/\/blogs.univ-jfc.fr\/vigneetvin\/wp-json\/wp\/v2\/types\/page"}],"author":[{"embeddable":true,"href":"https:\/\/blogs.univ-jfc.fr\/vigneetvin\/wp-json\/wp\/v2\/users\/205"}],"replies":[{"embeddable":true,"href":"https:\/\/blogs.univ-jfc.fr\/vigneetvin\/wp-json\/wp\/v2\/comments?post=2379"}],"version-history":[{"count":10,"href":"https:\/\/blogs.univ-jfc.fr\/vigneetvin\/wp-json\/wp\/v2\/pages\/2379\/revisions"}],"predecessor-version":[{"id":4719,"href":"https:\/\/blogs.univ-jfc.fr\/vigneetvin\/wp-json\/wp\/v2\/pages\/2379\/revisions\/4719"}],"wp:attachment":[{"href":"https:\/\/blogs.univ-jfc.fr\/vigneetvin\/wp-json\/wp\/v2\/media?parent=2379"}],"curies":[{"name":"wp","href":"https:\/\/api.w.org\/{rel}","templated":true}]}}