{"id":2391,"date":"2017-03-15T23:23:16","date_gmt":"2017-03-15T22:23:16","guid":{"rendered":"http:\/\/blogs.univ-jfc.fr\/vigneetvin\/?page_id=2391"},"modified":"2017-04-19T21:24:16","modified_gmt":"2017-04-19T20:24:16","slug":"formation-dun-oenologue-acces-au-metier","status":"publish","type":"page","link":"https:\/\/blogs.univ-jfc.fr\/vigneetvin\/les-metiers-de-la-vigne-et-du-vin\/le-monde-des-artisans-2\/les-vignerons\/loenologie\/formation-dun-oenologue-acces-au-metier\/","title":{"rendered":"Formation d&rsquo;un \u0153nologue, acc\u00e8s au m\u00e9tier."},"content":{"rendered":"<p><!-- @page { margin: 2cm } P { margin-bottom: 0.21cm } A:link { so-language: zxx } --><\/p>\n<p align=\"JUSTIFY\">Le m\u00e9tier d\u2019\u0153nologue est consid\u00e9r\u00e9 comme une profession artisanale qui n\u00e9cessite de bonnes connaissances scientifiques et techniques. Le r\u00f4le de l\u2019\u0153nologue consiste \u00e9galement \u00e0 am\u00e9liorer la qualit\u00e9 des vins depuis son \u00e9laboration jusqu&rsquo;\u00e0 sa mise en bouteille.<\/p>\n<p align=\"JUSTIFY\">En ce qui concerne les conditions d&rsquo;acc\u00e8s et les dipl\u00f4mes requis pour cette formation, il est vivement recommand\u00e9 d&rsquo;\u00eatre titulaire du dipl\u00f4me national d\u2019\u0153nologue ( DNO ) de niveau bac + 5 afin d&rsquo;exercer ce m\u00e9tier. Il faut savoir que ce dipl\u00f4me est accessible <span style=\"color: #000000\"><span style=\"font-family: 'Times New Roman', serif\"><span style=\"font-size: medium\">aux titulaires d&rsquo;une licence en sciences biologiques, chimiques ou biochimiques agronomiques\u00a0; aux titulaires d\u2019un DUT g\u00e9nie biologique accompagn\u00e9e d&rsquo;une licence professionnelle et aux titulaires du BTSA viticulture-\u0153nologie compl\u00e9t\u00e9e \u00e9galement d&rsquo;une licence professionnelle.<\/span><\/span><\/span><\/p>\n<p><a href=\"http:\/\/blogs.univ-jfc.fr\/vigneetvin\/wp-content\/uploads\/sites\/56\/2017\/03\/elise-feron.jpg\"><img loading=\"lazy\" class=\"alignleft wp-image-2520\" title=\"Titre: Elise F\u00e9ron, \u00e9tudiante en Licence Professionnelle Commerce International des Vins et Spiritueux en 2010-2011 Source: le site de l'Oenologie  Lien: http:\/\/www.viticulture-oenologie-formation.fr\/vitioenoformlycee\/formationlyceeavize\/licenceprocom\/temoignage-e-feron.html\" src=\"http:\/\/blogs.univ-jfc.fr\/vigneetvin\/wp-content\/uploads\/sites\/56\/2017\/03\/elise-feron-200x300.jpg\" alt=\"\" width=\"164\" height=\"246\" srcset=\"https:\/\/blogs.univ-jfc.fr\/vigneetvin\/wp-content\/uploads\/sites\/56\/2017\/03\/elise-feron-200x300.jpg 200w, https:\/\/blogs.univ-jfc.fr\/vigneetvin\/wp-content\/uploads\/sites\/56\/2017\/03\/elise-feron.jpg 250w\" sizes=\"(max-width: 164px) 100vw, 164px\" \/><\/a><\/p>\n<p align=\"JUSTIFY\"><span style=\"color: #000000\"><span style=\"font-family: 'Times New Roman', serif\"><span style=\"font-size: medium\">La pr\u00e9paration \u00e0 ce dipl\u00f4me a une dur\u00e9 de 2 ans, il est donc tr\u00e8s fortement conseill\u00e9 d&rsquo;avoir de bonnes appr\u00e9ciations en raison de la s\u00e9lection plut\u00f4t rude de la formation. <\/span><\/span><\/span><span style=\"color: #000000\"><span style=\"font-family: 'Times New Roman', serif\"><span style=\"font-size: medium\">Il faut savoir qu&rsquo;en France, seulement 5 facult\u00e9s et une \u00e9cole d&rsquo;ing\u00e9nieur peuvent former au m\u00e9tier d\u2019\u0153nologue. <\/span><\/span><\/span><span style=\"color: #000000\"><span style=\"font-family: 'Times New Roman', serif\"><span style=\"font-size: medium\">C\u2019est le cas de l\u2019\u00e9cole nationale sup\u00e9rieure d\u2019agronomie de\u00a0<\/span><\/span><\/span><a href=\"http:\/\/www.terroirexperience.com\/commande-en-ligne\/achat\/cours-oenologie-montpellier.html\"><span style=\"color: #000000\"><span style=\"font-family: 'Times New Roman', serif\"><span style=\"font-size: medium\">Montpellier<\/span><\/span><\/span><\/a><span style=\"color: #000000\"><span style=\"font-family: 'Times New Roman', serif\"><span style=\"font-size: medium\">, l\u2019universit\u00e9 de Montpellier 1, l\u2019universit\u00e9 Paul Sabatier de Toulouse, l\u2019Institut Jules-Guyot de Dijon, la facult\u00e9 d\u2019\u0153nologie de\u00a0<\/span><\/span><\/span><a href=\"http:\/\/www.terroirexperience.com\/commande-en-ligne\/achat\/cours-oenologie-bordeaux.html\"><span style=\"color: #000000\"><span style=\"font-family: 'Times New Roman', serif\"><span style=\"font-size: medium\">Bordeaux<\/span><\/span><\/span><\/a><span style=\"color: #000000\"><span style=\"font-family: 'Times New Roman', serif\"><span style=\"font-size: medium\">\u00a0ou encore l\u2019universit\u00e9 de Reims.<\/span><\/span><\/span><\/p>\n<p align=\"JUSTIFY\"><span style=\"color: #000000\"><span style=\"font-family: 'Times New Roman', serif\"><span style=\"font-size: medium\">Les cours en \u0153nologie sont acc\u00e8s, bien \u00e9videmment, sur des connaissances scientifiques reposant sur la biologie de la vigne\u00a0; sur des techniques de la viticulture mais aussi sur des analyses chimiques et micro-biologiques. L&rsquo;\u00e9tudiant en \u0153nologie doit en plus de \u00e7a apprendre \u00e0 ma\u00eetriser l&rsquo;art de la d\u00e9gustation, poss\u00e9der un bon nez et acqu\u00e9rir des capacit\u00e9s de concentration afin de pouvoir superviser le processus de production du vin. Les cours d\u2019\u0153nologie sont compl\u00e9t\u00e9s par des cours techniques reposant sur des notions de marketing, de droit, de gestion et des stages de plusieurs semaines en premi\u00e8re ann\u00e9e et de plusieurs mois en deuxi\u00e8me <\/span><\/span><\/span><span style=\"color: #000000\"><span style=\"font-family: 'Times New Roman', serif\"><span style=\"font-size: medium\">ann\u00e9e.<\/span><\/span><\/span><\/p>\n<p align=\"JUSTIFY\"><span style=\"color: #000000\"><span style=\"font-family: 'Times New Roman', serif\"><span style=\"font-size: medium\">Concernant l&rsquo;\u00e9volution du m\u00e9tier, i<\/span><\/span><\/span><span style=\"color: #000000\"><span style=\"font-family: 'Times New Roman', serif\"><span style=\"font-size: medium\">l peut arriver \u00e0 <\/span><\/span><\/span><span style=\"color: #000000\"><span style=\"font-family: 'Times New Roman', serif\"><span style=\"font-size: medium\">l\u2019\u0153nologue <\/span><\/span><\/span><span style=\"color: #000000\"><span style=\"font-family: 'Times New Roman', serif\"><span style=\"font-size: medium\">de pratiquer en tant que conseiller ind\u00e9pendant et de se d\u00e9placer d&rsquo;une exploitation \u00e0 une autre. De plus, il peut \u00e9galement se sp\u00e9cialiser dans une \u00e9tape sp\u00e9cifique de la fili\u00e8re, sp\u00e9cialisation qui le poussera \u00e9ventuellement vers<\/span><\/span><\/span><span style=\"color: #000000\"><span style=\"font-family: 'Times New Roman', serif\"><span style=\"font-size: medium\">des fonctions se basant sur la production ou sur la direction technique \u00a0chez un exploitant.<a href=\"http:\/\/blogs.univ-jfc.fr\/vigneetvin\/wp-content\/uploads\/sites\/56\/2017\/04\/800px-Institut_des_Sciences_de_la_Vigne_et_du_Vin_ISVV_02-2012_2.jpg\"><img loading=\"lazy\" class=\"alignleft wp-image-4914\" title=\"Titre: Institut des Sciences de la Vigne et du Vin de Bordeaux. Source: site Wikip\u00e9dia.org Lien: https:\/\/fr.wikipedia.org\/wiki\/Fichier:Institut_des_Sciences_de_la_Vigne_et_du_Vin_(ISVV)_02-2012_(2).JPG\" src=\"http:\/\/blogs.univ-jfc.fr\/vigneetvin\/wp-content\/uploads\/sites\/56\/2017\/04\/800px-Institut_des_Sciences_de_la_Vigne_et_du_Vin_ISVV_02-2012_2-300x225.jpg\" alt=\"\" width=\"278\" height=\"209\" srcset=\"https:\/\/blogs.univ-jfc.fr\/vigneetvin\/wp-content\/uploads\/sites\/56\/2017\/04\/800px-Institut_des_Sciences_de_la_Vigne_et_du_Vin_ISVV_02-2012_2-300x225.jpg 300w, https:\/\/blogs.univ-jfc.fr\/vigneetvin\/wp-content\/uploads\/sites\/56\/2017\/04\/800px-Institut_des_Sciences_de_la_Vigne_et_du_Vin_ISVV_02-2012_2-768x576.jpg 768w, https:\/\/blogs.univ-jfc.fr\/vigneetvin\/wp-content\/uploads\/sites\/56\/2017\/04\/800px-Institut_des_Sciences_de_la_Vigne_et_du_Vin_ISVV_02-2012_2.jpg 800w\" sizes=\"(max-width: 278px) 100vw, 278px\" \/><\/a>\u00a0<\/span><\/span><\/span><span style=\"color: #000000\"><span style=\"font-family: 'Times New Roman', serif\"><span style=\"font-size: medium\">Par ailleurs, il peut \u00e9galement \u00e9voluer vers des missions de chercheur ou d&rsquo;analyste au sein de laboratoires d&rsquo;\u00e9tudes sur le vin.\u00a0<\/span><\/span><\/span><span style=\"color: #000000\"><span style=\"font-family: 'Times New Roman', serif\"><span style=\"font-size: medium\">De plus, il faut noter que le m\u00e9tier d\u2019\u0153nologue propose des d\u00e9bouch\u00e9s favorables. En effet, pr\u00e8s de \u00be d&rsquo;entre eux sont salari\u00e9s. Les recrutements s&rsquo;effectuent en grande partie chez les n\u00e9gociants, dans des laboratoires priv\u00e9s ou bien au sein d&rsquo;exploitations viticoles.<\/span><\/span><\/span><\/p>\n<p align=\"JUSTIFY\">\n","protected":false},"excerpt":{"rendered":"<p>Le m\u00e9tier d\u2019\u0153nologue est consid\u00e9r\u00e9 comme une profession artisanale qui n\u00e9cessite de bonnes connaissances scientifiques et techniques. Le r\u00f4le de l\u2019\u0153nologue consiste \u00e9galement \u00e0 am\u00e9liorer la qualit\u00e9 des vins depuis son \u00e9laboration jusqu&rsquo;\u00e0 sa mise en bouteille. En ce qui concerne les conditions d&rsquo;acc\u00e8s et les dipl\u00f4mes requis pour cette formation, il est vivement recommand\u00e9 &hellip; <a href=\"https:\/\/blogs.univ-jfc.fr\/vigneetvin\/les-metiers-de-la-vigne-et-du-vin\/le-monde-des-artisans-2\/les-vignerons\/loenologie\/formation-dun-oenologue-acces-au-metier\/\" class=\"more-link\">Continuer la lecture de <span class=\"screen-reader-text\">Formation d&rsquo;un \u0153nologue, acc\u00e8s au m\u00e9tier.<\/span> <span class=\"meta-nav\">&rarr;<\/span><\/a><\/p>\n","protected":false},"author":201,"featured_media":0,"parent":2387,"menu_order":3,"comment_status":"closed","ping_status":"closed","template":"","meta":[],"_links":{"self":[{"href":"https:\/\/blogs.univ-jfc.fr\/vigneetvin\/wp-json\/wp\/v2\/pages\/2391"}],"collection":[{"href":"https:\/\/blogs.univ-jfc.fr\/vigneetvin\/wp-json\/wp\/v2\/pages"}],"about":[{"href":"https:\/\/blogs.univ-jfc.fr\/vigneetvin\/wp-json\/wp\/v2\/types\/page"}],"author":[{"embeddable":true,"href":"https:\/\/blogs.univ-jfc.fr\/vigneetvin\/wp-json\/wp\/v2\/users\/201"}],"replies":[{"embeddable":true,"href":"https:\/\/blogs.univ-jfc.fr\/vigneetvin\/wp-json\/wp\/v2\/comments?post=2391"}],"version-history":[{"count":10,"href":"https:\/\/blogs.univ-jfc.fr\/vigneetvin\/wp-json\/wp\/v2\/pages\/2391\/revisions"}],"predecessor-version":[{"id":5100,"href":"https:\/\/blogs.univ-jfc.fr\/vigneetvin\/wp-json\/wp\/v2\/pages\/2391\/revisions\/5100"}],"up":[{"embeddable":true,"href":"https:\/\/blogs.univ-jfc.fr\/vigneetvin\/wp-json\/wp\/v2\/pages\/2387"}],"wp:attachment":[{"href":"https:\/\/blogs.univ-jfc.fr\/vigneetvin\/wp-json\/wp\/v2\/media?parent=2391"}],"curies":[{"name":"wp","href":"https:\/\/api.w.org\/{rel}","templated":true}]}}