{"id":2395,"date":"2017-03-15T23:25:14","date_gmt":"2017-03-15T22:25:14","guid":{"rendered":"http:\/\/blogs.univ-jfc.fr\/vigneetvin\/?page_id=2395"},"modified":"2017-04-19T21:22:56","modified_gmt":"2017-04-19T20:22:56","slug":"composition-du-vin-par-loenologue-le-scientifique","status":"publish","type":"page","link":"https:\/\/blogs.univ-jfc.fr\/vigneetvin\/les-metiers-de-la-vigne-et-du-vin\/le-monde-des-artisans-2\/les-vignerons\/loenologie\/composition-du-vin-par-loenologue-le-scientifique\/","title":{"rendered":"Composition du vin par l\u2019\u0153nologue, le scientifique"},"content":{"rendered":"<p><!-- @page { margin: 2cm } P { margin-bottom: 0.21cm } --><\/p>\n<p align=\"JUSTIFY\"><span style=\"color: #000000\"> <span style=\"font-size: medium\"><span style=\"font-family: 'Times New Roman', serif\">Comme l&rsquo;indique l&rsquo;\u00e9tymologie, l\u2019\u0153nologue est d\u00e9finit comme \u00e9tant celui qui \u00ab\u00a0a la science du vin\u00a0\u00bb. C&rsquo;est un expert en la mati\u00e8re, un d\u00e9gustateur en chef, son palais ne le trompe jamais. Il exerce ainsi \u00e0 tous les niveaux du processus d&rsquo;\u00e9laboration du vin, veillant toujours \u00e0 sa qualit\u00e9. Sollicit\u00e9 par de grandes entreprises de production ou les viticulteurs, l\u2019\u0153nologue leur fournit des conseils concernant le choix des c\u00e9pages ou les traitements \u00e0 mettre en \u0153uvre au sein des vignes.<\/span><\/span><span style=\"font-family: 'Times New Roman', serif\"> Ainsi, l\u2019\u0153nologue dispose de plusieurs attributions aussi importantes les unes que les autres.<\/span><\/span><\/p>\n<p align=\"JUSTIFY\"><span style=\"color: #000000\"><span style=\"font-family: 'Times New Roman', serif\"><span style=\"font-size: medium\">En effet, comme \u00e9voqu\u00e9 pr\u00e9c\u00e9demment, il est contact\u00e9 par un viticulteur et il intervient en tant qu&rsquo;assistant en prodiguant des conseils aux professionnels en ce qui concerne la nature des c\u00e9pages et du terroir.<a href=\"http:\/\/blogs.univ-jfc.fr\/vigneetvin\/wp-content\/uploads\/sites\/56\/2017\/04\/D\u00e9gustation-de-plussieurs-vins-par-un-oenologue.jpg\"><img loading=\"lazy\" class=\"alignleft wp-image-5093 size-medium\" title=\"D\u00e9gustation de plusieurs vins par un \u0153nologue Source: site pixabay Lien: https:\/\/pixabay.com\/fr\/photos\/d%C3%A9gustation%20de%20vins\/ \" src=\"http:\/\/blogs.univ-jfc.fr\/vigneetvin\/wp-content\/uploads\/sites\/56\/2017\/04\/D\u00e9gustation-de-plussieurs-vins-par-un-oenologue-300x200.jpg\" alt=\"\" width=\"300\" height=\"200\" srcset=\"https:\/\/blogs.univ-jfc.fr\/vigneetvin\/wp-content\/uploads\/sites\/56\/2017\/04\/D\u00e9gustation-de-plussieurs-vins-par-un-oenologue-300x200.jpg 300w, https:\/\/blogs.univ-jfc.fr\/vigneetvin\/wp-content\/uploads\/sites\/56\/2017\/04\/D\u00e9gustation-de-plussieurs-vins-par-un-oenologue-768x512.jpg 768w, https:\/\/blogs.univ-jfc.fr\/vigneetvin\/wp-content\/uploads\/sites\/56\/2017\/04\/D\u00e9gustation-de-plussieurs-vins-par-un-oenologue.jpg 960w\" sizes=\"(max-width: 300px) 100vw, 300px\" \/><\/a> Le jugement de l\u2019\u0153nologue porte alors sur la qualit\u00e9 des vignes. C&rsquo;est lui qui participe \u00e0 d\u00e9terminer des traitements particuliers \u00e0 appliquer aux vignobles et discute avec le viticulteur sur les dates ad\u00e9quates de vendanges, de fa\u00e7on \u00e0 optimiser leur d\u00e9roulement. De plus, il supervise \u00e9galement la vinification ( c&rsquo;est \u00e0 dire l&rsquo;\u00e9laboration du vin) et la distillation ( la fabrication des alcools) tout en conseillant, une nouvelle fois, les soins n\u00e9cessaires; un plan quant \u00e0 la conservation; l&rsquo;assemblage et la mise en bouteille. L\u2019\u0153nologue participe ensuite aux \u00e9valuations et aux analyses effectu\u00e9es sur le vin afin de corriger les d\u00e9fauts si possible.<\/span><\/span><\/span><\/p>\n<p align=\"JUSTIFY\"><span style=\"color: #000000\"><span style=\"font-family: 'Times New Roman', serif\"><span style=\"font-size: medium\">De l&rsquo;ensemble des professionnels du vin, l\u2019\u0153nologue<\/span><\/span><\/span> <span style=\"color: #000000\"><span style=\"font-family: 'Times New Roman', serif\"><span style=\"font-size: medium\">est celui qui poss\u00e8de les comp\u00e9tences scientifiques les plus pouss\u00e9es, en biochimie, en analyse chimique et microbiologique ou encore en biologie de la vigne. S&rsquo;il compte avant tout sur son palais, <\/span><\/span><\/span><strong><span style=\"color: #000000\"><span style=\"font-family: 'Times New Roman', serif\"><span style=\"font-size: medium\">l\u2019\u0153nologue <\/span><\/span><\/span><\/strong><span style=\"color: #000000\"><span style=\"font-family: 'Times New Roman', serif\"><span style=\"font-size: medium\">sait qu&rsquo;il doit faire preuve d&rsquo;une rigueur et d&rsquo;une pr\u00e9cision sans \u00e9quivalent pour d\u00e9tecter tout probl\u00e8me \u00e9ventuel d&rsquo;\u00e9laboration.<\/span><\/span><\/span><span style=\"color: #000000\"><span style=\"font-family: 'Times New Roman', serif\"><span style=\"font-size: medium\"> L\u2019\u0153nologue est donc un pure scientifique avant tout.<\/span><\/span><\/span><\/p>\n<p align=\"JUSTIFY\"><span style=\"color: #000000\"><span style=\"font-family: 'Times New Roman', serif\"><span style=\"font-size: medium\">En effet, l\u2019\u0153nologue est le seul professionnel du vin capable de <\/span><\/span><\/span><span style=\"color: #000000\"><span style=\"font-family: 'Times New Roman', serif\"><span style=\"font-size: medium\">fixer la date des vendanges. Cette date choisie par l\u2019\u0153nologue influe \u00e9norm\u00e9ment sur le go\u00fbt final du vin.<a href=\"http:\/\/blogs.univ-jfc.fr\/vigneetvin\/wp-content\/uploads\/sites\/56\/2017\/04\/grappe-de-raisin.jpg\"><img loading=\"lazy\" class=\"alignright wp-image-5095\" title=\"grappes de raisin Source: site pixabay Lien: https:\/\/pixabay.com\/fr\/raisins-raisins-de-cuve-1952035\/\" src=\"http:\/\/blogs.univ-jfc.fr\/vigneetvin\/wp-content\/uploads\/sites\/56\/2017\/04\/grappe-de-raisin-300x200.jpg\" alt=\"\" width=\"339\" height=\"226\" srcset=\"https:\/\/blogs.univ-jfc.fr\/vigneetvin\/wp-content\/uploads\/sites\/56\/2017\/04\/grappe-de-raisin-300x200.jpg 300w, https:\/\/blogs.univ-jfc.fr\/vigneetvin\/wp-content\/uploads\/sites\/56\/2017\/04\/grappe-de-raisin-768x512.jpg 768w, https:\/\/blogs.univ-jfc.fr\/vigneetvin\/wp-content\/uploads\/sites\/56\/2017\/04\/grappe-de-raisin.jpg 960w\" sizes=\"(max-width: 339px) 100vw, 339px\" \/><\/a> Ce professionnel est alors extr\u00eamement attentif \u00e0 l\u2019\u00e9volution du raisin et \u00e0 sa floraison.\u00a0<\/span><\/span><\/span><span style=\"color: #000000\"><span style=\"font-family: 'Times New Roman', serif\"><span style=\"font-size: medium\">Le climat tient alors une place importante que l\u2019\u0153nologue ne doit pas n\u00e9gliger, car la temp\u00e9rature a une cons\u00e9quence sur la qualit\u00e9 des raisins et leur \u00e9volution, et donc, sur le go\u00fbt de la boisson. Il faut alors que l\u2019\u0153nologue en prenne compte au sein de ses calculs afin de choisir les interventions les plus ad\u00e9quates \u00e0 mettre en \u0153uvre. <\/span><\/span><\/span><\/p>\n<p align=\"JUSTIFY\"><span style=\"color: #000000\"><span style=\"font-family: 'Times New Roman', serif\"><span style=\"font-size: medium\">C&rsquo;est \u00e9galement l\u2019\u0153nologue qui va choisir les composants \u00e0 rajouter et \u00e0 doser, \u00e0 savoir, les levures, les ferments et les bact\u00e9ries. C&rsquo;est \u00e9galement lui qui contr\u00f4le le ph\u00e9nom\u00e8ne de fermentation par le biais du contr\u00f4le des sucres afin d&rsquo;obtenir un degr\u00e9 d\u2019alcool particulier. En l\u2019occurrence, un vin sec, moelleux ou fruit. Il observe donc les rapports de sucre, d&rsquo;acidit\u00e9 et d&rsquo;amertume afin d&rsquo;\u00e9valuer la maturit\u00e9. Il surveille ensuite la temp\u00e9rature et choisit le type de stockage comme par exemple des cuves en inox, en bois, ou en b\u00e9ton.<\/span><\/span><\/span><\/p>\n<p><a href=\"http:\/\/blogs.univ-jfc.fr\/vigneetvin\/wp-content\/uploads\/sites\/56\/2017\/04\/cuves-de-fermentation-du-vin.jpg\"><img loading=\"lazy\" class=\"aligncenter wp-image-5098 size-medium\" title=\"Cuves de fermentation du vin. Source: site Wikim\u00e9dia commons Lien: https:\/\/commons.wikimedia.org\/wiki\/File:Composite_fermentation_tanks.jpg\" src=\"http:\/\/blogs.univ-jfc.fr\/vigneetvin\/wp-content\/uploads\/sites\/56\/2017\/04\/cuves-de-fermentation-du-vin-300x225.jpg\" alt=\"\" width=\"300\" height=\"225\" srcset=\"https:\/\/blogs.univ-jfc.fr\/vigneetvin\/wp-content\/uploads\/sites\/56\/2017\/04\/cuves-de-fermentation-du-vin-300x225.jpg 300w, https:\/\/blogs.univ-jfc.fr\/vigneetvin\/wp-content\/uploads\/sites\/56\/2017\/04\/cuves-de-fermentation-du-vin-768x576.jpg 768w, https:\/\/blogs.univ-jfc.fr\/vigneetvin\/wp-content\/uploads\/sites\/56\/2017\/04\/cuves-de-fermentation-du-vin-1024x768.jpg 1024w\" sizes=\"(max-width: 300px) 100vw, 300px\" \/><\/a><\/p>\n<p align=\"JUSTIFY\"><span style=\"color: #000000\"><span style=\"font-family: 'Times New Roman', serif\"><span style=\"font-size: medium\">Son r\u00f4le de scientifique le pousse \u00e0 observer le poids des raisins qui diff\u00e8re avec les pluies ou la s\u00e9cheresse. Ce professionnel du vin doit continuer ses analyses sur les mo\u00fbts le vin une fois en cuve. Il faut savoir que de multiples ph\u00e9nom\u00e8nes biologiques passent \u00e0 l&rsquo;action au sein de la fabrication du vin par le biais des levures qui sont responsable de la fermentation de ce dernier. Les levures transforment petit \u00e0 petit le sucre pr\u00e9sent dans les raisons en alcool. Du fait du nombre \u00e9lev\u00e9 de levures existantes, l\u2019\u0153nologue choisi donc les types de levures et les dosages \u00e0 ajouter afin de subvenir aux attentes des clients.<\/span><\/span><\/span><\/p>\n<p align=\"JUSTIFY\"><span style=\"color: #000000\"><span style=\"font-family: 'Times New Roman', serif\"><span style=\"font-size: medium\">Comme nous l&rsquo;avons dit ant\u00e9rieurement et comme nous pouvons le voir par le biais de toutes ses actions, l\u2019\u0153nologue est avant tout un scientifique or pair.<\/span><\/span><\/span><\/p>\n","protected":false},"excerpt":{"rendered":"<p>Comme l&rsquo;indique l&rsquo;\u00e9tymologie, l\u2019\u0153nologue est d\u00e9finit comme \u00e9tant celui qui \u00ab\u00a0a la science du vin\u00a0\u00bb. C&rsquo;est un expert en la mati\u00e8re, un d\u00e9gustateur en chef, son palais ne le trompe jamais. Il exerce ainsi \u00e0 tous les niveaux du processus d&rsquo;\u00e9laboration du vin, veillant toujours \u00e0 sa qualit\u00e9. Sollicit\u00e9 par de grandes entreprises de production &hellip; <a href=\"https:\/\/blogs.univ-jfc.fr\/vigneetvin\/les-metiers-de-la-vigne-et-du-vin\/le-monde-des-artisans-2\/les-vignerons\/loenologie\/composition-du-vin-par-loenologue-le-scientifique\/\" class=\"more-link\">Continuer la lecture de <span class=\"screen-reader-text\">Composition du vin par l\u2019\u0153nologue, le scientifique<\/span> <span class=\"meta-nav\">&rarr;<\/span><\/a><\/p>\n","protected":false},"author":201,"featured_media":0,"parent":2387,"menu_order":0,"comment_status":"closed","ping_status":"closed","template":"","meta":[],"_links":{"self":[{"href":"https:\/\/blogs.univ-jfc.fr\/vigneetvin\/wp-json\/wp\/v2\/pages\/2395"}],"collection":[{"href":"https:\/\/blogs.univ-jfc.fr\/vigneetvin\/wp-json\/wp\/v2\/pages"}],"about":[{"href":"https:\/\/blogs.univ-jfc.fr\/vigneetvin\/wp-json\/wp\/v2\/types\/page"}],"author":[{"embeddable":true,"href":"https:\/\/blogs.univ-jfc.fr\/vigneetvin\/wp-json\/wp\/v2\/users\/201"}],"replies":[{"embeddable":true,"href":"https:\/\/blogs.univ-jfc.fr\/vigneetvin\/wp-json\/wp\/v2\/comments?post=2395"}],"version-history":[{"count":5,"href":"https:\/\/blogs.univ-jfc.fr\/vigneetvin\/wp-json\/wp\/v2\/pages\/2395\/revisions"}],"predecessor-version":[{"id":5099,"href":"https:\/\/blogs.univ-jfc.fr\/vigneetvin\/wp-json\/wp\/v2\/pages\/2395\/revisions\/5099"}],"up":[{"embeddable":true,"href":"https:\/\/blogs.univ-jfc.fr\/vigneetvin\/wp-json\/wp\/v2\/pages\/2387"}],"wp:attachment":[{"href":"https:\/\/blogs.univ-jfc.fr\/vigneetvin\/wp-json\/wp\/v2\/media?parent=2395"}],"curies":[{"name":"wp","href":"https:\/\/api.w.org\/{rel}","templated":true}]}}