{"id":2401,"date":"2017-03-15T23:29:45","date_gmt":"2017-03-15T22:29:45","guid":{"rendered":"http:\/\/blogs.univ-jfc.fr\/vigneetvin\/?page_id=2401"},"modified":"2017-04-19T21:35:20","modified_gmt":"2017-04-19T20:35:20","slug":"le-vin-et-les-societes-la-generation-y-consommateurs-et-acteurs","status":"publish","type":"page","link":"https:\/\/blogs.univ-jfc.fr\/vigneetvin\/les-metiers-de-la-vigne-et-du-vin\/le-monde-des-artisans-2\/les-vignerons\/un-vin-pour-tous-le-vin-a-la-conquete-des-societes-des-sexes-et-des-nations\/le-vin-et-les-societes-la-generation-y-consommateurs-et-acteurs\/","title":{"rendered":"Le vin et les soci\u00e9t\u00e9s\u00a0: La g\u00e9n\u00e9ration Y , consommateurs et acteurs"},"content":{"rendered":"<p><!-- @page { margin: 2cm } P { margin-bottom: 0.21cm } --><\/p>\n<p>Les consommateurs de vin sont divis\u00e9s en deux cat\u00e9gories, les plus jeunes, 18-35 ans ,la g\u00e9n\u00e9ration Y, et les 35 ans et plus.<\/p>\n<p>Avec les nouvelles g\u00e9n\u00e9rations, les go\u00fbts et les attentes \u00e9voluent et les producteurs doivent innover dans la cr\u00e9ation de vins toujours adapt\u00e9s \u00e0 leurs consommateurs. En parall\u00e8le, l&rsquo;attrait des m\u00e9tiers du vin chez cette g\u00e9n\u00e9ration est de plus en plus fort.<\/p>\n<p>On remarque que le go\u00fbt du vin, plus ou moins prononc\u00e9, d\u00e9pend des origines et de l&rsquo;\u00e9ducation de la personne. <a href=\"http:\/\/blogs.univ-jfc.fr\/vigneetvin\/wp-content\/uploads\/sites\/56\/2017\/04\/verre-de-vins-blanc.jpg\"><img loading=\"lazy\" class=\"alignright wp-image-5080 size-medium\" title=\"Verre de vin blanc Source: site Pixabay Lien: https:\/\/pixabay.com\/fr\/vin-blanc-coupe-verre-un-fait-isol%C3%A9-1761575\/\" src=\"http:\/\/blogs.univ-jfc.fr\/vigneetvin\/wp-content\/uploads\/sites\/56\/2017\/04\/verre-de-vins-blanc-300x200.jpg\" alt=\"\" width=\"300\" height=\"200\" srcset=\"https:\/\/blogs.univ-jfc.fr\/vigneetvin\/wp-content\/uploads\/sites\/56\/2017\/04\/verre-de-vins-blanc-300x200.jpg 300w, https:\/\/blogs.univ-jfc.fr\/vigneetvin\/wp-content\/uploads\/sites\/56\/2017\/04\/verre-de-vins-blanc-768x512.jpg 768w, https:\/\/blogs.univ-jfc.fr\/vigneetvin\/wp-content\/uploads\/sites\/56\/2017\/04\/verre-de-vins-blanc.jpg 960w\" sizes=\"(max-width: 300px) 100vw, 300px\" \/><\/a>Les plus jeunes choisiraient plut\u00f4t le vin moelleux et les jeunes femmes appr\u00e9cieraient plus le vin blanc et le vin ros\u00e9. 64\u00a0% des 18-24 ans affirment que leur consommation augmente chaque ann\u00e9e et 25\u00a0% estiment qu&rsquo;elle va continuer d&rsquo;augmenter.<\/p>\n<p>Chez les 25-35 ans, la consommation augmente avec 41\u00a0% de consommateurs et 57\u00a0% qui pensent qu&rsquo;elle augmentera les 5 prochaines ann\u00e9es. Le vin, pour les jeunes est un centre d&rsquo;int\u00e9r\u00eat croissant, Leur relation au vin est plut\u00f4t complexe puisqu&rsquo;ils ne sont qu&rsquo; 1\/3 de cette classe \u00e0 en boire mais sont intrigu\u00e9s par son univers. Le vin \u00e9voque chez eux la culture, l&rsquo;artisanat et la tradition, avec une admiration certaine pour le vin rouge, et 78 \u00a0% d&rsquo;entre eux souhaitent en apprendre davantage sur le vin, notamment l&rsquo;apprentissage de sa d\u00e9gustation et les secrets de sa consommation. Cependant un paradoxe appara\u00eet puisque selon une \u00e9tude, le nombre de consommateurs augmente mais ceux-ci deviennent des consommateurs occasionnels, le vin \u00e9tant pour eux une boisson occasionnelle et culturelle. Le vin blanc et ros\u00e9 est plus bu \u00e0 l&rsquo;ap\u00e9ritif alors que le vin rouge est encore largement r\u00e9serv\u00e9 pour le repas.<\/p>\n<p>La tranche 35 -65 ans est celle contenant le plus de consommateurs r\u00e9guliers, au d\u00e9triment des plus jeunes, plut\u00f4t consommateurs occasionnels. Ils en sont donc de plus grands consommateurs, mais \u00e0 une fr\u00e9quence plus r\u00e9duite, et passent pour la plupart du statut de non-initi\u00e9s \u00e0 consommateurs initi\u00e9s. <a href=\"http:\/\/blogs.univ-jfc.fr\/vigneetvin\/wp-content\/uploads\/sites\/56\/2017\/04\/vins-rouges.jpg\"><img loading=\"lazy\" class=\"alignleft wp-image-5079 size-full\" title=\" Bouteilles de vin rouge Source: site Flickr Lien: https:\/\/www.flickr.com\/photos\/campusfrance\/20049606765\" src=\"http:\/\/blogs.univ-jfc.fr\/vigneetvin\/wp-content\/uploads\/sites\/56\/2017\/04\/vins-rouges.jpg\" alt=\"\" width=\"275\" height=\"183\" \/><\/a>En r\u00e9ponse \u00e0 cette nouvelle consommation, l&rsquo;attrait des m\u00e9tiers du vin chez les jeunes est de plus en plus pr\u00e9sent. Ce secteur recrutant de plus en plus et le choix \u00e9tant large. Les jeunes sont donc de plus en plus nombreux \u00e0 se lancer dans l&rsquo;aventure. Les passionn\u00e9s du domaine viti-vinicole envisagent d&rsquo;y faire carri\u00e8re, le m\u00e9tier de commercial, plus ou moins sp\u00e9cialis\u00e9, \u00e9tant l&rsquo;un des plus recruteurs. De nombreuses formations sont propos\u00e9es aux jeunes souhaitant se lancer, \u00e0 savoir environ 28 dipl\u00f4mes en France environ, avec des \u00e9coles plus ou moins r\u00e9put\u00e9es.<\/p>\n","protected":false},"excerpt":{"rendered":"<p>Les consommateurs de vin sont divis\u00e9s en deux cat\u00e9gories, les plus jeunes, 18-35 ans ,la g\u00e9n\u00e9ration Y, et les 35 ans et plus. Avec les nouvelles g\u00e9n\u00e9rations, les go\u00fbts et les attentes \u00e9voluent et les producteurs doivent innover dans la cr\u00e9ation de vins toujours adapt\u00e9s \u00e0 leurs consommateurs. En parall\u00e8le, l&rsquo;attrait des m\u00e9tiers du vin &hellip; <a href=\"https:\/\/blogs.univ-jfc.fr\/vigneetvin\/les-metiers-de-la-vigne-et-du-vin\/le-monde-des-artisans-2\/les-vignerons\/un-vin-pour-tous-le-vin-a-la-conquete-des-societes-des-sexes-et-des-nations\/le-vin-et-les-societes-la-generation-y-consommateurs-et-acteurs\/\" class=\"more-link\">Continuer la lecture de <span class=\"screen-reader-text\">Le vin et les soci\u00e9t\u00e9s\u00a0: La g\u00e9n\u00e9ration Y , consommateurs et acteurs<\/span> <span class=\"meta-nav\">&rarr;<\/span><\/a><\/p>\n","protected":false},"author":201,"featured_media":0,"parent":680,"menu_order":3,"comment_status":"closed","ping_status":"closed","template":"","meta":[],"_links":{"self":[{"href":"https:\/\/blogs.univ-jfc.fr\/vigneetvin\/wp-json\/wp\/v2\/pages\/2401"}],"collection":[{"href":"https:\/\/blogs.univ-jfc.fr\/vigneetvin\/wp-json\/wp\/v2\/pages"}],"about":[{"href":"https:\/\/blogs.univ-jfc.fr\/vigneetvin\/wp-json\/wp\/v2\/types\/page"}],"author":[{"embeddable":true,"href":"https:\/\/blogs.univ-jfc.fr\/vigneetvin\/wp-json\/wp\/v2\/users\/201"}],"replies":[{"embeddable":true,"href":"https:\/\/blogs.univ-jfc.fr\/vigneetvin\/wp-json\/wp\/v2\/comments?post=2401"}],"version-history":[{"count":5,"href":"https:\/\/blogs.univ-jfc.fr\/vigneetvin\/wp-json\/wp\/v2\/pages\/2401\/revisions"}],"predecessor-version":[{"id":5107,"href":"https:\/\/blogs.univ-jfc.fr\/vigneetvin\/wp-json\/wp\/v2\/pages\/2401\/revisions\/5107"}],"up":[{"embeddable":true,"href":"https:\/\/blogs.univ-jfc.fr\/vigneetvin\/wp-json\/wp\/v2\/pages\/680"}],"wp:attachment":[{"href":"https:\/\/blogs.univ-jfc.fr\/vigneetvin\/wp-json\/wp\/v2\/media?parent=2401"}],"curies":[{"name":"wp","href":"https:\/\/api.w.org\/{rel}","templated":true}]}}