{"id":2546,"date":"2017-03-16T09:26:56","date_gmt":"2017-03-16T08:26:56","guid":{"rendered":"http:\/\/blogs.univ-jfc.fr\/vigneetvin\/?page_id=2546"},"modified":"2017-03-16T09:43:23","modified_gmt":"2017-03-16T08:43:23","slug":"bourgeoisie","status":"publish","type":"page","link":"https:\/\/blogs.univ-jfc.fr\/vigneetvin\/bourgeoisie\/","title":{"rendered":"Bourgeoisie"},"content":{"rendered":"<p align=\"JUSTIFY\">\u00a0 \u00a0 \u00a0Selon Karl Marx la bourgeoisie est la classe de la population qui d\u00e9tient les moyens de productions et exploite la classe prol\u00e9taire des travailleurs. Avant la R\u00e9volution Fran\u00e7aise la bourgeoisie \u00e9tait un droit nomm\u00e9 \u00a0\u00bb droit de bourgeoisie\u00a0\u00bb et permettait ainsi des privil\u00e8ges \u00e0 diverses niveaux. A l&rsquo;heure actuelle, la classe bourgeoise correspond \u00e0 la classe capitaliste qui m\u00e8ne un train de vie ais\u00e9 et n&rsquo;exerce pas de m\u00e9tier dit \u00ab\u00a0manuel\u00a0\u00bb ( Max Weber). La classe bourgeoise poss\u00e8de les capitaux les plus important que cela soit au niveau social,\u00e9conomique ou culturel.<\/p>\n","protected":false},"excerpt":{"rendered":"<p>\u00a0 \u00a0 \u00a0Selon Karl Marx la bourgeoisie est la classe de la population qui d\u00e9tient les moyens de productions et exploite la classe prol\u00e9taire des travailleurs. Avant la R\u00e9volution Fran\u00e7aise la bourgeoisie \u00e9tait un droit nomm\u00e9 \u00a0\u00bb droit de bourgeoisie\u00a0\u00bb et permettait ainsi des privil\u00e8ges \u00e0 diverses niveaux. A l&rsquo;heure actuelle, la classe bourgeoise correspond &hellip; <a href=\"https:\/\/blogs.univ-jfc.fr\/vigneetvin\/bourgeoisie\/\" class=\"more-link\">Continuer la lecture de <span class=\"screen-reader-text\">Bourgeoisie<\/span> <span class=\"meta-nav\">&rarr;<\/span><\/a><\/p>\n","protected":false},"author":282,"featured_media":0,"parent":0,"menu_order":0,"comment_status":"closed","ping_status":"closed","template":"","meta":[],"_links":{"self":[{"href":"https:\/\/blogs.univ-jfc.fr\/vigneetvin\/wp-json\/wp\/v2\/pages\/2546"}],"collection":[{"href":"https:\/\/blogs.univ-jfc.fr\/vigneetvin\/wp-json\/wp\/v2\/pages"}],"about":[{"href":"https:\/\/blogs.univ-jfc.fr\/vigneetvin\/wp-json\/wp\/v2\/types\/page"}],"author":[{"embeddable":true,"href":"https:\/\/blogs.univ-jfc.fr\/vigneetvin\/wp-json\/wp\/v2\/users\/282"}],"replies":[{"embeddable":true,"href":"https:\/\/blogs.univ-jfc.fr\/vigneetvin\/wp-json\/wp\/v2\/comments?post=2546"}],"version-history":[{"count":6,"href":"https:\/\/blogs.univ-jfc.fr\/vigneetvin\/wp-json\/wp\/v2\/pages\/2546\/revisions"}],"predecessor-version":[{"id":2801,"href":"https:\/\/blogs.univ-jfc.fr\/vigneetvin\/wp-json\/wp\/v2\/pages\/2546\/revisions\/2801"}],"wp:attachment":[{"href":"https:\/\/blogs.univ-jfc.fr\/vigneetvin\/wp-json\/wp\/v2\/media?parent=2546"}],"curies":[{"name":"wp","href":"https:\/\/api.w.org\/{rel}","templated":true}]}}