{"id":256,"date":"2017-02-09T08:57:59","date_gmt":"2017-02-09T07:57:59","guid":{"rendered":"http:\/\/blogs.univ-jfc.fr\/vigneetvin\/?page_id=256"},"modified":"2017-03-30T08:35:29","modified_gmt":"2017-03-30T07:35:29","slug":"les-maladies-de-la-vigne-et-les-crises-sociales-une-epreuve-pour-le-terroir-gaillacois","status":"publish","type":"page","link":"https:\/\/blogs.univ-jfc.fr\/vigneetvin\/gaillac-et-le-vin\/une-histoire-du-vignoble-gaillacois\/le-vignoble-gaillacois-au-xixe-siecle\/les-maladies-de-la-vigne-et-les-crises-sociales-une-epreuve-pour-le-terroir-gaillacois\/","title":{"rendered":"Les maladies de la vigne et les crises sociales"},"content":{"rendered":"<p align=\"justify\">Pour compl\u00e9ter notre \u00e9tude, nous allons voir quels ont \u00e9t\u00e9 les enjeux qui se sont pr\u00e9sent\u00e9s aux vignobles gaillacois durant ce XIXe si\u00e8cle. Tout d&rsquo;abord, nous vous proposons de nous attarder sur <a href=\"http:\/\/blogs.univ-jfc.fr\/vigneetvin\/gaillac-et-le-vin\/une-histoire-du-vignoble-gaillacois\/le-vignoble-gaillacois-au-xixe-siecle\/les-maladies-de-la-vigne-et-les-crises-sociales-une-epreuve-pour-le-terroir-gaillacois\/la-menace-des-maladies-fongiques-et-du-phylloxera\/\">les dangers et les effets d\u00e9vastateurs<\/a> des parasites de la vigne et des maladies fongiques ainsi que leurs impacts directs sur le vignoble. Nous pourrons ensuite voir comment se sont donc organis\u00e9s les vignerons pour combattre ces fl\u00e9aux, appuy\u00e9s notamment par les <a href=\"http:\/\/blogs.univ-jfc.fr\/vigneetvin\/gaillac-et-le-vin\/une-histoire-du-vignoble-gaillacois\/le-vignoble-gaillacois-au-xixe-siecle\/les-maladies-de-la-vigne-et-les-crises-sociales-une-epreuve-pour-le-terroir-gaillacois\/la-science-un-allie-a-la-reconstruction-du-vignoble-gaillacois\/\">apports scientifiques<\/a> du XIXe si\u00e8cle.<\/p>\n<p align=\"justify\">Pour terminer notre \u00e9tude, nous nous attarderons sur <a href=\"http:\/\/blogs.univ-jfc.fr\/vigneetvin\/gaillac-et-le-vin\/une-histoire-du-vignoble-gaillacois\/le-vignoble-gaillacois-au-xixe-siecle\/les-maladies-de-la-vigne-et-les-crises-sociales-une-epreuve-pour-le-terroir-gaillacois\/les-mutations-sociales-liees-a-la-crise-du-vignoble-a-la-belle-epoque\/\">les crises sociales<\/a> qui ont touch\u00e9 le secteur de la viticulture \u00e0 l&rsquo;\u00e9chelle r\u00e9gionale. Ce dernier point vise surtout \u00e0 comprendre les enjeux qui se posent alors pour l&rsquo;activit\u00e9 viticole \u00e0 la fin du XIXe si\u00e8cle et qui peuvent alors servir de synth\u00e8se \u00e0 notre r\u00e9flexion.<\/p>\n<p><a href=\"http:\/\/blogs.univ-jfc.fr\/vigneetvin\/gaillac-et-le-vin\/une-histoire-du-vignoble-gaillacois\/le-vignoble-gaillacois-au-xixe-siecle\/i-la-revolution-industrielle-une-profonde-mutation-sur-le-vignoble\/\">Premier temps<\/a><\/p>\n","protected":false},"excerpt":{"rendered":"<p>Pour compl\u00e9ter notre \u00e9tude, nous allons voir quels ont \u00e9t\u00e9 les enjeux qui se sont pr\u00e9sent\u00e9s aux vignobles gaillacois durant ce XIXe si\u00e8cle. Tout d&rsquo;abord, nous vous proposons de nous attarder sur les dangers et les effets d\u00e9vastateurs des parasites de la vigne et des maladies fongiques ainsi que leurs impacts directs sur le vignoble. &hellip; <a href=\"https:\/\/blogs.univ-jfc.fr\/vigneetvin\/gaillac-et-le-vin\/une-histoire-du-vignoble-gaillacois\/le-vignoble-gaillacois-au-xixe-siecle\/les-maladies-de-la-vigne-et-les-crises-sociales-une-epreuve-pour-le-terroir-gaillacois\/\" class=\"more-link\">Continuer la lecture de <span class=\"screen-reader-text\">Les maladies de la vigne et les crises sociales<\/span> <span class=\"meta-nav\">&rarr;<\/span><\/a><\/p>\n","protected":false},"author":197,"featured_media":0,"parent":163,"menu_order":3,"comment_status":"closed","ping_status":"closed","template":"","meta":[],"_links":{"self":[{"href":"https:\/\/blogs.univ-jfc.fr\/vigneetvin\/wp-json\/wp\/v2\/pages\/256"}],"collection":[{"href":"https:\/\/blogs.univ-jfc.fr\/vigneetvin\/wp-json\/wp\/v2\/pages"}],"about":[{"href":"https:\/\/blogs.univ-jfc.fr\/vigneetvin\/wp-json\/wp\/v2\/types\/page"}],"author":[{"embeddable":true,"href":"https:\/\/blogs.univ-jfc.fr\/vigneetvin\/wp-json\/wp\/v2\/users\/197"}],"replies":[{"embeddable":true,"href":"https:\/\/blogs.univ-jfc.fr\/vigneetvin\/wp-json\/wp\/v2\/comments?post=256"}],"version-history":[{"count":14,"href":"https:\/\/blogs.univ-jfc.fr\/vigneetvin\/wp-json\/wp\/v2\/pages\/256\/revisions"}],"predecessor-version":[{"id":4474,"href":"https:\/\/blogs.univ-jfc.fr\/vigneetvin\/wp-json\/wp\/v2\/pages\/256\/revisions\/4474"}],"up":[{"embeddable":true,"href":"https:\/\/blogs.univ-jfc.fr\/vigneetvin\/wp-json\/wp\/v2\/pages\/163"}],"wp:attachment":[{"href":"https:\/\/blogs.univ-jfc.fr\/vigneetvin\/wp-json\/wp\/v2\/media?parent=256"}],"curies":[{"name":"wp","href":"https:\/\/api.w.org\/{rel}","templated":true}]}}