{"id":2617,"date":"2017-03-16T09:20:39","date_gmt":"2017-03-16T08:20:39","guid":{"rendered":"http:\/\/blogs.univ-jfc.fr\/vigneetvin\/?page_id=2617"},"modified":"2017-03-17T18:01:42","modified_gmt":"2017-03-17T17:01:42","slug":"proletariat","status":"publish","type":"page","link":"https:\/\/blogs.univ-jfc.fr\/vigneetvin\/proletariat\/","title":{"rendered":"Prol\u00e9tariat"},"content":{"rendered":"<p align=\"JUSTIFY\">\u00a0\u00a0\u00a0\u00a0 Le prol\u00e9tariat d\u00e9signe \u00a0d\u2019apr\u00e8s la doctrine Marxiste, la classe sociale dite \u00ab\u00a0des travailleurs\u00a0\u00bb.Selon cette m\u00eame doctrine les prol\u00e9taires cherchent \u00e0 louer leur force de travail \u00e0 la classe dite \u00ab\u00a0bourgeoise\u00a0\u00bb autrement dit les capitalistes qui d\u00e9tiennent les moyens de production.Les prol\u00e9taires cherchent a obtenir une meilleur r\u00e9mun\u00e9ration \u00a0et s&rsquo;opposent ainsi \u00e0 la bourgeoisie qui cherchent a minimiser les co\u00fbts de production.<\/p>\n<p>&nbsp;<\/p>\n","protected":false},"excerpt":{"rendered":"<p>\u00a0\u00a0\u00a0\u00a0 Le prol\u00e9tariat d\u00e9signe \u00a0d\u2019apr\u00e8s la doctrine Marxiste, la classe sociale dite \u00ab\u00a0des travailleurs\u00a0\u00bb.Selon cette m\u00eame doctrine les prol\u00e9taires cherchent \u00e0 louer leur force de travail \u00e0 la classe dite \u00ab\u00a0bourgeoise\u00a0\u00bb autrement dit les capitalistes qui d\u00e9tiennent les moyens de production.Les prol\u00e9taires cherchent a obtenir une meilleur r\u00e9mun\u00e9ration \u00a0et s&rsquo;opposent ainsi \u00e0 la bourgeoisie qui &hellip; <a href=\"https:\/\/blogs.univ-jfc.fr\/vigneetvin\/proletariat\/\" class=\"more-link\">Continuer la lecture de <span class=\"screen-reader-text\">Prol\u00e9tariat<\/span> <span class=\"meta-nav\">&rarr;<\/span><\/a><\/p>\n","protected":false},"author":286,"featured_media":0,"parent":0,"menu_order":0,"comment_status":"closed","ping_status":"closed","template":"","meta":[],"_links":{"self":[{"href":"https:\/\/blogs.univ-jfc.fr\/vigneetvin\/wp-json\/wp\/v2\/pages\/2617"}],"collection":[{"href":"https:\/\/blogs.univ-jfc.fr\/vigneetvin\/wp-json\/wp\/v2\/pages"}],"about":[{"href":"https:\/\/blogs.univ-jfc.fr\/vigneetvin\/wp-json\/wp\/v2\/types\/page"}],"author":[{"embeddable":true,"href":"https:\/\/blogs.univ-jfc.fr\/vigneetvin\/wp-json\/wp\/v2\/users\/286"}],"replies":[{"embeddable":true,"href":"https:\/\/blogs.univ-jfc.fr\/vigneetvin\/wp-json\/wp\/v2\/comments?post=2617"}],"version-history":[{"count":5,"href":"https:\/\/blogs.univ-jfc.fr\/vigneetvin\/wp-json\/wp\/v2\/pages\/2617\/revisions"}],"predecessor-version":[{"id":3023,"href":"https:\/\/blogs.univ-jfc.fr\/vigneetvin\/wp-json\/wp\/v2\/pages\/2617\/revisions\/3023"}],"wp:attachment":[{"href":"https:\/\/blogs.univ-jfc.fr\/vigneetvin\/wp-json\/wp\/v2\/media?parent=2617"}],"curies":[{"name":"wp","href":"https:\/\/api.w.org\/{rel}","templated":true}]}}